{"id":10080,"date":"2024-02-25T12:49:19","date_gmt":"2024-02-25T11:49:19","guid":{"rendered":"https:\/\/www.bmut.de\/?post_type=product&#038;p=10080"},"modified":"2025-09-30T11:22:04","modified_gmt":"2025-09-30T09:22:04","slug":"3x500ml-15-liter-backofenreiniger-extra-stark-mit-pinsel-mikrofasertuch-xxl-gel-paste-grillreiniger-gegen-eingebranntes-verkrustungen-selbstarbeitend","status":"publish","type":"product","link":"https:\/\/www.bmut.de\/en\/product\/3x500ml-15-liter-backofenreiniger-extra-stark-mit-pinsel-mikrofasertuch-xxl-gel-paste-grillreiniger-gegen-eingebranntes-verkrustungen-selbstarbeitend\/","title":{"rendered":"3x500ml (1,5 Liter) Backofenreiniger extra stark | mit Pinsel + Mikrofasertuch XXL | Gel Paste | Grillreiniger | gegen Eingebranntes &#038; Verkrustungen | selbstarbeitend"},"content":{"rendered":"<p><span class=\"a-list-item\"> \u2714 [1,5 LITER \u2013 XXL VERSION + PINSEL + MIKROFASERTUCH] Sie erhalten 3 Flaschen mit je 500ml. Damit erhalten Sie ergiebige 1500ml sowie einen Silikon-Pinsel zum bequemen Verteilen \u2013 ebenfalls ein Mikrofasertuch ist enthalten. Der Backofen- &amp; Grillreiniger setzt neue Ma\u00dfst\u00e4be in Bezug auf Effektivit\u00e4t. Die fortschrittliche Formel wurde speziell entwickelt, um selbst die hartn\u00e4ckigsten Verkrustungen und R\u00fcckst\u00e4nde zu beseitigen und bietet eine beispiellose Reinigungsleistung f\u00fcr Ihren Backofen und Grill. <\/span><\/p>\n<p><span class=\"a-list-item\"> \u2714 [SELBSTREINIGEND \u2013 KEINE ERHITZUNG ERFORDERLICH] Tragen Sie den Reiniger gro\u00dffl\u00e4chig auf die Verschmutzungen auf. Ein m\u00fchsames Schrubben ist nicht notwendig, stattdessen k\u00f6nnen Sie sich entspannen und die Verschmutzungen sp\u00e4ter problemlos abwaschen. Eine Erhitzung ist nicht erforderlich. Genie\u00dfen Sie die Bequemlichkeit der Reinigung mit unserem Backofen- &amp; Grillreiniger. <\/span><\/p>\n<p><span class=\"a-list-item\"> \u2714 [VIELSEITIGE EINSATZM\u00d6GLICHKEITEN] Dieser Reiniger ist nicht ausschlie\u00dflich f\u00fcr den Backofen geeignet \u2013 er eignet sich hervorragend f\u00fcr die S\u00e4uberung von Grills, Grillrosten, Backblechen und anderen K\u00fcchenutensilien. Seine Vielseitigkeit macht ihn zu einem unverzichtbaren Helfer in Ihrer K\u00fcchenreinigungsroutine. <\/span><\/p>\n<p><span class=\"a-list-item\"> \u2714 [HERVORRAGENDES PREIS-LEISTUNGS-VERH\u00c4LTNIS] Der Backofen- &amp; Grillreiniger beeindruckt nicht nur durch seine Reinigungskraft, sondern auch durch seine hohe Ergiebigkeit. Bereits eine geringe Menge des Reinigers gen\u00fcgt, um selbst hartn\u00e4ckigste Verschmutzungen zu beseitigen. Dadurch ist unser Produkt besonders wirtschaftlich und bietet ein ausgezeichnetes Preis-Leistungs-Verh\u00e4ltnis. <\/span><\/p>\n<p><span class=\"a-list-item\"> \u2714 [ST\u00c4RKSTE GEL-FORMEL MIT SPRITZEINSATZ] Durch die einzigartige Gel-Konsistenz bleibt der Backofenreiniger gezielt an verschmutzten Oberfl\u00e4chen haften und entfaltet so eine lang anhaltende Reinigungswirkung. Die Gel-Formel erm\u00f6glicht eine gr\u00fcndliche Reinigung, insbesondere bei stark eingetrockneten Verschmutzungen. Bei leichten Verschmutzungen gen\u00fcgen 3 Minuten Einwirkzeit. F\u00fcr besonders hartn\u00e4ckige Verkrustungen empfehlen wir eine Einwirkzeit von bis zu 3 Stunden. <\/span><\/p>\n<p><span class=\"a-list-item\"> \u2714 [QUALIT\u00c4T NACH BMUT-STANDARDS] Die herausragende Qualit\u00e4t unserer Produkte wird durch kontinuierliche Qualit\u00e4tsuntersuchungen gew\u00e4hrleistet. \u00dcberzeugen Sie sich von den Bestseller-Produkten. <\/span><\/p>\n","protected":false},"excerpt":{"rendered":"<p><span class=\"a-list-item\">\u2714 [1,5 LITER \u2013 XXL VERSION + PINSEL + MIKROFASERTUCH] <\/span><\/p>\n<p><span class=\"a-list-item\">\u2714 [SELBSTREINIGEND \u2013 KEINE ERHITZUNG ERFORDERLICH]<\/span><\/p>\n<p><span class=\"a-list-item\">\u2714 [VIELSEITIGE EINSATZM\u00d6GLICHKEITEN] <\/span><\/p>\n<p><span class=\"a-list-item\">\u2714 [HERVORRAGENDES PREIS-LEISTUNGS-VERH\u00c4LTNIS]<\/span><\/p>\n<p><span class=\"a-list-item\">\u2714 [ST\u00c4RKSTE GEL-FORMEL MIT SPRITZEINSATZ]<\/span><\/p>\n<p><span class=\"a-list-item\">\u2714 [QUALIT\u00c4T NACH BMUT-STANDARDS]<\/span><\/p>\n","protected":false},"featured_media":10081,"comment_status":"open","ping_status":"closed","template":"","meta":[],"product_brand":[],"product_cat":[92],"product_tag":[135,137,136],"class_list":{"0":"post-10080","1":"product","2":"type-product","3":"status-publish","4":"has-post-thumbnail","6":"product_cat-reinigung","7":"product_tag-backofenreiniger","8":"product_tag-mit-mikrofasertuch","9":"product_tag-mit-pinsel","10":"product_shipping_class-dhl-paket","12":"first","13":"instock","14":"taxable","15":"shipping-taxable","16":"purchasable","17":"product-type-simple","18":"czr-hentry"},"yoast_head":"<!-- This site is optimized with the Yoast SEO plugin v27.3 - https:\/\/yoast.com\/product\/yoast-seo-wordpress\/ -->\n<title>3x500ml (1,5 Liter) Backofenreiniger extra stark | mit Pinsel + Mikrofasertuch XXL | Gel Paste | Grillreiniger | gegen Eingebranntes &amp; Verkrustungen | selbstarbeitend - BMUT\u00ae<\/title>\n<meta name=\"robots\" content=\"index, follow, max-snippet:-1, max-image-preview:large, max-video-preview:-1\" \/>\n<link rel=\"canonical\" href=\"https:\/\/www.bmut.de\/en\/product\/3x500ml-15-liter-backofenreiniger-extra-stark-mit-pinsel-mikrofasertuch-xxl-gel-paste-grillreiniger-gegen-eingebranntes-verkrustungen-selbstarbeitend\/\" \/>\n<meta property=\"og:locale\" content=\"en_GB\" \/>\n<meta property=\"og:type\" content=\"article\" \/>\n<meta property=\"og:title\" content=\"3x500ml (1,5 Liter) Backofenreiniger extra stark | mit Pinsel + Mikrofasertuch XXL | Gel Paste | Grillreiniger | gegen Eingebranntes &amp; Verkrustungen | selbstarbeitend - BMUT\u00ae\" \/>\n<meta property=\"og:description\" content=\"\u2714 [1,5 LITER \u2013 XXL VERSION + PINSEL + MIKROFASERTUCH]   \u2714 [SELBSTREINIGEND \u2013 KEINE ERHITZUNG ERFORDERLICH]  \u2714 [VIELSEITIGE EINSATZM\u00d6GLICHKEITEN]   \u2714 [HERVORRAGENDES PREIS-LEISTUNGS-VERH\u00c4LTNIS]  \u2714 [ST\u00c4RKSTE GEL-FORMEL MIT SPRITZEINSATZ]  \u2714 [QUALIT\u00c4T NACH BMUT-STANDARDS]\" \/>\n<meta property=\"og:url\" content=\"https:\/\/www.bmut.de\/en\/product\/3x500ml-15-liter-backofenreiniger-extra-stark-mit-pinsel-mikrofasertuch-xxl-gel-paste-grillreiniger-gegen-eingebranntes-verkrustungen-selbstarbeitend\/\" \/>\n<meta property=\"og:site_name\" content=\"BMUT\u00ae\" \/>\n<meta property=\"article:modified_time\" content=\"2025-09-30T09:22:04+00:00\" \/>\n<meta property=\"og:image\" content=\"https:\/\/www.bmut.de\/wp-content\/uploads\/2024\/02\/Backofenreiniger_front.jpg\" \/>\n\t<meta property=\"og:image:width\" content=\"1167\" \/>\n\t<meta property=\"og:image:height\" content=\"1194\" \/>\n\t<meta property=\"og:image:type\" content=\"image\/jpeg\" \/>\n<meta name=\"twitter:card\" content=\"summary_large_image\" \/>\n<meta name=\"twitter:label1\" content=\"Estimated reading time\" \/>\n\t<meta name=\"twitter:data1\" content=\"2 minutes\" \/>\n<script type=\"application\/ld+json\" class=\"yoast-schema-graph\">{\"@context\":\"https:\\\/\\\/schema.org\",\"@graph\":[{\"@type\":\"WebPage\",\"@id\":\"https:\\\/\\\/www.bmut.de\\\/product\\\/3x500ml-15-liter-backofenreiniger-extra-stark-mit-pinsel-mikrofasertuch-xxl-gel-paste-grillreiniger-gegen-eingebranntes-verkrustungen-selbstarbeitend\\\/\",\"url\":\"https:\\\/\\\/www.bmut.de\\\/product\\\/3x500ml-15-liter-backofenreiniger-extra-stark-mit-pinsel-mikrofasertuch-xxl-gel-paste-grillreiniger-gegen-eingebranntes-verkrustungen-selbstarbeitend\\\/\",\"name\":\"3x500ml (1,5 Liter) Backofenreiniger extra stark | mit Pinsel + Mikrofasertuch XXL | Gel Paste | Grillreiniger | gegen Eingebranntes & Verkrustungen | selbstarbeitend - BMUT\u00ae\",\"isPartOf\":{\"@id\":\"https:\\\/\\\/www.bmut.de\\\/#website\"},\"primaryImageOfPage\":{\"@id\":\"https:\\\/\\\/www.bmut.de\\\/product\\\/3x500ml-15-liter-backofenreiniger-extra-stark-mit-pinsel-mikrofasertuch-xxl-gel-paste-grillreiniger-gegen-eingebranntes-verkrustungen-selbstarbeitend\\\/#primaryimage\"},\"image\":{\"@id\":\"https:\\\/\\\/www.bmut.de\\\/product\\\/3x500ml-15-liter-backofenreiniger-extra-stark-mit-pinsel-mikrofasertuch-xxl-gel-paste-grillreiniger-gegen-eingebranntes-verkrustungen-selbstarbeitend\\\/#primaryimage\"},\"thumbnailUrl\":\"https:\\\/\\\/www.bmut.de\\\/wp-content\\\/uploads\\\/2024\\\/02\\\/Backofenreiniger_front.jpg\",\"datePublished\":\"2024-02-25T11:49:19+00:00\",\"dateModified\":\"2025-09-30T09:22:04+00:00\",\"breadcrumb\":{\"@id\":\"https:\\\/\\\/www.bmut.de\\\/product\\\/3x500ml-15-liter-backofenreiniger-extra-stark-mit-pinsel-mikrofasertuch-xxl-gel-paste-grillreiniger-gegen-eingebranntes-verkrustungen-selbstarbeitend\\\/#breadcrumb\"},\"inLanguage\":\"en-GB\",\"potentialAction\":[{\"@type\":\"ReadAction\",\"target\":[\"https:\\\/\\\/www.bmut.de\\\/product\\\/3x500ml-15-liter-backofenreiniger-extra-stark-mit-pinsel-mikrofasertuch-xxl-gel-paste-grillreiniger-gegen-eingebranntes-verkrustungen-selbstarbeitend\\\/\"]}]},{\"@type\":\"ImageObject\",\"inLanguage\":\"en-GB\",\"@id\":\"https:\\\/\\\/www.bmut.de\\\/product\\\/3x500ml-15-liter-backofenreiniger-extra-stark-mit-pinsel-mikrofasertuch-xxl-gel-paste-grillreiniger-gegen-eingebranntes-verkrustungen-selbstarbeitend\\\/#primaryimage\",\"url\":\"https:\\\/\\\/www.bmut.de\\\/wp-content\\\/uploads\\\/2024\\\/02\\\/Backofenreiniger_front.jpg\",\"contentUrl\":\"https:\\\/\\\/www.bmut.de\\\/wp-content\\\/uploads\\\/2024\\\/02\\\/Backofenreiniger_front.jpg\",\"width\":1167,\"height\":1194,\"caption\":\"Backofenreiniger Extra Stark\"},{\"@type\":\"BreadcrumbList\",\"@id\":\"https:\\\/\\\/www.bmut.de\\\/product\\\/3x500ml-15-liter-backofenreiniger-extra-stark-mit-pinsel-mikrofasertuch-xxl-gel-paste-grillreiniger-gegen-eingebranntes-verkrustungen-selbstarbeitend\\\/#breadcrumb\",\"itemListElement\":[{\"@type\":\"ListItem\",\"position\":1,\"name\":\"Startseite\",\"item\":\"https:\\\/\\\/www.bmut.de\\\/\"},{\"@type\":\"ListItem\",\"position\":2,\"name\":\"Shop\",\"item\":\"https:\\\/\\\/www.bmut.de\\\/shop\\\/\"},{\"@type\":\"ListItem\",\"position\":3,\"name\":\"3x500ml (1,5 Liter) Backofenreiniger extra stark | mit Pinsel + Mikrofasertuch XXL | Gel Paste | Grillreiniger | gegen Eingebranntes &#038; Verkrustungen | selbstarbeitend\"}]},{\"@type\":\"WebSite\",\"@id\":\"https:\\\/\\\/www.bmut.de\\\/#website\",\"url\":\"https:\\\/\\\/www.bmut.de\\\/\",\"name\":\"BMUT\u00ae\",\"description\":\"\",\"potentialAction\":[{\"@type\":\"SearchAction\",\"target\":{\"@type\":\"EntryPoint\",\"urlTemplate\":\"https:\\\/\\\/www.bmut.de\\\/?s={search_term_string}\"},\"query-input\":{\"@type\":\"PropertyValueSpecification\",\"valueRequired\":true,\"valueName\":\"search_term_string\"}}],\"inLanguage\":\"en-GB\"}]}<\/script>\n<!-- \/ Yoast SEO plugin. -->","yoast_head_json":{"title":"3x500ml (1,5 Liter) Backofenreiniger extra stark | mit Pinsel + Mikrofasertuch XXL | Gel Paste | Grillreiniger | gegen Eingebranntes & Verkrustungen | selbstarbeitend - BMUT\u00ae","robots":{"index":"index","follow":"follow","max-snippet":"max-snippet:-1","max-image-preview":"max-image-preview:large","max-video-preview":"max-video-preview:-1"},"canonical":"https:\/\/www.bmut.de\/en\/product\/3x500ml-15-liter-backofenreiniger-extra-stark-mit-pinsel-mikrofasertuch-xxl-gel-paste-grillreiniger-gegen-eingebranntes-verkrustungen-selbstarbeitend\/","og_locale":"en_GB","og_type":"article","og_title":"3x500ml (1,5 Liter) Backofenreiniger extra stark | mit Pinsel + Mikrofasertuch XXL | Gel Paste | Grillreiniger | gegen Eingebranntes & Verkrustungen | selbstarbeitend - BMUT\u00ae","og_description":"\u2714 [1,5 LITER \u2013 XXL VERSION + PINSEL + MIKROFASERTUCH]   \u2714 [SELBSTREINIGEND \u2013 KEINE ERHITZUNG ERFORDERLICH]  \u2714 [VIELSEITIGE EINSATZM\u00d6GLICHKEITEN]   \u2714 [HERVORRAGENDES PREIS-LEISTUNGS-VERH\u00c4LTNIS]  \u2714 [ST\u00c4RKSTE GEL-FORMEL MIT SPRITZEINSATZ]  \u2714 [QUALIT\u00c4T NACH BMUT-STANDARDS]","og_url":"https:\/\/www.bmut.de\/en\/product\/3x500ml-15-liter-backofenreiniger-extra-stark-mit-pinsel-mikrofasertuch-xxl-gel-paste-grillreiniger-gegen-eingebranntes-verkrustungen-selbstarbeitend\/","og_site_name":"BMUT\u00ae","article_modified_time":"2025-09-30T09:22:04+00:00","og_image":[{"width":1167,"height":1194,"url":"https:\/\/www.bmut.de\/wp-content\/uploads\/2024\/02\/Backofenreiniger_front.jpg","type":"image\/jpeg"}],"twitter_card":"summary_large_image","twitter_misc":{"Estimated reading time":"2 minutes"},"schema":{"@context":"https:\/\/schema.org","@graph":[{"@type":"WebPage","@id":"https:\/\/www.bmut.de\/product\/3x500ml-15-liter-backofenreiniger-extra-stark-mit-pinsel-mikrofasertuch-xxl-gel-paste-grillreiniger-gegen-eingebranntes-verkrustungen-selbstarbeitend\/","url":"https:\/\/www.bmut.de\/product\/3x500ml-15-liter-backofenreiniger-extra-stark-mit-pinsel-mikrofasertuch-xxl-gel-paste-grillreiniger-gegen-eingebranntes-verkrustungen-selbstarbeitend\/","name":"3x500ml (1,5 Liter) Backofenreiniger extra stark | mit Pinsel + Mikrofasertuch XXL | Gel Paste | Grillreiniger | gegen Eingebranntes & Verkrustungen | selbstarbeitend - BMUT\u00ae","isPartOf":{"@id":"https:\/\/www.bmut.de\/#website"},"primaryImageOfPage":{"@id":"https:\/\/www.bmut.de\/product\/3x500ml-15-liter-backofenreiniger-extra-stark-mit-pinsel-mikrofasertuch-xxl-gel-paste-grillreiniger-gegen-eingebranntes-verkrustungen-selbstarbeitend\/#primaryimage"},"image":{"@id":"https:\/\/www.bmut.de\/product\/3x500ml-15-liter-backofenreiniger-extra-stark-mit-pinsel-mikrofasertuch-xxl-gel-paste-grillreiniger-gegen-eingebranntes-verkrustungen-selbstarbeitend\/#primaryimage"},"thumbnailUrl":"https:\/\/www.bmut.de\/wp-content\/uploads\/2024\/02\/Backofenreiniger_front.jpg","datePublished":"2024-02-25T11:49:19+00:00","dateModified":"2025-09-30T09:22:04+00:00","breadcrumb":{"@id":"https:\/\/www.bmut.de\/product\/3x500ml-15-liter-backofenreiniger-extra-stark-mit-pinsel-mikrofasertuch-xxl-gel-paste-grillreiniger-gegen-eingebranntes-verkrustungen-selbstarbeitend\/#breadcrumb"},"inLanguage":"en-GB","potentialAction":[{"@type":"ReadAction","target":["https:\/\/www.bmut.de\/product\/3x500ml-15-liter-backofenreiniger-extra-stark-mit-pinsel-mikrofasertuch-xxl-gel-paste-grillreiniger-gegen-eingebranntes-verkrustungen-selbstarbeitend\/"]}]},{"@type":"ImageObject","inLanguage":"en-GB","@id":"https:\/\/www.bmut.de\/product\/3x500ml-15-liter-backofenreiniger-extra-stark-mit-pinsel-mikrofasertuch-xxl-gel-paste-grillreiniger-gegen-eingebranntes-verkrustungen-selbstarbeitend\/#primaryimage","url":"https:\/\/www.bmut.de\/wp-content\/uploads\/2024\/02\/Backofenreiniger_front.jpg","contentUrl":"https:\/\/www.bmut.de\/wp-content\/uploads\/2024\/02\/Backofenreiniger_front.jpg","width":1167,"height":1194,"caption":"Backofenreiniger Extra Stark"},{"@type":"BreadcrumbList","@id":"https:\/\/www.bmut.de\/product\/3x500ml-15-liter-backofenreiniger-extra-stark-mit-pinsel-mikrofasertuch-xxl-gel-paste-grillreiniger-gegen-eingebranntes-verkrustungen-selbstarbeitend\/#breadcrumb","itemListElement":[{"@type":"ListItem","position":1,"name":"Startseite","item":"https:\/\/www.bmut.de\/"},{"@type":"ListItem","position":2,"name":"Shop","item":"https:\/\/www.bmut.de\/shop\/"},{"@type":"ListItem","position":3,"name":"3x500ml (1,5 Liter) Backofenreiniger extra stark | mit Pinsel + Mikrofasertuch XXL | Gel Paste | Grillreiniger | gegen Eingebranntes &#038; Verkrustungen | selbstarbeitend"}]},{"@type":"WebSite","@id":"https:\/\/www.bmut.de\/#website","url":"https:\/\/www.bmut.de\/","name":"BMUT\u00ae","description":"","potentialAction":[{"@type":"SearchAction","target":{"@type":"EntryPoint","urlTemplate":"https:\/\/www.bmut.de\/?s={search_term_string}"},"query-input":{"@type":"PropertyValueSpecification","valueRequired":true,"valueName":"search_term_string"}}],"inLanguage":"en-GB"}]}},"jetpack_sharing_enabled":true,"_links":{"self":[{"href":"https:\/\/www.bmut.de\/en\/wp-json\/wp\/v2\/product\/10080","targetHints":{"allow":["GET"]}}],"collection":[{"href":"https:\/\/www.bmut.de\/en\/wp-json\/wp\/v2\/product"}],"about":[{"href":"https:\/\/www.bmut.de\/en\/wp-json\/wp\/v2\/types\/product"}],"replies":[{"embeddable":true,"href":"https:\/\/www.bmut.de\/en\/wp-json\/wp\/v2\/comments?post=10080"}],"wp:featuredmedia":[{"embeddable":true,"href":"https:\/\/www.bmut.de\/en\/wp-json\/wp\/v2\/media\/10081"}],"wp:attachment":[{"href":"https:\/\/www.bmut.de\/en\/wp-json\/wp\/v2\/media?parent=10080"}],"wp:term":[{"taxonomy":"product_brand","embeddable":true,"href":"https:\/\/www.bmut.de\/en\/wp-json\/wp\/v2\/product_brand?post=10080"},{"taxonomy":"product_cat","embeddable":true,"href":"https:\/\/www.bmut.de\/en\/wp-json\/wp\/v2\/product_cat?post=10080"},{"taxonomy":"product_tag","embeddable":true,"href":"https:\/\/www.bmut.de\/en\/wp-json\/wp\/v2\/product_tag?post=10080"}],"curies":[{"name":"wp","href":"https:\/\/api.w.org\/{rel}","templated":true}]}}