{"id":10636,"date":"2024-04-08T19:57:48","date_gmt":"2024-04-08T17:57:48","guid":{"rendered":"https:\/\/www.bmut.de\/?post_type=product&#038;p=10636"},"modified":"2025-01-20T16:45:36","modified_gmt":"2025-01-20T15:45:36","slug":"1000ml-milbenspray-fuer-gefluegel-wie-huehner-voegel-sofort-langfristig-gegen-parasiten-bei-akut-vorbeugung","status":"publish","type":"product","link":"https:\/\/www.bmut.de\/en\/product\/1000ml-milbenspray-fuer-gefluegel-wie-huehner-voegel-sofort-langfristig-gegen-parasiten-bei-akut-vorbeugung\/","title":{"rendered":"1000ml Milbenspray f\u00fcr Gefl\u00fcgel wie H\u00fchner &#038; V\u00f6gel &#8211; Sofort &#038; Langfristig gegen Parasiten, bei Akut &#038; Vorbeugung"},"content":{"rendered":"<ul class=\"a-unordered-list a-vertical a-spacing-mini\">\n<li class=\"a-spacing-mini\"><span class=\"a-list-item\"> \u2714 [1000ML VORRATSPACKUNG \u2013 HOCHWIRKSAMER &amp; SOFORTIGER MILBENSCHUTZ] Das Milbenspray sch\u00fctzt effektiv Gefl\u00fcgel, wie beispielsweise H\u00fchner und Tauben. Vermeiden Sie Milbenbefall und Befall von \u00e4u\u00dferen Ektoparasiten, die insbesondere Junghennen schaden k\u00f6nnen. <\/span><\/li>\n<li class=\"a-spacing-mini\"><span class=\"a-list-item\"> \u2714 [SPRAY MIT WASSERBASIERTER FORMULIERUNG] Die Formulierung ist wasserbasiert und zu 100% frei von Treibgasen. Perfekt zur Abwehr von Milben, wie rote Vogelmilben, &amp; \u00e4u\u00dferen Parasiten. <\/span><\/li>\n<li class=\"a-spacing-mini\"><span class=\"a-list-item\"> \u2714 [AUF BASIS \u00c4THERISCHER \u00d6LE] Das Anti Milbenspray enth\u00e4lt den Wirkstoff Geraniol, welches eine milbenfeindliche Umgebung schafft. Ein wahrer Milbenschreck. Milben meiden die behandelten Bereiche. <\/span><\/li>\n<li class=\"a-spacing-mini\"><span class=\"a-list-item\"> \u2714 [VIELSEITIGE ANWENDUNGSM\u00d6GLICHKEITEN] Das Spray kann sowohl als (1) Kontaktspray f\u00fcr das Gefieder als auch als (2) Umgebungsspray f\u00fcr Ruhepl\u00e4tze oder Sitzstangen verwendet werden. Geeignet f\u00fcr die Behandlung bei akutem Befall oder zur pr\u00e4ventiven Anwendung. <\/span><\/li>\n<li class=\"a-spacing-mini\"><span class=\"a-list-item\"> \u2714 [QUALIT\u00c4T AUS DEUTSCHLAND] Unser Produkt wird in Deutschland hergestellt und ist registriert sowie zugelassen unter der Nummer: N-115928. Vertrauen Sie auf deutsche Qualit\u00e4t f\u00fcr den zuverl\u00e4ssigen Schutz Ihrer Tiere vor Milbenbefall. <\/span><\/li>\n<\/ul>\n","protected":false},"excerpt":{"rendered":"<ul>\n<li><span class=\"a-list-item\">ANTI MILBEN STRAY \u2013 F\u00dcR GEFL\u00dcGEL WIE H\u00dcHNER &amp; V\u00d6GEL<\/span><\/li>\n<li><span class=\"a-list-item\">INTELLIGENTE FORMEL MIT GERANIOL<\/span><\/li>\n<li><span class=\"a-list-item\">\u00c4THERISCHES \u00d6L ALS BASIS<\/span><\/li>\n<li><span class=\"a-list-item\">F\u00dcR MENSCHEN ANGENEHMER GERUCH<\/span><\/li>\n<li><span class=\"a-list-item\">BMUT-QUALIT\u00c4T \u2013 MADE IN GERMANY<\/span><\/li>\n<li>SCHNELLER VERSAND<\/li>\n<\/ul>","protected":false},"featured_media":10637,"comment_status":"open","ping_status":"closed","template":"","meta":[],"product_brand":[],"product_cat":[138],"product_tag":[141,140,139],"class_list":{"0":"post-10636","1":"product","2":"type-product","3":"status-publish","4":"has-post-thumbnail","6":"product_cat-anti-milben-insekten","7":"product_tag-anti-milben","8":"product_tag-geraniol","9":"product_tag-milben-spray","10":"product_shipping_class-dhl-paket","12":"first","13":"instock","14":"sale","15":"taxable","16":"shipping-taxable","17":"purchasable","18":"product-type-simple","19":"czr-hentry"},"yoast_head":"<!-- This site is optimized with the Yoast SEO plugin v27.4 - https:\/\/yoast.com\/product\/yoast-seo-wordpress\/ -->\n<title>1000ml Milbenspray f\u00fcr Gefl\u00fcgel wie H\u00fchner &amp; V\u00f6gel - Sofort &amp; Langfristig gegen Parasiten, bei Akut &amp; Vorbeugung - BMUT\u00ae<\/title>\n<meta name=\"robots\" content=\"index, follow, max-snippet:-1, max-image-preview:large, max-video-preview:-1\" \/>\n<link rel=\"canonical\" href=\"https:\/\/www.bmut.de\/en\/product\/1000ml-milbenspray-fuer-gefluegel-wie-huehner-voegel-sofort-langfristig-gegen-parasiten-bei-akut-vorbeugung\/\" \/>\n<meta property=\"og:locale\" content=\"en_GB\" \/>\n<meta property=\"og:type\" content=\"article\" \/>\n<meta property=\"og:title\" content=\"1000ml Milbenspray f\u00fcr Gefl\u00fcgel wie H\u00fchner &amp; V\u00f6gel - Sofort &amp; Langfristig gegen Parasiten, bei Akut &amp; Vorbeugung - BMUT\u00ae\" \/>\n<meta property=\"og:description\" content=\"ANTI MILBEN STRAY \u2013 F\u00dcR GEFL\u00dcGEL WIE H\u00dcHNER &amp; V\u00d6GEL  INTELLIGENTE FORMEL MIT GERANIOL  \u00c4THERISCHES \u00d6L ALS BASIS  F\u00dcR MENSCHEN ANGENEHMER GERUCH  BMUT-QUALIT\u00c4T \u2013 MADE IN GERMANY  SCHNELLER VERSAND\" \/>\n<meta property=\"og:url\" content=\"https:\/\/www.bmut.de\/en\/product\/1000ml-milbenspray-fuer-gefluegel-wie-huehner-voegel-sofort-langfristig-gegen-parasiten-bei-akut-vorbeugung\/\" \/>\n<meta property=\"og:site_name\" content=\"BMUT\u00ae\" \/>\n<meta property=\"article:modified_time\" content=\"2025-01-20T15:45:36+00:00\" \/>\n<meta property=\"og:image\" content=\"https:\/\/www.bmut.de\/wp-content\/uploads\/2024\/04\/Milbenspray_spray_huhner.jpg\" \/>\n\t<meta property=\"og:image:width\" content=\"1417\" \/>\n\t<meta property=\"og:image:height\" content=\"1417\" \/>\n\t<meta property=\"og:image:type\" content=\"image\/jpeg\" \/>\n<meta name=\"twitter:card\" content=\"summary_large_image\" \/>\n<meta name=\"twitter:label1\" content=\"Estimated reading time\" \/>\n\t<meta name=\"twitter:data1\" content=\"1 minute\" \/>\n<script type=\"application\/ld+json\" class=\"yoast-schema-graph\">{\"@context\":\"https:\\\/\\\/schema.org\",\"@graph\":[{\"@type\":\"WebPage\",\"@id\":\"https:\\\/\\\/www.bmut.de\\\/product\\\/1000ml-milbenspray-fuer-gefluegel-wie-huehner-voegel-sofort-langfristig-gegen-parasiten-bei-akut-vorbeugung\\\/\",\"url\":\"https:\\\/\\\/www.bmut.de\\\/product\\\/1000ml-milbenspray-fuer-gefluegel-wie-huehner-voegel-sofort-langfristig-gegen-parasiten-bei-akut-vorbeugung\\\/\",\"name\":\"1000ml Milbenspray f\u00fcr Gefl\u00fcgel wie H\u00fchner & V\u00f6gel - Sofort & Langfristig gegen Parasiten, bei Akut & Vorbeugung - BMUT\u00ae\",\"isPartOf\":{\"@id\":\"https:\\\/\\\/www.bmut.de\\\/#website\"},\"primaryImageOfPage\":{\"@id\":\"https:\\\/\\\/www.bmut.de\\\/product\\\/1000ml-milbenspray-fuer-gefluegel-wie-huehner-voegel-sofort-langfristig-gegen-parasiten-bei-akut-vorbeugung\\\/#primaryimage\"},\"image\":{\"@id\":\"https:\\\/\\\/www.bmut.de\\\/product\\\/1000ml-milbenspray-fuer-gefluegel-wie-huehner-voegel-sofort-langfristig-gegen-parasiten-bei-akut-vorbeugung\\\/#primaryimage\"},\"thumbnailUrl\":\"https:\\\/\\\/www.bmut.de\\\/wp-content\\\/uploads\\\/2024\\\/04\\\/Milbenspray_spray_huhner.jpg\",\"datePublished\":\"2024-04-08T17:57:48+00:00\",\"dateModified\":\"2025-01-20T15:45:36+00:00\",\"breadcrumb\":{\"@id\":\"https:\\\/\\\/www.bmut.de\\\/product\\\/1000ml-milbenspray-fuer-gefluegel-wie-huehner-voegel-sofort-langfristig-gegen-parasiten-bei-akut-vorbeugung\\\/#breadcrumb\"},\"inLanguage\":\"en-GB\",\"potentialAction\":[{\"@type\":\"ReadAction\",\"target\":[\"https:\\\/\\\/www.bmut.de\\\/product\\\/1000ml-milbenspray-fuer-gefluegel-wie-huehner-voegel-sofort-langfristig-gegen-parasiten-bei-akut-vorbeugung\\\/\"]}]},{\"@type\":\"ImageObject\",\"inLanguage\":\"en-GB\",\"@id\":\"https:\\\/\\\/www.bmut.de\\\/product\\\/1000ml-milbenspray-fuer-gefluegel-wie-huehner-voegel-sofort-langfristig-gegen-parasiten-bei-akut-vorbeugung\\\/#primaryimage\",\"url\":\"https:\\\/\\\/www.bmut.de\\\/wp-content\\\/uploads\\\/2024\\\/04\\\/Milbenspray_spray_huhner.jpg\",\"contentUrl\":\"https:\\\/\\\/www.bmut.de\\\/wp-content\\\/uploads\\\/2024\\\/04\\\/Milbenspray_spray_huhner.jpg\",\"width\":1417,\"height\":1417},{\"@type\":\"BreadcrumbList\",\"@id\":\"https:\\\/\\\/www.bmut.de\\\/product\\\/1000ml-milbenspray-fuer-gefluegel-wie-huehner-voegel-sofort-langfristig-gegen-parasiten-bei-akut-vorbeugung\\\/#breadcrumb\",\"itemListElement\":[{\"@type\":\"ListItem\",\"position\":1,\"name\":\"Startseite\",\"item\":\"https:\\\/\\\/www.bmut.de\\\/\"},{\"@type\":\"ListItem\",\"position\":2,\"name\":\"Shop\",\"item\":\"https:\\\/\\\/www.bmut.de\\\/shop\\\/\"},{\"@type\":\"ListItem\",\"position\":3,\"name\":\"1000ml Milbenspray f\u00fcr Gefl\u00fcgel wie H\u00fchner &#038; V\u00f6gel &#8211; Sofort &#038; Langfristig gegen Parasiten, bei Akut &#038; Vorbeugung\"}]},{\"@type\":\"WebSite\",\"@id\":\"https:\\\/\\\/www.bmut.de\\\/#website\",\"url\":\"https:\\\/\\\/www.bmut.de\\\/\",\"name\":\"BMUT\u00ae\",\"description\":\"\",\"potentialAction\":[{\"@type\":\"SearchAction\",\"target\":{\"@type\":\"EntryPoint\",\"urlTemplate\":\"https:\\\/\\\/www.bmut.de\\\/?s={search_term_string}\"},\"query-input\":{\"@type\":\"PropertyValueSpecification\",\"valueRequired\":true,\"valueName\":\"search_term_string\"}}],\"inLanguage\":\"en-GB\"}]}<\/script>\n<!-- \/ Yoast SEO plugin. -->","yoast_head_json":{"title":"1000ml Milbenspray f\u00fcr Gefl\u00fcgel wie H\u00fchner & V\u00f6gel - Sofort & Langfristig gegen Parasiten, bei Akut & Vorbeugung - BMUT\u00ae","robots":{"index":"index","follow":"follow","max-snippet":"max-snippet:-1","max-image-preview":"max-image-preview:large","max-video-preview":"max-video-preview:-1"},"canonical":"https:\/\/www.bmut.de\/en\/product\/1000ml-milbenspray-fuer-gefluegel-wie-huehner-voegel-sofort-langfristig-gegen-parasiten-bei-akut-vorbeugung\/","og_locale":"en_GB","og_type":"article","og_title":"1000ml Milbenspray f\u00fcr Gefl\u00fcgel wie H\u00fchner & V\u00f6gel - Sofort & Langfristig gegen Parasiten, bei Akut & Vorbeugung - BMUT\u00ae","og_description":"ANTI MILBEN STRAY \u2013 F\u00dcR GEFL\u00dcGEL WIE H\u00dcHNER &amp; V\u00d6GEL  INTELLIGENTE FORMEL MIT GERANIOL  \u00c4THERISCHES \u00d6L ALS BASIS  F\u00dcR MENSCHEN ANGENEHMER GERUCH  BMUT-QUALIT\u00c4T \u2013 MADE IN GERMANY  SCHNELLER VERSAND","og_url":"https:\/\/www.bmut.de\/en\/product\/1000ml-milbenspray-fuer-gefluegel-wie-huehner-voegel-sofort-langfristig-gegen-parasiten-bei-akut-vorbeugung\/","og_site_name":"BMUT\u00ae","article_modified_time":"2025-01-20T15:45:36+00:00","og_image":[{"width":1417,"height":1417,"url":"https:\/\/www.bmut.de\/wp-content\/uploads\/2024\/04\/Milbenspray_spray_huhner.jpg","type":"image\/jpeg"}],"twitter_card":"summary_large_image","twitter_misc":{"Estimated reading time":"1 minute"},"schema":{"@context":"https:\/\/schema.org","@graph":[{"@type":"WebPage","@id":"https:\/\/www.bmut.de\/product\/1000ml-milbenspray-fuer-gefluegel-wie-huehner-voegel-sofort-langfristig-gegen-parasiten-bei-akut-vorbeugung\/","url":"https:\/\/www.bmut.de\/product\/1000ml-milbenspray-fuer-gefluegel-wie-huehner-voegel-sofort-langfristig-gegen-parasiten-bei-akut-vorbeugung\/","name":"1000ml Milbenspray f\u00fcr Gefl\u00fcgel wie H\u00fchner & V\u00f6gel - Sofort & Langfristig gegen Parasiten, bei Akut & Vorbeugung - BMUT\u00ae","isPartOf":{"@id":"https:\/\/www.bmut.de\/#website"},"primaryImageOfPage":{"@id":"https:\/\/www.bmut.de\/product\/1000ml-milbenspray-fuer-gefluegel-wie-huehner-voegel-sofort-langfristig-gegen-parasiten-bei-akut-vorbeugung\/#primaryimage"},"image":{"@id":"https:\/\/www.bmut.de\/product\/1000ml-milbenspray-fuer-gefluegel-wie-huehner-voegel-sofort-langfristig-gegen-parasiten-bei-akut-vorbeugung\/#primaryimage"},"thumbnailUrl":"https:\/\/www.bmut.de\/wp-content\/uploads\/2024\/04\/Milbenspray_spray_huhner.jpg","datePublished":"2024-04-08T17:57:48+00:00","dateModified":"2025-01-20T15:45:36+00:00","breadcrumb":{"@id":"https:\/\/www.bmut.de\/product\/1000ml-milbenspray-fuer-gefluegel-wie-huehner-voegel-sofort-langfristig-gegen-parasiten-bei-akut-vorbeugung\/#breadcrumb"},"inLanguage":"en-GB","potentialAction":[{"@type":"ReadAction","target":["https:\/\/www.bmut.de\/product\/1000ml-milbenspray-fuer-gefluegel-wie-huehner-voegel-sofort-langfristig-gegen-parasiten-bei-akut-vorbeugung\/"]}]},{"@type":"ImageObject","inLanguage":"en-GB","@id":"https:\/\/www.bmut.de\/product\/1000ml-milbenspray-fuer-gefluegel-wie-huehner-voegel-sofort-langfristig-gegen-parasiten-bei-akut-vorbeugung\/#primaryimage","url":"https:\/\/www.bmut.de\/wp-content\/uploads\/2024\/04\/Milbenspray_spray_huhner.jpg","contentUrl":"https:\/\/www.bmut.de\/wp-content\/uploads\/2024\/04\/Milbenspray_spray_huhner.jpg","width":1417,"height":1417},{"@type":"BreadcrumbList","@id":"https:\/\/www.bmut.de\/product\/1000ml-milbenspray-fuer-gefluegel-wie-huehner-voegel-sofort-langfristig-gegen-parasiten-bei-akut-vorbeugung\/#breadcrumb","itemListElement":[{"@type":"ListItem","position":1,"name":"Startseite","item":"https:\/\/www.bmut.de\/"},{"@type":"ListItem","position":2,"name":"Shop","item":"https:\/\/www.bmut.de\/shop\/"},{"@type":"ListItem","position":3,"name":"1000ml Milbenspray f\u00fcr Gefl\u00fcgel wie H\u00fchner &#038; V\u00f6gel &#8211; Sofort &#038; Langfristig gegen Parasiten, bei Akut &#038; Vorbeugung"}]},{"@type":"WebSite","@id":"https:\/\/www.bmut.de\/#website","url":"https:\/\/www.bmut.de\/","name":"BMUT\u00ae","description":"","potentialAction":[{"@type":"SearchAction","target":{"@type":"EntryPoint","urlTemplate":"https:\/\/www.bmut.de\/?s={search_term_string}"},"query-input":{"@type":"PropertyValueSpecification","valueRequired":true,"valueName":"search_term_string"}}],"inLanguage":"en-GB"}]}},"jetpack_sharing_enabled":true,"_links":{"self":[{"href":"https:\/\/www.bmut.de\/en\/wp-json\/wp\/v2\/product\/10636","targetHints":{"allow":["GET"]}}],"collection":[{"href":"https:\/\/www.bmut.de\/en\/wp-json\/wp\/v2\/product"}],"about":[{"href":"https:\/\/www.bmut.de\/en\/wp-json\/wp\/v2\/types\/product"}],"replies":[{"embeddable":true,"href":"https:\/\/www.bmut.de\/en\/wp-json\/wp\/v2\/comments?post=10636"}],"wp:featuredmedia":[{"embeddable":true,"href":"https:\/\/www.bmut.de\/en\/wp-json\/wp\/v2\/media\/10637"}],"wp:attachment":[{"href":"https:\/\/www.bmut.de\/en\/wp-json\/wp\/v2\/media?parent=10636"}],"wp:term":[{"taxonomy":"product_brand","embeddable":true,"href":"https:\/\/www.bmut.de\/en\/wp-json\/wp\/v2\/product_brand?post=10636"},{"taxonomy":"product_cat","embeddable":true,"href":"https:\/\/www.bmut.de\/en\/wp-json\/wp\/v2\/product_cat?post=10636"},{"taxonomy":"product_tag","embeddable":true,"href":"https:\/\/www.bmut.de\/en\/wp-json\/wp\/v2\/product_tag?post=10636"}],"curies":[{"name":"wp","href":"https:\/\/api.w.org\/{rel}","templated":true}]}}