{"id":10645,"date":"2024-04-08T20:05:48","date_gmt":"2024-04-08T18:05:48","guid":{"rendered":"https:\/\/www.bmut.de\/?post_type=product&#038;p=10645"},"modified":"2024-10-26T05:35:26","modified_gmt":"2024-10-26T03:35:26","slug":"bmut-500ml-marderspray-fuer-auto-dachboden-garage-sofort-langfristig-marderschreck-marderabwehr","status":"publish","type":"product","link":"https:\/\/www.bmut.de\/en\/product\/bmut-500ml-marderspray-fuer-auto-dachboden-garage-sofort-langfristig-marderschreck-marderabwehr\/","title":{"rendered":"BMUT 500ml Marderspray f\u00fcr Auto, Dachboden &#038; Garage, Sofort &#038; Langfristig, Marderschreck &#038; Marderabwehr"},"content":{"rendered":"<p><span class=\"a-list-item\"> \u2714 [EFFEKTIVER &amp; SOFORTIGER MARDERSCHUTZ] Das Marderspray sch\u00fctzt effektiv Auto, Motorraum, Dachboden, Haus, Garage und viele mehr optimal und zuverl\u00e4ssig vor Mardern und anderen Nagetieren. Vermeiden Sie Reparaturkosten, wie durch Bisse an Kabeln. <\/span><\/p>\n<p><span class=\"a-list-item\"> \u2714 [KEIN ENTZ\u00dcNDBARES AEROSOL] Die Formulierung ist wasserbasiert und zu 100% frei von Treibgasen. Das Repellent-Produkt ist ebenfalls frei von Gefahrensymbolen. Perfekt zur Marderabwehr. <\/span><\/p>\n<p><span class=\"a-list-item\"> \u2714 [AUF BASIS \u00c4THERISCHER \u00d6LE] Das Marder Abwehrspray enth\u00e4lt den Wirkstoff Geraniol, welches f\u00fcr den Marder unangenehm riecht. Ein wahrer Marderschreck. Marder meiden die behandelten Stellen. Im Gegensatz zu Vergr\u00e4mungsmitteln wie Mardermatten oder Lebenfallen besteht bei der Verwendung von Marderspray keine Gefahr, dass die Tiere verletzt oder get\u00f6tet werden. <\/span><\/p>\n<p><span class=\"a-list-item\"> \u2714 [EINFACHE ANWENDUNG PER SPRAY] Die Bereiche an denen der Marder aktiv ist, einspr\u00fchen. Entsprechend des Intervalls nach einigen Wochen wiederholen. Es ist keine aufwendige Installation oder Montage erforderlich. Das Spray hat 2 Funktionen: Feiner Nebel und Strahl. Damit k\u00f6nnen Sie auch schwer erreichbare Stellen mit dem Wirkstoff benetzen. <\/span><\/p>\n<p><span class=\"a-list-item\"> \u2714 [IN DEUTSCHLAND HERGESTELLT] Das Produkt wird in Deutschland hergestellt und ist registriert und zugelassen unter der Nummer: N-111079. <\/span><\/p>\n","protected":false},"excerpt":{"rendered":"<ul>\n<li><span class=\"a-list-item\">ANTI MARDER STRAY \u2013 GEGEN MARDER<\/span><\/li>\n<li><span class=\"a-list-item\">INTELLIGENTE FORMEL MIT GERANIOL<\/span><\/li>\n<li><span class=\"a-list-item\">\u00c4THERISCHES \u00d6L ALS BASIS<\/span><\/li>\n<li><span class=\"a-list-item\">F\u00dcR MENSCHEN ANGENEHMER GERUCH<\/span><\/li>\n<li><span class=\"a-list-item\">BMUT-QUALIT\u00c4T \u2013 MADE IN GERMANY<\/span><\/li>\n<li>SCHNELLER VERSAND<\/li>\n<\/ul>","protected":false},"featured_media":10646,"comment_status":"open","ping_status":"closed","template":"","meta":[],"product_brand":[],"product_cat":[138],"product_tag":[142,143],"class_list":{"0":"post-10645","1":"product","2":"type-product","3":"status-publish","4":"has-post-thumbnail","6":"product_cat-anti-milben-insekten","7":"product_tag-anti-marder-spray","8":"product_tag-marder-stopp","9":"product_shipping_class-dhl-paket","11":"first","12":"instock","13":"sale","14":"taxable","15":"shipping-taxable","16":"purchasable","17":"product-type-simple","18":"czr-hentry"},"yoast_head":"<!-- This site is optimized with the Yoast SEO plugin v27.4 - https:\/\/yoast.com\/product\/yoast-seo-wordpress\/ -->\n<title>BMUT 500ml Marderspray f\u00fcr Auto, Dachboden &amp; Garage, Sofort &amp; Langfristig, Marderschreck &amp; Marderabwehr - BMUT\u00ae<\/title>\n<meta name=\"robots\" content=\"index, follow, max-snippet:-1, max-image-preview:large, max-video-preview:-1\" \/>\n<link rel=\"canonical\" href=\"https:\/\/www.bmut.de\/en\/product\/bmut-500ml-marderspray-fuer-auto-dachboden-garage-sofort-langfristig-marderschreck-marderabwehr\/\" \/>\n<meta property=\"og:locale\" content=\"en_GB\" \/>\n<meta property=\"og:type\" content=\"article\" \/>\n<meta property=\"og:title\" content=\"BMUT 500ml Marderspray f\u00fcr Auto, Dachboden &amp; Garage, Sofort &amp; Langfristig, Marderschreck &amp; Marderabwehr - BMUT\u00ae\" \/>\n<meta property=\"og:description\" content=\"ANTI MARDER STRAY \u2013 GEGEN MARDER  INTELLIGENTE FORMEL MIT GERANIOL  \u00c4THERISCHES \u00d6L ALS BASIS  F\u00dcR MENSCHEN ANGENEHMER GERUCH  BMUT-QUALIT\u00c4T \u2013 MADE IN GERMANY  SCHNELLER VERSAND\" \/>\n<meta property=\"og:url\" content=\"https:\/\/www.bmut.de\/en\/product\/bmut-500ml-marderspray-fuer-auto-dachboden-garage-sofort-langfristig-marderschreck-marderabwehr\/\" \/>\n<meta property=\"og:site_name\" content=\"BMUT\u00ae\" \/>\n<meta property=\"article:modified_time\" content=\"2024-10-26T03:35:26+00:00\" \/>\n<meta property=\"og:image\" content=\"https:\/\/www.bmut.de\/wp-content\/uploads\/2024\/04\/marderspray_500.jpg\" \/>\n\t<meta property=\"og:image:width\" content=\"1219\" \/>\n\t<meta property=\"og:image:height\" content=\"1219\" \/>\n\t<meta property=\"og:image:type\" content=\"image\/jpeg\" \/>\n<meta name=\"twitter:card\" content=\"summary_large_image\" \/>\n<meta name=\"twitter:label1\" content=\"Estimated reading time\" \/>\n\t<meta name=\"twitter:data1\" content=\"1 minute\" \/>\n<script type=\"application\/ld+json\" class=\"yoast-schema-graph\">{\"@context\":\"https:\\\/\\\/schema.org\",\"@graph\":[{\"@type\":\"WebPage\",\"@id\":\"https:\\\/\\\/www.bmut.de\\\/product\\\/bmut-500ml-marderspray-fuer-auto-dachboden-garage-sofort-langfristig-marderschreck-marderabwehr\\\/\",\"url\":\"https:\\\/\\\/www.bmut.de\\\/product\\\/bmut-500ml-marderspray-fuer-auto-dachboden-garage-sofort-langfristig-marderschreck-marderabwehr\\\/\",\"name\":\"BMUT 500ml Marderspray f\u00fcr Auto, Dachboden & Garage, Sofort & Langfristig, Marderschreck & Marderabwehr - BMUT\u00ae\",\"isPartOf\":{\"@id\":\"https:\\\/\\\/www.bmut.de\\\/#website\"},\"primaryImageOfPage\":{\"@id\":\"https:\\\/\\\/www.bmut.de\\\/product\\\/bmut-500ml-marderspray-fuer-auto-dachboden-garage-sofort-langfristig-marderschreck-marderabwehr\\\/#primaryimage\"},\"image\":{\"@id\":\"https:\\\/\\\/www.bmut.de\\\/product\\\/bmut-500ml-marderspray-fuer-auto-dachboden-garage-sofort-langfristig-marderschreck-marderabwehr\\\/#primaryimage\"},\"thumbnailUrl\":\"https:\\\/\\\/www.bmut.de\\\/wp-content\\\/uploads\\\/2024\\\/04\\\/marderspray_500.jpg\",\"datePublished\":\"2024-04-08T18:05:48+00:00\",\"dateModified\":\"2024-10-26T03:35:26+00:00\",\"breadcrumb\":{\"@id\":\"https:\\\/\\\/www.bmut.de\\\/product\\\/bmut-500ml-marderspray-fuer-auto-dachboden-garage-sofort-langfristig-marderschreck-marderabwehr\\\/#breadcrumb\"},\"inLanguage\":\"en-GB\",\"potentialAction\":[{\"@type\":\"ReadAction\",\"target\":[\"https:\\\/\\\/www.bmut.de\\\/product\\\/bmut-500ml-marderspray-fuer-auto-dachboden-garage-sofort-langfristig-marderschreck-marderabwehr\\\/\"]}]},{\"@type\":\"ImageObject\",\"inLanguage\":\"en-GB\",\"@id\":\"https:\\\/\\\/www.bmut.de\\\/product\\\/bmut-500ml-marderspray-fuer-auto-dachboden-garage-sofort-langfristig-marderschreck-marderabwehr\\\/#primaryimage\",\"url\":\"https:\\\/\\\/www.bmut.de\\\/wp-content\\\/uploads\\\/2024\\\/04\\\/marderspray_500.jpg\",\"contentUrl\":\"https:\\\/\\\/www.bmut.de\\\/wp-content\\\/uploads\\\/2024\\\/04\\\/marderspray_500.jpg\",\"width\":1219,\"height\":1219},{\"@type\":\"BreadcrumbList\",\"@id\":\"https:\\\/\\\/www.bmut.de\\\/product\\\/bmut-500ml-marderspray-fuer-auto-dachboden-garage-sofort-langfristig-marderschreck-marderabwehr\\\/#breadcrumb\",\"itemListElement\":[{\"@type\":\"ListItem\",\"position\":1,\"name\":\"Startseite\",\"item\":\"https:\\\/\\\/www.bmut.de\\\/\"},{\"@type\":\"ListItem\",\"position\":2,\"name\":\"Shop\",\"item\":\"https:\\\/\\\/www.bmut.de\\\/shop\\\/\"},{\"@type\":\"ListItem\",\"position\":3,\"name\":\"BMUT 500ml Marderspray f\u00fcr Auto, Dachboden &#038; Garage, Sofort &#038; Langfristig, Marderschreck &#038; Marderabwehr\"}]},{\"@type\":\"WebSite\",\"@id\":\"https:\\\/\\\/www.bmut.de\\\/#website\",\"url\":\"https:\\\/\\\/www.bmut.de\\\/\",\"name\":\"BMUT\u00ae\",\"description\":\"\",\"potentialAction\":[{\"@type\":\"SearchAction\",\"target\":{\"@type\":\"EntryPoint\",\"urlTemplate\":\"https:\\\/\\\/www.bmut.de\\\/?s={search_term_string}\"},\"query-input\":{\"@type\":\"PropertyValueSpecification\",\"valueRequired\":true,\"valueName\":\"search_term_string\"}}],\"inLanguage\":\"en-GB\"}]}<\/script>\n<!-- \/ Yoast SEO plugin. -->","yoast_head_json":{"title":"BMUT 500ml Marderspray f\u00fcr Auto, Dachboden & Garage, Sofort & Langfristig, Marderschreck & Marderabwehr - BMUT\u00ae","robots":{"index":"index","follow":"follow","max-snippet":"max-snippet:-1","max-image-preview":"max-image-preview:large","max-video-preview":"max-video-preview:-1"},"canonical":"https:\/\/www.bmut.de\/en\/product\/bmut-500ml-marderspray-fuer-auto-dachboden-garage-sofort-langfristig-marderschreck-marderabwehr\/","og_locale":"en_GB","og_type":"article","og_title":"BMUT 500ml Marderspray f\u00fcr Auto, Dachboden & Garage, Sofort & Langfristig, Marderschreck & Marderabwehr - BMUT\u00ae","og_description":"ANTI MARDER STRAY \u2013 GEGEN MARDER  INTELLIGENTE FORMEL MIT GERANIOL  \u00c4THERISCHES \u00d6L ALS BASIS  F\u00dcR MENSCHEN ANGENEHMER GERUCH  BMUT-QUALIT\u00c4T \u2013 MADE IN GERMANY  SCHNELLER VERSAND","og_url":"https:\/\/www.bmut.de\/en\/product\/bmut-500ml-marderspray-fuer-auto-dachboden-garage-sofort-langfristig-marderschreck-marderabwehr\/","og_site_name":"BMUT\u00ae","article_modified_time":"2024-10-26T03:35:26+00:00","og_image":[{"width":1219,"height":1219,"url":"https:\/\/www.bmut.de\/wp-content\/uploads\/2024\/04\/marderspray_500.jpg","type":"image\/jpeg"}],"twitter_card":"summary_large_image","twitter_misc":{"Estimated reading time":"1 minute"},"schema":{"@context":"https:\/\/schema.org","@graph":[{"@type":"WebPage","@id":"https:\/\/www.bmut.de\/product\/bmut-500ml-marderspray-fuer-auto-dachboden-garage-sofort-langfristig-marderschreck-marderabwehr\/","url":"https:\/\/www.bmut.de\/product\/bmut-500ml-marderspray-fuer-auto-dachboden-garage-sofort-langfristig-marderschreck-marderabwehr\/","name":"BMUT 500ml Marderspray f\u00fcr Auto, Dachboden & Garage, Sofort & Langfristig, Marderschreck & Marderabwehr - BMUT\u00ae","isPartOf":{"@id":"https:\/\/www.bmut.de\/#website"},"primaryImageOfPage":{"@id":"https:\/\/www.bmut.de\/product\/bmut-500ml-marderspray-fuer-auto-dachboden-garage-sofort-langfristig-marderschreck-marderabwehr\/#primaryimage"},"image":{"@id":"https:\/\/www.bmut.de\/product\/bmut-500ml-marderspray-fuer-auto-dachboden-garage-sofort-langfristig-marderschreck-marderabwehr\/#primaryimage"},"thumbnailUrl":"https:\/\/www.bmut.de\/wp-content\/uploads\/2024\/04\/marderspray_500.jpg","datePublished":"2024-04-08T18:05:48+00:00","dateModified":"2024-10-26T03:35:26+00:00","breadcrumb":{"@id":"https:\/\/www.bmut.de\/product\/bmut-500ml-marderspray-fuer-auto-dachboden-garage-sofort-langfristig-marderschreck-marderabwehr\/#breadcrumb"},"inLanguage":"en-GB","potentialAction":[{"@type":"ReadAction","target":["https:\/\/www.bmut.de\/product\/bmut-500ml-marderspray-fuer-auto-dachboden-garage-sofort-langfristig-marderschreck-marderabwehr\/"]}]},{"@type":"ImageObject","inLanguage":"en-GB","@id":"https:\/\/www.bmut.de\/product\/bmut-500ml-marderspray-fuer-auto-dachboden-garage-sofort-langfristig-marderschreck-marderabwehr\/#primaryimage","url":"https:\/\/www.bmut.de\/wp-content\/uploads\/2024\/04\/marderspray_500.jpg","contentUrl":"https:\/\/www.bmut.de\/wp-content\/uploads\/2024\/04\/marderspray_500.jpg","width":1219,"height":1219},{"@type":"BreadcrumbList","@id":"https:\/\/www.bmut.de\/product\/bmut-500ml-marderspray-fuer-auto-dachboden-garage-sofort-langfristig-marderschreck-marderabwehr\/#breadcrumb","itemListElement":[{"@type":"ListItem","position":1,"name":"Startseite","item":"https:\/\/www.bmut.de\/"},{"@type":"ListItem","position":2,"name":"Shop","item":"https:\/\/www.bmut.de\/shop\/"},{"@type":"ListItem","position":3,"name":"BMUT 500ml Marderspray f\u00fcr Auto, Dachboden &#038; Garage, Sofort &#038; Langfristig, Marderschreck &#038; Marderabwehr"}]},{"@type":"WebSite","@id":"https:\/\/www.bmut.de\/#website","url":"https:\/\/www.bmut.de\/","name":"BMUT\u00ae","description":"","potentialAction":[{"@type":"SearchAction","target":{"@type":"EntryPoint","urlTemplate":"https:\/\/www.bmut.de\/?s={search_term_string}"},"query-input":{"@type":"PropertyValueSpecification","valueRequired":true,"valueName":"search_term_string"}}],"inLanguage":"en-GB"}]}},"jetpack_sharing_enabled":true,"_links":{"self":[{"href":"https:\/\/www.bmut.de\/en\/wp-json\/wp\/v2\/product\/10645","targetHints":{"allow":["GET"]}}],"collection":[{"href":"https:\/\/www.bmut.de\/en\/wp-json\/wp\/v2\/product"}],"about":[{"href":"https:\/\/www.bmut.de\/en\/wp-json\/wp\/v2\/types\/product"}],"replies":[{"embeddable":true,"href":"https:\/\/www.bmut.de\/en\/wp-json\/wp\/v2\/comments?post=10645"}],"wp:featuredmedia":[{"embeddable":true,"href":"https:\/\/www.bmut.de\/en\/wp-json\/wp\/v2\/media\/10646"}],"wp:attachment":[{"href":"https:\/\/www.bmut.de\/en\/wp-json\/wp\/v2\/media?parent=10645"}],"wp:term":[{"taxonomy":"product_brand","embeddable":true,"href":"https:\/\/www.bmut.de\/en\/wp-json\/wp\/v2\/product_brand?post=10645"},{"taxonomy":"product_cat","embeddable":true,"href":"https:\/\/www.bmut.de\/en\/wp-json\/wp\/v2\/product_cat?post=10645"},{"taxonomy":"product_tag","embeddable":true,"href":"https:\/\/www.bmut.de\/en\/wp-json\/wp\/v2\/product_tag?post=10645"}],"curies":[{"name":"wp","href":"https:\/\/api.w.org\/{rel}","templated":true}]}}