{"id":10653,"date":"2024-04-08T20:12:24","date_gmt":"2024-04-08T18:12:24","guid":{"rendered":"https:\/\/www.bmut.de\/?post_type=product&#038;p=10653"},"modified":"2025-01-20T16:46:17","modified_gmt":"2025-01-20T15:46:17","slug":"500ml-milbenspray-fuer-matratzen-100-giftfrei-bettwaesche-polster-textil-hausstaubmilben-spray-bei-allergie","status":"publish","type":"product","link":"https:\/\/www.bmut.de\/en\/product\/500ml-milbenspray-fuer-matratzen-100-giftfrei-bettwaesche-polster-textil-hausstaubmilben-spray-bei-allergie\/","title":{"rendered":"500ml Milbenspray f\u00fcr Matratzen | 100% giftfrei | Bettw\u00e4sche | Polster | Textil | Hausstaubmilben Spray | bei Allergie"},"content":{"rendered":"<p><span class=\"a-list-item\"> \u2714 [ANTI MILBEN SPRAY] Das vorliegende Milbenspray wirkt \u00e4u\u00dferst effektiv gegen Milben und verhindert Milbenallergene. Dar\u00fcber hinaus stellt das Mittel eine ideale Erg\u00e4nzung zur Allergiker-Bettw\u00e4sche dar. <\/span><\/p>\n<p><span class=\"a-list-item\"> \u2714 [KEINE TREIBGASE] Das Mittel stellt eine w\u00e4ssrige L\u00f6sung dar \u2013 dies ohne Treibgase. Es ist vollst\u00e4ndig biologisch abbaubar. <\/span><\/p>\n<p><span class=\"a-list-item\"> \u2714 [ANWENDUNGSBEREICH] Das Anti-Milben-Spray eignet sich f\u00fcr Matratzen, Bettw\u00e4sche (wie Kissen &amp; Decken), Schlafs\u00e4cke und sonstige Textilien. <\/span><\/p>\n<p><span class=\"a-list-item\"> \u2714 [HOHE EFFIZIENZ &amp; BASIS \u00c4THERISCHES \u00d6L] Mit einer einzigen Flasche k\u00f6nnen bis zu 24 Matratzen oder einer Fl\u00e4che von 48m\u00b2 wirksam gegen Milben gesch\u00fctzt werden. Als Wirkstoff dient ein von Pflanzen abgeleiteter Stoff, der leicht rosenartig riecht. Der Geruch verfliegt z\u00fcgig. <\/span><\/p>\n<p><span class=\"a-list-item\"> \u2714 [IN DEUTSCHLAND HERGESTELLT] Das Produkt wird in Deutschland hergestellt und ist registriert und zugelassen unter der Nummer: N-113021. <\/span><\/p>\n","protected":false},"excerpt":{"rendered":"<ul>\n<li><span class=\"a-list-item\">ANTI MILBEN STRAY \u2013 GEGEN HAUSSTAUBMILBEN<\/span><\/li>\n<li><span class=\"a-list-item\">INTELLIGENTE FORMEL MIT GERANIOL<\/span><\/li>\n<li><span class=\"a-list-item\">\u00c4THERISCHES \u00d6L ALS BASIS<\/span><\/li>\n<li><span class=\"a-list-item\">F\u00dcR MENSCHEN ANGENEHMER GERUCH \u2013 NACH BLUMEN (ROSEN)<\/span><\/li>\n<li><span class=\"a-list-item\">BMUT-QUALIT\u00c4T \u2013 MADE IN GERMANY<\/span><\/li>\n<li>SCHNELLER VERSAND<\/li>\n<\/ul>","protected":false},"featured_media":13286,"comment_status":"open","ping_status":"closed","template":"","meta":[],"product_brand":[],"product_cat":[138],"product_tag":[144,146,145,147],"class_list":{"0":"post-10653","1":"product","2":"type-product","3":"status-publish","4":"has-post-thumbnail","6":"product_cat-anti-milben-insekten","7":"product_tag-anti-hausstaubmilben","8":"product_tag-bettwaesche","9":"product_tag-gegen-milben","10":"product_tag-matratzen-spray","11":"product_shipping_class-dhl-paket","13":"first","14":"instock","15":"taxable","16":"shipping-taxable","17":"purchasable","18":"product-type-simple","19":"czr-hentry"},"yoast_head":"<!-- This site is optimized with the Yoast SEO plugin v27.4 - https:\/\/yoast.com\/product\/yoast-seo-wordpress\/ -->\n<title>500ml Milbenspray f\u00fcr Matratzen | 100% giftfrei | Bettw\u00e4sche | Polster | Textil | Hausstaubmilben Spray | bei Allergie - BMUT\u00ae<\/title>\n<meta name=\"robots\" content=\"index, follow, max-snippet:-1, max-image-preview:large, max-video-preview:-1\" \/>\n<link rel=\"canonical\" href=\"https:\/\/www.bmut.de\/en\/product\/500ml-milbenspray-fuer-matratzen-100-giftfrei-bettwaesche-polster-textil-hausstaubmilben-spray-bei-allergie\/\" \/>\n<meta property=\"og:locale\" content=\"en_GB\" \/>\n<meta property=\"og:type\" content=\"article\" \/>\n<meta property=\"og:title\" content=\"500ml Milbenspray f\u00fcr Matratzen | 100% giftfrei | Bettw\u00e4sche | Polster | Textil | Hausstaubmilben Spray | bei Allergie - BMUT\u00ae\" \/>\n<meta property=\"og:description\" content=\"ANTI MILBEN STRAY \u2013 GEGEN HAUSSTAUBMILBEN  INTELLIGENTE FORMEL MIT GERANIOL  \u00c4THERISCHES \u00d6L ALS BASIS  F\u00dcR MENSCHEN ANGENEHMER GERUCH \u2013 NACH BLUMEN (ROSEN)  BMUT-QUALIT\u00c4T \u2013 MADE IN GERMANY  SCHNELLER VERSAND\" \/>\n<meta property=\"og:url\" content=\"https:\/\/www.bmut.de\/en\/product\/500ml-milbenspray-fuer-matratzen-100-giftfrei-bettwaesche-polster-textil-hausstaubmilben-spray-bei-allergie\/\" \/>\n<meta property=\"og:site_name\" content=\"BMUT\u00ae\" \/>\n<meta property=\"article:modified_time\" content=\"2025-01-20T15:46:17+00:00\" \/>\n<meta property=\"og:image\" content=\"https:\/\/www.bmut.de\/wp-content\/uploads\/2024\/04\/milbe0.jpg\" \/>\n\t<meta property=\"og:image:width\" content=\"1400\" \/>\n\t<meta property=\"og:image:height\" content=\"1400\" \/>\n\t<meta property=\"og:image:type\" content=\"image\/jpeg\" \/>\n<meta name=\"twitter:card\" content=\"summary_large_image\" \/>\n<meta name=\"twitter:label1\" content=\"Estimated reading time\" \/>\n\t<meta name=\"twitter:data1\" content=\"1 minute\" \/>\n<script type=\"application\/ld+json\" class=\"yoast-schema-graph\">{\"@context\":\"https:\\\/\\\/schema.org\",\"@graph\":[{\"@type\":\"WebPage\",\"@id\":\"https:\\\/\\\/www.bmut.de\\\/product\\\/500ml-milbenspray-fuer-matratzen-100-giftfrei-bettwaesche-polster-textil-hausstaubmilben-spray-bei-allergie\\\/\",\"url\":\"https:\\\/\\\/www.bmut.de\\\/product\\\/500ml-milbenspray-fuer-matratzen-100-giftfrei-bettwaesche-polster-textil-hausstaubmilben-spray-bei-allergie\\\/\",\"name\":\"500ml Milbenspray f\u00fcr Matratzen | 100% giftfrei | Bettw\u00e4sche | Polster | Textil | Hausstaubmilben Spray | bei Allergie - BMUT\u00ae\",\"isPartOf\":{\"@id\":\"https:\\\/\\\/www.bmut.de\\\/#website\"},\"primaryImageOfPage\":{\"@id\":\"https:\\\/\\\/www.bmut.de\\\/product\\\/500ml-milbenspray-fuer-matratzen-100-giftfrei-bettwaesche-polster-textil-hausstaubmilben-spray-bei-allergie\\\/#primaryimage\"},\"image\":{\"@id\":\"https:\\\/\\\/www.bmut.de\\\/product\\\/500ml-milbenspray-fuer-matratzen-100-giftfrei-bettwaesche-polster-textil-hausstaubmilben-spray-bei-allergie\\\/#primaryimage\"},\"thumbnailUrl\":\"https:\\\/\\\/www.bmut.de\\\/wp-content\\\/uploads\\\/2024\\\/04\\\/milbe0.jpg\",\"datePublished\":\"2024-04-08T18:12:24+00:00\",\"dateModified\":\"2025-01-20T15:46:17+00:00\",\"breadcrumb\":{\"@id\":\"https:\\\/\\\/www.bmut.de\\\/product\\\/500ml-milbenspray-fuer-matratzen-100-giftfrei-bettwaesche-polster-textil-hausstaubmilben-spray-bei-allergie\\\/#breadcrumb\"},\"inLanguage\":\"en-GB\",\"potentialAction\":[{\"@type\":\"ReadAction\",\"target\":[\"https:\\\/\\\/www.bmut.de\\\/product\\\/500ml-milbenspray-fuer-matratzen-100-giftfrei-bettwaesche-polster-textil-hausstaubmilben-spray-bei-allergie\\\/\"]}]},{\"@type\":\"ImageObject\",\"inLanguage\":\"en-GB\",\"@id\":\"https:\\\/\\\/www.bmut.de\\\/product\\\/500ml-milbenspray-fuer-matratzen-100-giftfrei-bettwaesche-polster-textil-hausstaubmilben-spray-bei-allergie\\\/#primaryimage\",\"url\":\"https:\\\/\\\/www.bmut.de\\\/wp-content\\\/uploads\\\/2024\\\/04\\\/milbe0.jpg\",\"contentUrl\":\"https:\\\/\\\/www.bmut.de\\\/wp-content\\\/uploads\\\/2024\\\/04\\\/milbe0.jpg\",\"width\":1400,\"height\":1400},{\"@type\":\"BreadcrumbList\",\"@id\":\"https:\\\/\\\/www.bmut.de\\\/product\\\/500ml-milbenspray-fuer-matratzen-100-giftfrei-bettwaesche-polster-textil-hausstaubmilben-spray-bei-allergie\\\/#breadcrumb\",\"itemListElement\":[{\"@type\":\"ListItem\",\"position\":1,\"name\":\"Startseite\",\"item\":\"https:\\\/\\\/www.bmut.de\\\/\"},{\"@type\":\"ListItem\",\"position\":2,\"name\":\"Shop\",\"item\":\"https:\\\/\\\/www.bmut.de\\\/shop\\\/\"},{\"@type\":\"ListItem\",\"position\":3,\"name\":\"500ml Milbenspray f\u00fcr Matratzen | 100% giftfrei | Bettw\u00e4sche | Polster | Textil | Hausstaubmilben Spray | bei Allergie\"}]},{\"@type\":\"WebSite\",\"@id\":\"https:\\\/\\\/www.bmut.de\\\/#website\",\"url\":\"https:\\\/\\\/www.bmut.de\\\/\",\"name\":\"BMUT\u00ae\",\"description\":\"\",\"potentialAction\":[{\"@type\":\"SearchAction\",\"target\":{\"@type\":\"EntryPoint\",\"urlTemplate\":\"https:\\\/\\\/www.bmut.de\\\/?s={search_term_string}\"},\"query-input\":{\"@type\":\"PropertyValueSpecification\",\"valueRequired\":true,\"valueName\":\"search_term_string\"}}],\"inLanguage\":\"en-GB\"}]}<\/script>\n<!-- \/ Yoast SEO plugin. -->","yoast_head_json":{"title":"500ml Milbenspray f\u00fcr Matratzen | 100% giftfrei | Bettw\u00e4sche | Polster | Textil | Hausstaubmilben Spray | bei Allergie - BMUT\u00ae","robots":{"index":"index","follow":"follow","max-snippet":"max-snippet:-1","max-image-preview":"max-image-preview:large","max-video-preview":"max-video-preview:-1"},"canonical":"https:\/\/www.bmut.de\/en\/product\/500ml-milbenspray-fuer-matratzen-100-giftfrei-bettwaesche-polster-textil-hausstaubmilben-spray-bei-allergie\/","og_locale":"en_GB","og_type":"article","og_title":"500ml Milbenspray f\u00fcr Matratzen | 100% giftfrei | Bettw\u00e4sche | Polster | Textil | Hausstaubmilben Spray | bei Allergie - BMUT\u00ae","og_description":"ANTI MILBEN STRAY \u2013 GEGEN HAUSSTAUBMILBEN  INTELLIGENTE FORMEL MIT GERANIOL  \u00c4THERISCHES \u00d6L ALS BASIS  F\u00dcR MENSCHEN ANGENEHMER GERUCH \u2013 NACH BLUMEN (ROSEN)  BMUT-QUALIT\u00c4T \u2013 MADE IN GERMANY  SCHNELLER VERSAND","og_url":"https:\/\/www.bmut.de\/en\/product\/500ml-milbenspray-fuer-matratzen-100-giftfrei-bettwaesche-polster-textil-hausstaubmilben-spray-bei-allergie\/","og_site_name":"BMUT\u00ae","article_modified_time":"2025-01-20T15:46:17+00:00","og_image":[{"width":1400,"height":1400,"url":"https:\/\/www.bmut.de\/wp-content\/uploads\/2024\/04\/milbe0.jpg","type":"image\/jpeg"}],"twitter_card":"summary_large_image","twitter_misc":{"Estimated reading time":"1 minute"},"schema":{"@context":"https:\/\/schema.org","@graph":[{"@type":"WebPage","@id":"https:\/\/www.bmut.de\/product\/500ml-milbenspray-fuer-matratzen-100-giftfrei-bettwaesche-polster-textil-hausstaubmilben-spray-bei-allergie\/","url":"https:\/\/www.bmut.de\/product\/500ml-milbenspray-fuer-matratzen-100-giftfrei-bettwaesche-polster-textil-hausstaubmilben-spray-bei-allergie\/","name":"500ml Milbenspray f\u00fcr Matratzen | 100% giftfrei | Bettw\u00e4sche | Polster | Textil | Hausstaubmilben Spray | bei Allergie - BMUT\u00ae","isPartOf":{"@id":"https:\/\/www.bmut.de\/#website"},"primaryImageOfPage":{"@id":"https:\/\/www.bmut.de\/product\/500ml-milbenspray-fuer-matratzen-100-giftfrei-bettwaesche-polster-textil-hausstaubmilben-spray-bei-allergie\/#primaryimage"},"image":{"@id":"https:\/\/www.bmut.de\/product\/500ml-milbenspray-fuer-matratzen-100-giftfrei-bettwaesche-polster-textil-hausstaubmilben-spray-bei-allergie\/#primaryimage"},"thumbnailUrl":"https:\/\/www.bmut.de\/wp-content\/uploads\/2024\/04\/milbe0.jpg","datePublished":"2024-04-08T18:12:24+00:00","dateModified":"2025-01-20T15:46:17+00:00","breadcrumb":{"@id":"https:\/\/www.bmut.de\/product\/500ml-milbenspray-fuer-matratzen-100-giftfrei-bettwaesche-polster-textil-hausstaubmilben-spray-bei-allergie\/#breadcrumb"},"inLanguage":"en-GB","potentialAction":[{"@type":"ReadAction","target":["https:\/\/www.bmut.de\/product\/500ml-milbenspray-fuer-matratzen-100-giftfrei-bettwaesche-polster-textil-hausstaubmilben-spray-bei-allergie\/"]}]},{"@type":"ImageObject","inLanguage":"en-GB","@id":"https:\/\/www.bmut.de\/product\/500ml-milbenspray-fuer-matratzen-100-giftfrei-bettwaesche-polster-textil-hausstaubmilben-spray-bei-allergie\/#primaryimage","url":"https:\/\/www.bmut.de\/wp-content\/uploads\/2024\/04\/milbe0.jpg","contentUrl":"https:\/\/www.bmut.de\/wp-content\/uploads\/2024\/04\/milbe0.jpg","width":1400,"height":1400},{"@type":"BreadcrumbList","@id":"https:\/\/www.bmut.de\/product\/500ml-milbenspray-fuer-matratzen-100-giftfrei-bettwaesche-polster-textil-hausstaubmilben-spray-bei-allergie\/#breadcrumb","itemListElement":[{"@type":"ListItem","position":1,"name":"Startseite","item":"https:\/\/www.bmut.de\/"},{"@type":"ListItem","position":2,"name":"Shop","item":"https:\/\/www.bmut.de\/shop\/"},{"@type":"ListItem","position":3,"name":"500ml Milbenspray f\u00fcr Matratzen | 100% giftfrei | Bettw\u00e4sche | Polster | Textil | Hausstaubmilben Spray | bei Allergie"}]},{"@type":"WebSite","@id":"https:\/\/www.bmut.de\/#website","url":"https:\/\/www.bmut.de\/","name":"BMUT\u00ae","description":"","potentialAction":[{"@type":"SearchAction","target":{"@type":"EntryPoint","urlTemplate":"https:\/\/www.bmut.de\/?s={search_term_string}"},"query-input":{"@type":"PropertyValueSpecification","valueRequired":true,"valueName":"search_term_string"}}],"inLanguage":"en-GB"}]}},"jetpack_sharing_enabled":true,"_links":{"self":[{"href":"https:\/\/www.bmut.de\/en\/wp-json\/wp\/v2\/product\/10653","targetHints":{"allow":["GET"]}}],"collection":[{"href":"https:\/\/www.bmut.de\/en\/wp-json\/wp\/v2\/product"}],"about":[{"href":"https:\/\/www.bmut.de\/en\/wp-json\/wp\/v2\/types\/product"}],"replies":[{"embeddable":true,"href":"https:\/\/www.bmut.de\/en\/wp-json\/wp\/v2\/comments?post=10653"}],"wp:featuredmedia":[{"embeddable":true,"href":"https:\/\/www.bmut.de\/en\/wp-json\/wp\/v2\/media\/13286"}],"wp:attachment":[{"href":"https:\/\/www.bmut.de\/en\/wp-json\/wp\/v2\/media?parent=10653"}],"wp:term":[{"taxonomy":"product_brand","embeddable":true,"href":"https:\/\/www.bmut.de\/en\/wp-json\/wp\/v2\/product_brand?post=10653"},{"taxonomy":"product_cat","embeddable":true,"href":"https:\/\/www.bmut.de\/en\/wp-json\/wp\/v2\/product_cat?post=10653"},{"taxonomy":"product_tag","embeddable":true,"href":"https:\/\/www.bmut.de\/en\/wp-json\/wp\/v2\/product_tag?post=10653"}],"curies":[{"name":"wp","href":"https:\/\/api.w.org\/{rel}","templated":true}]}}