{"id":14687,"date":"2025-09-12T17:13:23","date_gmt":"2025-09-12T15:13:23","guid":{"rendered":"https:\/\/www.bmut.de\/?post_type=product&#038;p=14687"},"modified":"2026-01-23T18:27:41","modified_gmt":"2026-01-23T17:27:41","slug":"1x-rueckhalteventil-mit-pfeil-ersatzteil-osmoseanlage-fuer-hohe-wasserhaerte","status":"publish","type":"product","link":"https:\/\/www.bmut.de\/en\/product\/1x-rueckhalteventil-mit-pfeil-ersatzteil-osmoseanlage-fuer-hohe-wasserhaerte\/","title":{"rendered":"1x R\u00fcckhalteventil mit Pfeil (Ersatzteil Osmoseanlage) f\u00fcr hohe Wasserh\u00e4rte"},"content":{"rendered":"<p>R\u00fcckhalteventil f\u00fcr R\u00fcckwasser, feinporig f\u00fcr maximale Filterleistung. Bei besonders hoher Wasserhh\u00e4rte kann dieses Ventil verkalken. Eine lediglich Entkalkung dieses Ventils ist oft nicht ausreichend. Deswegen ist zus\u00e4tzlich empfohlen j\u00e4hrlich dieses Ventil auszutauschen f\u00fcr maximale Filterleistung und Effizienz,<\/p>\n<p>Achten Sie beim Austausch bitte, dass der Pfeil des Ventils in die richtige Richtung zeigt (nach links).<\/p>","protected":false},"excerpt":{"rendered":"<ul>\n<li>ERSATZTEIL R\u00fcckhalteventil bei sehr hohen Wasserh\u00e4rten<\/li>\n<li>TAUSCH Empfohlen alle 6-12 Monate<\/li>\n<li>S<span class=\"a-list-item\">OFORT EINSETZBAR<\/span><\/li>\n<li>SCHNELLER VERSAND<\/li>\n<\/ul>","protected":false},"featured_media":15299,"comment_status":"open","ping_status":"closed","template":"","meta":[],"product_brand":[],"product_cat":[93],"product_tag":[],"class_list":{"0":"post-14687","1":"product","2":"type-product","3":"status-publish","4":"has-post-thumbnail","6":"product_cat-elektronik","7":"product_shipping_class-kostenlos","9":"first","10":"instock","11":"taxable","12":"shipping-taxable","13":"purchasable","14":"product-type-simple","15":"czr-hentry"},"yoast_head":"<!-- This site is optimized with the Yoast SEO plugin v27.5 - https:\/\/yoast.com\/product\/yoast-seo-wordpress\/ -->\n<title>1x R\u00fcckhalteventil mit Pfeil (Ersatzteil Osmoseanlage) f\u00fcr hohe Wasserh\u00e4rte - BMUT\u00ae<\/title>\n<meta name=\"robots\" content=\"index, follow, max-snippet:-1, max-image-preview:large, max-video-preview:-1\" \/>\n<link rel=\"canonical\" href=\"https:\/\/www.bmut.de\/en\/product\/1x-rueckhalteventil-mit-pfeil-ersatzteil-osmoseanlage-fuer-hohe-wasserhaerte\/\" \/>\n<meta property=\"og:locale\" content=\"en_GB\" \/>\n<meta property=\"og:type\" content=\"article\" \/>\n<meta property=\"og:title\" content=\"1x R\u00fcckhalteventil mit Pfeil (Ersatzteil Osmoseanlage) f\u00fcr hohe Wasserh\u00e4rte - BMUT\u00ae\" \/>\n<meta property=\"og:description\" content=\"ERSATZTEIL R\u00fcckhalteventil bei sehr hohen Wasserh\u00e4rten  TAUSCH Empfohlen alle 6-12 Monate  SOFORT EINSETZBAR  SCHNELLER VERSAND\" \/>\n<meta property=\"og:url\" content=\"https:\/\/www.bmut.de\/en\/product\/1x-rueckhalteventil-mit-pfeil-ersatzteil-osmoseanlage-fuer-hohe-wasserhaerte\/\" \/>\n<meta property=\"og:site_name\" content=\"BMUT\u00ae\" \/>\n<meta property=\"article:modified_time\" content=\"2026-01-23T17:27:41+00:00\" \/>\n<meta property=\"og:image\" content=\"https:\/\/www.bmut.de\/wp-content\/uploads\/2025\/09\/valve.jpg\" \/>\n\t<meta property=\"og:image:width\" content=\"600\" \/>\n\t<meta property=\"og:image:height\" content=\"600\" \/>\n\t<meta property=\"og:image:type\" content=\"image\/jpeg\" \/>\n<meta name=\"twitter:card\" content=\"summary_large_image\" \/>\n<meta name=\"twitter:label1\" content=\"Estimated reading time\" \/>\n\t<meta name=\"twitter:data1\" content=\"1 minute\" \/>\n<script type=\"application\/ld+json\" class=\"yoast-schema-graph\">{\"@context\":\"https:\\\/\\\/schema.org\",\"@graph\":[{\"@type\":\"WebPage\",\"@id\":\"https:\\\/\\\/www.bmut.de\\\/product\\\/1x-rueckhalteventil-mit-pfeil-ersatzteil-osmoseanlage-fuer-hohe-wasserhaerte\\\/\",\"url\":\"https:\\\/\\\/www.bmut.de\\\/product\\\/1x-rueckhalteventil-mit-pfeil-ersatzteil-osmoseanlage-fuer-hohe-wasserhaerte\\\/\",\"name\":\"1x R\u00fcckhalteventil mit Pfeil (Ersatzteil Osmoseanlage) f\u00fcr hohe Wasserh\u00e4rte - BMUT\u00ae\",\"isPartOf\":{\"@id\":\"https:\\\/\\\/www.bmut.de\\\/#website\"},\"primaryImageOfPage\":{\"@id\":\"https:\\\/\\\/www.bmut.de\\\/product\\\/1x-rueckhalteventil-mit-pfeil-ersatzteil-osmoseanlage-fuer-hohe-wasserhaerte\\\/#primaryimage\"},\"image\":{\"@id\":\"https:\\\/\\\/www.bmut.de\\\/product\\\/1x-rueckhalteventil-mit-pfeil-ersatzteil-osmoseanlage-fuer-hohe-wasserhaerte\\\/#primaryimage\"},\"thumbnailUrl\":\"https:\\\/\\\/www.bmut.de\\\/wp-content\\\/uploads\\\/2025\\\/09\\\/valve.jpg\",\"datePublished\":\"2025-09-12T15:13:23+00:00\",\"dateModified\":\"2026-01-23T17:27:41+00:00\",\"breadcrumb\":{\"@id\":\"https:\\\/\\\/www.bmut.de\\\/product\\\/1x-rueckhalteventil-mit-pfeil-ersatzteil-osmoseanlage-fuer-hohe-wasserhaerte\\\/#breadcrumb\"},\"inLanguage\":\"en-GB\",\"potentialAction\":[{\"@type\":\"ReadAction\",\"target\":[\"https:\\\/\\\/www.bmut.de\\\/product\\\/1x-rueckhalteventil-mit-pfeil-ersatzteil-osmoseanlage-fuer-hohe-wasserhaerte\\\/\"]}]},{\"@type\":\"ImageObject\",\"inLanguage\":\"en-GB\",\"@id\":\"https:\\\/\\\/www.bmut.de\\\/product\\\/1x-rueckhalteventil-mit-pfeil-ersatzteil-osmoseanlage-fuer-hohe-wasserhaerte\\\/#primaryimage\",\"url\":\"https:\\\/\\\/www.bmut.de\\\/wp-content\\\/uploads\\\/2025\\\/09\\\/valve.jpg\",\"contentUrl\":\"https:\\\/\\\/www.bmut.de\\\/wp-content\\\/uploads\\\/2025\\\/09\\\/valve.jpg\",\"width\":600,\"height\":600},{\"@type\":\"BreadcrumbList\",\"@id\":\"https:\\\/\\\/www.bmut.de\\\/product\\\/1x-rueckhalteventil-mit-pfeil-ersatzteil-osmoseanlage-fuer-hohe-wasserhaerte\\\/#breadcrumb\",\"itemListElement\":[{\"@type\":\"ListItem\",\"position\":1,\"name\":\"Startseite\",\"item\":\"https:\\\/\\\/www.bmut.de\\\/\"},{\"@type\":\"ListItem\",\"position\":2,\"name\":\"Shop\",\"item\":\"https:\\\/\\\/www.bmut.de\\\/shop\\\/\"},{\"@type\":\"ListItem\",\"position\":3,\"name\":\"1x R\u00fcckhalteventil mit Pfeil (Ersatzteil Osmoseanlage) f\u00fcr hohe Wasserh\u00e4rte\"}]},{\"@type\":\"WebSite\",\"@id\":\"https:\\\/\\\/www.bmut.de\\\/#website\",\"url\":\"https:\\\/\\\/www.bmut.de\\\/\",\"name\":\"BMUT\u00ae\",\"description\":\"\",\"potentialAction\":[{\"@type\":\"SearchAction\",\"target\":{\"@type\":\"EntryPoint\",\"urlTemplate\":\"https:\\\/\\\/www.bmut.de\\\/?s={search_term_string}\"},\"query-input\":{\"@type\":\"PropertyValueSpecification\",\"valueRequired\":true,\"valueName\":\"search_term_string\"}}],\"inLanguage\":\"en-GB\"}]}<\/script>\n<!-- \/ Yoast SEO plugin. -->","yoast_head_json":{"title":"1x R\u00fcckhalteventil mit Pfeil (Ersatzteil Osmoseanlage) f\u00fcr hohe Wasserh\u00e4rte - BMUT\u00ae","robots":{"index":"index","follow":"follow","max-snippet":"max-snippet:-1","max-image-preview":"max-image-preview:large","max-video-preview":"max-video-preview:-1"},"canonical":"https:\/\/www.bmut.de\/en\/product\/1x-rueckhalteventil-mit-pfeil-ersatzteil-osmoseanlage-fuer-hohe-wasserhaerte\/","og_locale":"en_GB","og_type":"article","og_title":"1x R\u00fcckhalteventil mit Pfeil (Ersatzteil Osmoseanlage) f\u00fcr hohe Wasserh\u00e4rte - BMUT\u00ae","og_description":"ERSATZTEIL R\u00fcckhalteventil bei sehr hohen Wasserh\u00e4rten  TAUSCH Empfohlen alle 6-12 Monate  SOFORT EINSETZBAR  SCHNELLER VERSAND","og_url":"https:\/\/www.bmut.de\/en\/product\/1x-rueckhalteventil-mit-pfeil-ersatzteil-osmoseanlage-fuer-hohe-wasserhaerte\/","og_site_name":"BMUT\u00ae","article_modified_time":"2026-01-23T17:27:41+00:00","og_image":[{"width":600,"height":600,"url":"https:\/\/www.bmut.de\/wp-content\/uploads\/2025\/09\/valve.jpg","type":"image\/jpeg"}],"twitter_card":"summary_large_image","twitter_misc":{"Estimated reading time":"1 minute"},"schema":{"@context":"https:\/\/schema.org","@graph":[{"@type":"WebPage","@id":"https:\/\/www.bmut.de\/product\/1x-rueckhalteventil-mit-pfeil-ersatzteil-osmoseanlage-fuer-hohe-wasserhaerte\/","url":"https:\/\/www.bmut.de\/product\/1x-rueckhalteventil-mit-pfeil-ersatzteil-osmoseanlage-fuer-hohe-wasserhaerte\/","name":"1x R\u00fcckhalteventil mit Pfeil (Ersatzteil Osmoseanlage) f\u00fcr hohe Wasserh\u00e4rte - BMUT\u00ae","isPartOf":{"@id":"https:\/\/www.bmut.de\/#website"},"primaryImageOfPage":{"@id":"https:\/\/www.bmut.de\/product\/1x-rueckhalteventil-mit-pfeil-ersatzteil-osmoseanlage-fuer-hohe-wasserhaerte\/#primaryimage"},"image":{"@id":"https:\/\/www.bmut.de\/product\/1x-rueckhalteventil-mit-pfeil-ersatzteil-osmoseanlage-fuer-hohe-wasserhaerte\/#primaryimage"},"thumbnailUrl":"https:\/\/www.bmut.de\/wp-content\/uploads\/2025\/09\/valve.jpg","datePublished":"2025-09-12T15:13:23+00:00","dateModified":"2026-01-23T17:27:41+00:00","breadcrumb":{"@id":"https:\/\/www.bmut.de\/product\/1x-rueckhalteventil-mit-pfeil-ersatzteil-osmoseanlage-fuer-hohe-wasserhaerte\/#breadcrumb"},"inLanguage":"en-GB","potentialAction":[{"@type":"ReadAction","target":["https:\/\/www.bmut.de\/product\/1x-rueckhalteventil-mit-pfeil-ersatzteil-osmoseanlage-fuer-hohe-wasserhaerte\/"]}]},{"@type":"ImageObject","inLanguage":"en-GB","@id":"https:\/\/www.bmut.de\/product\/1x-rueckhalteventil-mit-pfeil-ersatzteil-osmoseanlage-fuer-hohe-wasserhaerte\/#primaryimage","url":"https:\/\/www.bmut.de\/wp-content\/uploads\/2025\/09\/valve.jpg","contentUrl":"https:\/\/www.bmut.de\/wp-content\/uploads\/2025\/09\/valve.jpg","width":600,"height":600},{"@type":"BreadcrumbList","@id":"https:\/\/www.bmut.de\/product\/1x-rueckhalteventil-mit-pfeil-ersatzteil-osmoseanlage-fuer-hohe-wasserhaerte\/#breadcrumb","itemListElement":[{"@type":"ListItem","position":1,"name":"Startseite","item":"https:\/\/www.bmut.de\/"},{"@type":"ListItem","position":2,"name":"Shop","item":"https:\/\/www.bmut.de\/shop\/"},{"@type":"ListItem","position":3,"name":"1x R\u00fcckhalteventil mit Pfeil (Ersatzteil Osmoseanlage) f\u00fcr hohe Wasserh\u00e4rte"}]},{"@type":"WebSite","@id":"https:\/\/www.bmut.de\/#website","url":"https:\/\/www.bmut.de\/","name":"BMUT\u00ae","description":"","potentialAction":[{"@type":"SearchAction","target":{"@type":"EntryPoint","urlTemplate":"https:\/\/www.bmut.de\/?s={search_term_string}"},"query-input":{"@type":"PropertyValueSpecification","valueRequired":true,"valueName":"search_term_string"}}],"inLanguage":"en-GB"}]}},"jetpack_sharing_enabled":true,"_links":{"self":[{"href":"https:\/\/www.bmut.de\/en\/wp-json\/wp\/v2\/product\/14687","targetHints":{"allow":["GET"]}}],"collection":[{"href":"https:\/\/www.bmut.de\/en\/wp-json\/wp\/v2\/product"}],"about":[{"href":"https:\/\/www.bmut.de\/en\/wp-json\/wp\/v2\/types\/product"}],"replies":[{"embeddable":true,"href":"https:\/\/www.bmut.de\/en\/wp-json\/wp\/v2\/comments?post=14687"}],"wp:featuredmedia":[{"embeddable":true,"href":"https:\/\/www.bmut.de\/en\/wp-json\/wp\/v2\/media\/15299"}],"wp:attachment":[{"href":"https:\/\/www.bmut.de\/en\/wp-json\/wp\/v2\/media?parent=14687"}],"wp:term":[{"taxonomy":"product_brand","embeddable":true,"href":"https:\/\/www.bmut.de\/en\/wp-json\/wp\/v2\/product_brand?post=14687"},{"taxonomy":"product_cat","embeddable":true,"href":"https:\/\/www.bmut.de\/en\/wp-json\/wp\/v2\/product_cat?post=14687"},{"taxonomy":"product_tag","embeddable":true,"href":"https:\/\/www.bmut.de\/en\/wp-json\/wp\/v2\/product_tag?post=14687"}],"curies":[{"name":"wp","href":"https:\/\/api.w.org\/{rel}","templated":true}]}}