{"id":208,"date":"2021-09-08T09:04:04","date_gmt":"2021-09-08T07:04:04","guid":{"rendered":"https:\/\/www.bmut.de\/?post_type=product&#038;p=208"},"modified":"2024-03-23T15:45:48","modified_gmt":"2024-03-23T14:45:48","slug":"chlordioxid-test","status":"publish","type":"product","link":"https:\/\/www.bmut.de\/en\/product\/chlorine-dioxide-test\/","title":{"rendered":"100x Teststreifen Chlordioxid Test L\u00f6sung (CDL\/CDS) Schnelltest Wasser 0-500 ppm"},"content":{"rendered":"<p><strong>Warum ist das Produkt sinnvoll?<br \/>\n<\/strong>Messen Sie den Gehalt an Chlordioxid in w\u00e4ssriger L\u00f6sung. Dadurch l\u00e4sst sich beispielsweise das Trinkwasser \u00fcberpr\u00fcfen. Dadurch erhalten Sie Sicherheit.<\/p>\n<p><strong>Product description:<\/strong><strong><br \/>\n<\/strong>Das Produkt besteht aus einer Kunststoffdose mit 100 Teststreifen zum Bestimmen des Chlordioxid Gehalts im Wasser. Auf dem Etikett der Verpackung ist die Anleitung zum Vorgehen in deutscher Sprache aufgedruckt. Das Ergebnis l\u00e4sst sich ebenfalls direkt vom Etikett ablesen.\u00a0Das Produkt sollte nur zur Orientierung verwendet werden<\/p>\n<p><strong>Messrange 0 &#8211; 500 ppm\u00a0<\/strong><\/p>\n<p>Die Messrange betr\u00e4gt 0-500 ppm. 500 ppm sind 0,05% Chlordioxid.\u00a0Sollte sich der Teststreifen braun\/schwarz f\u00e4rben liegt der gemessene Wert h\u00f6her als 500 ppm.<\/p>\n<p><strong>Messrange gr\u00f6\u00dfer als 500 ppm\u00a0<\/strong><\/p>\n<p>Wenn Sie beispielsweise eine 0,3%ige L\u00f6sung testen m\u00f6chten, dann wird folgendes Vorgehen, das durch Verd\u00fcnnen gekennzeichnet ist, empfohlen:<\/p>\n<p>(Der Vorschlag ist optimiert in Anlehnung der Farbskalen auf der Verpackung des Tests)<\/p>\n<p>99 ml Leitungswasser mit 1ml (ca. 20 Tropfen) Chlordioxid (0,3%) in einem separaten Beh\u00e4lter mischen. Es entsteht eine 100ml L\u00f6sung. Das Testst\u00e4bchen, wie in Anleitung angegeben, verwenden. Wenn Sie einen Wert von ca 25-30 ppm messen (hell gr\u00fcnliche Farbe), dann hat die urspr\u00fcngliche Testl\u00f6sung einen Chlordioxid Gehalt von circa 0,3%.<\/p>\n<p>Sollte das St\u00e4bchen gelblich sein, dann liegt der Wert dadrunter. Sollte das St\u00e4bchen eher dunkel gr\u00fcnlich oder gar bl\u00e4ulich sein, dann liegt der Wert dadr\u00fcber.<\/p>","protected":false},"excerpt":{"rendered":"<ul>\n<li>Reliable<\/li>\n<li>Long durability<\/li>\n<li>Shipping within 24 hours<\/li>\n<li>Discreet packaging<\/li>\n<\/ul>","protected":false},"featured_media":194,"comment_status":"open","ping_status":"closed","template":"","meta":[],"product_brand":[],"product_cat":[17],"product_tag":[51,50],"class_list":{"0":"post-208","1":"product","2":"type-product","3":"status-publish","4":"has-post-thumbnail","6":"product_cat-wassertests","7":"product_tag-0-500-ppm","8":"product_tag-chlordioxid-teststreifen","9":"product_shipping_class-kostenlos","11":"first","12":"instock","13":"taxable","14":"shipping-taxable","15":"purchasable","16":"product-type-simple","17":"czr-hentry"},"yoast_head":"<!-- This site is optimized with the Yoast SEO plugin v27.4 - https:\/\/yoast.com\/product\/yoast-seo-wordpress\/ -->\n<title>100x Teststreifen Chlordioxid Test L\u00f6sung (CDL\/CDS) Schnelltest Wasser 0-500 ppm - BMUT\u00ae<\/title>\n<meta name=\"description\" content=\"Testen Sie die Qualit\u00e4t Ihrer Chlordioxid-L\u00f6sung 0-500 ppm. Das CDL\/CDS mit diesen Teststreifen zuverl\u00e4ssig auf 0,3% 3000 ppm testen.\" \/>\n<meta name=\"robots\" content=\"index, follow, max-snippet:-1, max-image-preview:large, max-video-preview:-1\" \/>\n<link rel=\"canonical\" href=\"https:\/\/www.bmut.de\/en\/product\/chlordioxid-test\/\" \/>\n<meta property=\"og:locale\" content=\"en_GB\" \/>\n<meta property=\"og:type\" content=\"article\" \/>\n<meta property=\"og:title\" content=\"100x Teststreifen Chlordioxid Test L\u00f6sung (CDL\/CDS) Schnelltest Wasser 0-500 ppm - BMUT\u00ae\" \/>\n<meta property=\"og:description\" content=\"Testen Sie die Qualit\u00e4t Ihrer Chlordioxid-L\u00f6sung 0-500 ppm. Das CDL\/CDS mit diesen Teststreifen zuverl\u00e4ssig auf 0,3% 3000 ppm testen.\" \/>\n<meta property=\"og:url\" content=\"https:\/\/www.bmut.de\/en\/product\/chlordioxid-test\/\" \/>\n<meta property=\"og:site_name\" content=\"BMUT\u00ae\" \/>\n<meta property=\"article:modified_time\" content=\"2024-03-23T14:45:48+00:00\" \/>\n<meta property=\"og:image\" content=\"https:\/\/www.bmut.de\/wp-content\/uploads\/2021\/09\/Chlordioxid_Teststreifen_ppm.jpg\" \/>\n\t<meta property=\"og:image:width\" content=\"1340\" \/>\n\t<meta property=\"og:image:height\" content=\"1340\" \/>\n\t<meta property=\"og:image:type\" content=\"image\/jpeg\" \/>\n<meta name=\"twitter:card\" content=\"summary_large_image\" \/>\n<meta name=\"twitter:label1\" content=\"Estimated reading time\" \/>\n\t<meta name=\"twitter:data1\" content=\"1 minute\" \/>\n<script type=\"application\/ld+json\" class=\"yoast-schema-graph\">{\"@context\":\"https:\\\/\\\/schema.org\",\"@graph\":[{\"@type\":\"WebPage\",\"@id\":\"https:\\\/\\\/www.bmut.de\\\/product\\\/chlordioxid-test\\\/\",\"url\":\"https:\\\/\\\/www.bmut.de\\\/product\\\/chlordioxid-test\\\/\",\"name\":\"100x Teststreifen Chlordioxid Test L\u00f6sung (CDL\\\/CDS) Schnelltest Wasser 0-500 ppm - BMUT\u00ae\",\"isPartOf\":{\"@id\":\"https:\\\/\\\/www.bmut.de\\\/#website\"},\"primaryImageOfPage\":{\"@id\":\"https:\\\/\\\/www.bmut.de\\\/product\\\/chlordioxid-test\\\/#primaryimage\"},\"image\":{\"@id\":\"https:\\\/\\\/www.bmut.de\\\/product\\\/chlordioxid-test\\\/#primaryimage\"},\"thumbnailUrl\":\"https:\\\/\\\/www.bmut.de\\\/wp-content\\\/uploads\\\/2021\\\/09\\\/Chlordioxid_Teststreifen_ppm.jpg\",\"datePublished\":\"2021-09-08T07:04:04+00:00\",\"dateModified\":\"2024-03-23T14:45:48+00:00\",\"description\":\"Testen Sie die Qualit\u00e4t Ihrer Chlordioxid-L\u00f6sung 0-500 ppm. Das CDL\\\/CDS mit diesen Teststreifen zuverl\u00e4ssig auf 0,3% 3000 ppm testen.\",\"breadcrumb\":{\"@id\":\"https:\\\/\\\/www.bmut.de\\\/product\\\/chlordioxid-test\\\/#breadcrumb\"},\"inLanguage\":\"en-GB\",\"potentialAction\":[{\"@type\":\"ReadAction\",\"target\":[\"https:\\\/\\\/www.bmut.de\\\/product\\\/chlordioxid-test\\\/\"]}]},{\"@type\":\"ImageObject\",\"inLanguage\":\"en-GB\",\"@id\":\"https:\\\/\\\/www.bmut.de\\\/product\\\/chlordioxid-test\\\/#primaryimage\",\"url\":\"https:\\\/\\\/www.bmut.de\\\/wp-content\\\/uploads\\\/2021\\\/09\\\/Chlordioxid_Teststreifen_ppm.jpg\",\"contentUrl\":\"https:\\\/\\\/www.bmut.de\\\/wp-content\\\/uploads\\\/2021\\\/09\\\/Chlordioxid_Teststreifen_ppm.jpg\",\"width\":1340,\"height\":1340},{\"@type\":\"BreadcrumbList\",\"@id\":\"https:\\\/\\\/www.bmut.de\\\/product\\\/chlordioxid-test\\\/#breadcrumb\",\"itemListElement\":[{\"@type\":\"ListItem\",\"position\":1,\"name\":\"Startseite\",\"item\":\"https:\\\/\\\/www.bmut.de\\\/\"},{\"@type\":\"ListItem\",\"position\":2,\"name\":\"Shop\",\"item\":\"https:\\\/\\\/www.bmut.de\\\/shop\\\/\"},{\"@type\":\"ListItem\",\"position\":3,\"name\":\"100x Teststreifen Chlordioxid Test L\u00f6sung (CDL\\\/CDS) Schnelltest Wasser 0-500 ppm\"}]},{\"@type\":\"WebSite\",\"@id\":\"https:\\\/\\\/www.bmut.de\\\/#website\",\"url\":\"https:\\\/\\\/www.bmut.de\\\/\",\"name\":\"BMUT\u00ae\",\"description\":\"\",\"potentialAction\":[{\"@type\":\"SearchAction\",\"target\":{\"@type\":\"EntryPoint\",\"urlTemplate\":\"https:\\\/\\\/www.bmut.de\\\/?s={search_term_string}\"},\"query-input\":{\"@type\":\"PropertyValueSpecification\",\"valueRequired\":true,\"valueName\":\"search_term_string\"}}],\"inLanguage\":\"en-GB\"}]}<\/script>\n<!-- \/ Yoast SEO plugin. -->","yoast_head_json":{"title":"100x Teststreifen Chlordioxid Test L\u00f6sung (CDL\/CDS) Schnelltest Wasser 0-500 ppm - BMUT\u00ae","description":"Testen Sie die Qualit\u00e4t Ihrer Chlordioxid-L\u00f6sung 0-500 ppm. Das CDL\/CDS mit diesen Teststreifen zuverl\u00e4ssig auf 0,3% 3000 ppm testen.","robots":{"index":"index","follow":"follow","max-snippet":"max-snippet:-1","max-image-preview":"max-image-preview:large","max-video-preview":"max-video-preview:-1"},"canonical":"https:\/\/www.bmut.de\/en\/product\/chlordioxid-test\/","og_locale":"en_GB","og_type":"article","og_title":"100x Teststreifen Chlordioxid Test L\u00f6sung (CDL\/CDS) Schnelltest Wasser 0-500 ppm - BMUT\u00ae","og_description":"Testen Sie die Qualit\u00e4t Ihrer Chlordioxid-L\u00f6sung 0-500 ppm. Das CDL\/CDS mit diesen Teststreifen zuverl\u00e4ssig auf 0,3% 3000 ppm testen.","og_url":"https:\/\/www.bmut.de\/en\/product\/chlordioxid-test\/","og_site_name":"BMUT\u00ae","article_modified_time":"2024-03-23T14:45:48+00:00","og_image":[{"width":1340,"height":1340,"url":"https:\/\/www.bmut.de\/wp-content\/uploads\/2021\/09\/Chlordioxid_Teststreifen_ppm.jpg","type":"image\/jpeg"}],"twitter_card":"summary_large_image","twitter_misc":{"Estimated reading time":"1 minute"},"schema":{"@context":"https:\/\/schema.org","@graph":[{"@type":"WebPage","@id":"https:\/\/www.bmut.de\/product\/chlordioxid-test\/","url":"https:\/\/www.bmut.de\/product\/chlordioxid-test\/","name":"100x Teststreifen Chlordioxid Test L\u00f6sung (CDL\/CDS) Schnelltest Wasser 0-500 ppm - BMUT\u00ae","isPartOf":{"@id":"https:\/\/www.bmut.de\/#website"},"primaryImageOfPage":{"@id":"https:\/\/www.bmut.de\/product\/chlordioxid-test\/#primaryimage"},"image":{"@id":"https:\/\/www.bmut.de\/product\/chlordioxid-test\/#primaryimage"},"thumbnailUrl":"https:\/\/www.bmut.de\/wp-content\/uploads\/2021\/09\/Chlordioxid_Teststreifen_ppm.jpg","datePublished":"2021-09-08T07:04:04+00:00","dateModified":"2024-03-23T14:45:48+00:00","description":"Testen Sie die Qualit\u00e4t Ihrer Chlordioxid-L\u00f6sung 0-500 ppm. Das CDL\/CDS mit diesen Teststreifen zuverl\u00e4ssig auf 0,3% 3000 ppm testen.","breadcrumb":{"@id":"https:\/\/www.bmut.de\/product\/chlordioxid-test\/#breadcrumb"},"inLanguage":"en-GB","potentialAction":[{"@type":"ReadAction","target":["https:\/\/www.bmut.de\/product\/chlordioxid-test\/"]}]},{"@type":"ImageObject","inLanguage":"en-GB","@id":"https:\/\/www.bmut.de\/product\/chlordioxid-test\/#primaryimage","url":"https:\/\/www.bmut.de\/wp-content\/uploads\/2021\/09\/Chlordioxid_Teststreifen_ppm.jpg","contentUrl":"https:\/\/www.bmut.de\/wp-content\/uploads\/2021\/09\/Chlordioxid_Teststreifen_ppm.jpg","width":1340,"height":1340},{"@type":"BreadcrumbList","@id":"https:\/\/www.bmut.de\/product\/chlordioxid-test\/#breadcrumb","itemListElement":[{"@type":"ListItem","position":1,"name":"Startseite","item":"https:\/\/www.bmut.de\/"},{"@type":"ListItem","position":2,"name":"Shop","item":"https:\/\/www.bmut.de\/shop\/"},{"@type":"ListItem","position":3,"name":"100x Teststreifen Chlordioxid Test L\u00f6sung (CDL\/CDS) Schnelltest Wasser 0-500 ppm"}]},{"@type":"WebSite","@id":"https:\/\/www.bmut.de\/#website","url":"https:\/\/www.bmut.de\/","name":"BMUT\u00ae","description":"","potentialAction":[{"@type":"SearchAction","target":{"@type":"EntryPoint","urlTemplate":"https:\/\/www.bmut.de\/?s={search_term_string}"},"query-input":{"@type":"PropertyValueSpecification","valueRequired":true,"valueName":"search_term_string"}}],"inLanguage":"en-GB"}]}},"jetpack_sharing_enabled":true,"_links":{"self":[{"href":"https:\/\/www.bmut.de\/en\/wp-json\/wp\/v2\/product\/208","targetHints":{"allow":["GET"]}}],"collection":[{"href":"https:\/\/www.bmut.de\/en\/wp-json\/wp\/v2\/product"}],"about":[{"href":"https:\/\/www.bmut.de\/en\/wp-json\/wp\/v2\/types\/product"}],"replies":[{"embeddable":true,"href":"https:\/\/www.bmut.de\/en\/wp-json\/wp\/v2\/comments?post=208"}],"wp:featuredmedia":[{"embeddable":true,"href":"https:\/\/www.bmut.de\/en\/wp-json\/wp\/v2\/media\/194"}],"wp:attachment":[{"href":"https:\/\/www.bmut.de\/en\/wp-json\/wp\/v2\/media?parent=208"}],"wp:term":[{"taxonomy":"product_brand","embeddable":true,"href":"https:\/\/www.bmut.de\/en\/wp-json\/wp\/v2\/product_brand?post=208"},{"taxonomy":"product_cat","embeddable":true,"href":"https:\/\/www.bmut.de\/en\/wp-json\/wp\/v2\/product_cat?post=208"},{"taxonomy":"product_tag","embeddable":true,"href":"https:\/\/www.bmut.de\/en\/wp-json\/wp\/v2\/product_tag?post=208"}],"curies":[{"name":"wp","href":"https:\/\/api.w.org\/{rel}","templated":true}]}}