{"id":224,"date":"2021-09-12T12:06:52","date_gmt":"2021-09-12T10:06:52","guid":{"rendered":"https:\/\/www.bmut.de\/?post_type=product&#038;p=224"},"modified":"2026-05-08T06:19:29","modified_gmt":"2026-05-08T04:19:29","slug":"100-teststreifen-diabetes-ketose-urintest-fuer-harnzucker-glukose-erkennung-ph","status":"publish","type":"product","link":"https:\/\/www.bmut.de\/en\/product\/100-test-strips-diabetes-ketosis-urine-test-for-urine-sugar-glucose-detection-ph\/","title":{"rendered":"100 Urinanalyseteststreifen 10in1 Indikatoren Teststreifen in Ern\u00e4hrungsfragen \u2013 Ketose Urintest Glukose Erkennung pH &#8222;Gesundheitstest&#8220;"},"content":{"rendered":"<p><strong>Purpose:<\/strong><\/p>\n<p>Urinanalyseteststreifen zum Testen von Urin in Ern\u00e4hrungsfragen. Exzellente Qualit\u00e4t &#8211; hohe Sensitivit\u00e4t &#8211; hohe Genauigkeit &#8211; f\u00fcr komplexe Analysen geeignet.<\/p>\n<p><strong>Instructions:<\/strong><\/p>\n<p>1. Is dip the strip for 2 seconds in the urine and remove immediately.<\/p>\n<p>2. Remove any excess urine on the edge of the strip and hold for 30 seconds horizontally.<\/p>\n<p>3. Compare the strip color with the color chart on the bottle label. Be sure to read the right parameters at the right time.<\/p>\n<p>&nbsp;<\/p>\n<p><strong>Measurements:<\/strong><\/p>\n<ol>\n<li>Leukocytes<\/li>\n<li>Nitrites<\/li>\n<li>Urobilinogen<\/li>\n<li>Protein<\/li>\n<li>pH<\/li>\n<li>Blood<\/li>\n<li>Specific Gravity<\/li>\n<li>Ketones<\/li>\n<li>Bilirubin<\/li>\n<li>Glucose<\/li>\n<\/ol>\n<p>100x Gesundheitstest 10in1 Urin Teststreifen f\u00fcr 10 Indikatoren. Urinanalyseteststreifen zum Testen von Urin in Ern\u00e4hrungsfragen. Exzellente Qualit\u00e4t &#8211; hohe Sensitivit\u00e4t &#8211; hohe Genauigkeit &#8211; f\u00fcr komplexe Analysen geeignet.Dieser Test ist kein Ersatz f\u00fcr einen Arztbesuch. Dieses Produkt eignet sich nicht zur Diagnose von Krankheiten, inbegriffen der Bestimmung des Gesundheitszustandes, der Linderung, Heilung, Behandlung oder Vorbeugung von Krankheiten oder den daraus resultierenden Zust\u00e4nden. Nur zur Anwendung in Ern\u00e4hrungsfragen.<\/p>\n<p>&nbsp;<\/p>","protected":false},"excerpt":{"rendered":"<ul>\n<li>Reliable<\/li>\n<li>Long durability<\/li>\n<li>Shipping within 24 hours<\/li>\n<li>Discreet packaging<\/li>\n<\/ul>","protected":false},"featured_media":10079,"comment_status":"open","ping_status":"closed","template":"","meta":[],"product_brand":[],"product_cat":[18],"product_tag":[133,132,134],"class_list":{"0":"post-224","1":"product","2":"type-product","3":"status-publish","4":"has-post-thumbnail","6":"product_cat-urintests","7":"product_tag-10in1","8":"product_tag-gesundheitstest","9":"product_tag-ketone-teststreifen","10":"product_shipping_class-kostenlos","12":"first","13":"instock","14":"taxable","15":"shipping-taxable","16":"purchasable","17":"product-type-simple","18":"czr-hentry"},"yoast_head":"<!-- This site is optimized with the Yoast SEO plugin v27.6 - https:\/\/yoast.com\/product\/yoast-seo-wordpress\/ -->\n<title>100 Urinanalyseteststreifen 10in1 Indikatoren Teststreifen in Ern\u00e4hrungsfragen \u2013 Ketose Urintest Glukose Erkennung pH &quot;Gesundheitstest&quot; - BMUT\u00ae<\/title>\n<meta name=\"description\" content=\"Urinteststreifen &amp; Urinanalyse mit 10 Indikatoren, wie spezifisches Gewicht im Urin, Bilirubin, Keton, Protein, Urobilinogen, Nitrit, Leukoz.\" \/>\n<meta name=\"robots\" content=\"index, follow, max-snippet:-1, max-image-preview:large, max-video-preview:-1\" \/>\n<link rel=\"canonical\" href=\"https:\/\/www.bmut.de\/en\/product\/100-teststreifen-diabetes-ketose-urintest-fuer-harnzucker-glukose-erkennung-ph\/\" \/>\n<meta property=\"og:locale\" content=\"en_GB\" \/>\n<meta property=\"og:type\" content=\"article\" \/>\n<meta property=\"og:title\" content=\"100 Urinanalyseteststreifen 10in1 Indikatoren Teststreifen in Ern\u00e4hrungsfragen \u2013 Ketose Urintest Glukose Erkennung pH &quot;Gesundheitstest&quot; - BMUT\u00ae\" \/>\n<meta property=\"og:description\" content=\"Urinteststreifen &amp; Urinanalyse mit 10 Indikatoren, wie spezifisches Gewicht im Urin, Bilirubin, Keton, Protein, Urobilinogen, Nitrit, Leukoz.\" \/>\n<meta property=\"og:url\" content=\"https:\/\/www.bmut.de\/en\/product\/100-teststreifen-diabetes-ketose-urintest-fuer-harnzucker-glukose-erkennung-ph\/\" \/>\n<meta property=\"og:site_name\" content=\"BMUT\u00ae\" \/>\n<meta property=\"article:modified_time\" content=\"2026-05-08T04:19:29+00:00\" \/>\n<meta property=\"og:image\" content=\"https:\/\/www.bmut.de\/wp-content\/uploads\/2021\/09\/10in1_alle3_Gesundheitstest_klein.jpg\" \/>\n\t<meta property=\"og:image:width\" content=\"800\" \/>\n\t<meta property=\"og:image:height\" content=\"800\" \/>\n\t<meta property=\"og:image:type\" content=\"image\/jpeg\" \/>\n<meta name=\"twitter:card\" content=\"summary_large_image\" \/>\n<meta name=\"twitter:label1\" content=\"Estimated reading time\" \/>\n\t<meta name=\"twitter:data1\" content=\"1 minute\" \/>\n<script type=\"application\/ld+json\" class=\"yoast-schema-graph\">{\"@context\":\"https:\\\/\\\/schema.org\",\"@graph\":[{\"@type\":\"WebPage\",\"@id\":\"https:\\\/\\\/www.bmut.de\\\/product\\\/100-teststreifen-diabetes-ketose-urintest-fuer-harnzucker-glukose-erkennung-ph\\\/\",\"url\":\"https:\\\/\\\/www.bmut.de\\\/product\\\/100-teststreifen-diabetes-ketose-urintest-fuer-harnzucker-glukose-erkennung-ph\\\/\",\"name\":\"100 Urinanalyseteststreifen 10in1 Indikatoren Teststreifen in Ern\u00e4hrungsfragen \u2013 Ketose Urintest Glukose Erkennung pH \\\"Gesundheitstest\\\" - BMUT\u00ae\",\"isPartOf\":{\"@id\":\"https:\\\/\\\/www.bmut.de\\\/#website\"},\"primaryImageOfPage\":{\"@id\":\"https:\\\/\\\/www.bmut.de\\\/product\\\/100-teststreifen-diabetes-ketose-urintest-fuer-harnzucker-glukose-erkennung-ph\\\/#primaryimage\"},\"image\":{\"@id\":\"https:\\\/\\\/www.bmut.de\\\/product\\\/100-teststreifen-diabetes-ketose-urintest-fuer-harnzucker-glukose-erkennung-ph\\\/#primaryimage\"},\"thumbnailUrl\":\"https:\\\/\\\/www.bmut.de\\\/wp-content\\\/uploads\\\/2021\\\/09\\\/10in1_alle3_Gesundheitstest_klein.jpg\",\"datePublished\":\"2021-09-12T10:06:52+00:00\",\"dateModified\":\"2026-05-08T04:19:29+00:00\",\"description\":\"Urinteststreifen & Urinanalyse mit 10 Indikatoren, wie spezifisches Gewicht im Urin, Bilirubin, Keton, Protein, Urobilinogen, Nitrit, Leukoz.\",\"breadcrumb\":{\"@id\":\"https:\\\/\\\/www.bmut.de\\\/product\\\/100-teststreifen-diabetes-ketose-urintest-fuer-harnzucker-glukose-erkennung-ph\\\/#breadcrumb\"},\"inLanguage\":\"en-GB\",\"potentialAction\":[{\"@type\":\"ReadAction\",\"target\":[\"https:\\\/\\\/www.bmut.de\\\/product\\\/100-teststreifen-diabetes-ketose-urintest-fuer-harnzucker-glukose-erkennung-ph\\\/\"]}]},{\"@type\":\"ImageObject\",\"inLanguage\":\"en-GB\",\"@id\":\"https:\\\/\\\/www.bmut.de\\\/product\\\/100-teststreifen-diabetes-ketose-urintest-fuer-harnzucker-glukose-erkennung-ph\\\/#primaryimage\",\"url\":\"https:\\\/\\\/www.bmut.de\\\/wp-content\\\/uploads\\\/2021\\\/09\\\/10in1_alle3_Gesundheitstest_klein.jpg\",\"contentUrl\":\"https:\\\/\\\/www.bmut.de\\\/wp-content\\\/uploads\\\/2021\\\/09\\\/10in1_alle3_Gesundheitstest_klein.jpg\",\"width\":800,\"height\":800},{\"@type\":\"BreadcrumbList\",\"@id\":\"https:\\\/\\\/www.bmut.de\\\/product\\\/100-teststreifen-diabetes-ketose-urintest-fuer-harnzucker-glukose-erkennung-ph\\\/#breadcrumb\",\"itemListElement\":[{\"@type\":\"ListItem\",\"position\":1,\"name\":\"Startseite\",\"item\":\"https:\\\/\\\/www.bmut.de\\\/\"},{\"@type\":\"ListItem\",\"position\":2,\"name\":\"Shop\",\"item\":\"https:\\\/\\\/www.bmut.de\\\/shop\\\/\"},{\"@type\":\"ListItem\",\"position\":3,\"name\":\"100 Urinanalyseteststreifen 10in1 Indikatoren Teststreifen in Ern\u00e4hrungsfragen \u2013 Ketose Urintest Glukose Erkennung pH &#8222;Gesundheitstest&#8220;\"}]},{\"@type\":\"WebSite\",\"@id\":\"https:\\\/\\\/www.bmut.de\\\/#website\",\"url\":\"https:\\\/\\\/www.bmut.de\\\/\",\"name\":\"BMUT\u00ae\",\"description\":\"\",\"potentialAction\":[{\"@type\":\"SearchAction\",\"target\":{\"@type\":\"EntryPoint\",\"urlTemplate\":\"https:\\\/\\\/www.bmut.de\\\/?s={search_term_string}\"},\"query-input\":{\"@type\":\"PropertyValueSpecification\",\"valueRequired\":true,\"valueName\":\"search_term_string\"}}],\"inLanguage\":\"en-GB\"}]}<\/script>\n<!-- \/ Yoast SEO plugin. -->","yoast_head_json":{"title":"100 Urinanalyseteststreifen 10in1 Indikatoren Teststreifen in Ern\u00e4hrungsfragen \u2013 Ketose Urintest Glukose Erkennung pH \"Gesundheitstest\" - BMUT\u00ae","description":"Urinteststreifen & Urinanalyse mit 10 Indikatoren, wie spezifisches Gewicht im Urin, Bilirubin, Keton, Protein, Urobilinogen, Nitrit, Leukoz.","robots":{"index":"index","follow":"follow","max-snippet":"max-snippet:-1","max-image-preview":"max-image-preview:large","max-video-preview":"max-video-preview:-1"},"canonical":"https:\/\/www.bmut.de\/en\/product\/100-teststreifen-diabetes-ketose-urintest-fuer-harnzucker-glukose-erkennung-ph\/","og_locale":"en_GB","og_type":"article","og_title":"100 Urinanalyseteststreifen 10in1 Indikatoren Teststreifen in Ern\u00e4hrungsfragen \u2013 Ketose Urintest Glukose Erkennung pH \"Gesundheitstest\" - BMUT\u00ae","og_description":"Urinteststreifen & Urinanalyse mit 10 Indikatoren, wie spezifisches Gewicht im Urin, Bilirubin, Keton, Protein, Urobilinogen, Nitrit, Leukoz.","og_url":"https:\/\/www.bmut.de\/en\/product\/100-teststreifen-diabetes-ketose-urintest-fuer-harnzucker-glukose-erkennung-ph\/","og_site_name":"BMUT\u00ae","article_modified_time":"2026-05-08T04:19:29+00:00","og_image":[{"width":800,"height":800,"url":"https:\/\/www.bmut.de\/wp-content\/uploads\/2021\/09\/10in1_alle3_Gesundheitstest_klein.jpg","type":"image\/jpeg"}],"twitter_card":"summary_large_image","twitter_misc":{"Estimated reading time":"1 minute"},"schema":{"@context":"https:\/\/schema.org","@graph":[{"@type":"WebPage","@id":"https:\/\/www.bmut.de\/product\/100-teststreifen-diabetes-ketose-urintest-fuer-harnzucker-glukose-erkennung-ph\/","url":"https:\/\/www.bmut.de\/product\/100-teststreifen-diabetes-ketose-urintest-fuer-harnzucker-glukose-erkennung-ph\/","name":"100 Urinanalyseteststreifen 10in1 Indikatoren Teststreifen in Ern\u00e4hrungsfragen \u2013 Ketose Urintest Glukose Erkennung pH \"Gesundheitstest\" - BMUT\u00ae","isPartOf":{"@id":"https:\/\/www.bmut.de\/#website"},"primaryImageOfPage":{"@id":"https:\/\/www.bmut.de\/product\/100-teststreifen-diabetes-ketose-urintest-fuer-harnzucker-glukose-erkennung-ph\/#primaryimage"},"image":{"@id":"https:\/\/www.bmut.de\/product\/100-teststreifen-diabetes-ketose-urintest-fuer-harnzucker-glukose-erkennung-ph\/#primaryimage"},"thumbnailUrl":"https:\/\/www.bmut.de\/wp-content\/uploads\/2021\/09\/10in1_alle3_Gesundheitstest_klein.jpg","datePublished":"2021-09-12T10:06:52+00:00","dateModified":"2026-05-08T04:19:29+00:00","description":"Urinteststreifen & Urinanalyse mit 10 Indikatoren, wie spezifisches Gewicht im Urin, Bilirubin, Keton, Protein, Urobilinogen, Nitrit, Leukoz.","breadcrumb":{"@id":"https:\/\/www.bmut.de\/product\/100-teststreifen-diabetes-ketose-urintest-fuer-harnzucker-glukose-erkennung-ph\/#breadcrumb"},"inLanguage":"en-GB","potentialAction":[{"@type":"ReadAction","target":["https:\/\/www.bmut.de\/product\/100-teststreifen-diabetes-ketose-urintest-fuer-harnzucker-glukose-erkennung-ph\/"]}]},{"@type":"ImageObject","inLanguage":"en-GB","@id":"https:\/\/www.bmut.de\/product\/100-teststreifen-diabetes-ketose-urintest-fuer-harnzucker-glukose-erkennung-ph\/#primaryimage","url":"https:\/\/www.bmut.de\/wp-content\/uploads\/2021\/09\/10in1_alle3_Gesundheitstest_klein.jpg","contentUrl":"https:\/\/www.bmut.de\/wp-content\/uploads\/2021\/09\/10in1_alle3_Gesundheitstest_klein.jpg","width":800,"height":800},{"@type":"BreadcrumbList","@id":"https:\/\/www.bmut.de\/product\/100-teststreifen-diabetes-ketose-urintest-fuer-harnzucker-glukose-erkennung-ph\/#breadcrumb","itemListElement":[{"@type":"ListItem","position":1,"name":"Startseite","item":"https:\/\/www.bmut.de\/"},{"@type":"ListItem","position":2,"name":"Shop","item":"https:\/\/www.bmut.de\/shop\/"},{"@type":"ListItem","position":3,"name":"100 Urinanalyseteststreifen 10in1 Indikatoren Teststreifen in Ern\u00e4hrungsfragen \u2013 Ketose Urintest Glukose Erkennung pH &#8222;Gesundheitstest&#8220;"}]},{"@type":"WebSite","@id":"https:\/\/www.bmut.de\/#website","url":"https:\/\/www.bmut.de\/","name":"BMUT\u00ae","description":"","potentialAction":[{"@type":"SearchAction","target":{"@type":"EntryPoint","urlTemplate":"https:\/\/www.bmut.de\/?s={search_term_string}"},"query-input":{"@type":"PropertyValueSpecification","valueRequired":true,"valueName":"search_term_string"}}],"inLanguage":"en-GB"}]}},"jetpack_sharing_enabled":true,"_links":{"self":[{"href":"https:\/\/www.bmut.de\/en\/wp-json\/wp\/v2\/product\/224","targetHints":{"allow":["GET"]}}],"collection":[{"href":"https:\/\/www.bmut.de\/en\/wp-json\/wp\/v2\/product"}],"about":[{"href":"https:\/\/www.bmut.de\/en\/wp-json\/wp\/v2\/types\/product"}],"replies":[{"embeddable":true,"href":"https:\/\/www.bmut.de\/en\/wp-json\/wp\/v2\/comments?post=224"}],"wp:featuredmedia":[{"embeddable":true,"href":"https:\/\/www.bmut.de\/en\/wp-json\/wp\/v2\/media\/10079"}],"wp:attachment":[{"href":"https:\/\/www.bmut.de\/en\/wp-json\/wp\/v2\/media?parent=224"}],"wp:term":[{"taxonomy":"product_brand","embeddable":true,"href":"https:\/\/www.bmut.de\/en\/wp-json\/wp\/v2\/product_brand?post=224"},{"taxonomy":"product_cat","embeddable":true,"href":"https:\/\/www.bmut.de\/en\/wp-json\/wp\/v2\/product_cat?post=224"},{"taxonomy":"product_tag","embeddable":true,"href":"https:\/\/www.bmut.de\/en\/wp-json\/wp\/v2\/product_tag?post=224"}],"curies":[{"name":"wp","href":"https:\/\/api.w.org\/{rel}","templated":true}]}}