{"id":321,"date":"2021-09-14T04:30:14","date_gmt":"2021-09-14T02:30:14","guid":{"rendered":"https:\/\/www.bmut.de\/?post_type=product&#038;p=321"},"modified":"2025-02-04T16:44:57","modified_gmt":"2025-02-04T15:44:57","slug":"20x-schwangerschaftstest-hcg-test-fruehtest-baby-10-miu_ml-teststreifen-urintest","status":"publish","type":"product","link":"https:\/\/www.bmut.de\/en\/product\/20x-pregnancy-test-hcg-test-early-test-baby-10-miu_ml-test-strips-urine-test\/","title":{"rendered":"Schwangerschaftstest 10 miu\/ml Ultrafr\u00fch BMUT hCG-Test Fr\u00fchtest Baby Teststreifen Urintest"},"content":{"rendered":"<h4><strong>Schwangerschaftstest mit h\u00f6chster Qualit\u00e4t und CE-Zertifikat zur Eigenanwendung<\/strong><\/h4>\n<h4><strong>Purpose \/ Description:<\/strong><\/h4>\n<h4>You can use this test to check if you are pregnant. From the eighth day after sexual intercourse, the HCG can be detected in the urine. Due to the high sensitivity of the test, sometimes even earlier.<\/h4>\n<h4>This pregnancy test shows the level of hCG (human chorionic gonadotropin) in the urine sample. This is a hormone released during pregnancy. The hormone can already be detected after conception.<\/h4>\n<h4><strong>Instructions:<\/strong><\/h4>\n<h4>1. Remove the test from the sealed pouch.<\/h4>\n<h4>2. Hold the test strip with the arrow pointing down in the urine sample to be tested for 3 seconds.<\/h4>\n<h4>3. Then place the test strip on a clean, flat surface.<\/h4>\n<h4>4. Read the result within 5 minutes.<\/h4>\n<h4><strong>Content:<\/strong><\/h4>\n<h4>Discreet packaging<\/h4>\n<h4>20 test strips<\/h4>\n<h4>Ausf\u00fchrliche Anleitung<\/h4>","protected":false},"excerpt":{"rendered":"<ul>\n<li>Zuverl\u00e4ssig &amp; Markenqualit\u00e4t<\/li>\n<li>H\u00f6chste Qualit\u00e4t CE Zertifiziert zur Eigenanwendung<\/li>\n<li>Long durability<\/li>\n<li>Shipping within 24 hours<\/li>\n<li>Diskrete Verpackung &amp; einzeln versiegelt<\/li>\n<\/ul>","protected":false},"featured_media":4708,"comment_status":"open","ping_status":"closed","template":"","meta":[],"product_brand":[],"product_cat":[33,35,18],"product_tag":[78,79,76,77],"class_list":{"0":"post-321","1":"product","2":"type-product","3":"status-publish","4":"has-post-thumbnail","6":"product_cat-tests-durine","7":"product_cat-urine-tests","8":"product_cat-urintests","9":"product_tag-10-miu-ml","10":"product_tag-hcg","11":"product_tag-schwangerschaftsfruehtest","12":"product_tag-ultrafrueher-schwangerschaftstest","13":"product_shipping_class-brief-letter","15":"first","16":"instock","17":"taxable","18":"shipping-taxable","19":"purchasable","20":"product-type-variable","21":"has-default-attributes","22":"czr-hentry"},"yoast_head":"<!-- This site is optimized with the Yoast SEO plugin v27.6 - https:\/\/yoast.com\/product\/yoast-seo-wordpress\/ -->\n<title>Schwangerschaftstest 10 miu\/ml Ultrafr\u00fch BMUT hCG-Test Fr\u00fchtest Baby Teststreifen Urintest - BMUT\u00ae<\/title>\n<meta name=\"robots\" content=\"index, follow, max-snippet:-1, max-image-preview:large, max-video-preview:-1\" \/>\n<link rel=\"canonical\" href=\"https:\/\/www.bmut.de\/en\/product\/20x-test-de-grossesse-hcg-test-early-test-baby-10-miu_ml-test-strips-urine-test\/\" \/>\n<meta property=\"og:locale\" content=\"en_GB\" \/>\n<meta property=\"og:type\" content=\"article\" \/>\n<meta property=\"og:title\" content=\"Schwangerschaftstest 10 miu\/ml Ultrafr\u00fch BMUT hCG-Test Fr\u00fchtest Baby Teststreifen Urintest - BMUT\u00ae\" \/>\n<meta property=\"og:description\" content=\"Zuverl\u00e4ssig &amp; Markenqualit\u00e4t  H\u00f6chste Qualit\u00e4t CE Zertifiziert zur Eigenanwendung  Lange Haltbarkeit  Versand innerhalb 24h  Diskrete Verpackung &amp; einzeln versiegelt\" \/>\n<meta property=\"og:url\" content=\"https:\/\/www.bmut.de\/en\/product\/20x-test-de-grossesse-hcg-test-early-test-baby-10-miu_ml-test-strips-urine-test\/\" \/>\n<meta property=\"og:site_name\" content=\"BMUT\u00ae\" \/>\n<meta property=\"article:modified_time\" content=\"2025-02-04T15:44:57+00:00\" \/>\n<meta property=\"og:image\" content=\"https:\/\/www.bmut.de\/wp-content\/uploads\/2021\/09\/pouch_alle_neu.jpg\" \/>\n\t<meta property=\"og:image:width\" content=\"800\" \/>\n\t<meta property=\"og:image:height\" content=\"800\" \/>\n\t<meta property=\"og:image:type\" content=\"image\/jpeg\" \/>\n<meta name=\"twitter:card\" content=\"summary_large_image\" \/>\n<meta name=\"twitter:label1\" content=\"Estimated reading time\" \/>\n\t<meta name=\"twitter:data1\" content=\"1 minute\" \/>\n<script type=\"application\/ld+json\" class=\"yoast-schema-graph\">{\"@context\":\"https:\\\/\\\/schema.org\",\"@graph\":[{\"@type\":\"WebPage\",\"@id\":\"https:\\\/\\\/www.bmut.de\\\/fr\\\/product\\\/20x-test-de-grossesse-hcg-test-early-test-baby-10-miu_ml-test-strips-urine-test\\\/\",\"url\":\"https:\\\/\\\/www.bmut.de\\\/fr\\\/product\\\/20x-test-de-grossesse-hcg-test-early-test-baby-10-miu_ml-test-strips-urine-test\\\/\",\"name\":\"Schwangerschaftstest 10 miu\\\/ml Ultrafr\u00fch BMUT hCG-Test Fr\u00fchtest Baby Teststreifen Urintest - BMUT\u00ae\",\"isPartOf\":{\"@id\":\"https:\\\/\\\/www.bmut.de\\\/#website\"},\"primaryImageOfPage\":{\"@id\":\"https:\\\/\\\/www.bmut.de\\\/fr\\\/product\\\/20x-test-de-grossesse-hcg-test-early-test-baby-10-miu_ml-test-strips-urine-test\\\/#primaryimage\"},\"image\":{\"@id\":\"https:\\\/\\\/www.bmut.de\\\/fr\\\/product\\\/20x-test-de-grossesse-hcg-test-early-test-baby-10-miu_ml-test-strips-urine-test\\\/#primaryimage\"},\"thumbnailUrl\":\"https:\\\/\\\/www.bmut.de\\\/wp-content\\\/uploads\\\/2021\\\/09\\\/pouch_alle_neu.jpg\",\"datePublished\":\"2021-09-14T02:30:14+00:00\",\"dateModified\":\"2025-02-04T15:44:57+00:00\",\"breadcrumb\":{\"@id\":\"https:\\\/\\\/www.bmut.de\\\/fr\\\/product\\\/20x-test-de-grossesse-hcg-test-early-test-baby-10-miu_ml-test-strips-urine-test\\\/#breadcrumb\"},\"inLanguage\":\"en-GB\",\"potentialAction\":[{\"@type\":\"ReadAction\",\"target\":[\"https:\\\/\\\/www.bmut.de\\\/fr\\\/product\\\/20x-test-de-grossesse-hcg-test-early-test-baby-10-miu_ml-test-strips-urine-test\\\/\"]}]},{\"@type\":\"ImageObject\",\"inLanguage\":\"en-GB\",\"@id\":\"https:\\\/\\\/www.bmut.de\\\/fr\\\/product\\\/20x-test-de-grossesse-hcg-test-early-test-baby-10-miu_ml-test-strips-urine-test\\\/#primaryimage\",\"url\":\"https:\\\/\\\/www.bmut.de\\\/wp-content\\\/uploads\\\/2021\\\/09\\\/pouch_alle_neu.jpg\",\"contentUrl\":\"https:\\\/\\\/www.bmut.de\\\/wp-content\\\/uploads\\\/2021\\\/09\\\/pouch_alle_neu.jpg\",\"width\":800,\"height\":800},{\"@type\":\"BreadcrumbList\",\"@id\":\"https:\\\/\\\/www.bmut.de\\\/fr\\\/product\\\/20x-test-de-grossesse-hcg-test-early-test-baby-10-miu_ml-test-strips-urine-test\\\/#breadcrumb\",\"itemListElement\":[{\"@type\":\"ListItem\",\"position\":1,\"name\":\"Startseite\",\"item\":\"https:\\\/\\\/www.bmut.de\\\/\"},{\"@type\":\"ListItem\",\"position\":2,\"name\":\"Shop\",\"item\":\"https:\\\/\\\/www.bmut.de\\\/shop\\\/\"},{\"@type\":\"ListItem\",\"position\":3,\"name\":\"Schwangerschaftstest 10 miu\\\/ml Ultrafr\u00fch BMUT hCG-Test Fr\u00fchtest Baby Teststreifen Urintest\"}]},{\"@type\":\"WebSite\",\"@id\":\"https:\\\/\\\/www.bmut.de\\\/#website\",\"url\":\"https:\\\/\\\/www.bmut.de\\\/\",\"name\":\"BMUT\u00ae\",\"description\":\"\",\"potentialAction\":[{\"@type\":\"SearchAction\",\"target\":{\"@type\":\"EntryPoint\",\"urlTemplate\":\"https:\\\/\\\/www.bmut.de\\\/?s={search_term_string}\"},\"query-input\":{\"@type\":\"PropertyValueSpecification\",\"valueRequired\":true,\"valueName\":\"search_term_string\"}}],\"inLanguage\":\"en-GB\"}]}<\/script>\n<!-- \/ Yoast SEO plugin. -->","yoast_head_json":{"title":"Schwangerschaftstest 10 miu\/ml Ultrafr\u00fch BMUT hCG-Test Fr\u00fchtest Baby Teststreifen Urintest - BMUT\u00ae","robots":{"index":"index","follow":"follow","max-snippet":"max-snippet:-1","max-image-preview":"max-image-preview:large","max-video-preview":"max-video-preview:-1"},"canonical":"https:\/\/www.bmut.de\/en\/product\/20x-test-de-grossesse-hcg-test-early-test-baby-10-miu_ml-test-strips-urine-test\/","og_locale":"en_GB","og_type":"article","og_title":"Schwangerschaftstest 10 miu\/ml Ultrafr\u00fch BMUT hCG-Test Fr\u00fchtest Baby Teststreifen Urintest - BMUT\u00ae","og_description":"Zuverl\u00e4ssig &amp; Markenqualit\u00e4t  H\u00f6chste Qualit\u00e4t CE Zertifiziert zur Eigenanwendung  Lange Haltbarkeit  Versand innerhalb 24h  Diskrete Verpackung &amp; einzeln versiegelt","og_url":"https:\/\/www.bmut.de\/en\/product\/20x-test-de-grossesse-hcg-test-early-test-baby-10-miu_ml-test-strips-urine-test\/","og_site_name":"BMUT\u00ae","article_modified_time":"2025-02-04T15:44:57+00:00","og_image":[{"width":800,"height":800,"url":"https:\/\/www.bmut.de\/wp-content\/uploads\/2021\/09\/pouch_alle_neu.jpg","type":"image\/jpeg"}],"twitter_card":"summary_large_image","twitter_misc":{"Estimated reading time":"1 minute"},"schema":{"@context":"https:\/\/schema.org","@graph":[{"@type":"WebPage","@id":"https:\/\/www.bmut.de\/fr\/product\/20x-test-de-grossesse-hcg-test-early-test-baby-10-miu_ml-test-strips-urine-test\/","url":"https:\/\/www.bmut.de\/fr\/product\/20x-test-de-grossesse-hcg-test-early-test-baby-10-miu_ml-test-strips-urine-test\/","name":"Schwangerschaftstest 10 miu\/ml Ultrafr\u00fch BMUT hCG-Test Fr\u00fchtest Baby Teststreifen Urintest - BMUT\u00ae","isPartOf":{"@id":"https:\/\/www.bmut.de\/#website"},"primaryImageOfPage":{"@id":"https:\/\/www.bmut.de\/fr\/product\/20x-test-de-grossesse-hcg-test-early-test-baby-10-miu_ml-test-strips-urine-test\/#primaryimage"},"image":{"@id":"https:\/\/www.bmut.de\/fr\/product\/20x-test-de-grossesse-hcg-test-early-test-baby-10-miu_ml-test-strips-urine-test\/#primaryimage"},"thumbnailUrl":"https:\/\/www.bmut.de\/wp-content\/uploads\/2021\/09\/pouch_alle_neu.jpg","datePublished":"2021-09-14T02:30:14+00:00","dateModified":"2025-02-04T15:44:57+00:00","breadcrumb":{"@id":"https:\/\/www.bmut.de\/fr\/product\/20x-test-de-grossesse-hcg-test-early-test-baby-10-miu_ml-test-strips-urine-test\/#breadcrumb"},"inLanguage":"en-GB","potentialAction":[{"@type":"ReadAction","target":["https:\/\/www.bmut.de\/fr\/product\/20x-test-de-grossesse-hcg-test-early-test-baby-10-miu_ml-test-strips-urine-test\/"]}]},{"@type":"ImageObject","inLanguage":"en-GB","@id":"https:\/\/www.bmut.de\/fr\/product\/20x-test-de-grossesse-hcg-test-early-test-baby-10-miu_ml-test-strips-urine-test\/#primaryimage","url":"https:\/\/www.bmut.de\/wp-content\/uploads\/2021\/09\/pouch_alle_neu.jpg","contentUrl":"https:\/\/www.bmut.de\/wp-content\/uploads\/2021\/09\/pouch_alle_neu.jpg","width":800,"height":800},{"@type":"BreadcrumbList","@id":"https:\/\/www.bmut.de\/fr\/product\/20x-test-de-grossesse-hcg-test-early-test-baby-10-miu_ml-test-strips-urine-test\/#breadcrumb","itemListElement":[{"@type":"ListItem","position":1,"name":"Startseite","item":"https:\/\/www.bmut.de\/"},{"@type":"ListItem","position":2,"name":"Shop","item":"https:\/\/www.bmut.de\/shop\/"},{"@type":"ListItem","position":3,"name":"Schwangerschaftstest 10 miu\/ml Ultrafr\u00fch BMUT hCG-Test Fr\u00fchtest Baby Teststreifen Urintest"}]},{"@type":"WebSite","@id":"https:\/\/www.bmut.de\/#website","url":"https:\/\/www.bmut.de\/","name":"BMUT\u00ae","description":"","potentialAction":[{"@type":"SearchAction","target":{"@type":"EntryPoint","urlTemplate":"https:\/\/www.bmut.de\/?s={search_term_string}"},"query-input":{"@type":"PropertyValueSpecification","valueRequired":true,"valueName":"search_term_string"}}],"inLanguage":"en-GB"}]}},"jetpack_sharing_enabled":true,"_links":{"self":[{"href":"https:\/\/www.bmut.de\/en\/wp-json\/wp\/v2\/product\/321","targetHints":{"allow":["GET"]}}],"collection":[{"href":"https:\/\/www.bmut.de\/en\/wp-json\/wp\/v2\/product"}],"about":[{"href":"https:\/\/www.bmut.de\/en\/wp-json\/wp\/v2\/types\/product"}],"replies":[{"embeddable":true,"href":"https:\/\/www.bmut.de\/en\/wp-json\/wp\/v2\/comments?post=321"}],"wp:featuredmedia":[{"embeddable":true,"href":"https:\/\/www.bmut.de\/en\/wp-json\/wp\/v2\/media\/4708"}],"wp:attachment":[{"href":"https:\/\/www.bmut.de\/en\/wp-json\/wp\/v2\/media?parent=321"}],"wp:term":[{"taxonomy":"product_brand","embeddable":true,"href":"https:\/\/www.bmut.de\/en\/wp-json\/wp\/v2\/product_brand?post=321"},{"taxonomy":"product_cat","embeddable":true,"href":"https:\/\/www.bmut.de\/en\/wp-json\/wp\/v2\/product_cat?post=321"},{"taxonomy":"product_tag","embeddable":true,"href":"https:\/\/www.bmut.de\/en\/wp-json\/wp\/v2\/product_tag?post=321"}],"curies":[{"name":"wp","href":"https:\/\/api.w.org\/{rel}","templated":true}]}}