{"id":4662,"date":"2022-10-30T12:30:47","date_gmt":"2022-10-30T11:30:47","guid":{"rendered":"https:\/\/www.bmut.de\/?post_type=product&#038;p=4662"},"modified":"2023-01-28T12:54:14","modified_gmt":"2023-01-28T11:54:14","slug":"3x1000ml-universal-entkalker-fuer-kaffeevollautomat-wasserkocher-und-kaffeemaschine-fuer-8-entkalkungen-je-125ml","status":"publish","type":"product","link":"https:\/\/www.bmut.de\/en\/product\/3x1000ml-universal-entkalker-fuer-kaffeevollautomat-wasserkocher-und-kaffeemaschine-fuer-8-entkalkungen-je-125ml\/","title":{"rendered":"3x1000ml Universal-Entkalker f\u00fcr Kaffeevollautomat, Wasserkocher und Kaffeemaschine &#8211; f\u00fcr 8 Entkalkungen je 125ml"},"content":{"rendered":"<ul class=\"a-unordered-list a-vertical a-spacing-none\">\n<li class=\"a-spacing-small\">\n<h4><span class=\"a-list-item a-size-base\"><strong> Hocheffektiver Entkalker<\/strong> mit Amidusulfons\u00e4ure zu einem hervorragenden Preis-Leistungs-Verh\u00e4ltnis: Der Entkalker ist kraftvoll und effektiv, aber schonend zur Maschine, sicher f\u00fcr Sie und die Umwelt und stellt die Leistung Ihrer Maschine wieder her. <strong>Die Wirksamkeit anderer \u00e4hnlicher Entkalker, wie Zitronens\u00e4ure, wird um ein vielfaches \u00fcbertroffen.<\/strong><\/span><\/h4>\n<\/li>\n<li class=\"a-spacing-small\">\n<h4><span class=\"a-list-item a-size-base\"> Ma\u00dfgeschneiderte, universelle Formel: Nicht nur eine ideale Entkalkungsl\u00f6sung f\u00fcr Siemens \u2013 sie ist auch mit allen Einweg-Kaffee- und Espressomaschinen kompatibel, inkl. Nespresso, Delonghi, Braun, Cuisinart, Tassimo, Krups, Saeco und viele mehr! <\/span><\/h4>\n<\/li>\n<li class=\"a-spacing-small\">\n<h4><span class=\"a-list-item a-size-base\"><strong> Geeignet f\u00fcr alle Arten von Maschinen<\/strong>: Geeignet zum Reinigen von automatischen Maschinen, manuellen Maschinen, Pad- \/ Kapsel-, Filtermaschinen, gewerbliche Maschinen, Cappuccino-Maschinen, Wasserkochern, B\u00fcgeleisen und elektrischen Wasserkochern. <\/span><\/h4>\n<\/li>\n<li class=\"a-spacing-small\">\n<h4><span class=\"a-list-item a-size-base\"> Verbessert den Geschmack und bewahrt Ihre Maschine: Die regelm\u00e4\u00dfige Verwendung eines Kaffee-Entkalkers beseitigt Kalkablagerungen von Mineralstoffen aus hartem Wasser und verhindert Korrosion, wodurch die <strong>Lebensdauer Ihrer Maschine erheblich verl\u00e4ngert und der Geschmack verbessert<\/strong> wird. <\/span><\/h4>\n<\/li>\n<li class=\"a-spacing-small\">\n<h4><span class=\"a-list-item a-size-base\"> In Deutschland hergestellt: Pro Flasche 1000ml Inhalt (8 Verwendungen). <\/span><\/h4>\n<\/li>\n<li class=\"a-spacing-small\">\n<h4><span class=\"a-list-item a-size-base\"> Sensibler Farbindikator: Es wird ein <strong>hocheffektiver Farbindikator<\/strong> verwendet, der bereits bei \u00fcber pH von 2 die Farbe von Rosa-Rot zu Gelb wechselt. Die meisten Konkurrenzprodukte schlagen erst zu Gelb bei pH 4 um. Dabei ist die h\u00f6chste Wirksamkeit eines Entkalkers bei pH Wert 0 bis 2. <\/span><\/h4>\n<\/li>\n<li class=\"a-spacing-small\">\n<h4><span class=\"a-list-item a-size-base\"><strong> BMUT-Qualit\u00e4t<\/strong>: Laufende Qualit\u00e4tsuntersuchungen und Laborkontrollen gew\u00e4hrleisten die hohe Produktqualit\u00e4t. <\/span><\/h4>\n<\/li>\n<\/ul>","protected":false},"excerpt":{"rendered":"<ul>\n<li>\n<h5>3&#215;1000 ml Entkalker mit Farbindikator. Mit einer Flasche 1000ml entstehen 5000ml Entkalker-L\u00f6sung<\/h5>\n<\/li>\n<li>\n<h5>Vielfach effizienter als Zitronens\u00e4ure<\/h5>\n<\/li>\n<li>\n<h5>Top bewertetes Produkt in Europa<\/h5>\n<\/li>\n<li>\n<h5>Nachhaltig &amp; abbaubar<\/h5>\n<\/li>\n<li>\n<h5><strong>Geeignet f\u00fcr:<\/strong> Siemens, Miele, Nespresso, Delonghi, Braun, Cuisinart, Tassimo, Krups, Saeco und viele mehr!<\/h5>\n<\/li>\n<li>\n<h5>Versand innerhalb 24h &amp; in Deutschland kostenloser Versand<\/h5>\n<\/li>\n<\/ul>","protected":false},"featured_media":4672,"comment_status":"open","ping_status":"closed","template":"","meta":[],"product_brand":[],"product_cat":[92],"product_tag":[95,96,98,97,94],"class_list":{"0":"post-4662","1":"product","2":"type-product","3":"status-publish","4":"has-post-thumbnail","6":"product_cat-reinigung","7":"product_tag-amidusolfonsaeure","8":"product_tag-bmut-entkalker","9":"product_tag-farbindikator","10":"product_tag-siebtraeger","11":"product_tag-universal-entkalker","12":"product_shipping_class-dhl-paket","14":"first","15":"instock","16":"sale","17":"taxable","18":"shipping-taxable","19":"purchasable","20":"product-type-simple","21":"czr-hentry"},"yoast_head":"<!-- This site is optimized with the Yoast SEO plugin v27.4 - https:\/\/yoast.com\/product\/yoast-seo-wordpress\/ -->\n<title>3x1000ml Universal-Entkalker f\u00fcr Kaffeevollautomat, Wasserkocher und Kaffeemaschine - f\u00fcr 8 Entkalkungen je 125ml - BMUT\u00ae<\/title>\n<meta name=\"robots\" content=\"index, follow, max-snippet:-1, max-image-preview:large, max-video-preview:-1\" \/>\n<link rel=\"canonical\" href=\"https:\/\/www.bmut.de\/en\/product\/3x1000ml-universal-entkalker-fuer-kaffeevollautomat-wasserkocher-und-kaffeemaschine-fuer-8-entkalkungen-je-125ml\/\" \/>\n<meta property=\"og:locale\" content=\"en_GB\" \/>\n<meta property=\"og:type\" content=\"article\" \/>\n<meta property=\"og:title\" content=\"3x1000ml Universal-Entkalker f\u00fcr Kaffeevollautomat, Wasserkocher und Kaffeemaschine - f\u00fcr 8 Entkalkungen je 125ml - BMUT\u00ae\" \/>\n<meta property=\"og:description\" content=\"3x1000 ml Entkalker mit Farbindikator. Mit einer Flasche 1000ml entstehen 5000ml Entkalker-L\u00f6sung    Vielfach effizienter als Zitronens\u00e4ure    Top bewertetes Produkt in Europa    Nachhaltig &amp; abbaubar    Geeignet f\u00fcr: Siemens, Miele, Nespresso, Delonghi, Braun, Cuisinart, Tassimo, Krups, Saeco und viele mehr!    Versand innerhalb 24h &amp; in Deutschland kostenloser Versand\" \/>\n<meta property=\"og:url\" content=\"https:\/\/www.bmut.de\/en\/product\/3x1000ml-universal-entkalker-fuer-kaffeevollautomat-wasserkocher-und-kaffeemaschine-fuer-8-entkalkungen-je-125ml\/\" \/>\n<meta property=\"og:site_name\" content=\"BMUT\u00ae\" \/>\n<meta property=\"article:modified_time\" content=\"2023-01-28T11:54:14+00:00\" \/>\n<meta property=\"og:image\" content=\"https:\/\/www.bmut.de\/wp-content\/uploads\/2022\/10\/Entkalker_Maina-min.jpg\" \/>\n\t<meta property=\"og:image:width\" content=\"1200\" \/>\n\t<meta property=\"og:image:height\" content=\"1200\" \/>\n\t<meta property=\"og:image:type\" content=\"image\/jpeg\" \/>\n<meta name=\"twitter:card\" content=\"summary_large_image\" \/>\n<meta name=\"twitter:label1\" content=\"Estimated reading time\" \/>\n\t<meta name=\"twitter:data1\" content=\"1 minute\" \/>\n<script type=\"application\/ld+json\" class=\"yoast-schema-graph\">{\"@context\":\"https:\\\/\\\/schema.org\",\"@graph\":[{\"@type\":\"WebPage\",\"@id\":\"https:\\\/\\\/www.bmut.de\\\/product\\\/3x1000ml-universal-entkalker-fuer-kaffeevollautomat-wasserkocher-und-kaffeemaschine-fuer-8-entkalkungen-je-125ml\\\/\",\"url\":\"https:\\\/\\\/www.bmut.de\\\/product\\\/3x1000ml-universal-entkalker-fuer-kaffeevollautomat-wasserkocher-und-kaffeemaschine-fuer-8-entkalkungen-je-125ml\\\/\",\"name\":\"3x1000ml Universal-Entkalker f\u00fcr Kaffeevollautomat, Wasserkocher und Kaffeemaschine - f\u00fcr 8 Entkalkungen je 125ml - BMUT\u00ae\",\"isPartOf\":{\"@id\":\"https:\\\/\\\/www.bmut.de\\\/#website\"},\"primaryImageOfPage\":{\"@id\":\"https:\\\/\\\/www.bmut.de\\\/product\\\/3x1000ml-universal-entkalker-fuer-kaffeevollautomat-wasserkocher-und-kaffeemaschine-fuer-8-entkalkungen-je-125ml\\\/#primaryimage\"},\"image\":{\"@id\":\"https:\\\/\\\/www.bmut.de\\\/product\\\/3x1000ml-universal-entkalker-fuer-kaffeevollautomat-wasserkocher-und-kaffeemaschine-fuer-8-entkalkungen-je-125ml\\\/#primaryimage\"},\"thumbnailUrl\":\"https:\\\/\\\/www.bmut.de\\\/wp-content\\\/uploads\\\/2022\\\/10\\\/Entkalker_Maina-min.jpg\",\"datePublished\":\"2022-10-30T11:30:47+00:00\",\"dateModified\":\"2023-01-28T11:54:14+00:00\",\"breadcrumb\":{\"@id\":\"https:\\\/\\\/www.bmut.de\\\/product\\\/3x1000ml-universal-entkalker-fuer-kaffeevollautomat-wasserkocher-und-kaffeemaschine-fuer-8-entkalkungen-je-125ml\\\/#breadcrumb\"},\"inLanguage\":\"en-GB\",\"potentialAction\":[{\"@type\":\"ReadAction\",\"target\":[\"https:\\\/\\\/www.bmut.de\\\/product\\\/3x1000ml-universal-entkalker-fuer-kaffeevollautomat-wasserkocher-und-kaffeemaschine-fuer-8-entkalkungen-je-125ml\\\/\"]}]},{\"@type\":\"ImageObject\",\"inLanguage\":\"en-GB\",\"@id\":\"https:\\\/\\\/www.bmut.de\\\/product\\\/3x1000ml-universal-entkalker-fuer-kaffeevollautomat-wasserkocher-und-kaffeemaschine-fuer-8-entkalkungen-je-125ml\\\/#primaryimage\",\"url\":\"https:\\\/\\\/www.bmut.de\\\/wp-content\\\/uploads\\\/2022\\\/10\\\/Entkalker_Maina-min.jpg\",\"contentUrl\":\"https:\\\/\\\/www.bmut.de\\\/wp-content\\\/uploads\\\/2022\\\/10\\\/Entkalker_Maina-min.jpg\",\"width\":1200,\"height\":1200},{\"@type\":\"BreadcrumbList\",\"@id\":\"https:\\\/\\\/www.bmut.de\\\/product\\\/3x1000ml-universal-entkalker-fuer-kaffeevollautomat-wasserkocher-und-kaffeemaschine-fuer-8-entkalkungen-je-125ml\\\/#breadcrumb\",\"itemListElement\":[{\"@type\":\"ListItem\",\"position\":1,\"name\":\"Startseite\",\"item\":\"https:\\\/\\\/www.bmut.de\\\/\"},{\"@type\":\"ListItem\",\"position\":2,\"name\":\"Shop\",\"item\":\"https:\\\/\\\/www.bmut.de\\\/shop\\\/\"},{\"@type\":\"ListItem\",\"position\":3,\"name\":\"3x1000ml Universal-Entkalker f\u00fcr Kaffeevollautomat, Wasserkocher und Kaffeemaschine &#8211; f\u00fcr 8 Entkalkungen je 125ml\"}]},{\"@type\":\"WebSite\",\"@id\":\"https:\\\/\\\/www.bmut.de\\\/#website\",\"url\":\"https:\\\/\\\/www.bmut.de\\\/\",\"name\":\"BMUT\u00ae\",\"description\":\"\",\"potentialAction\":[{\"@type\":\"SearchAction\",\"target\":{\"@type\":\"EntryPoint\",\"urlTemplate\":\"https:\\\/\\\/www.bmut.de\\\/?s={search_term_string}\"},\"query-input\":{\"@type\":\"PropertyValueSpecification\",\"valueRequired\":true,\"valueName\":\"search_term_string\"}}],\"inLanguage\":\"en-GB\"}]}<\/script>\n<!-- \/ Yoast SEO plugin. -->","yoast_head_json":{"title":"3x1000ml Universal-Entkalker f\u00fcr Kaffeevollautomat, Wasserkocher und Kaffeemaschine - f\u00fcr 8 Entkalkungen je 125ml - BMUT\u00ae","robots":{"index":"index","follow":"follow","max-snippet":"max-snippet:-1","max-image-preview":"max-image-preview:large","max-video-preview":"max-video-preview:-1"},"canonical":"https:\/\/www.bmut.de\/en\/product\/3x1000ml-universal-entkalker-fuer-kaffeevollautomat-wasserkocher-und-kaffeemaschine-fuer-8-entkalkungen-je-125ml\/","og_locale":"en_GB","og_type":"article","og_title":"3x1000ml Universal-Entkalker f\u00fcr Kaffeevollautomat, Wasserkocher und Kaffeemaschine - f\u00fcr 8 Entkalkungen je 125ml - BMUT\u00ae","og_description":"3x1000 ml Entkalker mit Farbindikator. Mit einer Flasche 1000ml entstehen 5000ml Entkalker-L\u00f6sung    Vielfach effizienter als Zitronens\u00e4ure    Top bewertetes Produkt in Europa    Nachhaltig &amp; abbaubar    Geeignet f\u00fcr: Siemens, Miele, Nespresso, Delonghi, Braun, Cuisinart, Tassimo, Krups, Saeco und viele mehr!    Versand innerhalb 24h &amp; in Deutschland kostenloser Versand","og_url":"https:\/\/www.bmut.de\/en\/product\/3x1000ml-universal-entkalker-fuer-kaffeevollautomat-wasserkocher-und-kaffeemaschine-fuer-8-entkalkungen-je-125ml\/","og_site_name":"BMUT\u00ae","article_modified_time":"2023-01-28T11:54:14+00:00","og_image":[{"width":1200,"height":1200,"url":"https:\/\/www.bmut.de\/wp-content\/uploads\/2022\/10\/Entkalker_Maina-min.jpg","type":"image\/jpeg"}],"twitter_card":"summary_large_image","twitter_misc":{"Estimated reading time":"1 minute"},"schema":{"@context":"https:\/\/schema.org","@graph":[{"@type":"WebPage","@id":"https:\/\/www.bmut.de\/product\/3x1000ml-universal-entkalker-fuer-kaffeevollautomat-wasserkocher-und-kaffeemaschine-fuer-8-entkalkungen-je-125ml\/","url":"https:\/\/www.bmut.de\/product\/3x1000ml-universal-entkalker-fuer-kaffeevollautomat-wasserkocher-und-kaffeemaschine-fuer-8-entkalkungen-je-125ml\/","name":"3x1000ml Universal-Entkalker f\u00fcr Kaffeevollautomat, Wasserkocher und Kaffeemaschine - f\u00fcr 8 Entkalkungen je 125ml - BMUT\u00ae","isPartOf":{"@id":"https:\/\/www.bmut.de\/#website"},"primaryImageOfPage":{"@id":"https:\/\/www.bmut.de\/product\/3x1000ml-universal-entkalker-fuer-kaffeevollautomat-wasserkocher-und-kaffeemaschine-fuer-8-entkalkungen-je-125ml\/#primaryimage"},"image":{"@id":"https:\/\/www.bmut.de\/product\/3x1000ml-universal-entkalker-fuer-kaffeevollautomat-wasserkocher-und-kaffeemaschine-fuer-8-entkalkungen-je-125ml\/#primaryimage"},"thumbnailUrl":"https:\/\/www.bmut.de\/wp-content\/uploads\/2022\/10\/Entkalker_Maina-min.jpg","datePublished":"2022-10-30T11:30:47+00:00","dateModified":"2023-01-28T11:54:14+00:00","breadcrumb":{"@id":"https:\/\/www.bmut.de\/product\/3x1000ml-universal-entkalker-fuer-kaffeevollautomat-wasserkocher-und-kaffeemaschine-fuer-8-entkalkungen-je-125ml\/#breadcrumb"},"inLanguage":"en-GB","potentialAction":[{"@type":"ReadAction","target":["https:\/\/www.bmut.de\/product\/3x1000ml-universal-entkalker-fuer-kaffeevollautomat-wasserkocher-und-kaffeemaschine-fuer-8-entkalkungen-je-125ml\/"]}]},{"@type":"ImageObject","inLanguage":"en-GB","@id":"https:\/\/www.bmut.de\/product\/3x1000ml-universal-entkalker-fuer-kaffeevollautomat-wasserkocher-und-kaffeemaschine-fuer-8-entkalkungen-je-125ml\/#primaryimage","url":"https:\/\/www.bmut.de\/wp-content\/uploads\/2022\/10\/Entkalker_Maina-min.jpg","contentUrl":"https:\/\/www.bmut.de\/wp-content\/uploads\/2022\/10\/Entkalker_Maina-min.jpg","width":1200,"height":1200},{"@type":"BreadcrumbList","@id":"https:\/\/www.bmut.de\/product\/3x1000ml-universal-entkalker-fuer-kaffeevollautomat-wasserkocher-und-kaffeemaschine-fuer-8-entkalkungen-je-125ml\/#breadcrumb","itemListElement":[{"@type":"ListItem","position":1,"name":"Startseite","item":"https:\/\/www.bmut.de\/"},{"@type":"ListItem","position":2,"name":"Shop","item":"https:\/\/www.bmut.de\/shop\/"},{"@type":"ListItem","position":3,"name":"3x1000ml Universal-Entkalker f\u00fcr Kaffeevollautomat, Wasserkocher und Kaffeemaschine &#8211; f\u00fcr 8 Entkalkungen je 125ml"}]},{"@type":"WebSite","@id":"https:\/\/www.bmut.de\/#website","url":"https:\/\/www.bmut.de\/","name":"BMUT\u00ae","description":"","potentialAction":[{"@type":"SearchAction","target":{"@type":"EntryPoint","urlTemplate":"https:\/\/www.bmut.de\/?s={search_term_string}"},"query-input":{"@type":"PropertyValueSpecification","valueRequired":true,"valueName":"search_term_string"}}],"inLanguage":"en-GB"}]}},"jetpack_sharing_enabled":true,"_links":{"self":[{"href":"https:\/\/www.bmut.de\/en\/wp-json\/wp\/v2\/product\/4662","targetHints":{"allow":["GET"]}}],"collection":[{"href":"https:\/\/www.bmut.de\/en\/wp-json\/wp\/v2\/product"}],"about":[{"href":"https:\/\/www.bmut.de\/en\/wp-json\/wp\/v2\/types\/product"}],"replies":[{"embeddable":true,"href":"https:\/\/www.bmut.de\/en\/wp-json\/wp\/v2\/comments?post=4662"}],"wp:featuredmedia":[{"embeddable":true,"href":"https:\/\/www.bmut.de\/en\/wp-json\/wp\/v2\/media\/4672"}],"wp:attachment":[{"href":"https:\/\/www.bmut.de\/en\/wp-json\/wp\/v2\/media?parent=4662"}],"wp:term":[{"taxonomy":"product_brand","embeddable":true,"href":"https:\/\/www.bmut.de\/en\/wp-json\/wp\/v2\/product_brand?post=4662"},{"taxonomy":"product_cat","embeddable":true,"href":"https:\/\/www.bmut.de\/en\/wp-json\/wp\/v2\/product_cat?post=4662"},{"taxonomy":"product_tag","embeddable":true,"href":"https:\/\/www.bmut.de\/en\/wp-json\/wp\/v2\/product_tag?post=4662"}],"curies":[{"name":"wp","href":"https:\/\/api.w.org\/{rel}","templated":true}]}}