{"id":4686,"date":"2022-10-30T13:40:29","date_gmt":"2022-10-30T12:40:29","guid":{"rendered":"https:\/\/www.bmut.de\/?post_type=product&#038;p=4686"},"modified":"2023-05-02T11:38:13","modified_gmt":"2023-05-02T09:38:13","slug":"3x-feuchtigkeitsmessgeraet-fuer-erde-pflanzen-boden-feuchtigkeitsmesser-bodenmessgeraet-fuer-garten-zimmerpflanzen-und-landwirtschaft","status":"publish","type":"product","link":"https:\/\/www.bmut.de\/en\/product\/3x-feuchtigkeitsmessgeraet-fuer-erde-pflanzen-boden-feuchtigkeitsmesser-bodenmessgeraet-fuer-garten-zimmerpflanzen-und-landwirtschaft\/","title":{"rendered":"3x Feuchtigkeitsmessger\u00e4t f\u00fcr Erde &#038; Pflanzen, Boden-Feuchtigkeitsmesser, Bodenmessger\u00e4t f\u00fcr Garten Zimmerpflanzen und Landwirtschaft"},"content":{"rendered":"<h4><span class=\"a-list-item\"> \u25b6 [FEUCHTIGKEIT DER ERDE MESSEN]: Sie k\u00f6nnen Bodenfeuchte messen. Es hilft Ihnen Ihre Pflanzen besser zu verstehen. &#8211; 1. Misst den Feuchtigkeitsgehalt des Bodens, damit Sie wissen, wann Sie gie\u00dfen m\u00fcssen. Mit diesem Ger\u00e4t das R\u00e4tselraten um die Erdbodenfeuchtigkeit beseitigen und Ihre H\u00e4nde sauber halten. <\/span><\/h4>\n<h4><span class=\"a-list-item\"> \u25b6 [KEINE BATTERIEN]: \u2013 Keine Batterien und keine Solarenergie erforderlich, um das Ger\u00e4t zu betreiben. Einfach das Messger\u00e4t in den Bodenbereich einf\u00fchren und 10 Minuten warten, um die besten Ergebnisse zu erhalten. <\/span><\/h4>\n<h4><span class=\"a-list-item\"> \u25b6 [TIPPS] \u2013 Verblassen Ihre Pflanzen und sehen nicht so lebendig aus wie der Ihres Nachbarn? Sieht das Gem\u00fcse in Ihrem Gew\u00e4chshaus aus wie winzige und zerknitterte Trockentomaten? Ihre Zimmerpflanze bl\u00fcht nicht? Mit diesem Ger\u00e4t l\u00e4sst sich dies optimieren. <\/span><\/h4>\n<h4><span class=\"a-list-item\"> \u25b6 [KURZANLEITUNG] 1. W\u00e4ssern Sie den Boden.; 2. Der Tester sollte 10 Minuten oder l\u00e4nger im Boden bleiben, um sicherzustellen, dass Sie einen stabilen und genauen Messwert erhalten <\/span><\/h4>\n<h4><span class=\"a-list-item\"> \u25b6 [VIELSEITIG] Zur Verwendung im Innen- und Au\u00dfenbereich \u2013 Leichtes und tolles Design. Einfach zu transportieren. Diesen Erdbodentester nur f\u00fcr Erde verwenden. NICHT zum Testen von Fl\u00fcssigkeiten geeignet. Nicht in extrem harten Boden stecken. Die Sonde ist nach jedem Gebrauch zu reinigen. <\/span><\/h4>\n","protected":false},"excerpt":{"rendered":"<ul>\n<li>\n<h4>Erdfeuchte \u2013 Bodentester\/Bodenmessger\u00e4t (trocken bis feucht)<\/h4>\n<\/li>\n<li>\n<h4>Optimieren Sie Ihre Pflanzen<\/h4>\n<\/li>\n<li>\n<h4>Keine Batterien f\u00fcr den Betrieb erforderlich<\/h4>\n<\/li>\n<li>\n<h4>Versand innerhalb 24h &amp; in Deutschland kostenloser Versand<\/h4>\n<\/li>\n<\/ul>","protected":false},"featured_media":4687,"comment_status":"open","ping_status":"closed","template":"","meta":[],"product_brand":[],"product_cat":[93,17],"product_tag":[109,110,108],"class_list":{"0":"post-4686","1":"product","2":"type-product","3":"status-publish","4":"has-post-thumbnail","6":"product_cat-elektronik","7":"product_cat-wassertests","8":"product_tag-erdbodentester","9":"product_tag-erdfeuchtigkeit","10":"product_tag-moist-meter","11":"product_shipping_class-brief-letter","13":"first","14":"instock","15":"taxable","16":"shipping-taxable","17":"purchasable","18":"product-type-simple","19":"czr-hentry"},"yoast_head":"<!-- This site is optimized with the Yoast SEO plugin v27.3 - https:\/\/yoast.com\/product\/yoast-seo-wordpress\/ -->\n<title>3x Feuchtigkeitsmessger\u00e4t f\u00fcr Erde &amp; Pflanzen, Boden-Feuchtigkeitsmesser, Bodenmessger\u00e4t f\u00fcr Garten Zimmerpflanzen und Landwirtschaft - BMUT\u00ae<\/title>\n<meta name=\"robots\" content=\"index, follow, max-snippet:-1, max-image-preview:large, max-video-preview:-1\" \/>\n<link rel=\"canonical\" href=\"https:\/\/www.bmut.de\/en\/product\/3x-feuchtigkeitsmessgeraet-fuer-erde-pflanzen-boden-feuchtigkeitsmesser-bodenmessgeraet-fuer-garten-zimmerpflanzen-und-landwirtschaft\/\" \/>\n<meta property=\"og:locale\" content=\"en_GB\" \/>\n<meta property=\"og:type\" content=\"article\" \/>\n<meta property=\"og:title\" content=\"3x Feuchtigkeitsmessger\u00e4t f\u00fcr Erde &amp; Pflanzen, Boden-Feuchtigkeitsmesser, Bodenmessger\u00e4t f\u00fcr Garten Zimmerpflanzen und Landwirtschaft - BMUT\u00ae\" \/>\n<meta property=\"og:description\" content=\"Erdfeuchte \u2013 Bodentester\/Bodenmessger\u00e4t (trocken bis feucht)    Optimieren Sie Ihre Pflanzen    Keine Batterien f\u00fcr den Betrieb erforderlich    Versand innerhalb 24h &amp; in Deutschland kostenloser Versand\" \/>\n<meta property=\"og:url\" content=\"https:\/\/www.bmut.de\/en\/product\/3x-feuchtigkeitsmessgeraet-fuer-erde-pflanzen-boden-feuchtigkeitsmesser-bodenmessgeraet-fuer-garten-zimmerpflanzen-und-landwirtschaft\/\" \/>\n<meta property=\"og:site_name\" content=\"BMUT\u00ae\" \/>\n<meta property=\"article:modified_time\" content=\"2023-05-02T09:38:13+00:00\" \/>\n<meta property=\"og:image\" content=\"https:\/\/www.bmut.de\/wp-content\/uploads\/2022\/10\/3erSoil_Meter3in1_Main.jpg\" \/>\n\t<meta property=\"og:image:width\" content=\"800\" \/>\n\t<meta property=\"og:image:height\" content=\"800\" \/>\n\t<meta property=\"og:image:type\" content=\"image\/jpeg\" \/>\n<meta name=\"twitter:card\" content=\"summary_large_image\" \/>\n<meta name=\"twitter:label1\" content=\"Estimated reading time\" \/>\n\t<meta name=\"twitter:data1\" content=\"1 minute\" \/>\n<script type=\"application\/ld+json\" class=\"yoast-schema-graph\">{\"@context\":\"https:\\\/\\\/schema.org\",\"@graph\":[{\"@type\":\"WebPage\",\"@id\":\"https:\\\/\\\/www.bmut.de\\\/product\\\/3x-feuchtigkeitsmessgeraet-fuer-erde-pflanzen-boden-feuchtigkeitsmesser-bodenmessgeraet-fuer-garten-zimmerpflanzen-und-landwirtschaft\\\/\",\"url\":\"https:\\\/\\\/www.bmut.de\\\/product\\\/3x-feuchtigkeitsmessgeraet-fuer-erde-pflanzen-boden-feuchtigkeitsmesser-bodenmessgeraet-fuer-garten-zimmerpflanzen-und-landwirtschaft\\\/\",\"name\":\"3x Feuchtigkeitsmessger\u00e4t f\u00fcr Erde & Pflanzen, Boden-Feuchtigkeitsmesser, Bodenmessger\u00e4t f\u00fcr Garten Zimmerpflanzen und Landwirtschaft - BMUT\u00ae\",\"isPartOf\":{\"@id\":\"https:\\\/\\\/www.bmut.de\\\/#website\"},\"primaryImageOfPage\":{\"@id\":\"https:\\\/\\\/www.bmut.de\\\/product\\\/3x-feuchtigkeitsmessgeraet-fuer-erde-pflanzen-boden-feuchtigkeitsmesser-bodenmessgeraet-fuer-garten-zimmerpflanzen-und-landwirtschaft\\\/#primaryimage\"},\"image\":{\"@id\":\"https:\\\/\\\/www.bmut.de\\\/product\\\/3x-feuchtigkeitsmessgeraet-fuer-erde-pflanzen-boden-feuchtigkeitsmesser-bodenmessgeraet-fuer-garten-zimmerpflanzen-und-landwirtschaft\\\/#primaryimage\"},\"thumbnailUrl\":\"https:\\\/\\\/www.bmut.de\\\/wp-content\\\/uploads\\\/2022\\\/10\\\/3erSoil_Meter3in1_Main.jpg\",\"datePublished\":\"2022-10-30T12:40:29+00:00\",\"dateModified\":\"2023-05-02T09:38:13+00:00\",\"breadcrumb\":{\"@id\":\"https:\\\/\\\/www.bmut.de\\\/product\\\/3x-feuchtigkeitsmessgeraet-fuer-erde-pflanzen-boden-feuchtigkeitsmesser-bodenmessgeraet-fuer-garten-zimmerpflanzen-und-landwirtschaft\\\/#breadcrumb\"},\"inLanguage\":\"en-GB\",\"potentialAction\":[{\"@type\":\"ReadAction\",\"target\":[\"https:\\\/\\\/www.bmut.de\\\/product\\\/3x-feuchtigkeitsmessgeraet-fuer-erde-pflanzen-boden-feuchtigkeitsmesser-bodenmessgeraet-fuer-garten-zimmerpflanzen-und-landwirtschaft\\\/\"]}]},{\"@type\":\"ImageObject\",\"inLanguage\":\"en-GB\",\"@id\":\"https:\\\/\\\/www.bmut.de\\\/product\\\/3x-feuchtigkeitsmessgeraet-fuer-erde-pflanzen-boden-feuchtigkeitsmesser-bodenmessgeraet-fuer-garten-zimmerpflanzen-und-landwirtschaft\\\/#primaryimage\",\"url\":\"https:\\\/\\\/www.bmut.de\\\/wp-content\\\/uploads\\\/2022\\\/10\\\/3erSoil_Meter3in1_Main.jpg\",\"contentUrl\":\"https:\\\/\\\/www.bmut.de\\\/wp-content\\\/uploads\\\/2022\\\/10\\\/3erSoil_Meter3in1_Main.jpg\",\"width\":800,\"height\":800},{\"@type\":\"BreadcrumbList\",\"@id\":\"https:\\\/\\\/www.bmut.de\\\/product\\\/3x-feuchtigkeitsmessgeraet-fuer-erde-pflanzen-boden-feuchtigkeitsmesser-bodenmessgeraet-fuer-garten-zimmerpflanzen-und-landwirtschaft\\\/#breadcrumb\",\"itemListElement\":[{\"@type\":\"ListItem\",\"position\":1,\"name\":\"Startseite\",\"item\":\"https:\\\/\\\/www.bmut.de\\\/\"},{\"@type\":\"ListItem\",\"position\":2,\"name\":\"Shop\",\"item\":\"https:\\\/\\\/www.bmut.de\\\/shop\\\/\"},{\"@type\":\"ListItem\",\"position\":3,\"name\":\"3x Feuchtigkeitsmessger\u00e4t f\u00fcr Erde &#038; Pflanzen, Boden-Feuchtigkeitsmesser, Bodenmessger\u00e4t f\u00fcr Garten Zimmerpflanzen und Landwirtschaft\"}]},{\"@type\":\"WebSite\",\"@id\":\"https:\\\/\\\/www.bmut.de\\\/#website\",\"url\":\"https:\\\/\\\/www.bmut.de\\\/\",\"name\":\"BMUT\u00ae\",\"description\":\"\",\"potentialAction\":[{\"@type\":\"SearchAction\",\"target\":{\"@type\":\"EntryPoint\",\"urlTemplate\":\"https:\\\/\\\/www.bmut.de\\\/?s={search_term_string}\"},\"query-input\":{\"@type\":\"PropertyValueSpecification\",\"valueRequired\":true,\"valueName\":\"search_term_string\"}}],\"inLanguage\":\"en-GB\"}]}<\/script>\n<!-- \/ Yoast SEO plugin. -->","yoast_head_json":{"title":"3x Feuchtigkeitsmessger\u00e4t f\u00fcr Erde & Pflanzen, Boden-Feuchtigkeitsmesser, Bodenmessger\u00e4t f\u00fcr Garten Zimmerpflanzen und Landwirtschaft - BMUT\u00ae","robots":{"index":"index","follow":"follow","max-snippet":"max-snippet:-1","max-image-preview":"max-image-preview:large","max-video-preview":"max-video-preview:-1"},"canonical":"https:\/\/www.bmut.de\/en\/product\/3x-feuchtigkeitsmessgeraet-fuer-erde-pflanzen-boden-feuchtigkeitsmesser-bodenmessgeraet-fuer-garten-zimmerpflanzen-und-landwirtschaft\/","og_locale":"en_GB","og_type":"article","og_title":"3x Feuchtigkeitsmessger\u00e4t f\u00fcr Erde & Pflanzen, Boden-Feuchtigkeitsmesser, Bodenmessger\u00e4t f\u00fcr Garten Zimmerpflanzen und Landwirtschaft - BMUT\u00ae","og_description":"Erdfeuchte \u2013 Bodentester\/Bodenmessger\u00e4t (trocken bis feucht)    Optimieren Sie Ihre Pflanzen    Keine Batterien f\u00fcr den Betrieb erforderlich    Versand innerhalb 24h &amp; in Deutschland kostenloser Versand","og_url":"https:\/\/www.bmut.de\/en\/product\/3x-feuchtigkeitsmessgeraet-fuer-erde-pflanzen-boden-feuchtigkeitsmesser-bodenmessgeraet-fuer-garten-zimmerpflanzen-und-landwirtschaft\/","og_site_name":"BMUT\u00ae","article_modified_time":"2023-05-02T09:38:13+00:00","og_image":[{"width":800,"height":800,"url":"https:\/\/www.bmut.de\/wp-content\/uploads\/2022\/10\/3erSoil_Meter3in1_Main.jpg","type":"image\/jpeg"}],"twitter_card":"summary_large_image","twitter_misc":{"Estimated reading time":"1 minute"},"schema":{"@context":"https:\/\/schema.org","@graph":[{"@type":"WebPage","@id":"https:\/\/www.bmut.de\/product\/3x-feuchtigkeitsmessgeraet-fuer-erde-pflanzen-boden-feuchtigkeitsmesser-bodenmessgeraet-fuer-garten-zimmerpflanzen-und-landwirtschaft\/","url":"https:\/\/www.bmut.de\/product\/3x-feuchtigkeitsmessgeraet-fuer-erde-pflanzen-boden-feuchtigkeitsmesser-bodenmessgeraet-fuer-garten-zimmerpflanzen-und-landwirtschaft\/","name":"3x Feuchtigkeitsmessger\u00e4t f\u00fcr Erde & Pflanzen, Boden-Feuchtigkeitsmesser, Bodenmessger\u00e4t f\u00fcr Garten Zimmerpflanzen und Landwirtschaft - BMUT\u00ae","isPartOf":{"@id":"https:\/\/www.bmut.de\/#website"},"primaryImageOfPage":{"@id":"https:\/\/www.bmut.de\/product\/3x-feuchtigkeitsmessgeraet-fuer-erde-pflanzen-boden-feuchtigkeitsmesser-bodenmessgeraet-fuer-garten-zimmerpflanzen-und-landwirtschaft\/#primaryimage"},"image":{"@id":"https:\/\/www.bmut.de\/product\/3x-feuchtigkeitsmessgeraet-fuer-erde-pflanzen-boden-feuchtigkeitsmesser-bodenmessgeraet-fuer-garten-zimmerpflanzen-und-landwirtschaft\/#primaryimage"},"thumbnailUrl":"https:\/\/www.bmut.de\/wp-content\/uploads\/2022\/10\/3erSoil_Meter3in1_Main.jpg","datePublished":"2022-10-30T12:40:29+00:00","dateModified":"2023-05-02T09:38:13+00:00","breadcrumb":{"@id":"https:\/\/www.bmut.de\/product\/3x-feuchtigkeitsmessgeraet-fuer-erde-pflanzen-boden-feuchtigkeitsmesser-bodenmessgeraet-fuer-garten-zimmerpflanzen-und-landwirtschaft\/#breadcrumb"},"inLanguage":"en-GB","potentialAction":[{"@type":"ReadAction","target":["https:\/\/www.bmut.de\/product\/3x-feuchtigkeitsmessgeraet-fuer-erde-pflanzen-boden-feuchtigkeitsmesser-bodenmessgeraet-fuer-garten-zimmerpflanzen-und-landwirtschaft\/"]}]},{"@type":"ImageObject","inLanguage":"en-GB","@id":"https:\/\/www.bmut.de\/product\/3x-feuchtigkeitsmessgeraet-fuer-erde-pflanzen-boden-feuchtigkeitsmesser-bodenmessgeraet-fuer-garten-zimmerpflanzen-und-landwirtschaft\/#primaryimage","url":"https:\/\/www.bmut.de\/wp-content\/uploads\/2022\/10\/3erSoil_Meter3in1_Main.jpg","contentUrl":"https:\/\/www.bmut.de\/wp-content\/uploads\/2022\/10\/3erSoil_Meter3in1_Main.jpg","width":800,"height":800},{"@type":"BreadcrumbList","@id":"https:\/\/www.bmut.de\/product\/3x-feuchtigkeitsmessgeraet-fuer-erde-pflanzen-boden-feuchtigkeitsmesser-bodenmessgeraet-fuer-garten-zimmerpflanzen-und-landwirtschaft\/#breadcrumb","itemListElement":[{"@type":"ListItem","position":1,"name":"Startseite","item":"https:\/\/www.bmut.de\/"},{"@type":"ListItem","position":2,"name":"Shop","item":"https:\/\/www.bmut.de\/shop\/"},{"@type":"ListItem","position":3,"name":"3x Feuchtigkeitsmessger\u00e4t f\u00fcr Erde &#038; Pflanzen, Boden-Feuchtigkeitsmesser, Bodenmessger\u00e4t f\u00fcr Garten Zimmerpflanzen und Landwirtschaft"}]},{"@type":"WebSite","@id":"https:\/\/www.bmut.de\/#website","url":"https:\/\/www.bmut.de\/","name":"BMUT\u00ae","description":"","potentialAction":[{"@type":"SearchAction","target":{"@type":"EntryPoint","urlTemplate":"https:\/\/www.bmut.de\/?s={search_term_string}"},"query-input":{"@type":"PropertyValueSpecification","valueRequired":true,"valueName":"search_term_string"}}],"inLanguage":"en-GB"}]}},"jetpack_sharing_enabled":true,"_links":{"self":[{"href":"https:\/\/www.bmut.de\/en\/wp-json\/wp\/v2\/product\/4686","targetHints":{"allow":["GET"]}}],"collection":[{"href":"https:\/\/www.bmut.de\/en\/wp-json\/wp\/v2\/product"}],"about":[{"href":"https:\/\/www.bmut.de\/en\/wp-json\/wp\/v2\/types\/product"}],"replies":[{"embeddable":true,"href":"https:\/\/www.bmut.de\/en\/wp-json\/wp\/v2\/comments?post=4686"}],"wp:featuredmedia":[{"embeddable":true,"href":"https:\/\/www.bmut.de\/en\/wp-json\/wp\/v2\/media\/4687"}],"wp:attachment":[{"href":"https:\/\/www.bmut.de\/en\/wp-json\/wp\/v2\/media?parent=4686"}],"wp:term":[{"taxonomy":"product_brand","embeddable":true,"href":"https:\/\/www.bmut.de\/en\/wp-json\/wp\/v2\/product_brand?post=4686"},{"taxonomy":"product_cat","embeddable":true,"href":"https:\/\/www.bmut.de\/en\/wp-json\/wp\/v2\/product_cat?post=4686"},{"taxonomy":"product_tag","embeddable":true,"href":"https:\/\/www.bmut.de\/en\/wp-json\/wp\/v2\/product_tag?post=4686"}],"curies":[{"name":"wp","href":"https:\/\/api.w.org\/{rel}","templated":true}]}}