{"id":5699,"date":"2023-01-28T12:53:35","date_gmt":"2023-01-28T11:53:35","guid":{"rendered":"https:\/\/www.bmut.de\/?post_type=product&#038;p=5699"},"modified":"2023-01-28T13:09:50","modified_gmt":"2023-01-28T12:09:50","slug":"2x1000ml-milchsystemreiniger-34-anwendungen-fuer-kaffeevollautomat-milchschaeumer-milchschaumreiniger-universal-reiniger-fluessig-fuer-alle-marken","status":"publish","type":"product","link":"https:\/\/www.bmut.de\/en\/product\/2x1000ml-milchsystemreiniger-34-anwendungen-fuer-kaffeevollautomat-milchschaeumer-milchschaumreiniger-universal-reiniger-fluessig-fuer-alle-marken\/","title":{"rendered":"2x1000ml Milchsystemreiniger (34 Anwendungen) f\u00fcr Kaffeevollautomat Milchsch\u00e4umer \u2013 Milchschaumreiniger \u2013 Universal-Reiniger fl\u00fcssig f\u00fcr alle Marken"},"content":{"rendered":"<p><span class=\"a-list-item\"> \u2714 [HOCHGLANZ-EFFEKT] Milchr\u00fcckst\u00e4nde wie Milchfette, Milchzucker und Milcheiwei\u00dfe entfernt der effiziente Milchreiniger gr\u00fcndlich und materialschonend aus den Leitungen und D\u00fcse \u2013 mit Hochglanz-Effekt. Auch geeignet zum Reinigen loser bzw. separater Teile. <\/span><\/p>\n<p><span class=\"a-list-item\"> \u2714 [UNIVERSELL] Universelle Formel f\u00fcr Vollautomaten, Milchaufsch\u00e4umer, Sahnemaschinen oder Softeismaschinen: Der ideale Milchsystemreiniger f\u00fcr Siemens sowie kompatibel mit allen Herstellern von Kaffee- und Espressomaschinen inkl. Nespresso, Delonghi, Braun, Cuisinart, Tassimo, Krups, Saeco und viele mehr! <\/span><\/p>\n<p><span class=\"a-list-item\"> \u2714 [EFFEKTIV &amp; KOMPAKT] 1 Liter Milchsystemreiniger ergeben 34 Liter Milch-Reinigungsl\u00f6sung. 30ml gen\u00fcgen f\u00fcr 1 Liter Wasser. Zum Dosieren ist ein eleganter Spritzeinsatz integriert. <\/span><\/p>\n<p><span class=\"a-list-item\"> \u2714 [UMWELTSCHONENDER] Der Milchsystemreiniger ist nicht nur effektiver, sondern verzichtet auch vollst\u00e4ndig auf Phosphate \u2013 der Umwelt zuliebe. <\/span><\/p>\n<p><span class=\"a-list-item\"> \u2714 [BMUT-QUALIT\u00c4T \u2013 MADE IN GERMANY] Laufende Qualit\u00e4tsuntersuchungen und Laborkontrollen gew\u00e4hrleisten die hohe Produktqualit\u00e4t. Abf\u00fcllung in Deutschland &amp; die Formel wurde in Deutschland entwickelt. <\/span><\/p>\n","protected":false},"excerpt":{"rendered":"<ul>\n<li>\n<h5>2\u00d71000 ml Milchreiniger \/ Milchsystemreiniger f\u00fcr je 34 Anwendungen<\/h5>\n<\/li>\n<li>\n<h5>Hohe Reinigungskraft<\/h5>\n<\/li>\n<li>\n<h5>Top bewertetes Produkt in Europa<\/h5>\n<\/li>\n<li>\n<h5>Nachhaltig &amp; abbaubar<\/h5>\n<\/li>\n<li>\n<h5><strong>Geeignet f\u00fcr:<\/strong>\u00a0Siemens, Miele, Nespresso, Delonghi, Braun, Cuisinart, Tassimo, Krups, Saeco und viele mehr!<\/h5>\n<\/li>\n<\/ul>","protected":false},"featured_media":5700,"comment_status":"open","ping_status":"closed","template":"","meta":[],"product_brand":[],"product_cat":[92],"product_tag":[125,127,126],"class_list":{"0":"post-5699","1":"product","2":"type-product","3":"status-publish","4":"has-post-thumbnail","6":"product_cat-reinigung","7":"product_tag-milchreiniger","8":"product_tag-milchschuamreiniger","9":"product_tag-milchsystemreiniger","11":"first","12":"instock","13":"sale","14":"taxable","15":"shipping-taxable","16":"purchasable","17":"product-type-simple","18":"czr-hentry"},"yoast_head":"<!-- This site is optimized with the Yoast SEO plugin v27.3 - https:\/\/yoast.com\/product\/yoast-seo-wordpress\/ -->\n<title>2x1000ml Milchsystemreiniger (34 Anwendungen) f\u00fcr Kaffeevollautomat Milchsch\u00e4umer \u2013 Milchschaumreiniger \u2013 Universal-Reiniger fl\u00fcssig f\u00fcr alle Marken - BMUT\u00ae<\/title>\n<meta name=\"robots\" content=\"index, follow, max-snippet:-1, max-image-preview:large, max-video-preview:-1\" \/>\n<link rel=\"canonical\" href=\"https:\/\/www.bmut.de\/en\/product\/2x1000ml-milchsystemreiniger-34-anwendungen-fuer-kaffeevollautomat-milchschaeumer-milchschaumreiniger-universal-reiniger-fluessig-fuer-alle-marken\/\" \/>\n<meta property=\"og:locale\" content=\"en_GB\" \/>\n<meta property=\"og:type\" content=\"article\" \/>\n<meta property=\"og:title\" content=\"2x1000ml Milchsystemreiniger (34 Anwendungen) f\u00fcr Kaffeevollautomat Milchsch\u00e4umer \u2013 Milchschaumreiniger \u2013 Universal-Reiniger fl\u00fcssig f\u00fcr alle Marken - BMUT\u00ae\" \/>\n<meta property=\"og:description\" content=\"2\u00d71000 ml Milchreiniger \/ Milchsystemreiniger f\u00fcr je 34 Anwendungen    Hohe Reinigungskraft    Top bewertetes Produkt in Europa    Nachhaltig &amp; abbaubar    Geeignet f\u00fcr:\u00a0Siemens, Miele, Nespresso, Delonghi, Braun, Cuisinart, Tassimo, Krups, Saeco und viele mehr!\" \/>\n<meta property=\"og:url\" content=\"https:\/\/www.bmut.de\/en\/product\/2x1000ml-milchsystemreiniger-34-anwendungen-fuer-kaffeevollautomat-milchschaeumer-milchschaumreiniger-universal-reiniger-fluessig-fuer-alle-marken\/\" \/>\n<meta property=\"og:site_name\" content=\"BMUT\u00ae\" \/>\n<meta property=\"article:modified_time\" content=\"2023-01-28T12:09:50+00:00\" \/>\n<meta property=\"og:image\" content=\"https:\/\/www.bmut.de\/wp-content\/uploads\/2023\/01\/Milchsystemreiniger.jpg\" \/>\n\t<meta property=\"og:image:width\" content=\"1200\" \/>\n\t<meta property=\"og:image:height\" content=\"1200\" \/>\n\t<meta property=\"og:image:type\" content=\"image\/jpeg\" \/>\n<meta name=\"twitter:card\" content=\"summary_large_image\" \/>\n<meta name=\"twitter:label1\" content=\"Estimated reading time\" \/>\n\t<meta name=\"twitter:data1\" content=\"1 minute\" \/>\n<script type=\"application\/ld+json\" class=\"yoast-schema-graph\">{\"@context\":\"https:\\\/\\\/schema.org\",\"@graph\":[{\"@type\":\"WebPage\",\"@id\":\"https:\\\/\\\/www.bmut.de\\\/product\\\/2x1000ml-milchsystemreiniger-34-anwendungen-fuer-kaffeevollautomat-milchschaeumer-milchschaumreiniger-universal-reiniger-fluessig-fuer-alle-marken\\\/\",\"url\":\"https:\\\/\\\/www.bmut.de\\\/product\\\/2x1000ml-milchsystemreiniger-34-anwendungen-fuer-kaffeevollautomat-milchschaeumer-milchschaumreiniger-universal-reiniger-fluessig-fuer-alle-marken\\\/\",\"name\":\"2x1000ml Milchsystemreiniger (34 Anwendungen) f\u00fcr Kaffeevollautomat Milchsch\u00e4umer \u2013 Milchschaumreiniger \u2013 Universal-Reiniger fl\u00fcssig f\u00fcr alle Marken - BMUT\u00ae\",\"isPartOf\":{\"@id\":\"https:\\\/\\\/www.bmut.de\\\/#website\"},\"primaryImageOfPage\":{\"@id\":\"https:\\\/\\\/www.bmut.de\\\/product\\\/2x1000ml-milchsystemreiniger-34-anwendungen-fuer-kaffeevollautomat-milchschaeumer-milchschaumreiniger-universal-reiniger-fluessig-fuer-alle-marken\\\/#primaryimage\"},\"image\":{\"@id\":\"https:\\\/\\\/www.bmut.de\\\/product\\\/2x1000ml-milchsystemreiniger-34-anwendungen-fuer-kaffeevollautomat-milchschaeumer-milchschaumreiniger-universal-reiniger-fluessig-fuer-alle-marken\\\/#primaryimage\"},\"thumbnailUrl\":\"https:\\\/\\\/www.bmut.de\\\/wp-content\\\/uploads\\\/2023\\\/01\\\/Milchsystemreiniger.jpg\",\"datePublished\":\"2023-01-28T11:53:35+00:00\",\"dateModified\":\"2023-01-28T12:09:50+00:00\",\"breadcrumb\":{\"@id\":\"https:\\\/\\\/www.bmut.de\\\/product\\\/2x1000ml-milchsystemreiniger-34-anwendungen-fuer-kaffeevollautomat-milchschaeumer-milchschaumreiniger-universal-reiniger-fluessig-fuer-alle-marken\\\/#breadcrumb\"},\"inLanguage\":\"en-GB\",\"potentialAction\":[{\"@type\":\"ReadAction\",\"target\":[\"https:\\\/\\\/www.bmut.de\\\/product\\\/2x1000ml-milchsystemreiniger-34-anwendungen-fuer-kaffeevollautomat-milchschaeumer-milchschaumreiniger-universal-reiniger-fluessig-fuer-alle-marken\\\/\"]}]},{\"@type\":\"ImageObject\",\"inLanguage\":\"en-GB\",\"@id\":\"https:\\\/\\\/www.bmut.de\\\/product\\\/2x1000ml-milchsystemreiniger-34-anwendungen-fuer-kaffeevollautomat-milchschaeumer-milchschaumreiniger-universal-reiniger-fluessig-fuer-alle-marken\\\/#primaryimage\",\"url\":\"https:\\\/\\\/www.bmut.de\\\/wp-content\\\/uploads\\\/2023\\\/01\\\/Milchsystemreiniger.jpg\",\"contentUrl\":\"https:\\\/\\\/www.bmut.de\\\/wp-content\\\/uploads\\\/2023\\\/01\\\/Milchsystemreiniger.jpg\",\"width\":1200,\"height\":1200},{\"@type\":\"BreadcrumbList\",\"@id\":\"https:\\\/\\\/www.bmut.de\\\/product\\\/2x1000ml-milchsystemreiniger-34-anwendungen-fuer-kaffeevollautomat-milchschaeumer-milchschaumreiniger-universal-reiniger-fluessig-fuer-alle-marken\\\/#breadcrumb\",\"itemListElement\":[{\"@type\":\"ListItem\",\"position\":1,\"name\":\"Startseite\",\"item\":\"https:\\\/\\\/www.bmut.de\\\/\"},{\"@type\":\"ListItem\",\"position\":2,\"name\":\"Shop\",\"item\":\"https:\\\/\\\/www.bmut.de\\\/shop\\\/\"},{\"@type\":\"ListItem\",\"position\":3,\"name\":\"2x1000ml Milchsystemreiniger (34 Anwendungen) f\u00fcr Kaffeevollautomat Milchsch\u00e4umer \u2013 Milchschaumreiniger \u2013 Universal-Reiniger fl\u00fcssig f\u00fcr alle Marken\"}]},{\"@type\":\"WebSite\",\"@id\":\"https:\\\/\\\/www.bmut.de\\\/#website\",\"url\":\"https:\\\/\\\/www.bmut.de\\\/\",\"name\":\"BMUT\u00ae\",\"description\":\"\",\"potentialAction\":[{\"@type\":\"SearchAction\",\"target\":{\"@type\":\"EntryPoint\",\"urlTemplate\":\"https:\\\/\\\/www.bmut.de\\\/?s={search_term_string}\"},\"query-input\":{\"@type\":\"PropertyValueSpecification\",\"valueRequired\":true,\"valueName\":\"search_term_string\"}}],\"inLanguage\":\"en-GB\"}]}<\/script>\n<!-- \/ Yoast SEO plugin. -->","yoast_head_json":{"title":"2x1000ml Milchsystemreiniger (34 Anwendungen) f\u00fcr Kaffeevollautomat Milchsch\u00e4umer \u2013 Milchschaumreiniger \u2013 Universal-Reiniger fl\u00fcssig f\u00fcr alle Marken - BMUT\u00ae","robots":{"index":"index","follow":"follow","max-snippet":"max-snippet:-1","max-image-preview":"max-image-preview:large","max-video-preview":"max-video-preview:-1"},"canonical":"https:\/\/www.bmut.de\/en\/product\/2x1000ml-milchsystemreiniger-34-anwendungen-fuer-kaffeevollautomat-milchschaeumer-milchschaumreiniger-universal-reiniger-fluessig-fuer-alle-marken\/","og_locale":"en_GB","og_type":"article","og_title":"2x1000ml Milchsystemreiniger (34 Anwendungen) f\u00fcr Kaffeevollautomat Milchsch\u00e4umer \u2013 Milchschaumreiniger \u2013 Universal-Reiniger fl\u00fcssig f\u00fcr alle Marken - BMUT\u00ae","og_description":"2\u00d71000 ml Milchreiniger \/ Milchsystemreiniger f\u00fcr je 34 Anwendungen    Hohe Reinigungskraft    Top bewertetes Produkt in Europa    Nachhaltig &amp; abbaubar    Geeignet f\u00fcr:\u00a0Siemens, Miele, Nespresso, Delonghi, Braun, Cuisinart, Tassimo, Krups, Saeco und viele mehr!","og_url":"https:\/\/www.bmut.de\/en\/product\/2x1000ml-milchsystemreiniger-34-anwendungen-fuer-kaffeevollautomat-milchschaeumer-milchschaumreiniger-universal-reiniger-fluessig-fuer-alle-marken\/","og_site_name":"BMUT\u00ae","article_modified_time":"2023-01-28T12:09:50+00:00","og_image":[{"width":1200,"height":1200,"url":"https:\/\/www.bmut.de\/wp-content\/uploads\/2023\/01\/Milchsystemreiniger.jpg","type":"image\/jpeg"}],"twitter_card":"summary_large_image","twitter_misc":{"Estimated reading time":"1 minute"},"schema":{"@context":"https:\/\/schema.org","@graph":[{"@type":"WebPage","@id":"https:\/\/www.bmut.de\/product\/2x1000ml-milchsystemreiniger-34-anwendungen-fuer-kaffeevollautomat-milchschaeumer-milchschaumreiniger-universal-reiniger-fluessig-fuer-alle-marken\/","url":"https:\/\/www.bmut.de\/product\/2x1000ml-milchsystemreiniger-34-anwendungen-fuer-kaffeevollautomat-milchschaeumer-milchschaumreiniger-universal-reiniger-fluessig-fuer-alle-marken\/","name":"2x1000ml Milchsystemreiniger (34 Anwendungen) f\u00fcr Kaffeevollautomat Milchsch\u00e4umer \u2013 Milchschaumreiniger \u2013 Universal-Reiniger fl\u00fcssig f\u00fcr alle Marken - BMUT\u00ae","isPartOf":{"@id":"https:\/\/www.bmut.de\/#website"},"primaryImageOfPage":{"@id":"https:\/\/www.bmut.de\/product\/2x1000ml-milchsystemreiniger-34-anwendungen-fuer-kaffeevollautomat-milchschaeumer-milchschaumreiniger-universal-reiniger-fluessig-fuer-alle-marken\/#primaryimage"},"image":{"@id":"https:\/\/www.bmut.de\/product\/2x1000ml-milchsystemreiniger-34-anwendungen-fuer-kaffeevollautomat-milchschaeumer-milchschaumreiniger-universal-reiniger-fluessig-fuer-alle-marken\/#primaryimage"},"thumbnailUrl":"https:\/\/www.bmut.de\/wp-content\/uploads\/2023\/01\/Milchsystemreiniger.jpg","datePublished":"2023-01-28T11:53:35+00:00","dateModified":"2023-01-28T12:09:50+00:00","breadcrumb":{"@id":"https:\/\/www.bmut.de\/product\/2x1000ml-milchsystemreiniger-34-anwendungen-fuer-kaffeevollautomat-milchschaeumer-milchschaumreiniger-universal-reiniger-fluessig-fuer-alle-marken\/#breadcrumb"},"inLanguage":"en-GB","potentialAction":[{"@type":"ReadAction","target":["https:\/\/www.bmut.de\/product\/2x1000ml-milchsystemreiniger-34-anwendungen-fuer-kaffeevollautomat-milchschaeumer-milchschaumreiniger-universal-reiniger-fluessig-fuer-alle-marken\/"]}]},{"@type":"ImageObject","inLanguage":"en-GB","@id":"https:\/\/www.bmut.de\/product\/2x1000ml-milchsystemreiniger-34-anwendungen-fuer-kaffeevollautomat-milchschaeumer-milchschaumreiniger-universal-reiniger-fluessig-fuer-alle-marken\/#primaryimage","url":"https:\/\/www.bmut.de\/wp-content\/uploads\/2023\/01\/Milchsystemreiniger.jpg","contentUrl":"https:\/\/www.bmut.de\/wp-content\/uploads\/2023\/01\/Milchsystemreiniger.jpg","width":1200,"height":1200},{"@type":"BreadcrumbList","@id":"https:\/\/www.bmut.de\/product\/2x1000ml-milchsystemreiniger-34-anwendungen-fuer-kaffeevollautomat-milchschaeumer-milchschaumreiniger-universal-reiniger-fluessig-fuer-alle-marken\/#breadcrumb","itemListElement":[{"@type":"ListItem","position":1,"name":"Startseite","item":"https:\/\/www.bmut.de\/"},{"@type":"ListItem","position":2,"name":"Shop","item":"https:\/\/www.bmut.de\/shop\/"},{"@type":"ListItem","position":3,"name":"2x1000ml Milchsystemreiniger (34 Anwendungen) f\u00fcr Kaffeevollautomat Milchsch\u00e4umer \u2013 Milchschaumreiniger \u2013 Universal-Reiniger fl\u00fcssig f\u00fcr alle Marken"}]},{"@type":"WebSite","@id":"https:\/\/www.bmut.de\/#website","url":"https:\/\/www.bmut.de\/","name":"BMUT\u00ae","description":"","potentialAction":[{"@type":"SearchAction","target":{"@type":"EntryPoint","urlTemplate":"https:\/\/www.bmut.de\/?s={search_term_string}"},"query-input":{"@type":"PropertyValueSpecification","valueRequired":true,"valueName":"search_term_string"}}],"inLanguage":"en-GB"}]}},"jetpack_sharing_enabled":true,"_links":{"self":[{"href":"https:\/\/www.bmut.de\/en\/wp-json\/wp\/v2\/product\/5699","targetHints":{"allow":["GET"]}}],"collection":[{"href":"https:\/\/www.bmut.de\/en\/wp-json\/wp\/v2\/product"}],"about":[{"href":"https:\/\/www.bmut.de\/en\/wp-json\/wp\/v2\/types\/product"}],"replies":[{"embeddable":true,"href":"https:\/\/www.bmut.de\/en\/wp-json\/wp\/v2\/comments?post=5699"}],"wp:featuredmedia":[{"embeddable":true,"href":"https:\/\/www.bmut.de\/en\/wp-json\/wp\/v2\/media\/5700"}],"wp:attachment":[{"href":"https:\/\/www.bmut.de\/en\/wp-json\/wp\/v2\/media?parent=5699"}],"wp:term":[{"taxonomy":"product_brand","embeddable":true,"href":"https:\/\/www.bmut.de\/en\/wp-json\/wp\/v2\/product_brand?post=5699"},{"taxonomy":"product_cat","embeddable":true,"href":"https:\/\/www.bmut.de\/en\/wp-json\/wp\/v2\/product_cat?post=5699"},{"taxonomy":"product_tag","embeddable":true,"href":"https:\/\/www.bmut.de\/en\/wp-json\/wp\/v2\/product_tag?post=5699"}],"curies":[{"name":"wp","href":"https:\/\/api.w.org\/{rel}","templated":true}]}}