{"id":859,"date":"2021-10-27T09:52:03","date_gmt":"2021-10-27T07:52:03","guid":{"rendered":"https:\/\/www.bmut.de\/?post_type=product&#038;p=859"},"modified":"2024-08-03T14:43:37","modified_gmt":"2024-08-03T12:43:37","slug":"300ml-03-chlordioxid-cdl-cds-loesung-in-glasflasche-mit-pipette","status":"publish","type":"product","link":"https:\/\/www.bmut.de\/en\/product\/300ml-03-chlordioxid-cdl-cds-loesung-in-glasflasche-mit-pipette\/","title":{"rendered":"3x 100ml 0,3% Chlordioxid CDL\/CDS L\u00f6sung in Glasflasche mit Pipette (300ml)"},"content":{"rendered":"<p><strong>CHLORDIOXID 0,3%-tige L\u00d6SUNG:<\/strong><\/p>\n<p style=\"font-weight: 400;\">Auch als CDS oder CDL bekannt und wird zur Trinkwasseraufbereitung verwendet.\u00a0Im Anwendungsfall 1-2 Tropfen auf einen Liter Wasser sind ausreichend.<\/p>\n<p><strong>IN DEUTSCHLAND\u00a0HERGESTELLT:\u00a0<\/strong><\/p>\n<p>Die\u00a00,3%-tige Chlordioxid L\u00f6sung wird unter h\u00f6chsten Qualit\u00e4tsanforderungen hergestellt, direkt abgef\u00fcllt und vor Lichtquellen gesch\u00fctzt um die Haltbarkeit zu gew\u00e4hrleisten.<\/p>\n<p><strong>ZERTIFIZIERT UND GEPR\u00dcFT:<\/strong><\/p>\n<p>Die 0,3%-tige Chlordioxid L\u00f6sung ist nach der Boizidverordnung zur Trinkwasseraufbereitung zertifiziert, Registriernummer: N-100091.<\/p>\n<p><strong>WAS IST CDL CHLORDIOXID L\u00d6SUNG?\u00a0<\/strong><\/p>\n<p>In Deutschland regelt \u00a7 11 der Trinkwasserverordnung, sowie eine darin genannte Substanzliste des Bundesministeriums f\u00fcr Gesundheit, welche Substanzen Trinkwasser zugesetzt werden d\u00fcrfen und somit, welche Verfahren zur Trinkwasserdesinfektion zugelassen sind.<\/p>\n<p>Die Liste f\u00fchrt zudem f\u00fcr Chlordioxid die Arbeitsbl\u00e4tter W 224 und W 624 des DVGW (Deutscher Verein des Gas- und Wasserfaches) auf. Die in den Arbeitsbl\u00e4ttern beschriebenen Herstellverfahren werden zur Herstellung von Chlordioxid eingesetzt. Beschrieben sind dort der Gebrauch zur Trinkwasseraufbereitung.<\/p>\n<p><strong>LAGERUNG:\u00a0<\/strong><\/p>\n<p>Lichtgesch\u00fctzt, insbesondere vor Sonne, und k\u00fchl (unter 11 Grad Celsius, z.B. im K\u00fchlschrank) aufrecht stehend lagern. Kinder d\u00fcrfen keinen Zugriff auf die Flasche haben. Daher bitte sicher und entfernt aufbewahren.<\/p>\n<p><strong>DOSIERUNG:\u00a0<\/strong><\/p>\n<p>Das Produkt ist zur Desinfektion von Trinkwasser hergestellt und zugelassen: Trinkwasser mit 1 Tropfen auf 0,5l Wasser oder 2 Tropfen auf 1l Wasser desinfizieren. Die Angabe kann vom Verschmutzungsgrad des Trinkwassers abweichen.<\/p>\n<p><strong>INHALTSSTOFFE:\u00a0<\/strong><\/p>\n<p>Chlordioxid (0,3%) in w\u00e4ssriger L\u00f6sung<\/p>\n<p><strong>PRODUKTSPEZIFIKATION:<\/strong><\/p>\n<p>Meldung nach Biozidverordnung zur Trinkwasseraufbereitung<\/p>\n<p>Registriernummer N-100091<\/p>\n<p>CAS Nr. 10049-04-4<\/p>\n<p>EC-Nr. 233-162-8<\/p>\n<p><strong>WARNHINWEIS:\u00a0<\/strong><\/p>\n<p>ACHTUNG!<\/p>\n<p>Dies ist ein Biozid-Produkt! Bitte fachkundig und vorsichtig verwenden. Vor dem Gebrauch stets das Produktetikett und die Produktinformationen lesen.<\/p>","protected":false},"excerpt":{"rendered":"<ul>\n<li>3x Flaschen mit je 100ml<\/li>\n<li>Inkl. Pipette zum genauen Dosieren<\/li>\n<li>0,3% ige Chlordioxidl\u00f6sung zur Trinkwasseraufbereitung<\/li>\n<li>H\u00f6chste Reinheit &amp; Stabilit\u00e4t<\/li>\n<li>Shipping within 24 hours<\/li>\n<\/ul>","protected":false},"featured_media":10089,"comment_status":"open","ping_status":"closed","template":"","meta":[],"product_brand":[],"product_cat":[59],"product_tag":[],"class_list":{"0":"post-859","1":"product","2":"type-product","3":"status-publish","4":"has-post-thumbnail","6":"product_cat-wasseraufbereitung","7":"product_shipping_class-dhl-paket","9":"first","10":"instock","11":"taxable","12":"shipping-taxable","13":"purchasable","14":"product-type-simple","15":"czr-hentry"},"yoast_head":"<!-- This site is optimized with the Yoast SEO plugin v27.3 - https:\/\/yoast.com\/product\/yoast-seo-wordpress\/ -->\n<title>3x 100ml 0,3% Chlordioxid CDL\/CDS L\u00f6sung in Glasflasche mit Pipette (300ml) - BMUT\u00ae<\/title>\n<meta name=\"robots\" content=\"index, follow, max-snippet:-1, max-image-preview:large, max-video-preview:-1\" \/>\n<link rel=\"canonical\" href=\"https:\/\/www.bmut.de\/en\/product\/300ml-03-chlordioxid-cdl-cds-loesung-in-glasflasche-mit-pipette\/\" \/>\n<meta property=\"og:locale\" content=\"en_GB\" \/>\n<meta property=\"og:type\" content=\"article\" \/>\n<meta property=\"og:title\" content=\"3x 100ml 0,3% Chlordioxid CDL\/CDS L\u00f6sung in Glasflasche mit Pipette (300ml) - BMUT\u00ae\" \/>\n<meta property=\"og:description\" content=\"3x Flaschen mit je 100ml  Inkl. Pipette zum genauen Dosieren  0,3% ige Chlordioxidl\u00f6sung zur Trinkwasseraufbereitung  H\u00f6chste Reinheit &amp; Stabilit\u00e4t  Versand innerhalb 24h\" \/>\n<meta property=\"og:url\" content=\"https:\/\/www.bmut.de\/en\/product\/300ml-03-chlordioxid-cdl-cds-loesung-in-glasflasche-mit-pipette\/\" \/>\n<meta property=\"og:site_name\" content=\"BMUT\u00ae\" \/>\n<meta property=\"article:modified_time\" content=\"2024-08-03T12:43:37+00:00\" \/>\n<meta property=\"og:image\" content=\"https:\/\/www.bmut.de\/wp-content\/uploads\/2021\/10\/Chlordioxid_CDL_3x100.jpg\" \/>\n\t<meta property=\"og:image:width\" content=\"1400\" \/>\n\t<meta property=\"og:image:height\" content=\"1400\" \/>\n\t<meta property=\"og:image:type\" content=\"image\/jpeg\" \/>\n<meta name=\"twitter:card\" content=\"summary_large_image\" \/>\n<meta name=\"twitter:label1\" content=\"Estimated reading time\" \/>\n\t<meta name=\"twitter:data1\" content=\"2 minutes\" \/>\n<script type=\"application\/ld+json\" class=\"yoast-schema-graph\">{\"@context\":\"https:\\\/\\\/schema.org\",\"@graph\":[{\"@type\":\"WebPage\",\"@id\":\"https:\\\/\\\/www.bmut.de\\\/product\\\/300ml-03-chlordioxid-cdl-cds-loesung-in-glasflasche-mit-pipette\\\/\",\"url\":\"https:\\\/\\\/www.bmut.de\\\/product\\\/300ml-03-chlordioxid-cdl-cds-loesung-in-glasflasche-mit-pipette\\\/\",\"name\":\"3x 100ml 0,3% Chlordioxid CDL\\\/CDS L\u00f6sung in Glasflasche mit Pipette (300ml) - BMUT\u00ae\",\"isPartOf\":{\"@id\":\"https:\\\/\\\/www.bmut.de\\\/#website\"},\"primaryImageOfPage\":{\"@id\":\"https:\\\/\\\/www.bmut.de\\\/product\\\/300ml-03-chlordioxid-cdl-cds-loesung-in-glasflasche-mit-pipette\\\/#primaryimage\"},\"image\":{\"@id\":\"https:\\\/\\\/www.bmut.de\\\/product\\\/300ml-03-chlordioxid-cdl-cds-loesung-in-glasflasche-mit-pipette\\\/#primaryimage\"},\"thumbnailUrl\":\"https:\\\/\\\/www.bmut.de\\\/wp-content\\\/uploads\\\/2021\\\/10\\\/Chlordioxid_CDL_3x100.jpg\",\"datePublished\":\"2021-10-27T07:52:03+00:00\",\"dateModified\":\"2024-08-03T12:43:37+00:00\",\"breadcrumb\":{\"@id\":\"https:\\\/\\\/www.bmut.de\\\/product\\\/300ml-03-chlordioxid-cdl-cds-loesung-in-glasflasche-mit-pipette\\\/#breadcrumb\"},\"inLanguage\":\"en-GB\",\"potentialAction\":[{\"@type\":\"ReadAction\",\"target\":[\"https:\\\/\\\/www.bmut.de\\\/product\\\/300ml-03-chlordioxid-cdl-cds-loesung-in-glasflasche-mit-pipette\\\/\"]}]},{\"@type\":\"ImageObject\",\"inLanguage\":\"en-GB\",\"@id\":\"https:\\\/\\\/www.bmut.de\\\/product\\\/300ml-03-chlordioxid-cdl-cds-loesung-in-glasflasche-mit-pipette\\\/#primaryimage\",\"url\":\"https:\\\/\\\/www.bmut.de\\\/wp-content\\\/uploads\\\/2021\\\/10\\\/Chlordioxid_CDL_3x100.jpg\",\"contentUrl\":\"https:\\\/\\\/www.bmut.de\\\/wp-content\\\/uploads\\\/2021\\\/10\\\/Chlordioxid_CDL_3x100.jpg\",\"width\":1400,\"height\":1400},{\"@type\":\"BreadcrumbList\",\"@id\":\"https:\\\/\\\/www.bmut.de\\\/product\\\/300ml-03-chlordioxid-cdl-cds-loesung-in-glasflasche-mit-pipette\\\/#breadcrumb\",\"itemListElement\":[{\"@type\":\"ListItem\",\"position\":1,\"name\":\"Startseite\",\"item\":\"https:\\\/\\\/www.bmut.de\\\/\"},{\"@type\":\"ListItem\",\"position\":2,\"name\":\"Shop\",\"item\":\"https:\\\/\\\/www.bmut.de\\\/shop\\\/\"},{\"@type\":\"ListItem\",\"position\":3,\"name\":\"3x 100ml 0,3% Chlordioxid CDL\\\/CDS L\u00f6sung in Glasflasche mit Pipette (300ml)\"}]},{\"@type\":\"WebSite\",\"@id\":\"https:\\\/\\\/www.bmut.de\\\/#website\",\"url\":\"https:\\\/\\\/www.bmut.de\\\/\",\"name\":\"BMUT\u00ae\",\"description\":\"\",\"potentialAction\":[{\"@type\":\"SearchAction\",\"target\":{\"@type\":\"EntryPoint\",\"urlTemplate\":\"https:\\\/\\\/www.bmut.de\\\/?s={search_term_string}\"},\"query-input\":{\"@type\":\"PropertyValueSpecification\",\"valueRequired\":true,\"valueName\":\"search_term_string\"}}],\"inLanguage\":\"en-GB\"}]}<\/script>\n<!-- \/ Yoast SEO plugin. -->","yoast_head_json":{"title":"3x 100ml 0,3% Chlordioxid CDL\/CDS L\u00f6sung in Glasflasche mit Pipette (300ml) - BMUT\u00ae","robots":{"index":"index","follow":"follow","max-snippet":"max-snippet:-1","max-image-preview":"max-image-preview:large","max-video-preview":"max-video-preview:-1"},"canonical":"https:\/\/www.bmut.de\/en\/product\/300ml-03-chlordioxid-cdl-cds-loesung-in-glasflasche-mit-pipette\/","og_locale":"en_GB","og_type":"article","og_title":"3x 100ml 0,3% Chlordioxid CDL\/CDS L\u00f6sung in Glasflasche mit Pipette (300ml) - BMUT\u00ae","og_description":"3x Flaschen mit je 100ml  Inkl. Pipette zum genauen Dosieren  0,3% ige Chlordioxidl\u00f6sung zur Trinkwasseraufbereitung  H\u00f6chste Reinheit &amp; Stabilit\u00e4t  Versand innerhalb 24h","og_url":"https:\/\/www.bmut.de\/en\/product\/300ml-03-chlordioxid-cdl-cds-loesung-in-glasflasche-mit-pipette\/","og_site_name":"BMUT\u00ae","article_modified_time":"2024-08-03T12:43:37+00:00","og_image":[{"width":1400,"height":1400,"url":"https:\/\/www.bmut.de\/wp-content\/uploads\/2021\/10\/Chlordioxid_CDL_3x100.jpg","type":"image\/jpeg"}],"twitter_card":"summary_large_image","twitter_misc":{"Estimated reading time":"2 minutes"},"schema":{"@context":"https:\/\/schema.org","@graph":[{"@type":"WebPage","@id":"https:\/\/www.bmut.de\/product\/300ml-03-chlordioxid-cdl-cds-loesung-in-glasflasche-mit-pipette\/","url":"https:\/\/www.bmut.de\/product\/300ml-03-chlordioxid-cdl-cds-loesung-in-glasflasche-mit-pipette\/","name":"3x 100ml 0,3% Chlordioxid CDL\/CDS L\u00f6sung in Glasflasche mit Pipette (300ml) - BMUT\u00ae","isPartOf":{"@id":"https:\/\/www.bmut.de\/#website"},"primaryImageOfPage":{"@id":"https:\/\/www.bmut.de\/product\/300ml-03-chlordioxid-cdl-cds-loesung-in-glasflasche-mit-pipette\/#primaryimage"},"image":{"@id":"https:\/\/www.bmut.de\/product\/300ml-03-chlordioxid-cdl-cds-loesung-in-glasflasche-mit-pipette\/#primaryimage"},"thumbnailUrl":"https:\/\/www.bmut.de\/wp-content\/uploads\/2021\/10\/Chlordioxid_CDL_3x100.jpg","datePublished":"2021-10-27T07:52:03+00:00","dateModified":"2024-08-03T12:43:37+00:00","breadcrumb":{"@id":"https:\/\/www.bmut.de\/product\/300ml-03-chlordioxid-cdl-cds-loesung-in-glasflasche-mit-pipette\/#breadcrumb"},"inLanguage":"en-GB","potentialAction":[{"@type":"ReadAction","target":["https:\/\/www.bmut.de\/product\/300ml-03-chlordioxid-cdl-cds-loesung-in-glasflasche-mit-pipette\/"]}]},{"@type":"ImageObject","inLanguage":"en-GB","@id":"https:\/\/www.bmut.de\/product\/300ml-03-chlordioxid-cdl-cds-loesung-in-glasflasche-mit-pipette\/#primaryimage","url":"https:\/\/www.bmut.de\/wp-content\/uploads\/2021\/10\/Chlordioxid_CDL_3x100.jpg","contentUrl":"https:\/\/www.bmut.de\/wp-content\/uploads\/2021\/10\/Chlordioxid_CDL_3x100.jpg","width":1400,"height":1400},{"@type":"BreadcrumbList","@id":"https:\/\/www.bmut.de\/product\/300ml-03-chlordioxid-cdl-cds-loesung-in-glasflasche-mit-pipette\/#breadcrumb","itemListElement":[{"@type":"ListItem","position":1,"name":"Startseite","item":"https:\/\/www.bmut.de\/"},{"@type":"ListItem","position":2,"name":"Shop","item":"https:\/\/www.bmut.de\/shop\/"},{"@type":"ListItem","position":3,"name":"3x 100ml 0,3% Chlordioxid CDL\/CDS L\u00f6sung in Glasflasche mit Pipette (300ml)"}]},{"@type":"WebSite","@id":"https:\/\/www.bmut.de\/#website","url":"https:\/\/www.bmut.de\/","name":"BMUT\u00ae","description":"","potentialAction":[{"@type":"SearchAction","target":{"@type":"EntryPoint","urlTemplate":"https:\/\/www.bmut.de\/?s={search_term_string}"},"query-input":{"@type":"PropertyValueSpecification","valueRequired":true,"valueName":"search_term_string"}}],"inLanguage":"en-GB"}]}},"jetpack_sharing_enabled":true,"_links":{"self":[{"href":"https:\/\/www.bmut.de\/en\/wp-json\/wp\/v2\/product\/859","targetHints":{"allow":["GET"]}}],"collection":[{"href":"https:\/\/www.bmut.de\/en\/wp-json\/wp\/v2\/product"}],"about":[{"href":"https:\/\/www.bmut.de\/en\/wp-json\/wp\/v2\/types\/product"}],"replies":[{"embeddable":true,"href":"https:\/\/www.bmut.de\/en\/wp-json\/wp\/v2\/comments?post=859"}],"wp:featuredmedia":[{"embeddable":true,"href":"https:\/\/www.bmut.de\/en\/wp-json\/wp\/v2\/media\/10089"}],"wp:attachment":[{"href":"https:\/\/www.bmut.de\/en\/wp-json\/wp\/v2\/media?parent=859"}],"wp:term":[{"taxonomy":"product_brand","embeddable":true,"href":"https:\/\/www.bmut.de\/en\/wp-json\/wp\/v2\/product_brand?post=859"},{"taxonomy":"product_cat","embeddable":true,"href":"https:\/\/www.bmut.de\/en\/wp-json\/wp\/v2\/product_cat?post=859"},{"taxonomy":"product_tag","embeddable":true,"href":"https:\/\/www.bmut.de\/en\/wp-json\/wp\/v2\/product_tag?post=859"}],"curies":[{"name":"wp","href":"https:\/\/api.w.org\/{rel}","templated":true}]}}