{"id":9182,"date":"2023-12-06T14:27:42","date_gmt":"2023-12-06T13:27:42","guid":{"rendered":"https:\/\/www.bmut.de\/?post_type=product&#038;p=9182"},"modified":"2024-11-11T12:02:43","modified_gmt":"2024-11-11T11:02:43","slug":"25x-16in1-trinkwasser-teststreifen-wassertester-fuer-leitungswasser-wasserqualitaet-analyse-gesamthaerte-blei-kupfer-nitrat","status":"publish","type":"product","link":"https:\/\/www.bmut.de\/en\/product\/25x-16in1-trinkwasser-teststreifen-wassertester-fuer-leitungswasser-wasserqualitaet-analyse-gesamthaerte-blei-kupfer-nitrat\/","title":{"rendered":"25x 16in1 Trinkwasser Teststreifen &#8211; Wassertester- f\u00fcr Leitungswasser Wasserqualit\u00e4t Analyse Gesamth\u00e4rte Blei Kupfer Nitrat"},"content":{"rendered":"<p>&nbsp;<\/p>\n<ul class=\"a-unordered-list a-vertical a-spacing-mini\">\n<li><span class=\"a-list-item\">\u00dcbersichtlich: In deutscher und englischer\u00a0 Sprache<\/span><\/li>\n<li><span class=\"a-list-item\">Schnellverschlussbeutel: 25x Teststreifen \u2013 16 Parameter mit einem Teststreifen \u2013 16 in 1<\/span><\/li>\n<li><span class=\"a-list-item\">\u00dcberpr\u00fcfen Sie Ihr Trinkwasser: Entweder direkt aus dem Wasserhahn oder nach Filter. Alternative Verwendung f\u00fcr Pool\/Schwimmbecken<\/span><\/li>\n<\/ul>\n<p><span style=\"font-family: Arial;\">\u00a0<\/span><\/p>\n<ul class=\"a-unordered-list a-vertical a-spacing-mini\">\n<li><span class=\"a-list-item\">Folgende Parameter:\u00a0<\/span><\/li>\n<\/ul>\n<ol>\n<li>Totale H\u00e4rte,<\/li>\n<li>Freies Chlor,<\/li>\n<li>Eisen,<\/li>\n<li>Kupfer,<\/li>\n<li>Blei,<\/li>\n<li>Nitrate,<\/li>\n<li>Nitrite,<\/li>\n<li>Kaliummonopersulfat,<\/li>\n<li>Gesamtchlor,<\/li>\n<li>Fluorid,<\/li>\n<li>Cyanurs\u00e4ure,<\/li>\n<li>Ammoniumchlorid,<\/li>\n<li>Bromine,<\/li>\n<li>Totale Alkalit\u00e4t,<\/li>\n<li>Karbonate,<\/li>\n<li>pH<\/li>\n<\/ol>\n<div><span style=\"font-family: Arial;\">\u00a0<\/span><\/div>\n<div>\n<ul class=\"a-unordered-list a-vertical a-spacing-mini\">\n<li><span class=\"a-list-item\">BMUT Qualit\u00e4t \u2013 h\u00f6chste Anspr\u00fcche<\/span><\/li>\n<li><span class=\"a-list-item\">Schneller Versand<\/span><\/li>\n<\/ul>\n<\/div>","protected":false},"excerpt":{"rendered":"<ul class=\"a-unordered-list a-vertical a-spacing-mini\">\n<li>16 Parameter mit einem Teststreifen<\/li>\n<li>Inhalt pro Beutel: 25 Teststreifen, luftdicht versiegelt<\/li>\n<li>Reliable<\/li>\n<li>Long durability<\/li>\n<li>Shipping within 24 hours<\/li>\n<li>Discreet packaging<\/li>\n<\/ul>","protected":false},"featured_media":9184,"comment_status":"open","ping_status":"closed","template":"","meta":[],"product_brand":[],"product_cat":[17],"product_tag":[],"class_list":{"0":"post-9182","1":"product","2":"type-product","3":"status-publish","4":"has-post-thumbnail","6":"product_cat-wassertests","7":"product_shipping_class-brief-letter","9":"first","10":"instock","11":"sale","12":"taxable","13":"shipping-taxable","14":"purchasable","15":"product-type-simple","16":"czr-hentry"},"yoast_head":"<!-- This site is optimized with the Yoast SEO plugin v27.4 - https:\/\/yoast.com\/product\/yoast-seo-wordpress\/ -->\n<title>25x 16in1 Trinkwasser Teststreifen - Wassertester- f\u00fcr Leitungswasser Wasserqualit\u00e4t Analyse Gesamth\u00e4rte Blei Kupfer Nitrat - BMUT\u00ae<\/title>\n<meta name=\"robots\" content=\"index, follow, max-snippet:-1, max-image-preview:large, max-video-preview:-1\" \/>\n<link rel=\"canonical\" href=\"https:\/\/www.bmut.de\/en\/product\/25x-16in1-trinkwasser-teststreifen-wassertester-fuer-leitungswasser-wasserqualitaet-analyse-gesamthaerte-blei-kupfer-nitrat\/\" \/>\n<meta property=\"og:locale\" content=\"en_GB\" \/>\n<meta property=\"og:type\" content=\"article\" \/>\n<meta property=\"og:title\" content=\"25x 16in1 Trinkwasser Teststreifen - Wassertester- f\u00fcr Leitungswasser Wasserqualit\u00e4t Analyse Gesamth\u00e4rte Blei Kupfer Nitrat - BMUT\u00ae\" \/>\n<meta property=\"og:description\" content=\"16 Parameter mit einem Teststreifen  Inhalt pro Beutel: 25 Teststreifen, luftdicht versiegelt  Zuverl\u00e4ssig  Lange Haltbarkeit  Versand innerhalb 24h  Diskrete Verpackung\" \/>\n<meta property=\"og:url\" content=\"https:\/\/www.bmut.de\/en\/product\/25x-16in1-trinkwasser-teststreifen-wassertester-fuer-leitungswasser-wasserqualitaet-analyse-gesamthaerte-blei-kupfer-nitrat\/\" \/>\n<meta property=\"og:site_name\" content=\"BMUT\u00ae\" \/>\n<meta property=\"article:modified_time\" content=\"2024-11-11T11:02:43+00:00\" \/>\n<meta property=\"og:image\" content=\"https:\/\/www.bmut.de\/wp-content\/uploads\/2023\/12\/Bmut-trinkwassertest-1.jpg\" \/>\n\t<meta property=\"og:image:width\" content=\"1000\" \/>\n\t<meta property=\"og:image:height\" content=\"1000\" \/>\n\t<meta property=\"og:image:type\" content=\"image\/jpeg\" \/>\n<meta name=\"twitter:card\" content=\"summary_large_image\" \/>\n<meta name=\"twitter:label1\" content=\"Estimated reading time\" \/>\n\t<meta name=\"twitter:data1\" content=\"1 minute\" \/>\n<script type=\"application\/ld+json\" class=\"yoast-schema-graph\">{\"@context\":\"https:\\\/\\\/schema.org\",\"@graph\":[{\"@type\":\"WebPage\",\"@id\":\"https:\\\/\\\/www.bmut.de\\\/product\\\/25x-16in1-trinkwasser-teststreifen-wassertester-fuer-leitungswasser-wasserqualitaet-analyse-gesamthaerte-blei-kupfer-nitrat\\\/\",\"url\":\"https:\\\/\\\/www.bmut.de\\\/product\\\/25x-16in1-trinkwasser-teststreifen-wassertester-fuer-leitungswasser-wasserqualitaet-analyse-gesamthaerte-blei-kupfer-nitrat\\\/\",\"name\":\"25x 16in1 Trinkwasser Teststreifen - Wassertester- f\u00fcr Leitungswasser Wasserqualit\u00e4t Analyse Gesamth\u00e4rte Blei Kupfer Nitrat - BMUT\u00ae\",\"isPartOf\":{\"@id\":\"https:\\\/\\\/www.bmut.de\\\/#website\"},\"primaryImageOfPage\":{\"@id\":\"https:\\\/\\\/www.bmut.de\\\/product\\\/25x-16in1-trinkwasser-teststreifen-wassertester-fuer-leitungswasser-wasserqualitaet-analyse-gesamthaerte-blei-kupfer-nitrat\\\/#primaryimage\"},\"image\":{\"@id\":\"https:\\\/\\\/www.bmut.de\\\/product\\\/25x-16in1-trinkwasser-teststreifen-wassertester-fuer-leitungswasser-wasserqualitaet-analyse-gesamthaerte-blei-kupfer-nitrat\\\/#primaryimage\"},\"thumbnailUrl\":\"https:\\\/\\\/www.bmut.de\\\/wp-content\\\/uploads\\\/2023\\\/12\\\/Bmut-trinkwassertest-1.jpg\",\"datePublished\":\"2023-12-06T13:27:42+00:00\",\"dateModified\":\"2024-11-11T11:02:43+00:00\",\"breadcrumb\":{\"@id\":\"https:\\\/\\\/www.bmut.de\\\/product\\\/25x-16in1-trinkwasser-teststreifen-wassertester-fuer-leitungswasser-wasserqualitaet-analyse-gesamthaerte-blei-kupfer-nitrat\\\/#breadcrumb\"},\"inLanguage\":\"en-GB\",\"potentialAction\":[{\"@type\":\"ReadAction\",\"target\":[\"https:\\\/\\\/www.bmut.de\\\/product\\\/25x-16in1-trinkwasser-teststreifen-wassertester-fuer-leitungswasser-wasserqualitaet-analyse-gesamthaerte-blei-kupfer-nitrat\\\/\"]}]},{\"@type\":\"ImageObject\",\"inLanguage\":\"en-GB\",\"@id\":\"https:\\\/\\\/www.bmut.de\\\/product\\\/25x-16in1-trinkwasser-teststreifen-wassertester-fuer-leitungswasser-wasserqualitaet-analyse-gesamthaerte-blei-kupfer-nitrat\\\/#primaryimage\",\"url\":\"https:\\\/\\\/www.bmut.de\\\/wp-content\\\/uploads\\\/2023\\\/12\\\/Bmut-trinkwassertest-1.jpg\",\"contentUrl\":\"https:\\\/\\\/www.bmut.de\\\/wp-content\\\/uploads\\\/2023\\\/12\\\/Bmut-trinkwassertest-1.jpg\",\"width\":1000,\"height\":1000},{\"@type\":\"BreadcrumbList\",\"@id\":\"https:\\\/\\\/www.bmut.de\\\/product\\\/25x-16in1-trinkwasser-teststreifen-wassertester-fuer-leitungswasser-wasserqualitaet-analyse-gesamthaerte-blei-kupfer-nitrat\\\/#breadcrumb\",\"itemListElement\":[{\"@type\":\"ListItem\",\"position\":1,\"name\":\"Startseite\",\"item\":\"https:\\\/\\\/www.bmut.de\\\/\"},{\"@type\":\"ListItem\",\"position\":2,\"name\":\"Shop\",\"item\":\"https:\\\/\\\/www.bmut.de\\\/shop\\\/\"},{\"@type\":\"ListItem\",\"position\":3,\"name\":\"25x 16in1 Trinkwasser Teststreifen &#8211; Wassertester- f\u00fcr Leitungswasser Wasserqualit\u00e4t Analyse Gesamth\u00e4rte Blei Kupfer Nitrat\"}]},{\"@type\":\"WebSite\",\"@id\":\"https:\\\/\\\/www.bmut.de\\\/#website\",\"url\":\"https:\\\/\\\/www.bmut.de\\\/\",\"name\":\"BMUT\u00ae\",\"description\":\"\",\"potentialAction\":[{\"@type\":\"SearchAction\",\"target\":{\"@type\":\"EntryPoint\",\"urlTemplate\":\"https:\\\/\\\/www.bmut.de\\\/?s={search_term_string}\"},\"query-input\":{\"@type\":\"PropertyValueSpecification\",\"valueRequired\":true,\"valueName\":\"search_term_string\"}}],\"inLanguage\":\"en-GB\"}]}<\/script>\n<!-- \/ Yoast SEO plugin. -->","yoast_head_json":{"title":"25x 16in1 Trinkwasser Teststreifen - Wassertester- f\u00fcr Leitungswasser Wasserqualit\u00e4t Analyse Gesamth\u00e4rte Blei Kupfer Nitrat - BMUT\u00ae","robots":{"index":"index","follow":"follow","max-snippet":"max-snippet:-1","max-image-preview":"max-image-preview:large","max-video-preview":"max-video-preview:-1"},"canonical":"https:\/\/www.bmut.de\/en\/product\/25x-16in1-trinkwasser-teststreifen-wassertester-fuer-leitungswasser-wasserqualitaet-analyse-gesamthaerte-blei-kupfer-nitrat\/","og_locale":"en_GB","og_type":"article","og_title":"25x 16in1 Trinkwasser Teststreifen - Wassertester- f\u00fcr Leitungswasser Wasserqualit\u00e4t Analyse Gesamth\u00e4rte Blei Kupfer Nitrat - BMUT\u00ae","og_description":"16 Parameter mit einem Teststreifen  Inhalt pro Beutel: 25 Teststreifen, luftdicht versiegelt  Zuverl\u00e4ssig  Lange Haltbarkeit  Versand innerhalb 24h  Diskrete Verpackung","og_url":"https:\/\/www.bmut.de\/en\/product\/25x-16in1-trinkwasser-teststreifen-wassertester-fuer-leitungswasser-wasserqualitaet-analyse-gesamthaerte-blei-kupfer-nitrat\/","og_site_name":"BMUT\u00ae","article_modified_time":"2024-11-11T11:02:43+00:00","og_image":[{"width":1000,"height":1000,"url":"https:\/\/www.bmut.de\/wp-content\/uploads\/2023\/12\/Bmut-trinkwassertest-1.jpg","type":"image\/jpeg"}],"twitter_card":"summary_large_image","twitter_misc":{"Estimated reading time":"1 minute"},"schema":{"@context":"https:\/\/schema.org","@graph":[{"@type":"WebPage","@id":"https:\/\/www.bmut.de\/product\/25x-16in1-trinkwasser-teststreifen-wassertester-fuer-leitungswasser-wasserqualitaet-analyse-gesamthaerte-blei-kupfer-nitrat\/","url":"https:\/\/www.bmut.de\/product\/25x-16in1-trinkwasser-teststreifen-wassertester-fuer-leitungswasser-wasserqualitaet-analyse-gesamthaerte-blei-kupfer-nitrat\/","name":"25x 16in1 Trinkwasser Teststreifen - Wassertester- f\u00fcr Leitungswasser Wasserqualit\u00e4t Analyse Gesamth\u00e4rte Blei Kupfer Nitrat - BMUT\u00ae","isPartOf":{"@id":"https:\/\/www.bmut.de\/#website"},"primaryImageOfPage":{"@id":"https:\/\/www.bmut.de\/product\/25x-16in1-trinkwasser-teststreifen-wassertester-fuer-leitungswasser-wasserqualitaet-analyse-gesamthaerte-blei-kupfer-nitrat\/#primaryimage"},"image":{"@id":"https:\/\/www.bmut.de\/product\/25x-16in1-trinkwasser-teststreifen-wassertester-fuer-leitungswasser-wasserqualitaet-analyse-gesamthaerte-blei-kupfer-nitrat\/#primaryimage"},"thumbnailUrl":"https:\/\/www.bmut.de\/wp-content\/uploads\/2023\/12\/Bmut-trinkwassertest-1.jpg","datePublished":"2023-12-06T13:27:42+00:00","dateModified":"2024-11-11T11:02:43+00:00","breadcrumb":{"@id":"https:\/\/www.bmut.de\/product\/25x-16in1-trinkwasser-teststreifen-wassertester-fuer-leitungswasser-wasserqualitaet-analyse-gesamthaerte-blei-kupfer-nitrat\/#breadcrumb"},"inLanguage":"en-GB","potentialAction":[{"@type":"ReadAction","target":["https:\/\/www.bmut.de\/product\/25x-16in1-trinkwasser-teststreifen-wassertester-fuer-leitungswasser-wasserqualitaet-analyse-gesamthaerte-blei-kupfer-nitrat\/"]}]},{"@type":"ImageObject","inLanguage":"en-GB","@id":"https:\/\/www.bmut.de\/product\/25x-16in1-trinkwasser-teststreifen-wassertester-fuer-leitungswasser-wasserqualitaet-analyse-gesamthaerte-blei-kupfer-nitrat\/#primaryimage","url":"https:\/\/www.bmut.de\/wp-content\/uploads\/2023\/12\/Bmut-trinkwassertest-1.jpg","contentUrl":"https:\/\/www.bmut.de\/wp-content\/uploads\/2023\/12\/Bmut-trinkwassertest-1.jpg","width":1000,"height":1000},{"@type":"BreadcrumbList","@id":"https:\/\/www.bmut.de\/product\/25x-16in1-trinkwasser-teststreifen-wassertester-fuer-leitungswasser-wasserqualitaet-analyse-gesamthaerte-blei-kupfer-nitrat\/#breadcrumb","itemListElement":[{"@type":"ListItem","position":1,"name":"Startseite","item":"https:\/\/www.bmut.de\/"},{"@type":"ListItem","position":2,"name":"Shop","item":"https:\/\/www.bmut.de\/shop\/"},{"@type":"ListItem","position":3,"name":"25x 16in1 Trinkwasser Teststreifen &#8211; Wassertester- f\u00fcr Leitungswasser Wasserqualit\u00e4t Analyse Gesamth\u00e4rte Blei Kupfer Nitrat"}]},{"@type":"WebSite","@id":"https:\/\/www.bmut.de\/#website","url":"https:\/\/www.bmut.de\/","name":"BMUT\u00ae","description":"","potentialAction":[{"@type":"SearchAction","target":{"@type":"EntryPoint","urlTemplate":"https:\/\/www.bmut.de\/?s={search_term_string}"},"query-input":{"@type":"PropertyValueSpecification","valueRequired":true,"valueName":"search_term_string"}}],"inLanguage":"en-GB"}]}},"jetpack_sharing_enabled":true,"_links":{"self":[{"href":"https:\/\/www.bmut.de\/en\/wp-json\/wp\/v2\/product\/9182","targetHints":{"allow":["GET"]}}],"collection":[{"href":"https:\/\/www.bmut.de\/en\/wp-json\/wp\/v2\/product"}],"about":[{"href":"https:\/\/www.bmut.de\/en\/wp-json\/wp\/v2\/types\/product"}],"replies":[{"embeddable":true,"href":"https:\/\/www.bmut.de\/en\/wp-json\/wp\/v2\/comments?post=9182"}],"wp:featuredmedia":[{"embeddable":true,"href":"https:\/\/www.bmut.de\/en\/wp-json\/wp\/v2\/media\/9184"}],"wp:attachment":[{"href":"https:\/\/www.bmut.de\/en\/wp-json\/wp\/v2\/media?parent=9182"}],"wp:term":[{"taxonomy":"product_brand","embeddable":true,"href":"https:\/\/www.bmut.de\/en\/wp-json\/wp\/v2\/product_brand?post=9182"},{"taxonomy":"product_cat","embeddable":true,"href":"https:\/\/www.bmut.de\/en\/wp-json\/wp\/v2\/product_cat?post=9182"},{"taxonomy":"product_tag","embeddable":true,"href":"https:\/\/www.bmut.de\/en\/wp-json\/wp\/v2\/product_tag?post=9182"}],"curies":[{"name":"wp","href":"https:\/\/api.w.org\/{rel}","templated":true}]}}