{"id":385,"date":"2021-09-21T13:11:28","date_gmt":"2021-09-21T11:11:28","guid":{"rendered":"https:\/\/www.bmut.de\/?page_id=385"},"modified":"2024-11-21T10:57:59","modified_gmt":"2024-11-21T09:57:59","slug":"agb","status":"publish","type":"page","link":"https:\/\/www.bmut.de\/fr\/agb\/","title":{"rendered":"AGB"},"content":{"rendered":"<div data-elementor-type=\"wp-page\" data-elementor-id=\"385\" class=\"elementor elementor-385\">\n\t\t\t\t\t\t<section class=\"elementor-section elementor-top-section elementor-element elementor-element-43d73edf elementor-section-boxed elementor-section-height-default elementor-section-height-default\" data-id=\"43d73edf\" data-element_type=\"section\" data-e-type=\"section\">\n\t\t\t\t\t\t<div class=\"elementor-container elementor-column-gap-default\">\n\t\t\t\t\t<div class=\"elementor-column elementor-col-100 elementor-top-column elementor-element elementor-element-2dac1bad\" data-id=\"2dac1bad\" data-element_type=\"column\" data-e-type=\"column\">\n\t\t\t<div class=\"elementor-widget-wrap elementor-element-populated\">\n\t\t\t\t\t\t<div class=\"elementor-element elementor-element-6999417 elementor-widget elementor-widget-text-editor\" data-id=\"6999417\" data-element_type=\"widget\" data-e-type=\"widget\" data-widget_type=\"text-editor.default\">\n\t\t\t\t<div class=\"elementor-widget-container\">\n\t\t\t\t\t\t\t\t\t<h3>Conditions d'utilisation<\/h3>\n<p><!-- \/wp:heading --><\/p>\n<p><!-- wp:heading {\"level\":5} --><\/p>\n<h5>1. Partenaire contractuel<\/h5>\n<p><!-- \/wp:heading --><\/p>\n<p><!-- wp:heading {\"level\":5} --><\/p>\n<h5>Sur la base des pr\u00e9sentes conditions g\u00e9n\u00e9rales (CGV) s'intervient entre le client et<\/h5>\n<p><!-- \/wp:heading --><\/p>\n<p><!-- wp:heading {\"level\":5} --><\/p>\n<h5>BMUT UG (haftungsbeschr\u00e4nkt)<br>An der Kolonnade 11<br>10117 Berlin<\/h5>\n<p><!-- \/wp:heading --><\/p>\n<p><!-- wp:heading {\"level\":5} --><\/p>\n<h5><strong>T\u00e9l\u00e9phone fixe\u00a0: <\/strong>+49 (0) 30 22009390<a href=\"https:\/\/www.oralflora.de\/\"><br><\/a><strong>e-mail<\/strong>: info@bmut.de<\/h5>\n<p><!-- \/wp:heading --><\/p>\n<p><!-- wp:heading {\"level\":5} --><\/p>\n<h5>ci-apr\u00e8s d\u00e9nomm\u00e9 le prestataire, le contrat est conclu.<\/h5>\n<p><!-- \/wp:heading --><\/p>\n<p><!-- wp:heading {\"level\":5} --><\/p>\n<h5>2. Objet du contrat<\/h5>\n<p><!-- \/wp:heading --><\/p>\n<p><!-- wp:heading {\"level\":5} --><\/p>\n<h5>Ce contrat r\u00e9git la vente de produits neufs du\/des domaine(s) d'hygi\u00e8ne bucco-dentaire via la boutique en ligne du fournisseur. Pour les d\u00e9tails de l'offre respective, il est fait r\u00e9f\u00e9rence \u00e0 la description du produit sur la page de l'offre.<\/h5>\n<p><!-- \/wp:heading --><\/p>\n<p><!-- wp:heading {\"level\":5} --><\/p>\n<h5>3. Conclusion du contrat<\/h5>\n<p><!-- \/wp:heading --><\/p>\n<p><!-- wp:heading {\"level\":5} --><\/p>\n<h5>Le contrat est conclu exclusivement dans les transactions commerciales \u00e9lectroniques via le syst\u00e8me de la boutique. Les offres pr\u00e9sent\u00e9es constituent une invitation sans engagement \u00e0 soumettre une offre par le biais de la commande du client, que le prestataire peut alors accepter.<\/h5>\n<p><!-- \/wp:heading --><\/p>\n<p><!-- wp:heading {\"level\":5} --><\/p>\n<h5>Le processus de commande pour la conclusion du contrat comprend les \u00e9tapes suivantes dans le syst\u00e8me de la boutique\u00a0:<\/h5>\n<p><!-- \/wp:heading --><\/p>\n<p><!-- wp:list --><\/p>\n<ul>\n<li>S\u00e9lection de l'offre dans la sp\u00e9cification souhait\u00e9e (taille, couleur, nombre)<\/li>\n<li>Placer l'offre dans le panier<\/li>\n<li>Cliquez sur le bouton 'commander'<\/li>\n<li>Saisissez l'adresse de facturation et de livraison<\/li>\n<li>S\u00e9lection du mode de paiement<\/li>\n<li>Examen et traitement de la commande et de toutes les entr\u00e9es<\/li>\n<li>Cliquez sur le bouton 'Acheter maintenant'<\/li>\n<li>E-mail de confirmation que la commande a \u00e9t\u00e9 re\u00e7ue<\/li>\n<\/ul>\n<p><!-- \/wp:list --><\/p>\n<p><!-- wp:heading {\"level\":5} --><\/p>\n<h5>Le contrat est conclu lors de l'envoi de la confirmation de commande.<\/h5>\n<p><!-- \/wp:heading --><\/p>\n<p><!-- wp:heading {\"level\":5} --><\/p>\n<h5>4. Dur\u00e9e du contrat<\/h5>\n<p><!-- \/wp:heading --><\/p>\n<p><!-- wp:heading {\"level\":5} --><\/p>\n<h5>Sous r\u00e9serve de r\u00e9siliation, le contrat a une dur\u00e9e de 1 livraisons. Le prix total des services pendant la dur\u00e9e du contrat est de 0 \u20ac.<\/h5>\n<p><!-- \/wp:heading --><\/p>\n<p><!-- wp:heading {\"level\":5} --><\/p>\n<h5>5. R\u00e9servations<\/h5>\n<p><!-- \/wp:heading --><\/p>\n<p><!-- wp:heading {\"level\":5} --><\/p>\n<h5>Le prestataire se r\u00e9serve le droit de ne pas fournir le service promis en cas d'indisponibilit\u00e9 du service.<\/h5>\n<p><!-- \/wp:heading --><\/p>\n<p><!-- wp:heading {\"level\":5} --><\/p>\n<h5>6. Prix, frais d'exp\u00e9dition, frais de retour<\/h5>\n<p><!-- \/wp:heading --><\/p>\n<p><!-- wp:heading {\"level\":5} --><\/p>\n<h5>Tous les prix sont des prix d\u00e9finitifs et incluent la taxe de vente l\u00e9gale. Les frais de livraison forfaitaires suivants s'appliquent \u00e0 chaque commande : Allemagne : 0-4,99 \u20ac UE : 13,99 \u20ac. En cas de livraisons partielles, le forfait ne s'applique qu'une seule fois. Il n'y a pas de frais suppl\u00e9mentaires pour l'exp\u00e9dition. S'il existe un droit de r\u00e9tractation et si celui-ci est utilis\u00e9, le client supporte les frais de retour.<\/h5>\n<p><!-- \/wp:heading --><\/p>\n<p><!-- wp:heading {\"level\":5} --><\/p>\n<h5>7. Conditions de paiement<\/h5>\n<p><!-- \/wp:heading --><\/p>\n<p><!-- wp:heading {\"level\":5} --><\/p>\n<h5>Le client dispose uniquement des options de paiement suivantes : virement, contre-remboursement, prestataire de paiement (PayPal). Les autres modes de paiement ne sont pas propos\u00e9s et seront rejet\u00e9s.<br>Apr\u00e8s r\u00e9ception de la facture, qui contient toutes les informations pour le transfert et est envoy\u00e9e avec la livraison, le montant de la facture doit \u00eatre transf\u00e9r\u00e9 \u00e0 l'avance sur le compte qui y est indiqu\u00e9. Lors de l'utilisation d'un service d'entiercement \/ fournisseur de services de paiement, cela permet au fournisseur et au client de traiter les paiements entre eux. Le service de fiduciaire \/ prestataire de services de paiement transmet le paiement du client au prestataire. De plus amples informations sont disponibles sur le site Web du service de fiduciaire \/ prestataire de services de paiement respectif. Le client est tenu de payer ou de virer le montant indiqu\u00e9 sur le compte indiqu\u00e9 sur la facture dans les 14 jours suivant la r\u00e9ception de la facture. Le paiement est exigible \u00e0 compter de la date de la facture sans d\u00e9duction. Apr\u00e8s expiration du d\u00e9lai de paiement, qui est ainsi d\u00e9termin\u00e9 par le calendrier, le client est en d\u00e9faut m\u00eame sans rappel. Le droit de r\u00e9tention du client, qui ne repose pas sur la m\u00eame relation contractuelle, est exclu. La compensation avec les cr\u00e9ances du client est exclue, sauf si celles-ci sont incontest\u00e9es ou ont \u00e9t\u00e9 l\u00e9galement \u00e9tablies.<\/h5>\n<p><!-- \/wp:heading --><\/p>\n<p><!-- wp:heading {\"level\":5} --><\/p>\n<h5>8. Conditions de livraison<\/h5>\n<p><!-- \/wp:heading --><\/p>\n<p><!-- wp:heading {\"level\":5} --><\/p>\n<h5>Die Ware wird umgehend nach Eingang der Bestellung versandt. Der Versand erfolgt durchschnittlich sp\u00e4testens nach 2 Tagen. Der Unternehmer verpflichtet sich zur Lieferung am 7 Tag nach Bestelleingang. Die Regellieferzeit betr\u00e4gt 7 Tage, wenn in der Artikelbeschreibung nichts anderes angegeben ist. Der Anbieter versendet die Bestellung aus eigenem Lager, sobald die gesamte Bestellung dort vorr\u00e4tig ist. Der Kunde wird \u00fcber Verz\u00f6gerungen umgehend informiert. Hat der Anbieter ein dauerhaftes Lieferhindernis, insbesondere h\u00f6here Gewalt oder Nichtbelieferung durch eigenen Lieferanten, obwohl rechtzeitig ein entsprechendes Deckungsgesch\u00e4ft get\u00e4tigt wurde, nicht zu vertreten, so hat der Anbieter das Recht, insoweit von einem Vertrag mit dem Kunden zur\u00fcckzutreten. Der Kunde wird dar\u00fcber unverz\u00fcglich informiert und empfangene Leistungen, insbesondere Zahlungen, zur\u00fcckerstattet. Medizinprodukte sind von der R\u00fcckgabe ausgeschlossen, ebenfalls Produkte mit Siegel oder Hygienesiegel sind ebenfalls von der R\u00fcckgabe abgeschlossen. In Einzelf\u00e4llen kann das Produktbild vom tats\u00e4chlichen Produkt abweichen. Ma\u00dfgeblich ist die Produktbeschreibung.&nbsp;<\/h5>\n<p><!-- \/wp:heading --><\/p>\n<p><!-- wp:heading {\"level\":5} --><\/p>\n<h5>9. Garantie<\/h5>\n<p><!-- \/wp:heading --><\/p>\n<p><!-- wp:heading {\"level\":5} --><\/p>\n<h5>Les consommateurs ont droit \u00e0 un droit l\u00e9gal de responsabilit\u00e9 pour les d\u00e9fauts conform\u00e9ment aux dispositions pertinentes du Code civil allemand (BGB) pour les services offerts. En cas d'\u00e9cart par rapport \u00e0 cela, la garantie est bas\u00e9e sur les dispositions des conditions g\u00e9n\u00e9rales (CG).<\/h5>\n<p><!-- \/wp:heading --><\/p>\n<p><!-- wp:heading {\"level\":5} --><\/p>\n<h5>10. R\u00e9daction du contrat<\/h5>\n<p><!-- \/wp:heading --><\/p>\n<p><!-- wp:heading {\"level\":5} --><\/p>\n<h5>Le texte du contrat est enregistr\u00e9 par le fournisseur. Le client n'a aucun moyen d'acc\u00e9der directement au texte stock\u00e9 du contrat. Le client peut corriger les erreurs de saisie lors du processus de commande. Pour ce faire, il peut proc\u00e9der comme suit : Les champs sont toujours \u00e9ditables. Il est toujours possible d'annuler en fermant la fen\u00eatre ou avec le bouton retour.<\/h5>\n<p><!-- \/wp:heading --><\/p>\n<p><!-- wp:heading {\"level\":5} --><\/p>\n<h5>11. Clause de non-responsabilit\u00e9<\/h5>\n<p><!-- \/wp:heading --><\/p>\n<p><!-- wp:heading {\"level\":5} --><\/p>\n<h5>Les demandes de dommages et int\u00e9r\u00eats par le client sont exclues, sauf indication contraire pour les raisons suivantes. Ceci s'applique \u00e9galement aux repr\u00e9sentants et agents d'ex\u00e9cution du fournisseur si le client r\u00e9clame des dommages-int\u00e9r\u00eats \u00e0 leur encontre. Les exceptions sont les demandes de dommages-int\u00e9r\u00eats par le client en raison d'une atteinte \u00e0 la vie, \u00e0 l'int\u00e9grit\u00e9 physique, \u00e0 la sant\u00e9 ou \u00e0 des obligations contractuelles essentielles, qui doivent n\u00e9cessairement \u00eatre remplies pour atteindre l'objectif contractuel. Ceci ne s'applique pas non plus aux demandes de dommages et int\u00e9r\u00eats apr\u00e8s une faute grave ou intentionnelle par le fournisseur ou son repr\u00e9sentant l\u00e9gal ou agent d'ex\u00e9cution.<\/h5>\n<p><!-- \/wp:heading --><\/p>\n<p><!-- wp:heading {\"level\":5} --><\/p>\n<h5>12. Interdiction de cession et de mise en gage<\/h5>\n<p><!-- \/wp:heading --><\/p>\n<p><!-- wp:heading {\"level\":5} --><\/p>\n<h5>Les cr\u00e9ances ou les droits du client contre le prestataire ne peuvent \u00eatre c\u00e9d\u00e9s ou mis en gage sans son consentement, \u00e0 moins que le client n'ait d\u00e9montr\u00e9 un int\u00e9r\u00eat l\u00e9gitime \u00e0 la cession ou au nantissement.<\/h5>\n<p><!-- \/wp:heading --><\/p>\n<p><!-- wp:heading {\"level\":5} --><\/p>\n<h5>13. Langue, for et droit applicable<\/h5>\n<p><!-- \/wp:heading --><\/p>\n<p><!-- wp:heading {\"level\":5} --><\/p>\n<h5>Le contrat sera r\u00e9dig\u00e9 en allemand. La poursuite de la mise en \u0153uvre de la relation contractuelle s'effectue en allemand. Le droit de la R\u00e9publique f\u00e9d\u00e9rale d'Allemagne s'applique exclusivement. Pour les consommateurs, cela ne s'applique que dans la mesure o\u00f9 cela ne restreint aucune disposition l\u00e9gale du pays dans lequel le client a son lieu de r\u00e9sidence ou sa r\u00e9sidence habituelle.<\/h5>\n<p><!-- \/wp:heading --><\/p>\n<p><!-- wp:heading {\"level\":5} --><\/p>\n<h5>1. R\u00e8glement extrajudiciaire des litiges conform\u00e9ment \u00e0 l'article 14, paragraphe 1 de l'ODR-VO et au \u00a7 36 VSBG\u00a0:<\/h5>\n<p><!-- \/wp:heading --><\/p>\n<p><!-- wp:heading {\"level\":5} --><\/p>\n<h5>La Commission europ\u00e9enne fournit une plate-forme pour le r\u00e8glement des litiges en ligne, que vous pouvez trouver sous&nbsp;<a href=\"https:\/\/ec.europa.eu\/consumers\/odr\">https:\/\/ec.europa.eu\/consumers\/odr<\/a>&nbsp;trouve. Nous ne sommes ni oblig\u00e9s ni dispos\u00e9s \u00e0 participer \u00e0 une proc\u00e9dure de r\u00e8glement des litiges devant un conseil d'arbitrage des consommateurs.<\/h5>\n<p><!-- \/wp:heading --><\/p>\n<p><!-- wp:heading {\"level\":5} --><\/p>\n<h5><a href=\"http:\/\/www.deutsche-anwaltshotline.de\/recht-auf-ihrer-website\/agb-generator\">http:\/\/www.deutsche-anwaltshotline.de\/recht-auf-ihrer-website\/agb-generator<\/a>&nbsp;via le g\u00e9n\u00e9rateur de la Deutsche Anwaltshotline AG<\/h5>\n<p><!-- \/wp:heading --><\/p>\t\t\t\t\t\t\t\t<\/div>\n\t\t\t\t<\/div>\n\t\t\t\t\t<\/div>\n\t\t<\/div>\n\t\t\t\t\t<\/div>\n\t\t<\/section>\n\t\t\t\t<\/div>","protected":false},"excerpt":{"rendered":"<p>Allgemeine Gesch\u00e4ftsbedingungen 1. Vertragspartner Auf Grundlage dieser Allgemeinen Gesch\u00e4ftsbedingungen (AGB) kommt zwischen dem Kunden und BMUT UG (haftungsbeschr\u00e4nkt)An der Kolonnade 1110117 Berlin Festnetz: +49 (0) 30 22009390E-Mail: info@bmut.de nachfolgend Anbieter genannt, der Vertrag zustande. 2. Vertragsgegenstand Durch diesen Vertrag wird der Verkauf von neue Waren aus dem Bereich\/den Bereichen Mundhygiene \u00fcber den Online-Shop des Anbieters [&hellip;]<\/p>\n","protected":false},"author":1,"featured_media":0,"parent":0,"menu_order":0,"comment_status":"closed","ping_status":"closed","template":"","meta":{"footnotes":""},"class_list":["post-385","page","type-page","status-publish","czr-hentry"],"yoast_head":"<!-- This site is optimized with the Yoast SEO plugin v27.5 - https:\/\/yoast.com\/product\/yoast-seo-wordpress\/ -->\n<title>AGB - BMUT\u00ae<\/title>\n<meta name=\"robots\" content=\"index, follow, max-snippet:-1, max-image-preview:large, max-video-preview:-1\" \/>\n<link rel=\"canonical\" href=\"https:\/\/www.bmut.de\/fr\/agb\/\" \/>\n<meta property=\"og:locale\" content=\"fr_FR\" \/>\n<meta property=\"og:type\" content=\"article\" \/>\n<meta property=\"og:title\" content=\"AGB - BMUT\u00ae\" \/>\n<meta property=\"og:description\" content=\"Allgemeine Gesch\u00e4ftsbedingungen 1. Vertragspartner Auf Grundlage dieser Allgemeinen Gesch\u00e4ftsbedingungen (AGB) kommt zwischen dem Kunden und BMUT UG (haftungsbeschr\u00e4nkt)An der Kolonnade 1110117 Berlin Festnetz: +49 (0) 30 22009390E-Mail: info@bmut.de nachfolgend Anbieter genannt, der Vertrag zustande. 2. Vertragsgegenstand Durch diesen Vertrag wird der Verkauf von neue Waren aus dem Bereich\/den Bereichen Mundhygiene \u00fcber den Online-Shop des Anbieters [&hellip;]\" \/>\n<meta property=\"og:url\" content=\"https:\/\/www.bmut.de\/fr\/agb\/\" \/>\n<meta property=\"og:site_name\" content=\"BMUT\u00ae\" \/>\n<meta property=\"article:modified_time\" content=\"2024-11-21T09:57:59+00:00\" \/>\n<meta name=\"twitter:card\" content=\"summary_large_image\" \/>\n<meta name=\"twitter:label1\" content=\"Dur\u00e9e de lecture estim\u00e9e\" \/>\n\t<meta name=\"twitter:data1\" content=\"4 minutes\" \/>\n<script type=\"application\/ld+json\" class=\"yoast-schema-graph\">{\"@context\":\"https:\\\/\\\/schema.org\",\"@graph\":[{\"@type\":\"WebPage\",\"@id\":\"https:\\\/\\\/www.bmut.de\\\/agb\\\/\",\"url\":\"https:\\\/\\\/www.bmut.de\\\/agb\\\/\",\"name\":\"AGB - BMUT\u00ae\",\"isPartOf\":{\"@id\":\"https:\\\/\\\/www.bmut.de\\\/#website\"},\"datePublished\":\"2021-09-21T11:11:28+00:00\",\"dateModified\":\"2024-11-21T09:57:59+00:00\",\"breadcrumb\":{\"@id\":\"https:\\\/\\\/www.bmut.de\\\/agb\\\/#breadcrumb\"},\"inLanguage\":\"fr-FR\",\"potentialAction\":[{\"@type\":\"ReadAction\",\"target\":[\"https:\\\/\\\/www.bmut.de\\\/agb\\\/\"]}]},{\"@type\":\"BreadcrumbList\",\"@id\":\"https:\\\/\\\/www.bmut.de\\\/agb\\\/#breadcrumb\",\"itemListElement\":[{\"@type\":\"ListItem\",\"position\":1,\"name\":\"Startseite\",\"item\":\"https:\\\/\\\/www.bmut.de\\\/\"},{\"@type\":\"ListItem\",\"position\":2,\"name\":\"AGB\"}]},{\"@type\":\"WebSite\",\"@id\":\"https:\\\/\\\/www.bmut.de\\\/#website\",\"url\":\"https:\\\/\\\/www.bmut.de\\\/\",\"name\":\"BMUT\u00ae\",\"description\":\"\",\"potentialAction\":[{\"@type\":\"SearchAction\",\"target\":{\"@type\":\"EntryPoint\",\"urlTemplate\":\"https:\\\/\\\/www.bmut.de\\\/?s={search_term_string}\"},\"query-input\":{\"@type\":\"PropertyValueSpecification\",\"valueRequired\":true,\"valueName\":\"search_term_string\"}}],\"inLanguage\":\"fr-FR\"}]}<\/script>\n<!-- \/ Yoast SEO plugin. -->","yoast_head_json":{"title":"AGB - BMUT\u00ae","robots":{"index":"index","follow":"follow","max-snippet":"max-snippet:-1","max-image-preview":"max-image-preview:large","max-video-preview":"max-video-preview:-1"},"canonical":"https:\/\/www.bmut.de\/fr\/agb\/","og_locale":"fr_FR","og_type":"article","og_title":"AGB - BMUT\u00ae","og_description":"Allgemeine Gesch\u00e4ftsbedingungen 1. Vertragspartner Auf Grundlage dieser Allgemeinen Gesch\u00e4ftsbedingungen (AGB) kommt zwischen dem Kunden und BMUT UG (haftungsbeschr\u00e4nkt)An der Kolonnade 1110117 Berlin Festnetz: +49 (0) 30 22009390E-Mail: info@bmut.de nachfolgend Anbieter genannt, der Vertrag zustande. 2. Vertragsgegenstand Durch diesen Vertrag wird der Verkauf von neue Waren aus dem Bereich\/den Bereichen Mundhygiene \u00fcber den Online-Shop des Anbieters [&hellip;]","og_url":"https:\/\/www.bmut.de\/fr\/agb\/","og_site_name":"BMUT\u00ae","article_modified_time":"2024-11-21T09:57:59+00:00","twitter_card":"summary_large_image","twitter_misc":{"Dur\u00e9e de lecture estim\u00e9e":"4 minutes"},"schema":{"@context":"https:\/\/schema.org","@graph":[{"@type":"WebPage","@id":"https:\/\/www.bmut.de\/agb\/","url":"https:\/\/www.bmut.de\/agb\/","name":"AGB - BMUT\u00ae","isPartOf":{"@id":"https:\/\/www.bmut.de\/#website"},"datePublished":"2021-09-21T11:11:28+00:00","dateModified":"2024-11-21T09:57:59+00:00","breadcrumb":{"@id":"https:\/\/www.bmut.de\/agb\/#breadcrumb"},"inLanguage":"fr-FR","potentialAction":[{"@type":"ReadAction","target":["https:\/\/www.bmut.de\/agb\/"]}]},{"@type":"BreadcrumbList","@id":"https:\/\/www.bmut.de\/agb\/#breadcrumb","itemListElement":[{"@type":"ListItem","position":1,"name":"Startseite","item":"https:\/\/www.bmut.de\/"},{"@type":"ListItem","position":2,"name":"AGB"}]},{"@type":"WebSite","@id":"https:\/\/www.bmut.de\/#website","url":"https:\/\/www.bmut.de\/","name":"BMUT\u00ae","description":"","potentialAction":[{"@type":"SearchAction","target":{"@type":"EntryPoint","urlTemplate":"https:\/\/www.bmut.de\/?s={search_term_string}"},"query-input":{"@type":"PropertyValueSpecification","valueRequired":true,"valueName":"search_term_string"}}],"inLanguage":"fr-FR"}]}},"jetpack_sharing_enabled":true,"_links":{"self":[{"href":"https:\/\/www.bmut.de\/fr\/wp-json\/wp\/v2\/pages\/385","targetHints":{"allow":["GET"]}}],"collection":[{"href":"https:\/\/www.bmut.de\/fr\/wp-json\/wp\/v2\/pages"}],"about":[{"href":"https:\/\/www.bmut.de\/fr\/wp-json\/wp\/v2\/types\/page"}],"author":[{"embeddable":true,"href":"https:\/\/www.bmut.de\/fr\/wp-json\/wp\/v2\/users\/1"}],"replies":[{"embeddable":true,"href":"https:\/\/www.bmut.de\/fr\/wp-json\/wp\/v2\/comments?post=385"}],"version-history":[{"count":10,"href":"https:\/\/www.bmut.de\/fr\/wp-json\/wp\/v2\/pages\/385\/revisions"}],"predecessor-version":[{"id":12879,"href":"https:\/\/www.bmut.de\/fr\/wp-json\/wp\/v2\/pages\/385\/revisions\/12879"}],"wp:attachment":[{"href":"https:\/\/www.bmut.de\/fr\/wp-json\/wp\/v2\/media?parent=385"}],"curies":[{"name":"wp","href":"https:\/\/api.w.org\/{rel}","templated":true}]}}