{"id":10090,"date":"2024-02-25T13:23:54","date_gmt":"2024-02-25T12:23:54","guid":{"rendered":"https:\/\/www.bmut.de\/?post_type=product&#038;p=10090"},"modified":"2024-11-16T20:38:33","modified_gmt":"2024-11-16T19:38:33","slug":"1000ml-chlordioxid-loesung-03-cdl-cds-in-braunglasflasche-hd-pe-pipette-zum-tropfen-1-liter","status":"publish","type":"product","link":"https:\/\/www.bmut.de\/fr\/product\/1000ml-chlordioxid-loesung-03-cdl-cds-in-braunglasflasche-hd-pe-pipette-zum-tropfen-1-liter\/","title":{"rendered":"1000ml Chlordioxid-L\u00f6sung 0,3% \u2013 CDL\/CDs in Braunglasflasche &#038; HD-PE Pipette zum Tropfen (1 Liter)"},"content":{"rendered":"<p><span class=\"a-list-item\"> \u2714 [0,3% CDL-L\u00d6SUNG] Die angebotene L\u00f6sung ist eine 0,3%ige Chlordioxid-L\u00f6sung, die auch unter den Abk\u00fcrzungen CDL oder CDS bekannt ist. Zur Anwendung bei Trinkwasser oder Poolwasseraufbereitung.<\/span><\/p>\n<p><span class=\"a-list-item\"> \u2714 [1 LITER BRAUNGLASFLASCHE] Sie wird in einer Braunglasflasche abgef\u00fcllt, um den Inhalt vor Licht zu sch\u00fctzen. <\/span><\/p>\n<p><span class=\"a-list-item\"> \u2714 [MIT PIPETTE] Zur Vereinfachung des Dosierens wird eine Pipette aus HD-PE-Material mitgeliefert, die speziell f\u00fcr die L\u00f6sung geeignet ist. <\/span><\/p>\n<p><span class=\"a-list-item\"> \u2714 [SOFORT EINSETZBAR] Das Chlordioxid ist bereits aktiviert und kann direkt verwendet werden. Eine Empfehlung f\u00fcr die Dosierung lautet: 1-2 Tropfen auf 1 Liter Wasser. <\/span><\/p>\n<p><span class=\"a-list-item\"> \u2714 [MADE IN GERMANY] Die L\u00f6sung wird in Deutschland unter h\u00f6chsten Qualit\u00e4tsstandards hergestellt und abgef\u00fcllt und entspricht der Biozid-Verordnung N-110569. <\/span><\/p>\n","protected":false},"excerpt":{"rendered":"<ul>\n<li><span class=\"a-list-item\">0,3% CDL-L\u00d6SUNG<\/span><\/li>\n<li><span class=\"a-list-item\">1 LITER BRAUNGLASFLASCHE<\/span><\/li>\n<li><span class=\"a-list-item\">MIT PIPETTE<\/span><\/li>\n<li>S<span class=\"a-list-item\">OFORT EINSETZBAR<\/span><\/li>\n<li><span class=\"a-list-item\">MADE IN GERMANY<\/span><\/li>\n<li>SCHNELLER VERSAND<\/li>\n<\/ul>","protected":false},"featured_media":10091,"comment_status":"open","ping_status":"closed","template":"","meta":[],"product_brand":[],"product_cat":[59],"product_tag":[],"class_list":{"0":"post-10090","1":"product","2":"type-product","3":"status-publish","4":"has-post-thumbnail","6":"product_cat-wasseraufbereitung","7":"product_shipping_class-dhl-paket","9":"first","10":"instock","11":"sale","12":"taxable","13":"shipping-taxable","14":"purchasable","15":"product-type-simple","16":"czr-hentry"},"yoast_head":"<!-- This site is optimized with the Yoast SEO plugin v27.3 - https:\/\/yoast.com\/product\/yoast-seo-wordpress\/ -->\n<title>1000ml Chlordioxid-L\u00f6sung 0,3% \u2013 CDL\/CDs in Braunglasflasche &amp; HD-PE Pipette zum Tropfen (1 Liter) - BMUT\u00ae<\/title>\n<meta name=\"robots\" content=\"index, follow, max-snippet:-1, max-image-preview:large, max-video-preview:-1\" \/>\n<link rel=\"canonical\" href=\"https:\/\/www.bmut.de\/fr\/product\/1000ml-chlordioxid-loesung-03-cdl-cds-in-braunglasflasche-hd-pe-pipette-zum-tropfen-1-liter\/\" \/>\n<meta property=\"og:locale\" content=\"fr_FR\" \/>\n<meta property=\"og:type\" content=\"article\" \/>\n<meta property=\"og:title\" content=\"1000ml Chlordioxid-L\u00f6sung 0,3% \u2013 CDL\/CDs in Braunglasflasche &amp; HD-PE Pipette zum Tropfen (1 Liter) - BMUT\u00ae\" \/>\n<meta property=\"og:description\" content=\"0,3% CDL-L\u00d6SUNG  1 LITER BRAUNGLASFLASCHE  MIT PIPETTE  SOFORT EINSETZBAR  MADE IN GERMANY  SCHNELLER VERSAND\" \/>\n<meta property=\"og:url\" content=\"https:\/\/www.bmut.de\/fr\/product\/1000ml-chlordioxid-loesung-03-cdl-cds-in-braunglasflasche-hd-pe-pipette-zum-tropfen-1-liter\/\" \/>\n<meta property=\"og:site_name\" content=\"BMUT\u00ae\" \/>\n<meta property=\"article:modified_time\" content=\"2024-11-16T19:38:33+00:00\" \/>\n<meta property=\"og:image\" content=\"https:\/\/www.bmut.de\/wp-content\/uploads\/2024\/02\/Chlordioxid_1_Liter.jpg\" \/>\n\t<meta property=\"og:image:width\" content=\"1200\" \/>\n\t<meta property=\"og:image:height\" content=\"1080\" \/>\n\t<meta property=\"og:image:type\" content=\"image\/jpeg\" \/>\n<meta name=\"twitter:card\" content=\"summary_large_image\" \/>\n<meta name=\"twitter:label1\" content=\"Dur\u00e9e de lecture estim\u00e9e\" \/>\n\t<meta name=\"twitter:data1\" content=\"1 minute\" \/>\n<script type=\"application\/ld+json\" class=\"yoast-schema-graph\">{\"@context\":\"https:\\\/\\\/schema.org\",\"@graph\":[{\"@type\":\"WebPage\",\"@id\":\"https:\\\/\\\/www.bmut.de\\\/product\\\/1000ml-chlordioxid-loesung-03-cdl-cds-in-braunglasflasche-hd-pe-pipette-zum-tropfen-1-liter\\\/\",\"url\":\"https:\\\/\\\/www.bmut.de\\\/product\\\/1000ml-chlordioxid-loesung-03-cdl-cds-in-braunglasflasche-hd-pe-pipette-zum-tropfen-1-liter\\\/\",\"name\":\"1000ml Chlordioxid-L\u00f6sung 0,3% \u2013 CDL\\\/CDs in Braunglasflasche & HD-PE Pipette zum Tropfen (1 Liter) - BMUT\u00ae\",\"isPartOf\":{\"@id\":\"https:\\\/\\\/www.bmut.de\\\/#website\"},\"primaryImageOfPage\":{\"@id\":\"https:\\\/\\\/www.bmut.de\\\/product\\\/1000ml-chlordioxid-loesung-03-cdl-cds-in-braunglasflasche-hd-pe-pipette-zum-tropfen-1-liter\\\/#primaryimage\"},\"image\":{\"@id\":\"https:\\\/\\\/www.bmut.de\\\/product\\\/1000ml-chlordioxid-loesung-03-cdl-cds-in-braunglasflasche-hd-pe-pipette-zum-tropfen-1-liter\\\/#primaryimage\"},\"thumbnailUrl\":\"https:\\\/\\\/www.bmut.de\\\/wp-content\\\/uploads\\\/2024\\\/02\\\/Chlordioxid_1_Liter.jpg\",\"datePublished\":\"2024-02-25T12:23:54+00:00\",\"dateModified\":\"2024-11-16T19:38:33+00:00\",\"breadcrumb\":{\"@id\":\"https:\\\/\\\/www.bmut.de\\\/product\\\/1000ml-chlordioxid-loesung-03-cdl-cds-in-braunglasflasche-hd-pe-pipette-zum-tropfen-1-liter\\\/#breadcrumb\"},\"inLanguage\":\"fr-FR\",\"potentialAction\":[{\"@type\":\"ReadAction\",\"target\":[\"https:\\\/\\\/www.bmut.de\\\/product\\\/1000ml-chlordioxid-loesung-03-cdl-cds-in-braunglasflasche-hd-pe-pipette-zum-tropfen-1-liter\\\/\"]}]},{\"@type\":\"ImageObject\",\"inLanguage\":\"fr-FR\",\"@id\":\"https:\\\/\\\/www.bmut.de\\\/product\\\/1000ml-chlordioxid-loesung-03-cdl-cds-in-braunglasflasche-hd-pe-pipette-zum-tropfen-1-liter\\\/#primaryimage\",\"url\":\"https:\\\/\\\/www.bmut.de\\\/wp-content\\\/uploads\\\/2024\\\/02\\\/Chlordioxid_1_Liter.jpg\",\"contentUrl\":\"https:\\\/\\\/www.bmut.de\\\/wp-content\\\/uploads\\\/2024\\\/02\\\/Chlordioxid_1_Liter.jpg\",\"width\":1200,\"height\":1080},{\"@type\":\"BreadcrumbList\",\"@id\":\"https:\\\/\\\/www.bmut.de\\\/product\\\/1000ml-chlordioxid-loesung-03-cdl-cds-in-braunglasflasche-hd-pe-pipette-zum-tropfen-1-liter\\\/#breadcrumb\",\"itemListElement\":[{\"@type\":\"ListItem\",\"position\":1,\"name\":\"Startseite\",\"item\":\"https:\\\/\\\/www.bmut.de\\\/\"},{\"@type\":\"ListItem\",\"position\":2,\"name\":\"Shop\",\"item\":\"https:\\\/\\\/www.bmut.de\\\/shop\\\/\"},{\"@type\":\"ListItem\",\"position\":3,\"name\":\"1000ml Chlordioxid-L\u00f6sung 0,3% \u2013 CDL\\\/CDs in Braunglasflasche &#038; HD-PE Pipette zum Tropfen (1 Liter)\"}]},{\"@type\":\"WebSite\",\"@id\":\"https:\\\/\\\/www.bmut.de\\\/#website\",\"url\":\"https:\\\/\\\/www.bmut.de\\\/\",\"name\":\"BMUT\u00ae\",\"description\":\"\",\"potentialAction\":[{\"@type\":\"SearchAction\",\"target\":{\"@type\":\"EntryPoint\",\"urlTemplate\":\"https:\\\/\\\/www.bmut.de\\\/?s={search_term_string}\"},\"query-input\":{\"@type\":\"PropertyValueSpecification\",\"valueRequired\":true,\"valueName\":\"search_term_string\"}}],\"inLanguage\":\"fr-FR\"}]}<\/script>\n<!-- \/ Yoast SEO plugin. -->","yoast_head_json":{"title":"1000ml Chlordioxid-L\u00f6sung 0,3% \u2013 CDL\/CDs in Braunglasflasche & HD-PE Pipette zum Tropfen (1 Liter) - BMUT\u00ae","robots":{"index":"index","follow":"follow","max-snippet":"max-snippet:-1","max-image-preview":"max-image-preview:large","max-video-preview":"max-video-preview:-1"},"canonical":"https:\/\/www.bmut.de\/fr\/product\/1000ml-chlordioxid-loesung-03-cdl-cds-in-braunglasflasche-hd-pe-pipette-zum-tropfen-1-liter\/","og_locale":"fr_FR","og_type":"article","og_title":"1000ml Chlordioxid-L\u00f6sung 0,3% \u2013 CDL\/CDs in Braunglasflasche & HD-PE Pipette zum Tropfen (1 Liter) - BMUT\u00ae","og_description":"0,3% CDL-L\u00d6SUNG  1 LITER BRAUNGLASFLASCHE  MIT PIPETTE  SOFORT EINSETZBAR  MADE IN GERMANY  SCHNELLER VERSAND","og_url":"https:\/\/www.bmut.de\/fr\/product\/1000ml-chlordioxid-loesung-03-cdl-cds-in-braunglasflasche-hd-pe-pipette-zum-tropfen-1-liter\/","og_site_name":"BMUT\u00ae","article_modified_time":"2024-11-16T19:38:33+00:00","og_image":[{"width":1200,"height":1080,"url":"https:\/\/www.bmut.de\/wp-content\/uploads\/2024\/02\/Chlordioxid_1_Liter.jpg","type":"image\/jpeg"}],"twitter_card":"summary_large_image","twitter_misc":{"Dur\u00e9e de lecture estim\u00e9e":"1 minute"},"schema":{"@context":"https:\/\/schema.org","@graph":[{"@type":"WebPage","@id":"https:\/\/www.bmut.de\/product\/1000ml-chlordioxid-loesung-03-cdl-cds-in-braunglasflasche-hd-pe-pipette-zum-tropfen-1-liter\/","url":"https:\/\/www.bmut.de\/product\/1000ml-chlordioxid-loesung-03-cdl-cds-in-braunglasflasche-hd-pe-pipette-zum-tropfen-1-liter\/","name":"1000ml Chlordioxid-L\u00f6sung 0,3% \u2013 CDL\/CDs in Braunglasflasche & HD-PE Pipette zum Tropfen (1 Liter) - BMUT\u00ae","isPartOf":{"@id":"https:\/\/www.bmut.de\/#website"},"primaryImageOfPage":{"@id":"https:\/\/www.bmut.de\/product\/1000ml-chlordioxid-loesung-03-cdl-cds-in-braunglasflasche-hd-pe-pipette-zum-tropfen-1-liter\/#primaryimage"},"image":{"@id":"https:\/\/www.bmut.de\/product\/1000ml-chlordioxid-loesung-03-cdl-cds-in-braunglasflasche-hd-pe-pipette-zum-tropfen-1-liter\/#primaryimage"},"thumbnailUrl":"https:\/\/www.bmut.de\/wp-content\/uploads\/2024\/02\/Chlordioxid_1_Liter.jpg","datePublished":"2024-02-25T12:23:54+00:00","dateModified":"2024-11-16T19:38:33+00:00","breadcrumb":{"@id":"https:\/\/www.bmut.de\/product\/1000ml-chlordioxid-loesung-03-cdl-cds-in-braunglasflasche-hd-pe-pipette-zum-tropfen-1-liter\/#breadcrumb"},"inLanguage":"fr-FR","potentialAction":[{"@type":"ReadAction","target":["https:\/\/www.bmut.de\/product\/1000ml-chlordioxid-loesung-03-cdl-cds-in-braunglasflasche-hd-pe-pipette-zum-tropfen-1-liter\/"]}]},{"@type":"ImageObject","inLanguage":"fr-FR","@id":"https:\/\/www.bmut.de\/product\/1000ml-chlordioxid-loesung-03-cdl-cds-in-braunglasflasche-hd-pe-pipette-zum-tropfen-1-liter\/#primaryimage","url":"https:\/\/www.bmut.de\/wp-content\/uploads\/2024\/02\/Chlordioxid_1_Liter.jpg","contentUrl":"https:\/\/www.bmut.de\/wp-content\/uploads\/2024\/02\/Chlordioxid_1_Liter.jpg","width":1200,"height":1080},{"@type":"BreadcrumbList","@id":"https:\/\/www.bmut.de\/product\/1000ml-chlordioxid-loesung-03-cdl-cds-in-braunglasflasche-hd-pe-pipette-zum-tropfen-1-liter\/#breadcrumb","itemListElement":[{"@type":"ListItem","position":1,"name":"Startseite","item":"https:\/\/www.bmut.de\/"},{"@type":"ListItem","position":2,"name":"Shop","item":"https:\/\/www.bmut.de\/shop\/"},{"@type":"ListItem","position":3,"name":"1000ml Chlordioxid-L\u00f6sung 0,3% \u2013 CDL\/CDs in Braunglasflasche &#038; HD-PE Pipette zum Tropfen (1 Liter)"}]},{"@type":"WebSite","@id":"https:\/\/www.bmut.de\/#website","url":"https:\/\/www.bmut.de\/","name":"BMUT\u00ae","description":"","potentialAction":[{"@type":"SearchAction","target":{"@type":"EntryPoint","urlTemplate":"https:\/\/www.bmut.de\/?s={search_term_string}"},"query-input":{"@type":"PropertyValueSpecification","valueRequired":true,"valueName":"search_term_string"}}],"inLanguage":"fr-FR"}]}},"jetpack_sharing_enabled":true,"_links":{"self":[{"href":"https:\/\/www.bmut.de\/fr\/wp-json\/wp\/v2\/product\/10090","targetHints":{"allow":["GET"]}}],"collection":[{"href":"https:\/\/www.bmut.de\/fr\/wp-json\/wp\/v2\/product"}],"about":[{"href":"https:\/\/www.bmut.de\/fr\/wp-json\/wp\/v2\/types\/product"}],"replies":[{"embeddable":true,"href":"https:\/\/www.bmut.de\/fr\/wp-json\/wp\/v2\/comments?post=10090"}],"wp:featuredmedia":[{"embeddable":true,"href":"https:\/\/www.bmut.de\/fr\/wp-json\/wp\/v2\/media\/10091"}],"wp:attachment":[{"href":"https:\/\/www.bmut.de\/fr\/wp-json\/wp\/v2\/media?parent=10090"}],"wp:term":[{"taxonomy":"product_brand","embeddable":true,"href":"https:\/\/www.bmut.de\/fr\/wp-json\/wp\/v2\/product_brand?post=10090"},{"taxonomy":"product_cat","embeddable":true,"href":"https:\/\/www.bmut.de\/fr\/wp-json\/wp\/v2\/product_cat?post=10090"},{"taxonomy":"product_tag","embeddable":true,"href":"https:\/\/www.bmut.de\/fr\/wp-json\/wp\/v2\/product_tag?post=10090"}],"curies":[{"name":"wp","href":"https:\/\/api.w.org\/{rel}","templated":true}]}}