{"id":10662,"date":"2024-04-08T20:20:17","date_gmt":"2024-04-08T18:20:17","guid":{"rendered":"https:\/\/www.bmut.de\/?post_type=product&#038;p=10662"},"modified":"2025-01-20T16:45:15","modified_gmt":"2025-01-20T15:45:15","slug":"500ml-milbenspray-huehner-gefluegel-voegel-sofort-langfristig-gegen-milben-parasiten-akut-vorbeugung","status":"publish","type":"product","link":"https:\/\/www.bmut.de\/fr\/product\/500ml-milbenspray-huehner-gefluegel-voegel-sofort-langfristig-gegen-milben-parasiten-akut-vorbeugung\/","title":{"rendered":"500ml Milbenspray H\u00fchner, Gefl\u00fcgel &#038; V\u00f6gel &#8211; Sofort &#038; Langfristig gegen Milben &#038; Parasiten, Akut &#038; Vorbeugung"},"content":{"rendered":"<p><span class=\"a-list-item\">\u2714 [HOCHWIRKSAMER &amp; SOFORTIGER MILBENSCHUTZ] Das Milbenspray sch\u00fctzt effektiv Gefl\u00fcgel, wie beispielsweise H\u00fchner und Tauben. Vermeiden Sie Milbenbefall und Befall von \u00e4u\u00dferen Ektoparasiten, die insbesondere Junghennen schaden k\u00f6nnen. <\/span><\/p>\n<p><span class=\"a-list-item\"> \u2714 [SPRAY MIT WASSERBASIERTER FORMULIERUNG] Die Formulierung ist wasserbasiert und zu 100% frei von Treibgasen. Perfekt zur Abwehr von Milben, wie rote Vogelmilben, &amp; \u00e4u\u00dferen Parasiten. <\/span><\/p>\n<p><span class=\"a-list-item\"> \u2714 [AUF BASIS \u00c4THERISCHER \u00d6LE] Das Anti Milbenspray enth\u00e4lt den Wirkstoff Geraniol, welches eine milbenfeindliche Umgebung schafft. Ein wahrer Milbenschreck. Milben meiden die behandelten Stellen. <\/span><\/p>\n<p><span class=\"a-list-item\"> \u2714 [VIELE ANWENDUNGSGEBIETE] Nutzen Sie das Spray als (1) Kontaktspray, um es auf das Gefieder aufzuspr\u00fchen. Oder einfach als (2) Umgebungsspray, wie auf Ruhepl\u00e4tzen oder Sitzstangen. Dies f\u00fcr akuten Befall oder zur Verbeugung. <\/span><\/p>\n<p><span class=\"a-list-item\"> \u2714 [IN DEUTSCHLAND HERGESTELLT] Das Produkt wird in Deutschland hergestellt und ist registriert und zugelassen unter der Nummer: N-115928.<\/span><\/p>\n","protected":false},"excerpt":{"rendered":"<ul>\n<li><span class=\"a-list-item\">ANTI MILBEN STRAY \u2013 F\u00dcR GEFL\u00dcGEL WIE H\u00dcHNER &amp; V\u00d6GEL<\/span><\/li>\n<li><span class=\"a-list-item\">INTELLIGENTE FORMEL MIT GERANIOL<\/span><\/li>\n<li><span class=\"a-list-item\">\u00c4THERISCHES \u00d6L ALS BASIS<\/span><\/li>\n<li><span class=\"a-list-item\">F\u00dcR MENSCHEN ANGENEHMER GERUCH<\/span><\/li>\n<li><span class=\"a-list-item\">BMUT-QUALIT\u00c4T \u2013 MADE IN GERMANY<\/span><\/li>\n<li>SCHNELLER VERSAND<\/li>\n<\/ul>","protected":false},"featured_media":10663,"comment_status":"open","ping_status":"closed","template":"","meta":[],"product_brand":[],"product_cat":[138],"product_tag":[149,148],"class_list":{"0":"post-10662","1":"product","2":"type-product","3":"status-publish","4":"has-post-thumbnail","6":"product_cat-anti-milben-insekten","7":"product_tag-gefluegel","8":"product_tag-milbenspray-huehner","9":"product_shipping_class-dhl-paket","11":"first","12":"instock","13":"taxable","14":"shipping-taxable","15":"purchasable","16":"product-type-simple","17":"czr-hentry"},"yoast_head":"<!-- This site is optimized with the Yoast SEO plugin v27.4 - https:\/\/yoast.com\/product\/yoast-seo-wordpress\/ -->\n<title>500ml Milbenspray H\u00fchner, Gefl\u00fcgel &amp; V\u00f6gel - Sofort &amp; Langfristig gegen Milben &amp; Parasiten, Akut &amp; Vorbeugung - BMUT\u00ae<\/title>\n<meta name=\"robots\" content=\"index, follow, max-snippet:-1, max-image-preview:large, max-video-preview:-1\" \/>\n<link rel=\"canonical\" href=\"https:\/\/www.bmut.de\/fr\/product\/500ml-milbenspray-huehner-gefluegel-voegel-sofort-langfristig-gegen-milben-parasiten-akut-vorbeugung\/\" \/>\n<meta property=\"og:locale\" content=\"fr_FR\" \/>\n<meta property=\"og:type\" content=\"article\" \/>\n<meta property=\"og:title\" content=\"500ml Milbenspray H\u00fchner, Gefl\u00fcgel &amp; V\u00f6gel - Sofort &amp; Langfristig gegen Milben &amp; Parasiten, Akut &amp; Vorbeugung - BMUT\u00ae\" \/>\n<meta property=\"og:description\" content=\"ANTI MILBEN STRAY \u2013 F\u00dcR GEFL\u00dcGEL WIE H\u00dcHNER &amp; V\u00d6GEL  INTELLIGENTE FORMEL MIT GERANIOL  \u00c4THERISCHES \u00d6L ALS BASIS  F\u00dcR MENSCHEN ANGENEHMER GERUCH  BMUT-QUALIT\u00c4T \u2013 MADE IN GERMANY  SCHNELLER VERSAND\" \/>\n<meta property=\"og:url\" content=\"https:\/\/www.bmut.de\/fr\/product\/500ml-milbenspray-huehner-gefluegel-voegel-sofort-langfristig-gegen-milben-parasiten-akut-vorbeugung\/\" \/>\n<meta property=\"og:site_name\" content=\"BMUT\u00ae\" \/>\n<meta property=\"article:modified_time\" content=\"2025-01-20T15:45:15+00:00\" \/>\n<meta property=\"og:image\" content=\"https:\/\/www.bmut.de\/wp-content\/uploads\/2024\/04\/Milbenspray_Huhner_500-7.jpg\" \/>\n\t<meta property=\"og:image:width\" content=\"1389\" \/>\n\t<meta property=\"og:image:height\" content=\"1389\" \/>\n\t<meta property=\"og:image:type\" content=\"image\/jpeg\" \/>\n<meta name=\"twitter:card\" content=\"summary_large_image\" \/>\n<meta name=\"twitter:label1\" content=\"Dur\u00e9e de lecture estim\u00e9e\" \/>\n\t<meta name=\"twitter:data1\" content=\"1 minute\" \/>\n<script type=\"application\/ld+json\" class=\"yoast-schema-graph\">{\"@context\":\"https:\\\/\\\/schema.org\",\"@graph\":[{\"@type\":\"WebPage\",\"@id\":\"https:\\\/\\\/www.bmut.de\\\/product\\\/500ml-milbenspray-huehner-gefluegel-voegel-sofort-langfristig-gegen-milben-parasiten-akut-vorbeugung\\\/\",\"url\":\"https:\\\/\\\/www.bmut.de\\\/product\\\/500ml-milbenspray-huehner-gefluegel-voegel-sofort-langfristig-gegen-milben-parasiten-akut-vorbeugung\\\/\",\"name\":\"500ml Milbenspray H\u00fchner, Gefl\u00fcgel & V\u00f6gel - Sofort & Langfristig gegen Milben & Parasiten, Akut & Vorbeugung - BMUT\u00ae\",\"isPartOf\":{\"@id\":\"https:\\\/\\\/www.bmut.de\\\/#website\"},\"primaryImageOfPage\":{\"@id\":\"https:\\\/\\\/www.bmut.de\\\/product\\\/500ml-milbenspray-huehner-gefluegel-voegel-sofort-langfristig-gegen-milben-parasiten-akut-vorbeugung\\\/#primaryimage\"},\"image\":{\"@id\":\"https:\\\/\\\/www.bmut.de\\\/product\\\/500ml-milbenspray-huehner-gefluegel-voegel-sofort-langfristig-gegen-milben-parasiten-akut-vorbeugung\\\/#primaryimage\"},\"thumbnailUrl\":\"https:\\\/\\\/www.bmut.de\\\/wp-content\\\/uploads\\\/2024\\\/04\\\/Milbenspray_Huhner_500-7.jpg\",\"datePublished\":\"2024-04-08T18:20:17+00:00\",\"dateModified\":\"2025-01-20T15:45:15+00:00\",\"breadcrumb\":{\"@id\":\"https:\\\/\\\/www.bmut.de\\\/product\\\/500ml-milbenspray-huehner-gefluegel-voegel-sofort-langfristig-gegen-milben-parasiten-akut-vorbeugung\\\/#breadcrumb\"},\"inLanguage\":\"fr-FR\",\"potentialAction\":[{\"@type\":\"ReadAction\",\"target\":[\"https:\\\/\\\/www.bmut.de\\\/product\\\/500ml-milbenspray-huehner-gefluegel-voegel-sofort-langfristig-gegen-milben-parasiten-akut-vorbeugung\\\/\"]}]},{\"@type\":\"ImageObject\",\"inLanguage\":\"fr-FR\",\"@id\":\"https:\\\/\\\/www.bmut.de\\\/product\\\/500ml-milbenspray-huehner-gefluegel-voegel-sofort-langfristig-gegen-milben-parasiten-akut-vorbeugung\\\/#primaryimage\",\"url\":\"https:\\\/\\\/www.bmut.de\\\/wp-content\\\/uploads\\\/2024\\\/04\\\/Milbenspray_Huhner_500-7.jpg\",\"contentUrl\":\"https:\\\/\\\/www.bmut.de\\\/wp-content\\\/uploads\\\/2024\\\/04\\\/Milbenspray_Huhner_500-7.jpg\",\"width\":1389,\"height\":1389},{\"@type\":\"BreadcrumbList\",\"@id\":\"https:\\\/\\\/www.bmut.de\\\/product\\\/500ml-milbenspray-huehner-gefluegel-voegel-sofort-langfristig-gegen-milben-parasiten-akut-vorbeugung\\\/#breadcrumb\",\"itemListElement\":[{\"@type\":\"ListItem\",\"position\":1,\"name\":\"Startseite\",\"item\":\"https:\\\/\\\/www.bmut.de\\\/\"},{\"@type\":\"ListItem\",\"position\":2,\"name\":\"Shop\",\"item\":\"https:\\\/\\\/www.bmut.de\\\/shop\\\/\"},{\"@type\":\"ListItem\",\"position\":3,\"name\":\"500ml Milbenspray H\u00fchner, Gefl\u00fcgel &#038; V\u00f6gel &#8211; Sofort &#038; Langfristig gegen Milben &#038; Parasiten, Akut &#038; Vorbeugung\"}]},{\"@type\":\"WebSite\",\"@id\":\"https:\\\/\\\/www.bmut.de\\\/#website\",\"url\":\"https:\\\/\\\/www.bmut.de\\\/\",\"name\":\"BMUT\u00ae\",\"description\":\"\",\"potentialAction\":[{\"@type\":\"SearchAction\",\"target\":{\"@type\":\"EntryPoint\",\"urlTemplate\":\"https:\\\/\\\/www.bmut.de\\\/?s={search_term_string}\"},\"query-input\":{\"@type\":\"PropertyValueSpecification\",\"valueRequired\":true,\"valueName\":\"search_term_string\"}}],\"inLanguage\":\"fr-FR\"}]}<\/script>\n<!-- \/ Yoast SEO plugin. -->","yoast_head_json":{"title":"500ml Milbenspray H\u00fchner, Gefl\u00fcgel & V\u00f6gel - Sofort & Langfristig gegen Milben & Parasiten, Akut & Vorbeugung - BMUT\u00ae","robots":{"index":"index","follow":"follow","max-snippet":"max-snippet:-1","max-image-preview":"max-image-preview:large","max-video-preview":"max-video-preview:-1"},"canonical":"https:\/\/www.bmut.de\/fr\/product\/500ml-milbenspray-huehner-gefluegel-voegel-sofort-langfristig-gegen-milben-parasiten-akut-vorbeugung\/","og_locale":"fr_FR","og_type":"article","og_title":"500ml Milbenspray H\u00fchner, Gefl\u00fcgel & V\u00f6gel - Sofort & Langfristig gegen Milben & Parasiten, Akut & Vorbeugung - BMUT\u00ae","og_description":"ANTI MILBEN STRAY \u2013 F\u00dcR GEFL\u00dcGEL WIE H\u00dcHNER &amp; V\u00d6GEL  INTELLIGENTE FORMEL MIT GERANIOL  \u00c4THERISCHES \u00d6L ALS BASIS  F\u00dcR MENSCHEN ANGENEHMER GERUCH  BMUT-QUALIT\u00c4T \u2013 MADE IN GERMANY  SCHNELLER VERSAND","og_url":"https:\/\/www.bmut.de\/fr\/product\/500ml-milbenspray-huehner-gefluegel-voegel-sofort-langfristig-gegen-milben-parasiten-akut-vorbeugung\/","og_site_name":"BMUT\u00ae","article_modified_time":"2025-01-20T15:45:15+00:00","og_image":[{"width":1389,"height":1389,"url":"https:\/\/www.bmut.de\/wp-content\/uploads\/2024\/04\/Milbenspray_Huhner_500-7.jpg","type":"image\/jpeg"}],"twitter_card":"summary_large_image","twitter_misc":{"Dur\u00e9e de lecture estim\u00e9e":"1 minute"},"schema":{"@context":"https:\/\/schema.org","@graph":[{"@type":"WebPage","@id":"https:\/\/www.bmut.de\/product\/500ml-milbenspray-huehner-gefluegel-voegel-sofort-langfristig-gegen-milben-parasiten-akut-vorbeugung\/","url":"https:\/\/www.bmut.de\/product\/500ml-milbenspray-huehner-gefluegel-voegel-sofort-langfristig-gegen-milben-parasiten-akut-vorbeugung\/","name":"500ml Milbenspray H\u00fchner, Gefl\u00fcgel & V\u00f6gel - Sofort & Langfristig gegen Milben & Parasiten, Akut & Vorbeugung - BMUT\u00ae","isPartOf":{"@id":"https:\/\/www.bmut.de\/#website"},"primaryImageOfPage":{"@id":"https:\/\/www.bmut.de\/product\/500ml-milbenspray-huehner-gefluegel-voegel-sofort-langfristig-gegen-milben-parasiten-akut-vorbeugung\/#primaryimage"},"image":{"@id":"https:\/\/www.bmut.de\/product\/500ml-milbenspray-huehner-gefluegel-voegel-sofort-langfristig-gegen-milben-parasiten-akut-vorbeugung\/#primaryimage"},"thumbnailUrl":"https:\/\/www.bmut.de\/wp-content\/uploads\/2024\/04\/Milbenspray_Huhner_500-7.jpg","datePublished":"2024-04-08T18:20:17+00:00","dateModified":"2025-01-20T15:45:15+00:00","breadcrumb":{"@id":"https:\/\/www.bmut.de\/product\/500ml-milbenspray-huehner-gefluegel-voegel-sofort-langfristig-gegen-milben-parasiten-akut-vorbeugung\/#breadcrumb"},"inLanguage":"fr-FR","potentialAction":[{"@type":"ReadAction","target":["https:\/\/www.bmut.de\/product\/500ml-milbenspray-huehner-gefluegel-voegel-sofort-langfristig-gegen-milben-parasiten-akut-vorbeugung\/"]}]},{"@type":"ImageObject","inLanguage":"fr-FR","@id":"https:\/\/www.bmut.de\/product\/500ml-milbenspray-huehner-gefluegel-voegel-sofort-langfristig-gegen-milben-parasiten-akut-vorbeugung\/#primaryimage","url":"https:\/\/www.bmut.de\/wp-content\/uploads\/2024\/04\/Milbenspray_Huhner_500-7.jpg","contentUrl":"https:\/\/www.bmut.de\/wp-content\/uploads\/2024\/04\/Milbenspray_Huhner_500-7.jpg","width":1389,"height":1389},{"@type":"BreadcrumbList","@id":"https:\/\/www.bmut.de\/product\/500ml-milbenspray-huehner-gefluegel-voegel-sofort-langfristig-gegen-milben-parasiten-akut-vorbeugung\/#breadcrumb","itemListElement":[{"@type":"ListItem","position":1,"name":"Startseite","item":"https:\/\/www.bmut.de\/"},{"@type":"ListItem","position":2,"name":"Shop","item":"https:\/\/www.bmut.de\/shop\/"},{"@type":"ListItem","position":3,"name":"500ml Milbenspray H\u00fchner, Gefl\u00fcgel &#038; V\u00f6gel &#8211; Sofort &#038; Langfristig gegen Milben &#038; Parasiten, Akut &#038; Vorbeugung"}]},{"@type":"WebSite","@id":"https:\/\/www.bmut.de\/#website","url":"https:\/\/www.bmut.de\/","name":"BMUT\u00ae","description":"","potentialAction":[{"@type":"SearchAction","target":{"@type":"EntryPoint","urlTemplate":"https:\/\/www.bmut.de\/?s={search_term_string}"},"query-input":{"@type":"PropertyValueSpecification","valueRequired":true,"valueName":"search_term_string"}}],"inLanguage":"fr-FR"}]}},"jetpack_sharing_enabled":true,"_links":{"self":[{"href":"https:\/\/www.bmut.de\/fr\/wp-json\/wp\/v2\/product\/10662","targetHints":{"allow":["GET"]}}],"collection":[{"href":"https:\/\/www.bmut.de\/fr\/wp-json\/wp\/v2\/product"}],"about":[{"href":"https:\/\/www.bmut.de\/fr\/wp-json\/wp\/v2\/types\/product"}],"replies":[{"embeddable":true,"href":"https:\/\/www.bmut.de\/fr\/wp-json\/wp\/v2\/comments?post=10662"}],"wp:featuredmedia":[{"embeddable":true,"href":"https:\/\/www.bmut.de\/fr\/wp-json\/wp\/v2\/media\/10663"}],"wp:attachment":[{"href":"https:\/\/www.bmut.de\/fr\/wp-json\/wp\/v2\/media?parent=10662"}],"wp:term":[{"taxonomy":"product_brand","embeddable":true,"href":"https:\/\/www.bmut.de\/fr\/wp-json\/wp\/v2\/product_brand?post=10662"},{"taxonomy":"product_cat","embeddable":true,"href":"https:\/\/www.bmut.de\/fr\/wp-json\/wp\/v2\/product_cat?post=10662"},{"taxonomy":"product_tag","embeddable":true,"href":"https:\/\/www.bmut.de\/fr\/wp-json\/wp\/v2\/product_tag?post=10662"}],"curies":[{"name":"wp","href":"https:\/\/api.w.org\/{rel}","templated":true}]}}