{"id":1218,"date":"2021-12-05T16:16:11","date_gmt":"2021-12-05T15:16:11","guid":{"rendered":"https:\/\/www.bmut.de\/?post_type=product&#038;p=1218"},"modified":"2024-10-22T13:12:34","modified_gmt":"2024-10-22T11:12:34","slug":"100x-wasserstoffperoxid-0-100-ppm-teststreifen-wassertest-h2o2-konzentration-messen","status":"publish","type":"product","link":"https:\/\/www.bmut.de\/fr\/product\/100x-wasserstoffperoxid-0-100-ppm-teststreifen-wassertest-h2o2-konzentration-messen\/","title":{"rendered":"100x du Peroxyde d&#039;hydrog\u00e8ne, 0-100 ppm de Bandelettes de test d&#039;\u00e9tanch\u00e9it\u00e9 (H2O2) \u2013 mesure de la Concentration"},"content":{"rendered":"<div class=\"celwidget aplus-module launchpad-brand-description-left aplus-standard\" data-csa-c-id=\"vdylej-z4ry0x-b9nabw-c3v2zh\" data-cel-widget=\"aplus-launchpad-brand-description-left\">\n<div class=\"a-section launchpad-module launchpad-module-brand-description-left\">\n<div class=\"a-section launchpad-text-left-justify\">\n<p><strong><span class=\"a-text-bold\">Warum ist das Produkt sinnvoll?<\/span><\/strong><\/p>\n<p>Messen Sie den Gehalt an Wasserstoffperoxid in w\u00e4ssriger L\u00f6sung. Dadurch erhalten Sie Sicherheit die richtige Qualit\u00e4t eines Produktes zu gew\u00e4hrleisten.<\/p>\n<p><strong><span class=\"a-text-bold\">Description du produit:<\/span><\/strong><\/p>\n<p>Das Produkt besteht aus einer Kunststoffdose mit 100 Teststreifen zum Bestimmen der Wasserstoffperoxid Konzentration im Wasser. Auf dem Etikett der Verpackung ist die Anleitung zum Vorgehen in deutscher Sprache aufgedruckt. Das Ergebnis l\u00e4sst sich ebenfalls direkt vom Etikett ablesen. Das Produkt sollte nur zur Orientierung verwendet werden.<\/p>\n<p><strong><span class=\"a-text-bold\">Messrange 0 &#8211; 100 ppm<\/span><\/strong><\/p>\n<p>Die Messrange betr\u00e4gt 0-100 ppm. 100 ppm sind 0,01% Wasserstoffperoxid.<\/p>\n<p>Sollte sich der Teststreifen dunkler als die angegebene Farbe f\u00fcr 100ppm f\u00e4rben liegt der gemessene Wert h\u00f6her als 100 ppm.<\/p>\n<p><strong><span class=\"a-text-bold\">Messrange gr\u00f6\u00dfer als 100 ppm<\/span><\/strong><\/p>\n<p>Wenn Sie beispielsweise eine 3%ige L\u00f6sung testen m\u00f6chten, dann wird folgendes Vorgehen, das durch Verd\u00fcnnen gekennzeichnet ist, empfohlen:<\/p>\n<p>(Der Vorschlag ist optimiert in Anlehnung der Farbskalen auf der Verpackung des Tests)<\/p>\n<p><strong><span class=\"a-text-bold\"><u>Anwendungsbeispiel zum Testen einer 3%igen Wasserstoffperoxidl\u00f6sung<\/u><\/span><\/strong><\/p>\n<p>999 ml Leitungswasser mit 1ml (ca. 20 Tropfen) Wasserstoffperoxid (3%) in einem separaten Beh\u00e4lter mischen. Es entsteht eine 1000ml L\u00f6sung. Das Testst\u00e4bchen, wie in Anleitung angegeben, verwenden. Wenn Sie einen Wert von ca 30 ppm messen, dann hat die urspr\u00fcngliche Testl\u00f6sung einen Wasserstoffperoxid Gehalt von circa 3%.<\/p>\n<\/div>\n<\/div>\n<\/div>","protected":false},"excerpt":{"rendered":"<ul>\n<li>Fiable<\/li>\n<li>Longue durabilit\u00e9<\/li>\n<li>Exp\u00e9dition sous 24h<\/li>\n<li>Emballage discret<\/li>\n<\/ul>","protected":false},"featured_media":1219,"comment_status":"open","ping_status":"closed","template":"","meta":[],"product_brand":[],"product_cat":[17],"product_tag":[],"class_list":{"0":"post-1218","1":"product","2":"type-product","3":"status-publish","4":"has-post-thumbnail","6":"product_cat-wassertests","7":"product_shipping_class-kostenlos","9":"first","10":"instock","11":"sale","12":"taxable","13":"shipping-taxable","14":"purchasable","15":"product-type-simple","16":"czr-hentry"},"yoast_head":"<!-- This site is optimized with the Yoast SEO plugin v27.4 - https:\/\/yoast.com\/product\/yoast-seo-wordpress\/ -->\n<title>100x Wasserstoffperoxid 0-100 ppm Teststreifen Wassertest H2O2 \u2013 Konzentration messen - BMUT\u00ae<\/title>\n<meta name=\"robots\" content=\"index, follow, max-snippet:-1, max-image-preview:large, max-video-preview:-1\" \/>\n<link rel=\"canonical\" href=\"https:\/\/www.bmut.de\/fr\/product\/100x-wasserstoffperoxid-0-100-ppm-teststreifen-wassertest-h2o2-konzentration-messen\/\" \/>\n<meta property=\"og:locale\" content=\"fr_FR\" \/>\n<meta property=\"og:type\" content=\"article\" \/>\n<meta property=\"og:title\" content=\"100x Wasserstoffperoxid 0-100 ppm Teststreifen Wassertest H2O2 \u2013 Konzentration messen - BMUT\u00ae\" \/>\n<meta property=\"og:description\" content=\"Zuverl\u00e4ssig  Lange Haltbarkeit  Versand innerhalb 24h  Diskrete Verpackung\" \/>\n<meta property=\"og:url\" content=\"https:\/\/www.bmut.de\/fr\/product\/100x-wasserstoffperoxid-0-100-ppm-teststreifen-wassertest-h2o2-konzentration-messen\/\" \/>\n<meta property=\"og:site_name\" content=\"BMUT\u00ae\" \/>\n<meta property=\"article:modified_time\" content=\"2024-10-22T11:12:34+00:00\" \/>\n<meta property=\"og:image\" content=\"https:\/\/www.bmut.de\/wp-content\/uploads\/2021\/12\/s-l1600.jpg\" \/>\n\t<meta property=\"og:image:width\" content=\"1600\" \/>\n\t<meta property=\"og:image:height\" content=\"1333\" \/>\n\t<meta property=\"og:image:type\" content=\"image\/jpeg\" \/>\n<meta name=\"twitter:card\" content=\"summary_large_image\" \/>\n<meta name=\"twitter:label1\" content=\"Dur\u00e9e de lecture estim\u00e9e\" \/>\n\t<meta name=\"twitter:data1\" content=\"1 minute\" \/>\n<script type=\"application\/ld+json\" class=\"yoast-schema-graph\">{\"@context\":\"https:\\\/\\\/schema.org\",\"@graph\":[{\"@type\":\"WebPage\",\"@id\":\"https:\\\/\\\/www.bmut.de\\\/product\\\/100x-wasserstoffperoxid-0-100-ppm-teststreifen-wassertest-h2o2-konzentration-messen\\\/\",\"url\":\"https:\\\/\\\/www.bmut.de\\\/product\\\/100x-wasserstoffperoxid-0-100-ppm-teststreifen-wassertest-h2o2-konzentration-messen\\\/\",\"name\":\"100x Wasserstoffperoxid 0-100 ppm Teststreifen Wassertest H2O2 \u2013 Konzentration messen - BMUT\u00ae\",\"isPartOf\":{\"@id\":\"https:\\\/\\\/www.bmut.de\\\/#website\"},\"primaryImageOfPage\":{\"@id\":\"https:\\\/\\\/www.bmut.de\\\/product\\\/100x-wasserstoffperoxid-0-100-ppm-teststreifen-wassertest-h2o2-konzentration-messen\\\/#primaryimage\"},\"image\":{\"@id\":\"https:\\\/\\\/www.bmut.de\\\/product\\\/100x-wasserstoffperoxid-0-100-ppm-teststreifen-wassertest-h2o2-konzentration-messen\\\/#primaryimage\"},\"thumbnailUrl\":\"https:\\\/\\\/www.bmut.de\\\/wp-content\\\/uploads\\\/2021\\\/12\\\/s-l1600.jpg\",\"datePublished\":\"2021-12-05T15:16:11+00:00\",\"dateModified\":\"2024-10-22T11:12:34+00:00\",\"breadcrumb\":{\"@id\":\"https:\\\/\\\/www.bmut.de\\\/product\\\/100x-wasserstoffperoxid-0-100-ppm-teststreifen-wassertest-h2o2-konzentration-messen\\\/#breadcrumb\"},\"inLanguage\":\"fr-FR\",\"potentialAction\":[{\"@type\":\"ReadAction\",\"target\":[\"https:\\\/\\\/www.bmut.de\\\/product\\\/100x-wasserstoffperoxid-0-100-ppm-teststreifen-wassertest-h2o2-konzentration-messen\\\/\"]}]},{\"@type\":\"ImageObject\",\"inLanguage\":\"fr-FR\",\"@id\":\"https:\\\/\\\/www.bmut.de\\\/product\\\/100x-wasserstoffperoxid-0-100-ppm-teststreifen-wassertest-h2o2-konzentration-messen\\\/#primaryimage\",\"url\":\"https:\\\/\\\/www.bmut.de\\\/wp-content\\\/uploads\\\/2021\\\/12\\\/s-l1600.jpg\",\"contentUrl\":\"https:\\\/\\\/www.bmut.de\\\/wp-content\\\/uploads\\\/2021\\\/12\\\/s-l1600.jpg\",\"width\":1600,\"height\":1333},{\"@type\":\"BreadcrumbList\",\"@id\":\"https:\\\/\\\/www.bmut.de\\\/product\\\/100x-wasserstoffperoxid-0-100-ppm-teststreifen-wassertest-h2o2-konzentration-messen\\\/#breadcrumb\",\"itemListElement\":[{\"@type\":\"ListItem\",\"position\":1,\"name\":\"Startseite\",\"item\":\"https:\\\/\\\/www.bmut.de\\\/\"},{\"@type\":\"ListItem\",\"position\":2,\"name\":\"Shop\",\"item\":\"https:\\\/\\\/www.bmut.de\\\/shop\\\/\"},{\"@type\":\"ListItem\",\"position\":3,\"name\":\"100x Wasserstoffperoxid 0-100 ppm Teststreifen Wassertest H2O2 \u2013 Konzentration messen\"}]},{\"@type\":\"WebSite\",\"@id\":\"https:\\\/\\\/www.bmut.de\\\/#website\",\"url\":\"https:\\\/\\\/www.bmut.de\\\/\",\"name\":\"BMUT\u00ae\",\"description\":\"\",\"potentialAction\":[{\"@type\":\"SearchAction\",\"target\":{\"@type\":\"EntryPoint\",\"urlTemplate\":\"https:\\\/\\\/www.bmut.de\\\/?s={search_term_string}\"},\"query-input\":{\"@type\":\"PropertyValueSpecification\",\"valueRequired\":true,\"valueName\":\"search_term_string\"}}],\"inLanguage\":\"fr-FR\"}]}<\/script>\n<!-- \/ Yoast SEO plugin. -->","yoast_head_json":{"title":"100x Wasserstoffperoxid 0-100 ppm Teststreifen Wassertest H2O2 \u2013 Konzentration messen - BMUT\u00ae","robots":{"index":"index","follow":"follow","max-snippet":"max-snippet:-1","max-image-preview":"max-image-preview:large","max-video-preview":"max-video-preview:-1"},"canonical":"https:\/\/www.bmut.de\/fr\/product\/100x-wasserstoffperoxid-0-100-ppm-teststreifen-wassertest-h2o2-konzentration-messen\/","og_locale":"fr_FR","og_type":"article","og_title":"100x Wasserstoffperoxid 0-100 ppm Teststreifen Wassertest H2O2 \u2013 Konzentration messen - BMUT\u00ae","og_description":"Zuverl\u00e4ssig  Lange Haltbarkeit  Versand innerhalb 24h  Diskrete Verpackung","og_url":"https:\/\/www.bmut.de\/fr\/product\/100x-wasserstoffperoxid-0-100-ppm-teststreifen-wassertest-h2o2-konzentration-messen\/","og_site_name":"BMUT\u00ae","article_modified_time":"2024-10-22T11:12:34+00:00","og_image":[{"width":1600,"height":1333,"url":"https:\/\/www.bmut.de\/wp-content\/uploads\/2021\/12\/s-l1600.jpg","type":"image\/jpeg"}],"twitter_card":"summary_large_image","twitter_misc":{"Dur\u00e9e de lecture estim\u00e9e":"1 minute"},"schema":{"@context":"https:\/\/schema.org","@graph":[{"@type":"WebPage","@id":"https:\/\/www.bmut.de\/product\/100x-wasserstoffperoxid-0-100-ppm-teststreifen-wassertest-h2o2-konzentration-messen\/","url":"https:\/\/www.bmut.de\/product\/100x-wasserstoffperoxid-0-100-ppm-teststreifen-wassertest-h2o2-konzentration-messen\/","name":"100x Wasserstoffperoxid 0-100 ppm Teststreifen Wassertest H2O2 \u2013 Konzentration messen - BMUT\u00ae","isPartOf":{"@id":"https:\/\/www.bmut.de\/#website"},"primaryImageOfPage":{"@id":"https:\/\/www.bmut.de\/product\/100x-wasserstoffperoxid-0-100-ppm-teststreifen-wassertest-h2o2-konzentration-messen\/#primaryimage"},"image":{"@id":"https:\/\/www.bmut.de\/product\/100x-wasserstoffperoxid-0-100-ppm-teststreifen-wassertest-h2o2-konzentration-messen\/#primaryimage"},"thumbnailUrl":"https:\/\/www.bmut.de\/wp-content\/uploads\/2021\/12\/s-l1600.jpg","datePublished":"2021-12-05T15:16:11+00:00","dateModified":"2024-10-22T11:12:34+00:00","breadcrumb":{"@id":"https:\/\/www.bmut.de\/product\/100x-wasserstoffperoxid-0-100-ppm-teststreifen-wassertest-h2o2-konzentration-messen\/#breadcrumb"},"inLanguage":"fr-FR","potentialAction":[{"@type":"ReadAction","target":["https:\/\/www.bmut.de\/product\/100x-wasserstoffperoxid-0-100-ppm-teststreifen-wassertest-h2o2-konzentration-messen\/"]}]},{"@type":"ImageObject","inLanguage":"fr-FR","@id":"https:\/\/www.bmut.de\/product\/100x-wasserstoffperoxid-0-100-ppm-teststreifen-wassertest-h2o2-konzentration-messen\/#primaryimage","url":"https:\/\/www.bmut.de\/wp-content\/uploads\/2021\/12\/s-l1600.jpg","contentUrl":"https:\/\/www.bmut.de\/wp-content\/uploads\/2021\/12\/s-l1600.jpg","width":1600,"height":1333},{"@type":"BreadcrumbList","@id":"https:\/\/www.bmut.de\/product\/100x-wasserstoffperoxid-0-100-ppm-teststreifen-wassertest-h2o2-konzentration-messen\/#breadcrumb","itemListElement":[{"@type":"ListItem","position":1,"name":"Startseite","item":"https:\/\/www.bmut.de\/"},{"@type":"ListItem","position":2,"name":"Shop","item":"https:\/\/www.bmut.de\/shop\/"},{"@type":"ListItem","position":3,"name":"100x Wasserstoffperoxid 0-100 ppm Teststreifen Wassertest H2O2 \u2013 Konzentration messen"}]},{"@type":"WebSite","@id":"https:\/\/www.bmut.de\/#website","url":"https:\/\/www.bmut.de\/","name":"BMUT\u00ae","description":"","potentialAction":[{"@type":"SearchAction","target":{"@type":"EntryPoint","urlTemplate":"https:\/\/www.bmut.de\/?s={search_term_string}"},"query-input":{"@type":"PropertyValueSpecification","valueRequired":true,"valueName":"search_term_string"}}],"inLanguage":"fr-FR"}]}},"jetpack_sharing_enabled":true,"_links":{"self":[{"href":"https:\/\/www.bmut.de\/fr\/wp-json\/wp\/v2\/product\/1218","targetHints":{"allow":["GET"]}}],"collection":[{"href":"https:\/\/www.bmut.de\/fr\/wp-json\/wp\/v2\/product"}],"about":[{"href":"https:\/\/www.bmut.de\/fr\/wp-json\/wp\/v2\/types\/product"}],"replies":[{"embeddable":true,"href":"https:\/\/www.bmut.de\/fr\/wp-json\/wp\/v2\/comments?post=1218"}],"wp:featuredmedia":[{"embeddable":true,"href":"https:\/\/www.bmut.de\/fr\/wp-json\/wp\/v2\/media\/1219"}],"wp:attachment":[{"href":"https:\/\/www.bmut.de\/fr\/wp-json\/wp\/v2\/media?parent=1218"}],"wp:term":[{"taxonomy":"product_brand","embeddable":true,"href":"https:\/\/www.bmut.de\/fr\/wp-json\/wp\/v2\/product_brand?post=1218"},{"taxonomy":"product_cat","embeddable":true,"href":"https:\/\/www.bmut.de\/fr\/wp-json\/wp\/v2\/product_cat?post=1218"},{"taxonomy":"product_tag","embeddable":true,"href":"https:\/\/www.bmut.de\/fr\/wp-json\/wp\/v2\/product_tag?post=1218"}],"curies":[{"name":"wp","href":"https:\/\/api.w.org\/{rel}","templated":true}]}}