{"id":12588,"date":"2024-10-15T15:59:55","date_gmt":"2024-10-15T13:59:55","guid":{"rendered":"https:\/\/www.bmut.de\/?post_type=product&#038;p=12588"},"modified":"2025-09-12T16:23:50","modified_gmt":"2025-09-12T14:23:50","slug":"bmut-osmoseanlage-ro-auftischfilter-mobil-mit-temperaturstufen-bis-100c-tds-kein-wasseranschluss-noetig-kalkfreies-trinkwasser-wasserspender-heisswasser","status":"publish","type":"product","link":"https:\/\/www.bmut.de\/fr\/product\/bmut-osmoseanlage-ro-auftischfilter-mobil-mit-temperaturstufen-bis-100c-tds-kein-wasseranschluss-noetig-kalkfreies-trinkwasser-wasserspender-heisswasser\/","title":{"rendered":"BMUT Osmoseanlage (RO) Auftischfilter (mobil) | mit Temperaturstufen (bis ~100\u00b0C) &#038; TDS |  kein Wasseranschluss n\u00f6tig | kalkfreies Trinkwasser \u2013 Wasserspender \u2013 Hei\u00dfwasser"},"content":{"rendered":"<p><span class=\"a-list-item\"> \u2714 [KEINE INSTALLATION ERFORDERLICH] Die BMUT Umkehrosmoseanlage (RO &#8211; Reverse Osmosis) als Tischfilter ist sofort einsatzbereit \u2013 einfach Tank auff\u00fcllen, an Stecker anschlie\u00dfen und direkt frisches Trinkwasser genie\u00dfen. Kein Bohren oder Schrauben n\u00f6tig. Kein Anschluss an Wasserleitung notwenig. Genie\u00dfen Sie nun die Vorteile der Einfachheit. <\/span><\/p>\n<p><span class=\"a-list-item\"> \u2714 [OSMOSEANLAGE (RO) \u2013 GEGEN KALK &amp; HORMONE] Die ultrafeine BMUT RO-Membran mit 0,0001 \u03bcm Porengr\u00f6\u00dfe entfernt zuverl\u00e4ssig s\u00e4mtliche Schadstoffe aus dem Wasser, einschlie\u00dflich Kalk, Hormone, Bakterien, Medikamentenr\u00fcckst\u00e4nde, Nitrat, Nitrit, Fluor, Kalk, Schwermetalle und viele mehr. Das TDS-Messger\u00e4t ist integriert und wird am Display zur Qualit\u00e4tskontrolle angezeigt. Das Wasser wird kurz vor Ausgabe bewertet. <\/span><\/p>\n<p><span class=\"a-list-item\"> \u2714 [SOFORT-HEI\u00dfWASSER-FUNKTION &amp; TDS-ANZEIGE] Sie haben 4 Temperaturstufen, die alle Ihre Erfordernisse bedient \u2013 bis zu ca. 100 Grad Celsius. Auf Display mit Touchfunktion dr\u00fccken, wenn Wasser erforderlich ist. Wasserausgabe folgt. Erneut dr\u00fccken um zu stoppen. Fertig. Genie\u00dfen Sie Ihr kalkfreies Wasser. <\/span><\/p>\n<p><span class=\"a-list-item\"> \u2714 [BMUT-ENTWICKLUNG \u2013 8-FACH-FILTER] 3 Filter mit 8-Fachsystem sind ab Werk inklusive &amp; verbaut. Sie k\u00f6nnen direkt loslegen. <\/span><\/p>\n<p><span class=\"a-list-item\"> \u2714 [XXL 6 LITER TANK] Das Ger\u00e4t hat einen gro\u00dfen XXL 6 Liter Wassertank. Dieser ist in 2 Kammern aufgespaltet. Bef\u00fcllen Sie diesen vollst\u00e4ndig. Das Abwasser wird in das 2-Kammer-System zur\u00fcckgef\u00fchrt und neu aufbereitet. Gleichzeitig ist im Inneren ein weiterer 2 Liter Tank verbaut, der eine schnelle Bereitstellung garantiert.<\/span><\/p>\n","protected":false},"excerpt":{"rendered":"<ul>\n<li><span class=\"a-list-item\">OSMOSEANLAGE GEGEN KALK<\/span><\/li>\n<li><span class=\"a-list-item\">FILTERT KLEINSTE PARTIKEL<\/span><\/li>\n<li><span class=\"a-list-item\">KEIN WASSERANSCHLUSS N\u00d6TIG<\/span><\/li>\n<li>HEI\u00dfES ODER KALTES WASSER IN SEKUNDEN<\/li>\n<li>S<span class=\"a-list-item\">OFORT EINSETZBAR<\/span><\/li>\n<li>SCHNELLER VERSAND MIT DHL<\/li>\n<\/ul>","protected":false},"featured_media":12589,"comment_status":"open","ping_status":"closed","template":"","meta":[],"product_brand":[],"product_cat":[93],"product_tag":[154,153,150,151,152,155],"class_list":{"0":"post-12588","1":"product","2":"type-product","3":"status-publish","4":"has-post-thumbnail","6":"product_cat-elektronik","7":"product_tag-kein-wasseranschluss-notwendig","8":"product_tag-mit-heisswasserfunktion","9":"product_tag-osmoseanlage","10":"product_tag-wasserfilter-gegen-kalk","11":"product_tag-wasserfilter-gegen-schwermetalle","12":"product_tag-xxl-wassertank","13":"product_shipping_class-dhl-paket","15":"first","16":"instock","17":"sale","18":"taxable","19":"shipping-taxable","20":"purchasable","21":"product-type-simple","22":"czr-hentry"},"yoast_head":"<!-- This site is optimized with the Yoast SEO plugin v27.4 - https:\/\/yoast.com\/product\/yoast-seo-wordpress\/ -->\n<title>BMUT Osmoseanlage (RO) Auftischfilter (mobil) | mit Temperaturstufen (bis ~100\u00b0C) &amp; TDS | kein Wasseranschluss n\u00f6tig | kalkfreies Trinkwasser \u2013 Wasserspender \u2013 Hei\u00dfwasser - BMUT\u00ae<\/title>\n<meta name=\"robots\" content=\"index, follow, max-snippet:-1, max-image-preview:large, max-video-preview:-1\" \/>\n<link rel=\"canonical\" href=\"https:\/\/www.bmut.de\/fr\/product\/bmut-osmoseanlage-ro-auftischfilter-mobil-mit-temperaturstufen-bis-100c-tds-kein-wasseranschluss-noetig-kalkfreies-trinkwasser-wasserspender-heisswasser\/\" \/>\n<meta property=\"og:locale\" content=\"fr_FR\" \/>\n<meta property=\"og:type\" content=\"article\" \/>\n<meta property=\"og:title\" content=\"BMUT Osmoseanlage (RO) Auftischfilter (mobil) | mit Temperaturstufen (bis ~100\u00b0C) &amp; TDS | kein Wasseranschluss n\u00f6tig | kalkfreies Trinkwasser \u2013 Wasserspender \u2013 Hei\u00dfwasser - BMUT\u00ae\" \/>\n<meta property=\"og:description\" content=\"OSMOSEANLAGE GEGEN KALK  FILTERT KLEINSTE PARTIKEL  KEIN WASSERANSCHLUSS N\u00d6TIG  HEI\u00dfES ODER KALTES WASSER IN SEKUNDEN  SOFORT EINSETZBAR  SCHNELLER VERSAND MIT DHL\" \/>\n<meta property=\"og:url\" content=\"https:\/\/www.bmut.de\/fr\/product\/bmut-osmoseanlage-ro-auftischfilter-mobil-mit-temperaturstufen-bis-100c-tds-kein-wasseranschluss-noetig-kalkfreies-trinkwasser-wasserspender-heisswasser\/\" \/>\n<meta property=\"og:site_name\" content=\"BMUT\u00ae\" \/>\n<meta property=\"article:modified_time\" content=\"2025-09-12T14:23:50+00:00\" \/>\n<meta property=\"og:image\" content=\"https:\/\/www.bmut.de\/wp-content\/uploads\/2024\/10\/osmosefilter.jpg\" \/>\n\t<meta property=\"og:image:width\" content=\"1500\" \/>\n\t<meta property=\"og:image:height\" content=\"1500\" \/>\n\t<meta property=\"og:image:type\" content=\"image\/jpeg\" \/>\n<meta name=\"twitter:card\" content=\"summary_large_image\" \/>\n<meta name=\"twitter:label1\" content=\"Dur\u00e9e de lecture estim\u00e9e\" \/>\n\t<meta name=\"twitter:data1\" content=\"2 minutes\" \/>\n<script type=\"application\/ld+json\" class=\"yoast-schema-graph\">{\"@context\":\"https:\\\/\\\/schema.org\",\"@graph\":[{\"@type\":\"WebPage\",\"@id\":\"https:\\\/\\\/www.bmut.de\\\/product\\\/bmut-osmoseanlage-ro-auftischfilter-mobil-mit-temperaturstufen-bis-100c-tds-kein-wasseranschluss-noetig-kalkfreies-trinkwasser-wasserspender-heisswasser\\\/\",\"url\":\"https:\\\/\\\/www.bmut.de\\\/product\\\/bmut-osmoseanlage-ro-auftischfilter-mobil-mit-temperaturstufen-bis-100c-tds-kein-wasseranschluss-noetig-kalkfreies-trinkwasser-wasserspender-heisswasser\\\/\",\"name\":\"BMUT Osmoseanlage (RO) Auftischfilter (mobil) | mit Temperaturstufen (bis ~100\u00b0C) & TDS | kein Wasseranschluss n\u00f6tig | kalkfreies Trinkwasser \u2013 Wasserspender \u2013 Hei\u00dfwasser - BMUT\u00ae\",\"isPartOf\":{\"@id\":\"https:\\\/\\\/www.bmut.de\\\/#website\"},\"primaryImageOfPage\":{\"@id\":\"https:\\\/\\\/www.bmut.de\\\/product\\\/bmut-osmoseanlage-ro-auftischfilter-mobil-mit-temperaturstufen-bis-100c-tds-kein-wasseranschluss-noetig-kalkfreies-trinkwasser-wasserspender-heisswasser\\\/#primaryimage\"},\"image\":{\"@id\":\"https:\\\/\\\/www.bmut.de\\\/product\\\/bmut-osmoseanlage-ro-auftischfilter-mobil-mit-temperaturstufen-bis-100c-tds-kein-wasseranschluss-noetig-kalkfreies-trinkwasser-wasserspender-heisswasser\\\/#primaryimage\"},\"thumbnailUrl\":\"https:\\\/\\\/www.bmut.de\\\/wp-content\\\/uploads\\\/2024\\\/10\\\/osmosefilter.jpg\",\"datePublished\":\"2024-10-15T13:59:55+00:00\",\"dateModified\":\"2025-09-12T14:23:50+00:00\",\"breadcrumb\":{\"@id\":\"https:\\\/\\\/www.bmut.de\\\/product\\\/bmut-osmoseanlage-ro-auftischfilter-mobil-mit-temperaturstufen-bis-100c-tds-kein-wasseranschluss-noetig-kalkfreies-trinkwasser-wasserspender-heisswasser\\\/#breadcrumb\"},\"inLanguage\":\"fr-FR\",\"potentialAction\":[{\"@type\":\"ReadAction\",\"target\":[\"https:\\\/\\\/www.bmut.de\\\/product\\\/bmut-osmoseanlage-ro-auftischfilter-mobil-mit-temperaturstufen-bis-100c-tds-kein-wasseranschluss-noetig-kalkfreies-trinkwasser-wasserspender-heisswasser\\\/\"]}]},{\"@type\":\"ImageObject\",\"inLanguage\":\"fr-FR\",\"@id\":\"https:\\\/\\\/www.bmut.de\\\/product\\\/bmut-osmoseanlage-ro-auftischfilter-mobil-mit-temperaturstufen-bis-100c-tds-kein-wasseranschluss-noetig-kalkfreies-trinkwasser-wasserspender-heisswasser\\\/#primaryimage\",\"url\":\"https:\\\/\\\/www.bmut.de\\\/wp-content\\\/uploads\\\/2024\\\/10\\\/osmosefilter.jpg\",\"contentUrl\":\"https:\\\/\\\/www.bmut.de\\\/wp-content\\\/uploads\\\/2024\\\/10\\\/osmosefilter.jpg\",\"width\":1500,\"height\":1500},{\"@type\":\"BreadcrumbList\",\"@id\":\"https:\\\/\\\/www.bmut.de\\\/product\\\/bmut-osmoseanlage-ro-auftischfilter-mobil-mit-temperaturstufen-bis-100c-tds-kein-wasseranschluss-noetig-kalkfreies-trinkwasser-wasserspender-heisswasser\\\/#breadcrumb\",\"itemListElement\":[{\"@type\":\"ListItem\",\"position\":1,\"name\":\"Startseite\",\"item\":\"https:\\\/\\\/www.bmut.de\\\/\"},{\"@type\":\"ListItem\",\"position\":2,\"name\":\"Shop\",\"item\":\"https:\\\/\\\/www.bmut.de\\\/shop\\\/\"},{\"@type\":\"ListItem\",\"position\":3,\"name\":\"BMUT Osmoseanlage (RO) Auftischfilter (mobil) | mit Temperaturstufen (bis ~100\u00b0C) &#038; TDS | kein Wasseranschluss n\u00f6tig | kalkfreies Trinkwasser \u2013 Wasserspender \u2013 Hei\u00dfwasser\"}]},{\"@type\":\"WebSite\",\"@id\":\"https:\\\/\\\/www.bmut.de\\\/#website\",\"url\":\"https:\\\/\\\/www.bmut.de\\\/\",\"name\":\"BMUT\u00ae\",\"description\":\"\",\"potentialAction\":[{\"@type\":\"SearchAction\",\"target\":{\"@type\":\"EntryPoint\",\"urlTemplate\":\"https:\\\/\\\/www.bmut.de\\\/?s={search_term_string}\"},\"query-input\":{\"@type\":\"PropertyValueSpecification\",\"valueRequired\":true,\"valueName\":\"search_term_string\"}}],\"inLanguage\":\"fr-FR\"}]}<\/script>\n<!-- \/ Yoast SEO plugin. -->","yoast_head_json":{"title":"BMUT Osmoseanlage (RO) Auftischfilter (mobil) | mit Temperaturstufen (bis ~100\u00b0C) & TDS | kein Wasseranschluss n\u00f6tig | kalkfreies Trinkwasser \u2013 Wasserspender \u2013 Hei\u00dfwasser - BMUT\u00ae","robots":{"index":"index","follow":"follow","max-snippet":"max-snippet:-1","max-image-preview":"max-image-preview:large","max-video-preview":"max-video-preview:-1"},"canonical":"https:\/\/www.bmut.de\/fr\/product\/bmut-osmoseanlage-ro-auftischfilter-mobil-mit-temperaturstufen-bis-100c-tds-kein-wasseranschluss-noetig-kalkfreies-trinkwasser-wasserspender-heisswasser\/","og_locale":"fr_FR","og_type":"article","og_title":"BMUT Osmoseanlage (RO) Auftischfilter (mobil) | mit Temperaturstufen (bis ~100\u00b0C) & TDS | kein Wasseranschluss n\u00f6tig | kalkfreies Trinkwasser \u2013 Wasserspender \u2013 Hei\u00dfwasser - BMUT\u00ae","og_description":"OSMOSEANLAGE GEGEN KALK  FILTERT KLEINSTE PARTIKEL  KEIN WASSERANSCHLUSS N\u00d6TIG  HEI\u00dfES ODER KALTES WASSER IN SEKUNDEN  SOFORT EINSETZBAR  SCHNELLER VERSAND MIT DHL","og_url":"https:\/\/www.bmut.de\/fr\/product\/bmut-osmoseanlage-ro-auftischfilter-mobil-mit-temperaturstufen-bis-100c-tds-kein-wasseranschluss-noetig-kalkfreies-trinkwasser-wasserspender-heisswasser\/","og_site_name":"BMUT\u00ae","article_modified_time":"2025-09-12T14:23:50+00:00","og_image":[{"width":1500,"height":1500,"url":"https:\/\/www.bmut.de\/wp-content\/uploads\/2024\/10\/osmosefilter.jpg","type":"image\/jpeg"}],"twitter_card":"summary_large_image","twitter_misc":{"Dur\u00e9e de lecture estim\u00e9e":"2 minutes"},"schema":{"@context":"https:\/\/schema.org","@graph":[{"@type":"WebPage","@id":"https:\/\/www.bmut.de\/product\/bmut-osmoseanlage-ro-auftischfilter-mobil-mit-temperaturstufen-bis-100c-tds-kein-wasseranschluss-noetig-kalkfreies-trinkwasser-wasserspender-heisswasser\/","url":"https:\/\/www.bmut.de\/product\/bmut-osmoseanlage-ro-auftischfilter-mobil-mit-temperaturstufen-bis-100c-tds-kein-wasseranschluss-noetig-kalkfreies-trinkwasser-wasserspender-heisswasser\/","name":"BMUT Osmoseanlage (RO) Auftischfilter (mobil) | mit Temperaturstufen (bis ~100\u00b0C) & TDS | kein Wasseranschluss n\u00f6tig | kalkfreies Trinkwasser \u2013 Wasserspender \u2013 Hei\u00dfwasser - BMUT\u00ae","isPartOf":{"@id":"https:\/\/www.bmut.de\/#website"},"primaryImageOfPage":{"@id":"https:\/\/www.bmut.de\/product\/bmut-osmoseanlage-ro-auftischfilter-mobil-mit-temperaturstufen-bis-100c-tds-kein-wasseranschluss-noetig-kalkfreies-trinkwasser-wasserspender-heisswasser\/#primaryimage"},"image":{"@id":"https:\/\/www.bmut.de\/product\/bmut-osmoseanlage-ro-auftischfilter-mobil-mit-temperaturstufen-bis-100c-tds-kein-wasseranschluss-noetig-kalkfreies-trinkwasser-wasserspender-heisswasser\/#primaryimage"},"thumbnailUrl":"https:\/\/www.bmut.de\/wp-content\/uploads\/2024\/10\/osmosefilter.jpg","datePublished":"2024-10-15T13:59:55+00:00","dateModified":"2025-09-12T14:23:50+00:00","breadcrumb":{"@id":"https:\/\/www.bmut.de\/product\/bmut-osmoseanlage-ro-auftischfilter-mobil-mit-temperaturstufen-bis-100c-tds-kein-wasseranschluss-noetig-kalkfreies-trinkwasser-wasserspender-heisswasser\/#breadcrumb"},"inLanguage":"fr-FR","potentialAction":[{"@type":"ReadAction","target":["https:\/\/www.bmut.de\/product\/bmut-osmoseanlage-ro-auftischfilter-mobil-mit-temperaturstufen-bis-100c-tds-kein-wasseranschluss-noetig-kalkfreies-trinkwasser-wasserspender-heisswasser\/"]}]},{"@type":"ImageObject","inLanguage":"fr-FR","@id":"https:\/\/www.bmut.de\/product\/bmut-osmoseanlage-ro-auftischfilter-mobil-mit-temperaturstufen-bis-100c-tds-kein-wasseranschluss-noetig-kalkfreies-trinkwasser-wasserspender-heisswasser\/#primaryimage","url":"https:\/\/www.bmut.de\/wp-content\/uploads\/2024\/10\/osmosefilter.jpg","contentUrl":"https:\/\/www.bmut.de\/wp-content\/uploads\/2024\/10\/osmosefilter.jpg","width":1500,"height":1500},{"@type":"BreadcrumbList","@id":"https:\/\/www.bmut.de\/product\/bmut-osmoseanlage-ro-auftischfilter-mobil-mit-temperaturstufen-bis-100c-tds-kein-wasseranschluss-noetig-kalkfreies-trinkwasser-wasserspender-heisswasser\/#breadcrumb","itemListElement":[{"@type":"ListItem","position":1,"name":"Startseite","item":"https:\/\/www.bmut.de\/"},{"@type":"ListItem","position":2,"name":"Shop","item":"https:\/\/www.bmut.de\/shop\/"},{"@type":"ListItem","position":3,"name":"BMUT Osmoseanlage (RO) Auftischfilter (mobil) | mit Temperaturstufen (bis ~100\u00b0C) &#038; TDS | kein Wasseranschluss n\u00f6tig | kalkfreies Trinkwasser \u2013 Wasserspender \u2013 Hei\u00dfwasser"}]},{"@type":"WebSite","@id":"https:\/\/www.bmut.de\/#website","url":"https:\/\/www.bmut.de\/","name":"BMUT\u00ae","description":"","potentialAction":[{"@type":"SearchAction","target":{"@type":"EntryPoint","urlTemplate":"https:\/\/www.bmut.de\/?s={search_term_string}"},"query-input":{"@type":"PropertyValueSpecification","valueRequired":true,"valueName":"search_term_string"}}],"inLanguage":"fr-FR"}]}},"jetpack_sharing_enabled":true,"_links":{"self":[{"href":"https:\/\/www.bmut.de\/fr\/wp-json\/wp\/v2\/product\/12588","targetHints":{"allow":["GET"]}}],"collection":[{"href":"https:\/\/www.bmut.de\/fr\/wp-json\/wp\/v2\/product"}],"about":[{"href":"https:\/\/www.bmut.de\/fr\/wp-json\/wp\/v2\/types\/product"}],"replies":[{"embeddable":true,"href":"https:\/\/www.bmut.de\/fr\/wp-json\/wp\/v2\/comments?post=12588"}],"wp:featuredmedia":[{"embeddable":true,"href":"https:\/\/www.bmut.de\/fr\/wp-json\/wp\/v2\/media\/12589"}],"wp:attachment":[{"href":"https:\/\/www.bmut.de\/fr\/wp-json\/wp\/v2\/media?parent=12588"}],"wp:term":[{"taxonomy":"product_brand","embeddable":true,"href":"https:\/\/www.bmut.de\/fr\/wp-json\/wp\/v2\/product_brand?post=12588"},{"taxonomy":"product_cat","embeddable":true,"href":"https:\/\/www.bmut.de\/fr\/wp-json\/wp\/v2\/product_cat?post=12588"},{"taxonomy":"product_tag","embeddable":true,"href":"https:\/\/www.bmut.de\/fr\/wp-json\/wp\/v2\/product_tag?post=12588"}],"curies":[{"name":"wp","href":"https:\/\/api.w.org\/{rel}","templated":true}]}}