{"id":217,"date":"2021-09-12T11:42:06","date_gmt":"2021-09-12T09:42:06","guid":{"rendered":"https:\/\/www.bmut.de\/?post_type=product&#038;p=217"},"modified":"2024-12-04T09:39:19","modified_gmt":"2024-12-04T08:39:19","slug":"10x-drogenschnelltest-drogentest-fuer-marihuana-cannabis-thc-urintest","status":"publish","type":"product","link":"https:\/\/www.bmut.de\/fr\/product\/10x-test-rapide-de-drogue-test-de-drogue-pour-la-marijuana-cannabis-thc-urine-test\/","title":{"rendered":"10x test rapide de drogue - test de d\u00e9pistage de la marijuana cannabis THC"},"content":{"rendered":"<p><strong>1 test 10 THC\u00a0<\/strong><\/p>\n<ul>\n<li>Test de d\u00e9pistage de drogue pour d\u00e9tecter le cannabis (THC).<\/li>\n<li>Les bandelettes de test de d\u00e9pistage de drogue sont marqu\u00e9es d'une membrane en nitrocellulose de haute qualit\u00e9 avec une perm\u00e9abilit\u00e9 et une largeur optimales.<\/li>\n<li>Fiable, rapide et pr\u00e9cis : Presque 100 % d'accord avec la m\u00e9thode de r\u00e9f\u00e9rence du laboratoire (GC\/MS). Ce produit est destin\u00e9 \u00e0 un usage m\u00e9dico-l\u00e9gal\/de recherche uniquement, et non \u00e0 un usage diagnostique. Pas de dispositif m\u00e9dical.<\/li>\n<li>Des standards de qualit\u00e9 \u00e9lev\u00e9s pour vos diff\u00e9rents \u00e9chantillons. Excellente sensibilit\u00e9 et sp\u00e9cificit\u00e9 : V\u00e9rifiez vos solutions pour le THC, comme les impuret\u00e9s dans le CBD.<\/li>\n<li>Discr\u00e9tion : L'exp\u00e9dition s'effectue dans un emballage opaque pour prot\u00e9ger votre vie priv\u00e9e.<\/li>\n<li>\u00c0 consommer de pr\u00e9f\u00e9rence avant : avril 2024<\/li>\n<\/ul>\n<p>&nbsp;<\/p>\n<p><strong>Description du produit:<\/strong><\/p>\n<p>Test de d\u00e9pistage de drogue pour d\u00e9tecter le cannabis (THC)<\/p>\n<p>Le test rapide de d\u00e9pistage du cannabis (THC) teste \u00e0 l'aide d'une bandelette de test avec une concordance de pr\u00e8s de 100 % par la m\u00e9thode de r\u00e9f\u00e9rence du laboratoire (GC\/MS). Il y a une description d\u00e9taill\u00e9e du produit sur l'emballage.<\/p>\n<p>Substances pouvant \u00eatre d\u00e9tect\u00e9es avec le test de d\u00e9pistage de drogue :<\/p>\n<p>THC - cannabino\u00efdes (50 ng\/ml)<\/p>\n<p>&nbsp;<\/p>\n<div class=\"col col-md-12 order-1\">\n<div class=\"content__description mb0\">\n<p><strong>Ex\u00e9cution:<\/strong><\/p>\n<p>1. La bandelette de test et l'\u00e9chantillon\/liquide doivent \u00eatre amen\u00e9s \u00e0 temp\u00e9rature ambiante avant utilisation<\/p>\n<p>2. Retirez la bandelette de test de l'emballage<\/p>\n<p>3. Trempez la bandelette de test dans l'\u00e9chantillon avec la fl\u00e8che pointant vers le bas<\/p>\n<p>4. Apr\u00e8s 10 secondes, retirez la bandelette r\u00e9active et posez-la \u00e0 plat sur une surface propre, s\u00e8che et non absorbante.<\/p>\n<p>5. Lire le r\u00e9sultat entre 3 et 5 minutes<\/p>\n<p>&nbsp;<\/p>\n<p><strong>Lire le r\u00e9sultat du test :<\/strong><\/p>\n<p>Dans la Zone de contr\u00f4le, trois R\u00e9sultats:<\/p>\n<p>1. N\u00e9gatif: Ligne dans la Zone de contr\u00f4le (C) et (T)<\/p>\n<p>2. Positif : ligne dans la zone de contr\u00f4le (T)<\/p>\n<p>3. Non valide\u00a0: aucune ligne dans la zone de contr\u00f4le<\/p>\n<p>&nbsp;<\/p>\n<p><strong>Contenu:<\/strong><\/p>\n<\/div>\n<\/div>\n<div class=\"col col-md-12 order-2\">\n<div class=\"content__bulletpoints\">\n<p><i class=\"fa fa-check\" aria-hidden=\"true\"><\/i>\u00a010 x bandelettes de test<\/p>\n<p><i class=\"fa fa-check\" aria-hidden=\"true\"><\/i>\u00a01 x description du produit<\/p>\n<\/div>\n<\/div>","protected":false},"excerpt":{"rendered":"<ul>\n<li>Fiable<\/li>\n<li>Longue durabilit\u00e9<\/li>\n<li>Exp\u00e9dition sous 24h<\/li>\n<li>Emballage discret<\/li>\n<\/ul>","protected":false},"featured_media":2910,"comment_status":"open","ping_status":"closed","template":"","meta":[],"product_brand":[],"product_cat":[18],"product_tag":[],"class_list":{"0":"post-217","1":"product","2":"type-product","3":"status-publish","4":"has-post-thumbnail","6":"product_cat-urintests","7":"product_shipping_class-brief-letter","9":"first","10":"instock","11":"taxable","12":"shipping-taxable","13":"purchasable","14":"product-type-simple","15":"czr-hentry"},"yoast_head":"<!-- This site is optimized with the Yoast SEO plugin v27.4 - https:\/\/yoast.com\/product\/yoast-seo-wordpress\/ -->\n<title>10x Drogenschnelltest - Drogentest f\u00fcr Marihuana Cannabis THC - BMUT\u00ae<\/title>\n<meta name=\"description\" content=\"Bester Drogentest THC f\u00fcr Urinanalyse mit 50 ng\/ml in Apothekenqualit\u00e4t. Weisen Sie zuverl\u00e4ssig nach, ob Cannabis\/Marijuana konsumiert wurde.\" \/>\n<meta name=\"robots\" content=\"index, follow, max-snippet:-1, max-image-preview:large, max-video-preview:-1\" \/>\n<link rel=\"canonical\" href=\"https:\/\/www.bmut.de\/fr\/product\/10x-drogenschnelltest-drogentest-fuer-marihuana-cannabis-thc-urintest\/\" \/>\n<meta property=\"og:locale\" content=\"fr_FR\" \/>\n<meta property=\"og:type\" content=\"article\" \/>\n<meta property=\"og:title\" content=\"10x Drogenschnelltest - Drogentest f\u00fcr Marihuana Cannabis THC - BMUT\u00ae\" \/>\n<meta property=\"og:description\" content=\"Bester Drogentest THC f\u00fcr Urinanalyse mit 50 ng\/ml in Apothekenqualit\u00e4t. Weisen Sie zuverl\u00e4ssig nach, ob Cannabis\/Marijuana konsumiert wurde.\" \/>\n<meta property=\"og:url\" content=\"https:\/\/www.bmut.de\/fr\/product\/10x-drogenschnelltest-drogentest-fuer-marihuana-cannabis-thc-urintest\/\" \/>\n<meta property=\"og:site_name\" content=\"BMUT\u00ae\" \/>\n<meta property=\"article:modified_time\" content=\"2024-12-04T08:39:19+00:00\" \/>\n<meta property=\"og:image\" content=\"https:\/\/www.bmut.de\/wp-content\/uploads\/2021\/09\/THC_testjpg.jpg\" \/>\n\t<meta property=\"og:image:width\" content=\"1200\" \/>\n\t<meta property=\"og:image:height\" content=\"1200\" \/>\n\t<meta property=\"og:image:type\" content=\"image\/jpeg\" \/>\n<meta name=\"twitter:card\" content=\"summary_large_image\" \/>\n<meta name=\"twitter:label1\" content=\"Dur\u00e9e de lecture estim\u00e9e\" \/>\n\t<meta name=\"twitter:data1\" content=\"2 minutes\" \/>\n<script type=\"application\/ld+json\" class=\"yoast-schema-graph\">{\"@context\":\"https:\\\/\\\/schema.org\",\"@graph\":[{\"@type\":\"WebPage\",\"@id\":\"https:\\\/\\\/www.bmut.de\\\/product\\\/10x-drogenschnelltest-drogentest-fuer-marihuana-cannabis-thc-urintest\\\/\",\"url\":\"https:\\\/\\\/www.bmut.de\\\/product\\\/10x-drogenschnelltest-drogentest-fuer-marihuana-cannabis-thc-urintest\\\/\",\"name\":\"10x Drogenschnelltest - Drogentest f\u00fcr Marihuana Cannabis THC - BMUT\u00ae\",\"isPartOf\":{\"@id\":\"https:\\\/\\\/www.bmut.de\\\/#website\"},\"primaryImageOfPage\":{\"@id\":\"https:\\\/\\\/www.bmut.de\\\/product\\\/10x-drogenschnelltest-drogentest-fuer-marihuana-cannabis-thc-urintest\\\/#primaryimage\"},\"image\":{\"@id\":\"https:\\\/\\\/www.bmut.de\\\/product\\\/10x-drogenschnelltest-drogentest-fuer-marihuana-cannabis-thc-urintest\\\/#primaryimage\"},\"thumbnailUrl\":\"https:\\\/\\\/www.bmut.de\\\/wp-content\\\/uploads\\\/2021\\\/09\\\/THC_testjpg.jpg\",\"datePublished\":\"2021-09-12T09:42:06+00:00\",\"dateModified\":\"2024-12-04T08:39:19+00:00\",\"description\":\"Bester Drogentest THC f\u00fcr Urinanalyse mit 50 ng\\\/ml in Apothekenqualit\u00e4t. Weisen Sie zuverl\u00e4ssig nach, ob Cannabis\\\/Marijuana konsumiert wurde.\",\"breadcrumb\":{\"@id\":\"https:\\\/\\\/www.bmut.de\\\/product\\\/10x-drogenschnelltest-drogentest-fuer-marihuana-cannabis-thc-urintest\\\/#breadcrumb\"},\"inLanguage\":\"fr-FR\",\"potentialAction\":[{\"@type\":\"ReadAction\",\"target\":[\"https:\\\/\\\/www.bmut.de\\\/product\\\/10x-drogenschnelltest-drogentest-fuer-marihuana-cannabis-thc-urintest\\\/\"]}]},{\"@type\":\"ImageObject\",\"inLanguage\":\"fr-FR\",\"@id\":\"https:\\\/\\\/www.bmut.de\\\/product\\\/10x-drogenschnelltest-drogentest-fuer-marihuana-cannabis-thc-urintest\\\/#primaryimage\",\"url\":\"https:\\\/\\\/www.bmut.de\\\/wp-content\\\/uploads\\\/2021\\\/09\\\/THC_testjpg.jpg\",\"contentUrl\":\"https:\\\/\\\/www.bmut.de\\\/wp-content\\\/uploads\\\/2021\\\/09\\\/THC_testjpg.jpg\",\"width\":1200,\"height\":1200},{\"@type\":\"BreadcrumbList\",\"@id\":\"https:\\\/\\\/www.bmut.de\\\/product\\\/10x-drogenschnelltest-drogentest-fuer-marihuana-cannabis-thc-urintest\\\/#breadcrumb\",\"itemListElement\":[{\"@type\":\"ListItem\",\"position\":1,\"name\":\"Startseite\",\"item\":\"https:\\\/\\\/www.bmut.de\\\/\"},{\"@type\":\"ListItem\",\"position\":2,\"name\":\"Shop\",\"item\":\"https:\\\/\\\/www.bmut.de\\\/shop\\\/\"},{\"@type\":\"ListItem\",\"position\":3,\"name\":\"10x Drogenschnelltest &#8211; Drogentest f\u00fcr Marihuana Cannabis THC\"}]},{\"@type\":\"WebSite\",\"@id\":\"https:\\\/\\\/www.bmut.de\\\/#website\",\"url\":\"https:\\\/\\\/www.bmut.de\\\/\",\"name\":\"BMUT\u00ae\",\"description\":\"\",\"potentialAction\":[{\"@type\":\"SearchAction\",\"target\":{\"@type\":\"EntryPoint\",\"urlTemplate\":\"https:\\\/\\\/www.bmut.de\\\/?s={search_term_string}\"},\"query-input\":{\"@type\":\"PropertyValueSpecification\",\"valueRequired\":true,\"valueName\":\"search_term_string\"}}],\"inLanguage\":\"fr-FR\"}]}<\/script>\n<!-- \/ Yoast SEO plugin. -->","yoast_head_json":{"title":"10x Drogenschnelltest - Drogentest f\u00fcr Marihuana Cannabis THC - BMUT\u00ae","description":"Bester Drogentest THC f\u00fcr Urinanalyse mit 50 ng\/ml in Apothekenqualit\u00e4t. Weisen Sie zuverl\u00e4ssig nach, ob Cannabis\/Marijuana konsumiert wurde.","robots":{"index":"index","follow":"follow","max-snippet":"max-snippet:-1","max-image-preview":"max-image-preview:large","max-video-preview":"max-video-preview:-1"},"canonical":"https:\/\/www.bmut.de\/fr\/product\/10x-drogenschnelltest-drogentest-fuer-marihuana-cannabis-thc-urintest\/","og_locale":"fr_FR","og_type":"article","og_title":"10x Drogenschnelltest - Drogentest f\u00fcr Marihuana Cannabis THC - BMUT\u00ae","og_description":"Bester Drogentest THC f\u00fcr Urinanalyse mit 50 ng\/ml in Apothekenqualit\u00e4t. Weisen Sie zuverl\u00e4ssig nach, ob Cannabis\/Marijuana konsumiert wurde.","og_url":"https:\/\/www.bmut.de\/fr\/product\/10x-drogenschnelltest-drogentest-fuer-marihuana-cannabis-thc-urintest\/","og_site_name":"BMUT\u00ae","article_modified_time":"2024-12-04T08:39:19+00:00","og_image":[{"width":1200,"height":1200,"url":"https:\/\/www.bmut.de\/wp-content\/uploads\/2021\/09\/THC_testjpg.jpg","type":"image\/jpeg"}],"twitter_card":"summary_large_image","twitter_misc":{"Dur\u00e9e de lecture estim\u00e9e":"2 minutes"},"schema":{"@context":"https:\/\/schema.org","@graph":[{"@type":"WebPage","@id":"https:\/\/www.bmut.de\/product\/10x-drogenschnelltest-drogentest-fuer-marihuana-cannabis-thc-urintest\/","url":"https:\/\/www.bmut.de\/product\/10x-drogenschnelltest-drogentest-fuer-marihuana-cannabis-thc-urintest\/","name":"10x Drogenschnelltest - Drogentest f\u00fcr Marihuana Cannabis THC - BMUT\u00ae","isPartOf":{"@id":"https:\/\/www.bmut.de\/#website"},"primaryImageOfPage":{"@id":"https:\/\/www.bmut.de\/product\/10x-drogenschnelltest-drogentest-fuer-marihuana-cannabis-thc-urintest\/#primaryimage"},"image":{"@id":"https:\/\/www.bmut.de\/product\/10x-drogenschnelltest-drogentest-fuer-marihuana-cannabis-thc-urintest\/#primaryimage"},"thumbnailUrl":"https:\/\/www.bmut.de\/wp-content\/uploads\/2021\/09\/THC_testjpg.jpg","datePublished":"2021-09-12T09:42:06+00:00","dateModified":"2024-12-04T08:39:19+00:00","description":"Bester Drogentest THC f\u00fcr Urinanalyse mit 50 ng\/ml in Apothekenqualit\u00e4t. Weisen Sie zuverl\u00e4ssig nach, ob Cannabis\/Marijuana konsumiert wurde.","breadcrumb":{"@id":"https:\/\/www.bmut.de\/product\/10x-drogenschnelltest-drogentest-fuer-marihuana-cannabis-thc-urintest\/#breadcrumb"},"inLanguage":"fr-FR","potentialAction":[{"@type":"ReadAction","target":["https:\/\/www.bmut.de\/product\/10x-drogenschnelltest-drogentest-fuer-marihuana-cannabis-thc-urintest\/"]}]},{"@type":"ImageObject","inLanguage":"fr-FR","@id":"https:\/\/www.bmut.de\/product\/10x-drogenschnelltest-drogentest-fuer-marihuana-cannabis-thc-urintest\/#primaryimage","url":"https:\/\/www.bmut.de\/wp-content\/uploads\/2021\/09\/THC_testjpg.jpg","contentUrl":"https:\/\/www.bmut.de\/wp-content\/uploads\/2021\/09\/THC_testjpg.jpg","width":1200,"height":1200},{"@type":"BreadcrumbList","@id":"https:\/\/www.bmut.de\/product\/10x-drogenschnelltest-drogentest-fuer-marihuana-cannabis-thc-urintest\/#breadcrumb","itemListElement":[{"@type":"ListItem","position":1,"name":"Startseite","item":"https:\/\/www.bmut.de\/"},{"@type":"ListItem","position":2,"name":"Shop","item":"https:\/\/www.bmut.de\/shop\/"},{"@type":"ListItem","position":3,"name":"10x Drogenschnelltest &#8211; Drogentest f\u00fcr Marihuana Cannabis THC"}]},{"@type":"WebSite","@id":"https:\/\/www.bmut.de\/#website","url":"https:\/\/www.bmut.de\/","name":"BMUT\u00ae","description":"","potentialAction":[{"@type":"SearchAction","target":{"@type":"EntryPoint","urlTemplate":"https:\/\/www.bmut.de\/?s={search_term_string}"},"query-input":{"@type":"PropertyValueSpecification","valueRequired":true,"valueName":"search_term_string"}}],"inLanguage":"fr-FR"}]}},"jetpack_sharing_enabled":true,"_links":{"self":[{"href":"https:\/\/www.bmut.de\/fr\/wp-json\/wp\/v2\/product\/217","targetHints":{"allow":["GET"]}}],"collection":[{"href":"https:\/\/www.bmut.de\/fr\/wp-json\/wp\/v2\/product"}],"about":[{"href":"https:\/\/www.bmut.de\/fr\/wp-json\/wp\/v2\/types\/product"}],"replies":[{"embeddable":true,"href":"https:\/\/www.bmut.de\/fr\/wp-json\/wp\/v2\/comments?post=217"}],"wp:featuredmedia":[{"embeddable":true,"href":"https:\/\/www.bmut.de\/fr\/wp-json\/wp\/v2\/media\/2910"}],"wp:attachment":[{"href":"https:\/\/www.bmut.de\/fr\/wp-json\/wp\/v2\/media?parent=217"}],"wp:term":[{"taxonomy":"product_brand","embeddable":true,"href":"https:\/\/www.bmut.de\/fr\/wp-json\/wp\/v2\/product_brand?post=217"},{"taxonomy":"product_cat","embeddable":true,"href":"https:\/\/www.bmut.de\/fr\/wp-json\/wp\/v2\/product_cat?post=217"},{"taxonomy":"product_tag","embeddable":true,"href":"https:\/\/www.bmut.de\/fr\/wp-json\/wp\/v2\/product_tag?post=217"}],"curies":[{"name":"wp","href":"https:\/\/api.w.org\/{rel}","templated":true}]}}