{"id":321,"date":"2021-09-14T04:30:14","date_gmt":"2021-09-14T02:30:14","guid":{"rendered":"https:\/\/www.bmut.de\/?post_type=product&#038;p=321"},"modified":"2025-02-04T16:44:57","modified_gmt":"2025-02-04T15:44:57","slug":"20x-schwangerschaftstest-hcg-test-fruehtest-baby-10-miu_ml-teststreifen-urintest","status":"publish","type":"product","link":"https:\/\/www.bmut.de\/fr\/product\/20x-test-de-grossesse-hcg-test-early-test-baby-10-miu_ml-test-strips-urine-test\/","title":{"rendered":"Test de grossesse 10 miu\/ml test ultra pr\u00e9coce BMUT hCG test pr\u00e9coce bandelettes de test pour b\u00e9b\u00e9 test d'urine"},"content":{"rendered":"<h4><strong>Test de grossesse de la plus haute qualit\u00e9 et certificat CE pour l'auto-utilisation<\/strong><\/h4>\n<h4><strong>But \/ La description:<\/strong><\/h4>\n<h4>Vous pouvez utiliser ce test pour v\u00e9rifier si vous \u00eates enceinte. A partir du huiti\u00e8me jour apr\u00e8s le rapport sexuel, l'HCG peut \u00eatre d\u00e9tect\u00e9e dans les urines. En raison de la haute sensibilit\u00e9 du test, parfois m\u00eame plus t\u00f4t.<\/h4>\n<h4>Ce test de grossesse montre le niveau de hCG (gonadotrophine chorionique humaine) dans l'\u00e9chantillon d'urine. C'est une hormone lib\u00e9r\u00e9e pendant la grossesse. L'hormone peut d\u00e9j\u00e0 \u00eatre d\u00e9tect\u00e9e apr\u00e8s la conception.<\/h4>\n<h4><strong>Instructions:<\/strong><\/h4>\n<h4>1. Retirez le test du sachet scell\u00e9.<\/h4>\n<h4>2. Tenez la bandelette de test avec la fl\u00e8che pointant vers le bas dans l'\u00e9chantillon d'urine \u00e0 tester pendant 3 secondes.<\/h4>\n<h4>3. Placez ensuite la bandelette de test sur une surface plane et propre.<\/h4>\n<h4>4. Lisez le r\u00e9sultat dans les 5 minutes.<\/h4>\n<h4><strong>Contenu:<\/strong><\/h4>\n<h4>Emballage discret<\/h4>\n<h4>20 bandelettes de test<\/h4>\n<h4>Instructions d\u00e9taill\u00e9es<\/h4>","protected":false},"excerpt":{"rendered":"<ul>\n<li>Fiabilit\u00e9 et qualit\u00e9 de la marque<\/li>\n<li>Certifi\u00e9 CE de la plus haute qualit\u00e9 pour une utilisation personnelle<\/li>\n<li>Longue durabilit\u00e9<\/li>\n<li>Exp\u00e9dition sous 24h<\/li>\n<li>Emballage discret et scell\u00e9 individuellement<\/li>\n<\/ul>","protected":false},"featured_media":4708,"comment_status":"open","ping_status":"closed","template":"","meta":[],"product_brand":[],"product_cat":[33,35,18],"product_tag":[78,79,76,77],"class_list":{"0":"post-321","1":"product","2":"type-product","3":"status-publish","4":"has-post-thumbnail","6":"product_cat-tests-durine","7":"product_cat-urine-tests","8":"product_cat-urintests","9":"product_tag-10-miu-ml","10":"product_tag-hcg","11":"product_tag-schwangerschaftsfruehtest","12":"product_tag-ultrafrueher-schwangerschaftstest","13":"product_shipping_class-brief-letter","15":"first","16":"instock","17":"taxable","18":"shipping-taxable","19":"purchasable","20":"product-type-variable","21":"has-default-attributes","22":"czr-hentry"},"yoast_head":"<!-- This site is optimized with the Yoast SEO plugin v27.6 - https:\/\/yoast.com\/product\/yoast-seo-wordpress\/ -->\n<title>Schwangerschaftstest 10 miu\/ml Ultrafr\u00fch BMUT hCG-Test Fr\u00fchtest Baby Teststreifen Urintest - BMUT\u00ae<\/title>\n<meta name=\"robots\" content=\"index, follow, max-snippet:-1, max-image-preview:large, max-video-preview:-1\" \/>\n<link rel=\"canonical\" href=\"https:\/\/www.bmut.de\/fr\/product\/20x-test-de-grossesse-hcg-test-early-test-baby-10-miu_ml-test-strips-urine-test\/\" \/>\n<meta property=\"og:locale\" content=\"fr_FR\" \/>\n<meta property=\"og:type\" content=\"article\" \/>\n<meta property=\"og:title\" content=\"Schwangerschaftstest 10 miu\/ml Ultrafr\u00fch BMUT hCG-Test Fr\u00fchtest Baby Teststreifen Urintest - BMUT\u00ae\" \/>\n<meta property=\"og:description\" content=\"Zuverl\u00e4ssig &amp; Markenqualit\u00e4t  H\u00f6chste Qualit\u00e4t CE Zertifiziert zur Eigenanwendung  Lange Haltbarkeit  Versand innerhalb 24h  Diskrete Verpackung &amp; einzeln versiegelt\" \/>\n<meta property=\"og:url\" content=\"https:\/\/www.bmut.de\/fr\/product\/20x-test-de-grossesse-hcg-test-early-test-baby-10-miu_ml-test-strips-urine-test\/\" \/>\n<meta property=\"og:site_name\" content=\"BMUT\u00ae\" \/>\n<meta property=\"article:modified_time\" content=\"2025-02-04T15:44:57+00:00\" \/>\n<meta property=\"og:image\" content=\"https:\/\/www.bmut.de\/wp-content\/uploads\/2021\/09\/pouch_alle_neu.jpg\" \/>\n\t<meta property=\"og:image:width\" content=\"800\" \/>\n\t<meta property=\"og:image:height\" content=\"800\" \/>\n\t<meta property=\"og:image:type\" content=\"image\/jpeg\" \/>\n<meta name=\"twitter:card\" content=\"summary_large_image\" \/>\n<meta name=\"twitter:label1\" content=\"Dur\u00e9e de lecture estim\u00e9e\" \/>\n\t<meta name=\"twitter:data1\" content=\"1 minute\" \/>\n<script type=\"application\/ld+json\" class=\"yoast-schema-graph\">{\"@context\":\"https:\\\/\\\/schema.org\",\"@graph\":[{\"@type\":\"WebPage\",\"@id\":\"https:\\\/\\\/www.bmut.de\\\/fr\\\/product\\\/20x-test-de-grossesse-hcg-test-early-test-baby-10-miu_ml-test-strips-urine-test\\\/\",\"url\":\"https:\\\/\\\/www.bmut.de\\\/fr\\\/product\\\/20x-test-de-grossesse-hcg-test-early-test-baby-10-miu_ml-test-strips-urine-test\\\/\",\"name\":\"Schwangerschaftstest 10 miu\\\/ml Ultrafr\u00fch BMUT hCG-Test Fr\u00fchtest Baby Teststreifen Urintest - BMUT\u00ae\",\"isPartOf\":{\"@id\":\"https:\\\/\\\/www.bmut.de\\\/#website\"},\"primaryImageOfPage\":{\"@id\":\"https:\\\/\\\/www.bmut.de\\\/fr\\\/product\\\/20x-test-de-grossesse-hcg-test-early-test-baby-10-miu_ml-test-strips-urine-test\\\/#primaryimage\"},\"image\":{\"@id\":\"https:\\\/\\\/www.bmut.de\\\/fr\\\/product\\\/20x-test-de-grossesse-hcg-test-early-test-baby-10-miu_ml-test-strips-urine-test\\\/#primaryimage\"},\"thumbnailUrl\":\"https:\\\/\\\/www.bmut.de\\\/wp-content\\\/uploads\\\/2021\\\/09\\\/pouch_alle_neu.jpg\",\"datePublished\":\"2021-09-14T02:30:14+00:00\",\"dateModified\":\"2025-02-04T15:44:57+00:00\",\"breadcrumb\":{\"@id\":\"https:\\\/\\\/www.bmut.de\\\/fr\\\/product\\\/20x-test-de-grossesse-hcg-test-early-test-baby-10-miu_ml-test-strips-urine-test\\\/#breadcrumb\"},\"inLanguage\":\"fr-FR\",\"potentialAction\":[{\"@type\":\"ReadAction\",\"target\":[\"https:\\\/\\\/www.bmut.de\\\/fr\\\/product\\\/20x-test-de-grossesse-hcg-test-early-test-baby-10-miu_ml-test-strips-urine-test\\\/\"]}]},{\"@type\":\"ImageObject\",\"inLanguage\":\"fr-FR\",\"@id\":\"https:\\\/\\\/www.bmut.de\\\/fr\\\/product\\\/20x-test-de-grossesse-hcg-test-early-test-baby-10-miu_ml-test-strips-urine-test\\\/#primaryimage\",\"url\":\"https:\\\/\\\/www.bmut.de\\\/wp-content\\\/uploads\\\/2021\\\/09\\\/pouch_alle_neu.jpg\",\"contentUrl\":\"https:\\\/\\\/www.bmut.de\\\/wp-content\\\/uploads\\\/2021\\\/09\\\/pouch_alle_neu.jpg\",\"width\":800,\"height\":800},{\"@type\":\"BreadcrumbList\",\"@id\":\"https:\\\/\\\/www.bmut.de\\\/fr\\\/product\\\/20x-test-de-grossesse-hcg-test-early-test-baby-10-miu_ml-test-strips-urine-test\\\/#breadcrumb\",\"itemListElement\":[{\"@type\":\"ListItem\",\"position\":1,\"name\":\"Startseite\",\"item\":\"https:\\\/\\\/www.bmut.de\\\/\"},{\"@type\":\"ListItem\",\"position\":2,\"name\":\"Shop\",\"item\":\"https:\\\/\\\/www.bmut.de\\\/shop\\\/\"},{\"@type\":\"ListItem\",\"position\":3,\"name\":\"Schwangerschaftstest 10 miu\\\/ml Ultrafr\u00fch BMUT hCG-Test Fr\u00fchtest Baby Teststreifen Urintest\"}]},{\"@type\":\"WebSite\",\"@id\":\"https:\\\/\\\/www.bmut.de\\\/#website\",\"url\":\"https:\\\/\\\/www.bmut.de\\\/\",\"name\":\"BMUT\u00ae\",\"description\":\"\",\"potentialAction\":[{\"@type\":\"SearchAction\",\"target\":{\"@type\":\"EntryPoint\",\"urlTemplate\":\"https:\\\/\\\/www.bmut.de\\\/?s={search_term_string}\"},\"query-input\":{\"@type\":\"PropertyValueSpecification\",\"valueRequired\":true,\"valueName\":\"search_term_string\"}}],\"inLanguage\":\"fr-FR\"}]}<\/script>\n<!-- \/ Yoast SEO plugin. -->","yoast_head_json":{"title":"Schwangerschaftstest 10 miu\/ml Ultrafr\u00fch BMUT hCG-Test Fr\u00fchtest Baby Teststreifen Urintest - BMUT\u00ae","robots":{"index":"index","follow":"follow","max-snippet":"max-snippet:-1","max-image-preview":"max-image-preview:large","max-video-preview":"max-video-preview:-1"},"canonical":"https:\/\/www.bmut.de\/fr\/product\/20x-test-de-grossesse-hcg-test-early-test-baby-10-miu_ml-test-strips-urine-test\/","og_locale":"fr_FR","og_type":"article","og_title":"Schwangerschaftstest 10 miu\/ml Ultrafr\u00fch BMUT hCG-Test Fr\u00fchtest Baby Teststreifen Urintest - BMUT\u00ae","og_description":"Zuverl\u00e4ssig &amp; Markenqualit\u00e4t  H\u00f6chste Qualit\u00e4t CE Zertifiziert zur Eigenanwendung  Lange Haltbarkeit  Versand innerhalb 24h  Diskrete Verpackung &amp; einzeln versiegelt","og_url":"https:\/\/www.bmut.de\/fr\/product\/20x-test-de-grossesse-hcg-test-early-test-baby-10-miu_ml-test-strips-urine-test\/","og_site_name":"BMUT\u00ae","article_modified_time":"2025-02-04T15:44:57+00:00","og_image":[{"width":800,"height":800,"url":"https:\/\/www.bmut.de\/wp-content\/uploads\/2021\/09\/pouch_alle_neu.jpg","type":"image\/jpeg"}],"twitter_card":"summary_large_image","twitter_misc":{"Dur\u00e9e de lecture estim\u00e9e":"1 minute"},"schema":{"@context":"https:\/\/schema.org","@graph":[{"@type":"WebPage","@id":"https:\/\/www.bmut.de\/fr\/product\/20x-test-de-grossesse-hcg-test-early-test-baby-10-miu_ml-test-strips-urine-test\/","url":"https:\/\/www.bmut.de\/fr\/product\/20x-test-de-grossesse-hcg-test-early-test-baby-10-miu_ml-test-strips-urine-test\/","name":"Schwangerschaftstest 10 miu\/ml Ultrafr\u00fch BMUT hCG-Test Fr\u00fchtest Baby Teststreifen Urintest - BMUT\u00ae","isPartOf":{"@id":"https:\/\/www.bmut.de\/#website"},"primaryImageOfPage":{"@id":"https:\/\/www.bmut.de\/fr\/product\/20x-test-de-grossesse-hcg-test-early-test-baby-10-miu_ml-test-strips-urine-test\/#primaryimage"},"image":{"@id":"https:\/\/www.bmut.de\/fr\/product\/20x-test-de-grossesse-hcg-test-early-test-baby-10-miu_ml-test-strips-urine-test\/#primaryimage"},"thumbnailUrl":"https:\/\/www.bmut.de\/wp-content\/uploads\/2021\/09\/pouch_alle_neu.jpg","datePublished":"2021-09-14T02:30:14+00:00","dateModified":"2025-02-04T15:44:57+00:00","breadcrumb":{"@id":"https:\/\/www.bmut.de\/fr\/product\/20x-test-de-grossesse-hcg-test-early-test-baby-10-miu_ml-test-strips-urine-test\/#breadcrumb"},"inLanguage":"fr-FR","potentialAction":[{"@type":"ReadAction","target":["https:\/\/www.bmut.de\/fr\/product\/20x-test-de-grossesse-hcg-test-early-test-baby-10-miu_ml-test-strips-urine-test\/"]}]},{"@type":"ImageObject","inLanguage":"fr-FR","@id":"https:\/\/www.bmut.de\/fr\/product\/20x-test-de-grossesse-hcg-test-early-test-baby-10-miu_ml-test-strips-urine-test\/#primaryimage","url":"https:\/\/www.bmut.de\/wp-content\/uploads\/2021\/09\/pouch_alle_neu.jpg","contentUrl":"https:\/\/www.bmut.de\/wp-content\/uploads\/2021\/09\/pouch_alle_neu.jpg","width":800,"height":800},{"@type":"BreadcrumbList","@id":"https:\/\/www.bmut.de\/fr\/product\/20x-test-de-grossesse-hcg-test-early-test-baby-10-miu_ml-test-strips-urine-test\/#breadcrumb","itemListElement":[{"@type":"ListItem","position":1,"name":"Startseite","item":"https:\/\/www.bmut.de\/"},{"@type":"ListItem","position":2,"name":"Shop","item":"https:\/\/www.bmut.de\/shop\/"},{"@type":"ListItem","position":3,"name":"Schwangerschaftstest 10 miu\/ml Ultrafr\u00fch BMUT hCG-Test Fr\u00fchtest Baby Teststreifen Urintest"}]},{"@type":"WebSite","@id":"https:\/\/www.bmut.de\/#website","url":"https:\/\/www.bmut.de\/","name":"BMUT\u00ae","description":"","potentialAction":[{"@type":"SearchAction","target":{"@type":"EntryPoint","urlTemplate":"https:\/\/www.bmut.de\/?s={search_term_string}"},"query-input":{"@type":"PropertyValueSpecification","valueRequired":true,"valueName":"search_term_string"}}],"inLanguage":"fr-FR"}]}},"jetpack_sharing_enabled":true,"_links":{"self":[{"href":"https:\/\/www.bmut.de\/fr\/wp-json\/wp\/v2\/product\/321","targetHints":{"allow":["GET"]}}],"collection":[{"href":"https:\/\/www.bmut.de\/fr\/wp-json\/wp\/v2\/product"}],"about":[{"href":"https:\/\/www.bmut.de\/fr\/wp-json\/wp\/v2\/types\/product"}],"replies":[{"embeddable":true,"href":"https:\/\/www.bmut.de\/fr\/wp-json\/wp\/v2\/comments?post=321"}],"wp:featuredmedia":[{"embeddable":true,"href":"https:\/\/www.bmut.de\/fr\/wp-json\/wp\/v2\/media\/4708"}],"wp:attachment":[{"href":"https:\/\/www.bmut.de\/fr\/wp-json\/wp\/v2\/media?parent=321"}],"wp:term":[{"taxonomy":"product_brand","embeddable":true,"href":"https:\/\/www.bmut.de\/fr\/wp-json\/wp\/v2\/product_brand?post=321"},{"taxonomy":"product_cat","embeddable":true,"href":"https:\/\/www.bmut.de\/fr\/wp-json\/wp\/v2\/product_cat?post=321"},{"taxonomy":"product_tag","embeddable":true,"href":"https:\/\/www.bmut.de\/fr\/wp-json\/wp\/v2\/product_tag?post=321"}],"curies":[{"name":"wp","href":"https:\/\/api.w.org\/{rel}","templated":true}]}}