{"id":337,"date":"2021-09-14T05:17:38","date_gmt":"2021-09-14T03:17:38","guid":{"rendered":"https:\/\/www.bmut.de\/?post_type=product&#038;p=337"},"modified":"2022-12-13T18:12:44","modified_gmt":"2022-12-13T17:12:44","slug":"1x-bmut-pro-aquarium-7in1-teststreifen-50x-schnelltest-wassertest-teich-fische","status":"publish","type":"product","link":"https:\/\/www.bmut.de\/fr\/product\/1x-bmut-pro-aquarium-7in1-test-bands-50x-quick-test-water-test-pond-fish\/","title":{"rendered":"1x BMUT PRO - Bandelettes de test pour aquarium 7en1 50x test rapide de l'eau des poissons d'\u00e9tang"},"content":{"rendered":"<p>&nbsp;<\/p>\n<div class=\"container\">\n<div>\n<div id=\"layout__layout-4\">\n<div class=\"row\">\n<div class=\"col col-md-6\">\n<div id=\"layout__content\">\n<div class=\"row flex direction-column\">\n<div class=\"col col-md-12 order-1\">\n<div class=\"content__description mb0\">\n<ul>\n<li>Le test indique quand un changement d'eau est recommand\u00e9.<\/li>\n<li>Avec ce test simple, plus besoin d'instructions complexes. \u00c0 l'aide de l'\u00e9tiquette, tout peut \u00eatre lu clairement en un coup d'\u0153il.<\/li>\n<li>Original en allemand<\/li>\n<\/ul>\n<p><strong>Ce qui suit est test\u00e9 avec 7in1\u00a0:<\/strong><\/p>\n<ul>\n<li>Nitrates (NO3)<\/li>\n<li>Nitrites (NO2)<\/li>\n<li>Chlore (CL2)<\/li>\n<li>Duret\u00e9 totale (GH)<\/li>\n<li>Alcalinit\u00e9 totale (GA)<\/li>\n<li>Duret\u00e9 carbonat\u00e9e (KH)<\/li>\n<li>PH-valeur<\/li>\n<\/ul>\n<p><strong>Utilisation:<\/strong><strong><br \/>\n<\/strong>1. Immerger la bande dans l'eau pendant 2 secondes.<br \/>\n2. NE PAS secouer l'exc\u00e8s d'eau et comparer avec le nuancier.<br \/>\n3. Pour CL2, GH, TA, KH, pH, attendez 15 secondes pour lire les r\u00e9sultats, pour NO2 et NO3, attendez 60 secondes pour lire les r\u00e9sultats.<\/p>\n<p><strong>Contenu de la livraison\u00a0:<br \/>\n<\/strong>1x tube avec 50 bandelettes de test<\/p>\n<\/div>\n<\/div>\n<\/div>\n<\/div>\n<\/div>\n<\/div>\n<\/div>\n<\/div>\n<\/div>\n<p>&nbsp;<\/p>","protected":false},"excerpt":{"rendered":"<p>&nbsp; Der Test zeigt an, wann ein Wasserwechsel empfohlen wird. Mit diesem einfachen Test wird keine komplexe Anleitung mehr erforderlich. Es kann anhand des Labels mit einem Blick alles verst\u00e4ndlich abgelesen werden. Original auf Deutsch Folgendes wird mit 7in1 getestet: Nitrate (NO3) Nitrite (NO2) Chlor (CL2) Gesamth\u00e4rte (GH) Gesamtalkalit\u00e4t (GA) Karbonath\u00e4rte (KH) pH-Wert Anwendung: 1. [&hellip;]<\/p>\n","protected":false},"featured_media":5289,"comment_status":"open","ping_status":"closed","template":"","meta":[],"product_brand":[],"product_cat":[17,39],"product_tag":[],"class_list":{"0":"post-337","1":"product","2":"type-product","3":"status-publish","4":"has-post-thumbnail","6":"product_cat-wassertests","7":"product_cat-water-tests","8":"product_shipping_class-kostenlos","10":"first","11":"instock","12":"taxable","13":"shipping-taxable","14":"purchasable","15":"product-type-simple","16":"czr-hentry"},"yoast_head":"<!-- This site is optimized with the Yoast SEO plugin v27.3 - https:\/\/yoast.com\/product\/yoast-seo-wordpress\/ -->\n<title>1x BMUT PRO \u2013 Aquarium 7in1 Teststreifen 50x Schnelltest Wassertest Teich Fische - BMUT\u00ae<\/title>\n<meta name=\"robots\" content=\"index, follow, max-snippet:-1, max-image-preview:large, max-video-preview:-1\" \/>\n<link rel=\"canonical\" href=\"https:\/\/www.bmut.de\/fr\/product\/1x-bmut-pro-aquarium-7in1-test-strips-50x-quick-test-water-test-pond-fish\/\" \/>\n<meta property=\"og:locale\" content=\"fr_FR\" \/>\n<meta property=\"og:type\" content=\"article\" \/>\n<meta property=\"og:title\" content=\"1x BMUT PRO \u2013 Aquarium 7in1 Teststreifen 50x Schnelltest Wassertest Teich Fische - BMUT\u00ae\" \/>\n<meta property=\"og:description\" content=\"&nbsp; Der Test zeigt an, wann ein Wasserwechsel empfohlen wird. Mit diesem einfachen Test wird keine komplexe Anleitung mehr erforderlich. Es kann anhand des Labels mit einem Blick alles verst\u00e4ndlich abgelesen werden. Original auf Deutsch Folgendes wird mit 7in1 getestet: Nitrate (NO3) Nitrite (NO2) Chlor (CL2) Gesamth\u00e4rte (GH) Gesamtalkalit\u00e4t (GA) Karbonath\u00e4rte (KH) pH-Wert Anwendung: 1. [&hellip;]\" \/>\n<meta property=\"og:url\" content=\"https:\/\/www.bmut.de\/fr\/product\/1x-bmut-pro-aquarium-7in1-test-strips-50x-quick-test-water-test-pond-fish\/\" \/>\n<meta property=\"og:site_name\" content=\"BMUT\u00ae\" \/>\n<meta property=\"article:modified_time\" content=\"2022-12-13T17:12:44+00:00\" \/>\n<meta property=\"og:image\" content=\"https:\/\/www.bmut.de\/wp-content\/uploads\/2021\/09\/aquarium_Tube_BMUT.jpg\" \/>\n\t<meta property=\"og:image:width\" content=\"1000\" \/>\n\t<meta property=\"og:image:height\" content=\"1000\" \/>\n\t<meta property=\"og:image:type\" content=\"image\/jpeg\" \/>\n<meta name=\"twitter:card\" content=\"summary_large_image\" \/>\n<meta name=\"twitter:label1\" content=\"Dur\u00e9e de lecture estim\u00e9e\" \/>\n\t<meta name=\"twitter:data1\" content=\"1 minute\" \/>\n<script type=\"application\/ld+json\" class=\"yoast-schema-graph\">{\"@context\":\"https:\\\/\\\/schema.org\",\"@graph\":[{\"@type\":\"WebPage\",\"@id\":\"https:\\\/\\\/www.bmut.de\\\/en\\\/product\\\/1x-bmut-pro-aquarium-7in1-test-strips-50x-quick-test-water-test-pond-fish\\\/\",\"url\":\"https:\\\/\\\/www.bmut.de\\\/en\\\/product\\\/1x-bmut-pro-aquarium-7in1-test-strips-50x-quick-test-water-test-pond-fish\\\/\",\"name\":\"1x BMUT PRO \u2013 Aquarium 7in1 Teststreifen 50x Schnelltest Wassertest Teich Fische - BMUT\u00ae\",\"isPartOf\":{\"@id\":\"https:\\\/\\\/www.bmut.de\\\/#website\"},\"primaryImageOfPage\":{\"@id\":\"https:\\\/\\\/www.bmut.de\\\/en\\\/product\\\/1x-bmut-pro-aquarium-7in1-test-strips-50x-quick-test-water-test-pond-fish\\\/#primaryimage\"},\"image\":{\"@id\":\"https:\\\/\\\/www.bmut.de\\\/en\\\/product\\\/1x-bmut-pro-aquarium-7in1-test-strips-50x-quick-test-water-test-pond-fish\\\/#primaryimage\"},\"thumbnailUrl\":\"https:\\\/\\\/www.bmut.de\\\/wp-content\\\/uploads\\\/2021\\\/09\\\/aquarium_Tube_BMUT.jpg\",\"datePublished\":\"2021-09-14T03:17:38+00:00\",\"dateModified\":\"2022-12-13T17:12:44+00:00\",\"breadcrumb\":{\"@id\":\"https:\\\/\\\/www.bmut.de\\\/en\\\/product\\\/1x-bmut-pro-aquarium-7in1-test-strips-50x-quick-test-water-test-pond-fish\\\/#breadcrumb\"},\"inLanguage\":\"fr-FR\",\"potentialAction\":[{\"@type\":\"ReadAction\",\"target\":[\"https:\\\/\\\/www.bmut.de\\\/en\\\/product\\\/1x-bmut-pro-aquarium-7in1-test-strips-50x-quick-test-water-test-pond-fish\\\/\"]}]},{\"@type\":\"ImageObject\",\"inLanguage\":\"fr-FR\",\"@id\":\"https:\\\/\\\/www.bmut.de\\\/en\\\/product\\\/1x-bmut-pro-aquarium-7in1-test-strips-50x-quick-test-water-test-pond-fish\\\/#primaryimage\",\"url\":\"https:\\\/\\\/www.bmut.de\\\/wp-content\\\/uploads\\\/2021\\\/09\\\/aquarium_Tube_BMUT.jpg\",\"contentUrl\":\"https:\\\/\\\/www.bmut.de\\\/wp-content\\\/uploads\\\/2021\\\/09\\\/aquarium_Tube_BMUT.jpg\",\"width\":1000,\"height\":1000},{\"@type\":\"BreadcrumbList\",\"@id\":\"https:\\\/\\\/www.bmut.de\\\/en\\\/product\\\/1x-bmut-pro-aquarium-7in1-test-strips-50x-quick-test-water-test-pond-fish\\\/#breadcrumb\",\"itemListElement\":[{\"@type\":\"ListItem\",\"position\":1,\"name\":\"Startseite\",\"item\":\"https:\\\/\\\/www.bmut.de\\\/\"},{\"@type\":\"ListItem\",\"position\":2,\"name\":\"Shop\",\"item\":\"https:\\\/\\\/www.bmut.de\\\/shop\\\/\"},{\"@type\":\"ListItem\",\"position\":3,\"name\":\"1x BMUT PRO \u2013 Aquarium 7in1 Teststreifen 50x Schnelltest Wassertest Teich Fische\"}]},{\"@type\":\"WebSite\",\"@id\":\"https:\\\/\\\/www.bmut.de\\\/#website\",\"url\":\"https:\\\/\\\/www.bmut.de\\\/\",\"name\":\"BMUT\u00ae\",\"description\":\"\",\"potentialAction\":[{\"@type\":\"SearchAction\",\"target\":{\"@type\":\"EntryPoint\",\"urlTemplate\":\"https:\\\/\\\/www.bmut.de\\\/?s={search_term_string}\"},\"query-input\":{\"@type\":\"PropertyValueSpecification\",\"valueRequired\":true,\"valueName\":\"search_term_string\"}}],\"inLanguage\":\"fr-FR\"}]}<\/script>\n<!-- \/ Yoast SEO plugin. -->","yoast_head_json":{"title":"1x BMUT PRO \u2013 Aquarium 7in1 Teststreifen 50x Schnelltest Wassertest Teich Fische - BMUT\u00ae","robots":{"index":"index","follow":"follow","max-snippet":"max-snippet:-1","max-image-preview":"max-image-preview:large","max-video-preview":"max-video-preview:-1"},"canonical":"https:\/\/www.bmut.de\/fr\/product\/1x-bmut-pro-aquarium-7in1-test-strips-50x-quick-test-water-test-pond-fish\/","og_locale":"fr_FR","og_type":"article","og_title":"1x BMUT PRO \u2013 Aquarium 7in1 Teststreifen 50x Schnelltest Wassertest Teich Fische - BMUT\u00ae","og_description":"&nbsp; Der Test zeigt an, wann ein Wasserwechsel empfohlen wird. Mit diesem einfachen Test wird keine komplexe Anleitung mehr erforderlich. Es kann anhand des Labels mit einem Blick alles verst\u00e4ndlich abgelesen werden. Original auf Deutsch Folgendes wird mit 7in1 getestet: Nitrate (NO3) Nitrite (NO2) Chlor (CL2) Gesamth\u00e4rte (GH) Gesamtalkalit\u00e4t (GA) Karbonath\u00e4rte (KH) pH-Wert Anwendung: 1. [&hellip;]","og_url":"https:\/\/www.bmut.de\/fr\/product\/1x-bmut-pro-aquarium-7in1-test-strips-50x-quick-test-water-test-pond-fish\/","og_site_name":"BMUT\u00ae","article_modified_time":"2022-12-13T17:12:44+00:00","og_image":[{"width":1000,"height":1000,"url":"https:\/\/www.bmut.de\/wp-content\/uploads\/2021\/09\/aquarium_Tube_BMUT.jpg","type":"image\/jpeg"}],"twitter_card":"summary_large_image","twitter_misc":{"Dur\u00e9e de lecture estim\u00e9e":"1 minute"},"schema":{"@context":"https:\/\/schema.org","@graph":[{"@type":"WebPage","@id":"https:\/\/www.bmut.de\/en\/product\/1x-bmut-pro-aquarium-7in1-test-strips-50x-quick-test-water-test-pond-fish\/","url":"https:\/\/www.bmut.de\/en\/product\/1x-bmut-pro-aquarium-7in1-test-strips-50x-quick-test-water-test-pond-fish\/","name":"1x BMUT PRO \u2013 Aquarium 7in1 Teststreifen 50x Schnelltest Wassertest Teich Fische - BMUT\u00ae","isPartOf":{"@id":"https:\/\/www.bmut.de\/#website"},"primaryImageOfPage":{"@id":"https:\/\/www.bmut.de\/en\/product\/1x-bmut-pro-aquarium-7in1-test-strips-50x-quick-test-water-test-pond-fish\/#primaryimage"},"image":{"@id":"https:\/\/www.bmut.de\/en\/product\/1x-bmut-pro-aquarium-7in1-test-strips-50x-quick-test-water-test-pond-fish\/#primaryimage"},"thumbnailUrl":"https:\/\/www.bmut.de\/wp-content\/uploads\/2021\/09\/aquarium_Tube_BMUT.jpg","datePublished":"2021-09-14T03:17:38+00:00","dateModified":"2022-12-13T17:12:44+00:00","breadcrumb":{"@id":"https:\/\/www.bmut.de\/en\/product\/1x-bmut-pro-aquarium-7in1-test-strips-50x-quick-test-water-test-pond-fish\/#breadcrumb"},"inLanguage":"fr-FR","potentialAction":[{"@type":"ReadAction","target":["https:\/\/www.bmut.de\/en\/product\/1x-bmut-pro-aquarium-7in1-test-strips-50x-quick-test-water-test-pond-fish\/"]}]},{"@type":"ImageObject","inLanguage":"fr-FR","@id":"https:\/\/www.bmut.de\/en\/product\/1x-bmut-pro-aquarium-7in1-test-strips-50x-quick-test-water-test-pond-fish\/#primaryimage","url":"https:\/\/www.bmut.de\/wp-content\/uploads\/2021\/09\/aquarium_Tube_BMUT.jpg","contentUrl":"https:\/\/www.bmut.de\/wp-content\/uploads\/2021\/09\/aquarium_Tube_BMUT.jpg","width":1000,"height":1000},{"@type":"BreadcrumbList","@id":"https:\/\/www.bmut.de\/en\/product\/1x-bmut-pro-aquarium-7in1-test-strips-50x-quick-test-water-test-pond-fish\/#breadcrumb","itemListElement":[{"@type":"ListItem","position":1,"name":"Startseite","item":"https:\/\/www.bmut.de\/"},{"@type":"ListItem","position":2,"name":"Shop","item":"https:\/\/www.bmut.de\/shop\/"},{"@type":"ListItem","position":3,"name":"1x BMUT PRO \u2013 Aquarium 7in1 Teststreifen 50x Schnelltest Wassertest Teich Fische"}]},{"@type":"WebSite","@id":"https:\/\/www.bmut.de\/#website","url":"https:\/\/www.bmut.de\/","name":"BMUT\u00ae","description":"","potentialAction":[{"@type":"SearchAction","target":{"@type":"EntryPoint","urlTemplate":"https:\/\/www.bmut.de\/?s={search_term_string}"},"query-input":{"@type":"PropertyValueSpecification","valueRequired":true,"valueName":"search_term_string"}}],"inLanguage":"fr-FR"}]}},"jetpack_sharing_enabled":true,"_links":{"self":[{"href":"https:\/\/www.bmut.de\/fr\/wp-json\/wp\/v2\/product\/337","targetHints":{"allow":["GET"]}}],"collection":[{"href":"https:\/\/www.bmut.de\/fr\/wp-json\/wp\/v2\/product"}],"about":[{"href":"https:\/\/www.bmut.de\/fr\/wp-json\/wp\/v2\/types\/product"}],"replies":[{"embeddable":true,"href":"https:\/\/www.bmut.de\/fr\/wp-json\/wp\/v2\/comments?post=337"}],"wp:featuredmedia":[{"embeddable":true,"href":"https:\/\/www.bmut.de\/fr\/wp-json\/wp\/v2\/media\/5289"}],"wp:attachment":[{"href":"https:\/\/www.bmut.de\/fr\/wp-json\/wp\/v2\/media?parent=337"}],"wp:term":[{"taxonomy":"product_brand","embeddable":true,"href":"https:\/\/www.bmut.de\/fr\/wp-json\/wp\/v2\/product_brand?post=337"},{"taxonomy":"product_cat","embeddable":true,"href":"https:\/\/www.bmut.de\/fr\/wp-json\/wp\/v2\/product_cat?post=337"},{"taxonomy":"product_tag","embeddable":true,"href":"https:\/\/www.bmut.de\/fr\/wp-json\/wp\/v2\/product_tag?post=337"}],"curies":[{"name":"wp","href":"https:\/\/api.w.org\/{rel}","templated":true}]}}