{"id":353,"date":"2021-09-14T05:47:40","date_gmt":"2021-09-14T03:47:40","guid":{"rendered":"https:\/\/www.bmut.de\/?post_type=product&#038;p=353"},"modified":"2022-12-13T18:13:36","modified_gmt":"2022-12-13T17:13:36","slug":"50x-7in1-aquarium-teststreifen-schnelltest-gh-wert-teich-fische-wasserwerte-ph-b-2","status":"publish","type":"product","link":"https:\/\/www.bmut.de\/fr\/product\/50x-7in1-aquarium-test-bands-quick-test-gh-value-pond-fish-water-values-ph-b-2\/","title":{"rendered":"50x 7in1 bandelettes de test pour aquarium test rapide valeur GH valeurs de l'eau des poissons d'\u00e9tang pH B"},"content":{"rendered":"<ul>\n<li>Le test indique quand un changement d'eau est recommand\u00e9.<\/li>\n<li>Avec ce test simple, plus besoin d'instructions complexes. \u00c0 l'aide de l'\u00e9tiquette, tout peut \u00eatre lu clairement en un coup d'\u0153il.<\/li>\n<li>Original en allemand<\/li>\n<\/ul>\n<div>\n<p><strong>Ce qui suit est test\u00e9 avec 7in1\u00a0:<\/strong><\/p>\n<ul>\n<li>Nitrates (NO3)<\/li>\n<li>Nitrites (NO2)<\/li>\n<li>Chlore (CL2)<\/li>\n<li>Duret\u00e9 totale (GH)<\/li>\n<li>Alcalinit\u00e9 totale (GA)<\/li>\n<li>Duret\u00e9 carbonat\u00e9e (KH)<\/li>\n<li>pH<\/li>\n<\/ul>\n<div>\n<p><strong>Utilisation:<\/strong><strong><br \/>\n<\/strong>1. Immerger la bande dans l'eau pendant 2 secondes.<br \/>\n2. NE PAS secouer l'exc\u00e8s d'eau et comparer avec le nuancier.<br \/>\n3. Pour CL2, GH, TA, KH, pH, attendez 15 secondes pour lire les r\u00e9sultats, pour NO2 et NO3, attendez 60 secondes pour lire les r\u00e9sultats.<br \/>\n<strong>Contenu de la livraison\u00a0:<br \/>\n<\/strong>1x Schnellverschlussbeutel avec 50 Bandelettes de test<\/p>\n<\/div>\n<\/div>","protected":false},"excerpt":{"rendered":"<ul>\n<li>7in1 Aquarium Teststreifen im bequemen Beutel mit Schnellverschluss<\/li>\n<li>Optimale Bedingungen f\u00fcr Fische schaffen<\/li>\n<li>Fiable<\/li>\n<li>Longue durabilit\u00e9<\/li>\n<li>Exp\u00e9dition sous 24h<\/li>\n<li>Emballage discret<\/li>\n<\/ul>","protected":false},"featured_media":152,"comment_status":"open","ping_status":"closed","template":"","meta":[],"product_brand":[],"product_cat":[17,39],"product_tag":[55,52,53,54],"class_list":{"0":"post-353","1":"product","2":"type-product","3":"status-publish","4":"has-post-thumbnail","6":"product_cat-wassertests","7":"product_cat-water-tests","8":"product_tag-7in1","9":"product_tag-aquarium","10":"product_tag-fische","11":"product_tag-teststreifen","12":"product_shipping_class-kostenlos","14":"first","15":"instock","16":"taxable","17":"shipping-taxable","18":"purchasable","19":"product-type-simple","20":"czr-hentry"},"yoast_head":"<!-- This site is optimized with the Yoast SEO plugin v27.4 - https:\/\/yoast.com\/product\/yoast-seo-wordpress\/ -->\n<title>50x 7in1 Aquarium Teststreifen Schnelltest GH-Wert Teich Fische Wasserwerte pH B - BMUT\u00ae<\/title>\n<meta name=\"description\" content=\"50x Aquarium 7in1 Teststreifen. Kaufen Sie diese im Shop und erhalten Sie \u00dcberblick \u00fcber die Wasserwerte im Aquarium. Die Fische danken.\" \/>\n<meta name=\"robots\" content=\"index, follow, max-snippet:-1, max-image-preview:large, max-video-preview:-1\" \/>\n<link rel=\"canonical\" href=\"https:\/\/www.bmut.de\/fr\/product\/50x-7in1-aquarium-teststreifen-schnelltest-gh-wert-teich-fische-wasserwerte-ph-b-2\/\" \/>\n<meta property=\"og:locale\" content=\"fr_FR\" \/>\n<meta property=\"og:type\" content=\"article\" \/>\n<meta property=\"og:title\" content=\"50x 7in1 Aquarium Teststreifen Schnelltest GH-Wert Teich Fische Wasserwerte pH B - BMUT\u00ae\" \/>\n<meta property=\"og:description\" content=\"50x Aquarium 7in1 Teststreifen. Kaufen Sie diese im Shop und erhalten Sie \u00dcberblick \u00fcber die Wasserwerte im Aquarium. Die Fische danken.\" \/>\n<meta property=\"og:url\" content=\"https:\/\/www.bmut.de\/fr\/product\/50x-7in1-aquarium-teststreifen-schnelltest-gh-wert-teich-fische-wasserwerte-ph-b-2\/\" \/>\n<meta property=\"og:site_name\" content=\"BMUT\u00ae\" \/>\n<meta property=\"article:modified_time\" content=\"2022-12-13T17:13:36+00:00\" \/>\n<meta property=\"og:image\" content=\"https:\/\/www.bmut.de\/wp-content\/uploads\/2021\/09\/Aquarium-Test_Wasser.jpg\" \/>\n\t<meta property=\"og:image:width\" content=\"1338\" \/>\n\t<meta property=\"og:image:height\" content=\"1073\" \/>\n\t<meta property=\"og:image:type\" content=\"image\/jpeg\" \/>\n<meta name=\"twitter:card\" content=\"summary_large_image\" \/>\n<meta name=\"twitter:label1\" content=\"Dur\u00e9e de lecture estim\u00e9e\" \/>\n\t<meta name=\"twitter:data1\" content=\"1 minute\" \/>\n<script type=\"application\/ld+json\" class=\"yoast-schema-graph\">{\"@context\":\"https:\\\/\\\/schema.org\",\"@graph\":[{\"@type\":\"WebPage\",\"@id\":\"https:\\\/\\\/www.bmut.de\\\/product\\\/50x-7in1-aquarium-teststreifen-schnelltest-gh-wert-teich-fische-wasserwerte-ph-b-2\\\/\",\"url\":\"https:\\\/\\\/www.bmut.de\\\/product\\\/50x-7in1-aquarium-teststreifen-schnelltest-gh-wert-teich-fische-wasserwerte-ph-b-2\\\/\",\"name\":\"50x 7in1 Aquarium Teststreifen Schnelltest GH-Wert Teich Fische Wasserwerte pH B - BMUT\u00ae\",\"isPartOf\":{\"@id\":\"https:\\\/\\\/www.bmut.de\\\/#website\"},\"primaryImageOfPage\":{\"@id\":\"https:\\\/\\\/www.bmut.de\\\/product\\\/50x-7in1-aquarium-teststreifen-schnelltest-gh-wert-teich-fische-wasserwerte-ph-b-2\\\/#primaryimage\"},\"image\":{\"@id\":\"https:\\\/\\\/www.bmut.de\\\/product\\\/50x-7in1-aquarium-teststreifen-schnelltest-gh-wert-teich-fische-wasserwerte-ph-b-2\\\/#primaryimage\"},\"thumbnailUrl\":\"https:\\\/\\\/www.bmut.de\\\/wp-content\\\/uploads\\\/2021\\\/09\\\/Aquarium-Test_Wasser.jpg\",\"datePublished\":\"2021-09-14T03:47:40+00:00\",\"dateModified\":\"2022-12-13T17:13:36+00:00\",\"description\":\"50x Aquarium 7in1 Teststreifen. Kaufen Sie diese im Shop und erhalten Sie \u00dcberblick \u00fcber die Wasserwerte im Aquarium. Die Fische danken.\",\"breadcrumb\":{\"@id\":\"https:\\\/\\\/www.bmut.de\\\/product\\\/50x-7in1-aquarium-teststreifen-schnelltest-gh-wert-teich-fische-wasserwerte-ph-b-2\\\/#breadcrumb\"},\"inLanguage\":\"fr-FR\",\"potentialAction\":[{\"@type\":\"ReadAction\",\"target\":[\"https:\\\/\\\/www.bmut.de\\\/product\\\/50x-7in1-aquarium-teststreifen-schnelltest-gh-wert-teich-fische-wasserwerte-ph-b-2\\\/\"]}]},{\"@type\":\"ImageObject\",\"inLanguage\":\"fr-FR\",\"@id\":\"https:\\\/\\\/www.bmut.de\\\/product\\\/50x-7in1-aquarium-teststreifen-schnelltest-gh-wert-teich-fische-wasserwerte-ph-b-2\\\/#primaryimage\",\"url\":\"https:\\\/\\\/www.bmut.de\\\/wp-content\\\/uploads\\\/2021\\\/09\\\/Aquarium-Test_Wasser.jpg\",\"contentUrl\":\"https:\\\/\\\/www.bmut.de\\\/wp-content\\\/uploads\\\/2021\\\/09\\\/Aquarium-Test_Wasser.jpg\",\"width\":1338,\"height\":1073},{\"@type\":\"BreadcrumbList\",\"@id\":\"https:\\\/\\\/www.bmut.de\\\/product\\\/50x-7in1-aquarium-teststreifen-schnelltest-gh-wert-teich-fische-wasserwerte-ph-b-2\\\/#breadcrumb\",\"itemListElement\":[{\"@type\":\"ListItem\",\"position\":1,\"name\":\"Startseite\",\"item\":\"https:\\\/\\\/www.bmut.de\\\/\"},{\"@type\":\"ListItem\",\"position\":2,\"name\":\"Shop\",\"item\":\"https:\\\/\\\/www.bmut.de\\\/shop\\\/\"},{\"@type\":\"ListItem\",\"position\":3,\"name\":\"50x 7in1 Aquarium Teststreifen Schnelltest GH-Wert Teich Fische Wasserwerte pH B\"}]},{\"@type\":\"WebSite\",\"@id\":\"https:\\\/\\\/www.bmut.de\\\/#website\",\"url\":\"https:\\\/\\\/www.bmut.de\\\/\",\"name\":\"BMUT\u00ae\",\"description\":\"\",\"potentialAction\":[{\"@type\":\"SearchAction\",\"target\":{\"@type\":\"EntryPoint\",\"urlTemplate\":\"https:\\\/\\\/www.bmut.de\\\/?s={search_term_string}\"},\"query-input\":{\"@type\":\"PropertyValueSpecification\",\"valueRequired\":true,\"valueName\":\"search_term_string\"}}],\"inLanguage\":\"fr-FR\"}]}<\/script>\n<!-- \/ Yoast SEO plugin. -->","yoast_head_json":{"title":"50x 7in1 Aquarium Teststreifen Schnelltest GH-Wert Teich Fische Wasserwerte pH B - BMUT\u00ae","description":"50x Aquarium 7in1 Teststreifen. Kaufen Sie diese im Shop und erhalten Sie \u00dcberblick \u00fcber die Wasserwerte im Aquarium. Die Fische danken.","robots":{"index":"index","follow":"follow","max-snippet":"max-snippet:-1","max-image-preview":"max-image-preview:large","max-video-preview":"max-video-preview:-1"},"canonical":"https:\/\/www.bmut.de\/fr\/product\/50x-7in1-aquarium-teststreifen-schnelltest-gh-wert-teich-fische-wasserwerte-ph-b-2\/","og_locale":"fr_FR","og_type":"article","og_title":"50x 7in1 Aquarium Teststreifen Schnelltest GH-Wert Teich Fische Wasserwerte pH B - BMUT\u00ae","og_description":"50x Aquarium 7in1 Teststreifen. Kaufen Sie diese im Shop und erhalten Sie \u00dcberblick \u00fcber die Wasserwerte im Aquarium. Die Fische danken.","og_url":"https:\/\/www.bmut.de\/fr\/product\/50x-7in1-aquarium-teststreifen-schnelltest-gh-wert-teich-fische-wasserwerte-ph-b-2\/","og_site_name":"BMUT\u00ae","article_modified_time":"2022-12-13T17:13:36+00:00","og_image":[{"width":1338,"height":1073,"url":"https:\/\/www.bmut.de\/wp-content\/uploads\/2021\/09\/Aquarium-Test_Wasser.jpg","type":"image\/jpeg"}],"twitter_card":"summary_large_image","twitter_misc":{"Dur\u00e9e de lecture estim\u00e9e":"1 minute"},"schema":{"@context":"https:\/\/schema.org","@graph":[{"@type":"WebPage","@id":"https:\/\/www.bmut.de\/product\/50x-7in1-aquarium-teststreifen-schnelltest-gh-wert-teich-fische-wasserwerte-ph-b-2\/","url":"https:\/\/www.bmut.de\/product\/50x-7in1-aquarium-teststreifen-schnelltest-gh-wert-teich-fische-wasserwerte-ph-b-2\/","name":"50x 7in1 Aquarium Teststreifen Schnelltest GH-Wert Teich Fische Wasserwerte pH B - BMUT\u00ae","isPartOf":{"@id":"https:\/\/www.bmut.de\/#website"},"primaryImageOfPage":{"@id":"https:\/\/www.bmut.de\/product\/50x-7in1-aquarium-teststreifen-schnelltest-gh-wert-teich-fische-wasserwerte-ph-b-2\/#primaryimage"},"image":{"@id":"https:\/\/www.bmut.de\/product\/50x-7in1-aquarium-teststreifen-schnelltest-gh-wert-teich-fische-wasserwerte-ph-b-2\/#primaryimage"},"thumbnailUrl":"https:\/\/www.bmut.de\/wp-content\/uploads\/2021\/09\/Aquarium-Test_Wasser.jpg","datePublished":"2021-09-14T03:47:40+00:00","dateModified":"2022-12-13T17:13:36+00:00","description":"50x Aquarium 7in1 Teststreifen. Kaufen Sie diese im Shop und erhalten Sie \u00dcberblick \u00fcber die Wasserwerte im Aquarium. Die Fische danken.","breadcrumb":{"@id":"https:\/\/www.bmut.de\/product\/50x-7in1-aquarium-teststreifen-schnelltest-gh-wert-teich-fische-wasserwerte-ph-b-2\/#breadcrumb"},"inLanguage":"fr-FR","potentialAction":[{"@type":"ReadAction","target":["https:\/\/www.bmut.de\/product\/50x-7in1-aquarium-teststreifen-schnelltest-gh-wert-teich-fische-wasserwerte-ph-b-2\/"]}]},{"@type":"ImageObject","inLanguage":"fr-FR","@id":"https:\/\/www.bmut.de\/product\/50x-7in1-aquarium-teststreifen-schnelltest-gh-wert-teich-fische-wasserwerte-ph-b-2\/#primaryimage","url":"https:\/\/www.bmut.de\/wp-content\/uploads\/2021\/09\/Aquarium-Test_Wasser.jpg","contentUrl":"https:\/\/www.bmut.de\/wp-content\/uploads\/2021\/09\/Aquarium-Test_Wasser.jpg","width":1338,"height":1073},{"@type":"BreadcrumbList","@id":"https:\/\/www.bmut.de\/product\/50x-7in1-aquarium-teststreifen-schnelltest-gh-wert-teich-fische-wasserwerte-ph-b-2\/#breadcrumb","itemListElement":[{"@type":"ListItem","position":1,"name":"Startseite","item":"https:\/\/www.bmut.de\/"},{"@type":"ListItem","position":2,"name":"Shop","item":"https:\/\/www.bmut.de\/shop\/"},{"@type":"ListItem","position":3,"name":"50x 7in1 Aquarium Teststreifen Schnelltest GH-Wert Teich Fische Wasserwerte pH B"}]},{"@type":"WebSite","@id":"https:\/\/www.bmut.de\/#website","url":"https:\/\/www.bmut.de\/","name":"BMUT\u00ae","description":"","potentialAction":[{"@type":"SearchAction","target":{"@type":"EntryPoint","urlTemplate":"https:\/\/www.bmut.de\/?s={search_term_string}"},"query-input":{"@type":"PropertyValueSpecification","valueRequired":true,"valueName":"search_term_string"}}],"inLanguage":"fr-FR"}]}},"jetpack_sharing_enabled":true,"_links":{"self":[{"href":"https:\/\/www.bmut.de\/fr\/wp-json\/wp\/v2\/product\/353","targetHints":{"allow":["GET"]}}],"collection":[{"href":"https:\/\/www.bmut.de\/fr\/wp-json\/wp\/v2\/product"}],"about":[{"href":"https:\/\/www.bmut.de\/fr\/wp-json\/wp\/v2\/types\/product"}],"replies":[{"embeddable":true,"href":"https:\/\/www.bmut.de\/fr\/wp-json\/wp\/v2\/comments?post=353"}],"wp:featuredmedia":[{"embeddable":true,"href":"https:\/\/www.bmut.de\/fr\/wp-json\/wp\/v2\/media\/152"}],"wp:attachment":[{"href":"https:\/\/www.bmut.de\/fr\/wp-json\/wp\/v2\/media?parent=353"}],"wp:term":[{"taxonomy":"product_brand","embeddable":true,"href":"https:\/\/www.bmut.de\/fr\/wp-json\/wp\/v2\/product_brand?post=353"},{"taxonomy":"product_cat","embeddable":true,"href":"https:\/\/www.bmut.de\/fr\/wp-json\/wp\/v2\/product_cat?post=353"},{"taxonomy":"product_tag","embeddable":true,"href":"https:\/\/www.bmut.de\/fr\/wp-json\/wp\/v2\/product_tag?post=353"}],"curies":[{"name":"wp","href":"https:\/\/api.w.org\/{rel}","templated":true}]}}