{"id":4676,"date":"2022-10-30T13:25:17","date_gmt":"2022-10-30T12:25:17","guid":{"rendered":"https:\/\/www.bmut.de\/?post_type=product&#038;p=4676"},"modified":"2024-10-26T04:23:55","modified_gmt":"2024-10-26T02:23:55","slug":"3in1-bodentester-boden-feuchtigkeitsmessgeraet-ph-wert-licht-erd-feuchtigkeitsmesser-bodenmessgeraet-fuer-garten-zimmerpflanzen-und-landwirtschaft","status":"publish","type":"product","link":"https:\/\/www.bmut.de\/fr\/product\/3in1-bodentester-boden-feuchtigkeitsmessgeraet-ph-wert-licht-erd-feuchtigkeitsmesser-bodenmessgeraet-fuer-garten-zimmerpflanzen-und-landwirtschaft\/","title":{"rendered":"3in1 Bodentester, Boden-Feuchtigkeitsmessger\u00e4t, pH-Wert, Licht, ERD-Feuchtigkeitsmesser, Bodenmessger\u00e4t f\u00fcr Garten Zimmerpflanzen und Landwirtschaft"},"content":{"rendered":"<h4><span class=\"a-list-item\"> \u2714 [3-IN-1-FUNKTIONEN]: Sie k\u00f6nnen Bodenfeuchte, pH-Wert und Sonnenlichtintensit\u00e4t messen (kein Kunstlicht). Es hilft Ihnen Ihre Pflanzen besser zu verstehen. &#8211; 1. Misst den Feuchtigkeitsgehalt des Bodens, damit Sie wissen, wann Sie gie\u00dfen m\u00fcssen; 2. Hilft Ihnen festzustellen, ob die Pflanze ausreichend Licht bekommt; 3. Hilft Ihnen, den pH-Wert im Boden zu kontrollieren. Sauer oder alkalisch kann f\u00fcr Ihre Pflanzen besser sein. <\/span><\/h4>\n<h4><span class=\"a-list-item\"> \u2714 [KEINE BATTERIE]: \u2013 Keine Batterien erforderlich, keine Solarenergie erforderlich. Einfach das Messger\u00e4t in den Bodenbereich einf\u00fchren und 10 Minuten warten, um die besten Ergebnisse zu erhalten. <\/span><\/h4>\n<h4><span class=\"a-list-item\"> \u2714 [PFLANZENLEBEN VERBESSERN] \u2013 Ihr Rasen aus wie ein grauer Teppich? Verblasst Ihr Blumenbeet und sieht nicht so lebendig aus wie der Ihres Nachbarn? Sieht Gem\u00fcse in Ihrem Gew\u00e4chshaus aus wie winzige und zerknitterte Trockentomaten? Ihre Zimmerpflanze bl\u00fcht nicht? Mit diesem Ger\u00e4t l\u00e4sst sich dies optimieren. <\/span><\/h4>\n<h4><span class=\"a-list-item\"> \u2714 [KURZANLEITUNG] Anleitung liegt in Deutsch und Englisch in bequemer Box vor. Kurzfassung: 1. W\u00e4ssern Sie den Boden, bevor Sie den pH-Wert testen.; 2. Der Tester sollte 10 Minuten oder l\u00e4nger im Boden bleiben, um sicherzustellen, dass Sie einen stabilen und genauen Messwert erhalten <\/span><\/h4>\n<h4><span class=\"a-list-item\"> \u2714 [VIELSEITIGER EINSATZ] Zur Verwendung im Innen- und Au\u00dfenbereich \u2013 Leichtes und tragbares Design. Einfach zu transportieren und f\u00fcr den Au\u00dfeneinsatz. Diesen Erdbodentester nur in Erde verwenden. NICHT zum Testen von Fl\u00fcssigkeiten geeignet. <\/span><\/h4>\n","protected":false},"excerpt":{"rendered":"<ul>\n<li>\n<h4>3in1 Bodentester\/Bodenmessger\u00e4t<\/h4>\n<\/li>\n<li>\n<h4>Sie k\u00f6nnen Bodenfeuchte, pH-Wert und Sonnenlichtintensit\u00e4t messen (kein Kunstlicht)<\/h4>\n<\/li>\n<li>\n<h4>Optimieren Sie Ihre Pflanzen<\/h4>\n<\/li>\n<li>\n<h4>Keine Batterien f\u00fcr den Betrieb erforderlich<\/h4>\n<\/li>\n<li>\n<h4>Versand innerhalb 24h &amp; in Deutschland kostenloser Versand<\/h4>\n<\/li>\n<\/ul>","protected":false},"featured_media":4677,"comment_status":"open","ping_status":"closed","template":"","meta":[],"product_brand":[],"product_cat":[93,17],"product_tag":[99,100,101,107,105,104,106,68,102,103],"class_list":{"0":"post-4676","1":"product","2":"type-product","3":"status-publish","4":"has-post-thumbnail","6":"product_cat-elektronik","7":"product_cat-wassertests","8":"product_tag-bodenfeuchte","9":"product_tag-bodentester","10":"product_tag-erdbodenmessgeraet","11":"product_tag-feuchtigkeitsmesser-fuer-blumentoepfe","12":"product_tag-feuchtigkeitsmessgeraet","13":"product_tag-pflanzen-messgeraet","14":"product_tag-pflanzenwasseranzeige","15":"product_tag-ph-wert","16":"product_tag-soil-meter","17":"product_tag-sonnenlichtintensitaet","18":"product_shipping_class-brief-letter","20":"first","21":"instock","22":"taxable","23":"shipping-taxable","24":"purchasable","25":"product-type-simple","26":"czr-hentry"},"yoast_head":"<!-- This site is optimized with the Yoast SEO plugin v27.3 - https:\/\/yoast.com\/product\/yoast-seo-wordpress\/ -->\n<title>3in1 Bodentester, Boden-Feuchtigkeitsmessger\u00e4t, pH-Wert, Licht, ERD-Feuchtigkeitsmesser, Bodenmessger\u00e4t f\u00fcr Garten Zimmerpflanzen und Landwirtschaft - BMUT\u00ae<\/title>\n<meta name=\"robots\" content=\"index, follow, max-snippet:-1, max-image-preview:large, max-video-preview:-1\" \/>\n<link rel=\"canonical\" href=\"https:\/\/www.bmut.de\/fr\/product\/3in1-bodentester-boden-feuchtigkeitsmessgeraet-ph-wert-licht-erd-feuchtigkeitsmesser-bodenmessgeraet-fuer-garten-zimmerpflanzen-und-landwirtschaft\/\" \/>\n<meta property=\"og:locale\" content=\"fr_FR\" \/>\n<meta property=\"og:type\" content=\"article\" \/>\n<meta property=\"og:title\" content=\"3in1 Bodentester, Boden-Feuchtigkeitsmessger\u00e4t, pH-Wert, Licht, ERD-Feuchtigkeitsmesser, Bodenmessger\u00e4t f\u00fcr Garten Zimmerpflanzen und Landwirtschaft - BMUT\u00ae\" \/>\n<meta property=\"og:description\" content=\"3in1 Bodentester\/Bodenmessger\u00e4t    Sie k\u00f6nnen Bodenfeuchte, pH-Wert und Sonnenlichtintensit\u00e4t messen (kein Kunstlicht)    Optimieren Sie Ihre Pflanzen    Keine Batterien f\u00fcr den Betrieb erforderlich    Versand innerhalb 24h &amp; in Deutschland kostenloser Versand\" \/>\n<meta property=\"og:url\" content=\"https:\/\/www.bmut.de\/fr\/product\/3in1-bodentester-boden-feuchtigkeitsmessgeraet-ph-wert-licht-erd-feuchtigkeitsmesser-bodenmessgeraet-fuer-garten-zimmerpflanzen-und-landwirtschaft\/\" \/>\n<meta property=\"og:site_name\" content=\"BMUT\u00ae\" \/>\n<meta property=\"article:modified_time\" content=\"2024-10-26T02:23:55+00:00\" \/>\n<meta property=\"og:image\" content=\"https:\/\/www.bmut.de\/wp-content\/uploads\/2022\/10\/soil_mitverpackung.jpg\" \/>\n\t<meta property=\"og:image:width\" content=\"800\" \/>\n\t<meta property=\"og:image:height\" content=\"800\" \/>\n\t<meta property=\"og:image:type\" content=\"image\/jpeg\" \/>\n<meta name=\"twitter:card\" content=\"summary_large_image\" \/>\n<meta name=\"twitter:label1\" content=\"Dur\u00e9e de lecture estim\u00e9e\" \/>\n\t<meta name=\"twitter:data1\" content=\"1 minute\" \/>\n<script type=\"application\/ld+json\" class=\"yoast-schema-graph\">{\"@context\":\"https:\\\/\\\/schema.org\",\"@graph\":[{\"@type\":\"WebPage\",\"@id\":\"https:\\\/\\\/www.bmut.de\\\/product\\\/3in1-bodentester-boden-feuchtigkeitsmessgeraet-ph-wert-licht-erd-feuchtigkeitsmesser-bodenmessgeraet-fuer-garten-zimmerpflanzen-und-landwirtschaft\\\/\",\"url\":\"https:\\\/\\\/www.bmut.de\\\/product\\\/3in1-bodentester-boden-feuchtigkeitsmessgeraet-ph-wert-licht-erd-feuchtigkeitsmesser-bodenmessgeraet-fuer-garten-zimmerpflanzen-und-landwirtschaft\\\/\",\"name\":\"3in1 Bodentester, Boden-Feuchtigkeitsmessger\u00e4t, pH-Wert, Licht, ERD-Feuchtigkeitsmesser, Bodenmessger\u00e4t f\u00fcr Garten Zimmerpflanzen und Landwirtschaft - BMUT\u00ae\",\"isPartOf\":{\"@id\":\"https:\\\/\\\/www.bmut.de\\\/#website\"},\"primaryImageOfPage\":{\"@id\":\"https:\\\/\\\/www.bmut.de\\\/product\\\/3in1-bodentester-boden-feuchtigkeitsmessgeraet-ph-wert-licht-erd-feuchtigkeitsmesser-bodenmessgeraet-fuer-garten-zimmerpflanzen-und-landwirtschaft\\\/#primaryimage\"},\"image\":{\"@id\":\"https:\\\/\\\/www.bmut.de\\\/product\\\/3in1-bodentester-boden-feuchtigkeitsmessgeraet-ph-wert-licht-erd-feuchtigkeitsmesser-bodenmessgeraet-fuer-garten-zimmerpflanzen-und-landwirtschaft\\\/#primaryimage\"},\"thumbnailUrl\":\"https:\\\/\\\/www.bmut.de\\\/wp-content\\\/uploads\\\/2022\\\/10\\\/soil_mitverpackung.jpg\",\"datePublished\":\"2022-10-30T12:25:17+00:00\",\"dateModified\":\"2024-10-26T02:23:55+00:00\",\"breadcrumb\":{\"@id\":\"https:\\\/\\\/www.bmut.de\\\/product\\\/3in1-bodentester-boden-feuchtigkeitsmessgeraet-ph-wert-licht-erd-feuchtigkeitsmesser-bodenmessgeraet-fuer-garten-zimmerpflanzen-und-landwirtschaft\\\/#breadcrumb\"},\"inLanguage\":\"fr-FR\",\"potentialAction\":[{\"@type\":\"ReadAction\",\"target\":[\"https:\\\/\\\/www.bmut.de\\\/product\\\/3in1-bodentester-boden-feuchtigkeitsmessgeraet-ph-wert-licht-erd-feuchtigkeitsmesser-bodenmessgeraet-fuer-garten-zimmerpflanzen-und-landwirtschaft\\\/\"]}]},{\"@type\":\"ImageObject\",\"inLanguage\":\"fr-FR\",\"@id\":\"https:\\\/\\\/www.bmut.de\\\/product\\\/3in1-bodentester-boden-feuchtigkeitsmessgeraet-ph-wert-licht-erd-feuchtigkeitsmesser-bodenmessgeraet-fuer-garten-zimmerpflanzen-und-landwirtschaft\\\/#primaryimage\",\"url\":\"https:\\\/\\\/www.bmut.de\\\/wp-content\\\/uploads\\\/2022\\\/10\\\/soil_mitverpackung.jpg\",\"contentUrl\":\"https:\\\/\\\/www.bmut.de\\\/wp-content\\\/uploads\\\/2022\\\/10\\\/soil_mitverpackung.jpg\",\"width\":800,\"height\":800},{\"@type\":\"BreadcrumbList\",\"@id\":\"https:\\\/\\\/www.bmut.de\\\/product\\\/3in1-bodentester-boden-feuchtigkeitsmessgeraet-ph-wert-licht-erd-feuchtigkeitsmesser-bodenmessgeraet-fuer-garten-zimmerpflanzen-und-landwirtschaft\\\/#breadcrumb\",\"itemListElement\":[{\"@type\":\"ListItem\",\"position\":1,\"name\":\"Startseite\",\"item\":\"https:\\\/\\\/www.bmut.de\\\/\"},{\"@type\":\"ListItem\",\"position\":2,\"name\":\"Shop\",\"item\":\"https:\\\/\\\/www.bmut.de\\\/shop\\\/\"},{\"@type\":\"ListItem\",\"position\":3,\"name\":\"3in1 Bodentester, Boden-Feuchtigkeitsmessger\u00e4t, pH-Wert, Licht, ERD-Feuchtigkeitsmesser, Bodenmessger\u00e4t f\u00fcr Garten Zimmerpflanzen und Landwirtschaft\"}]},{\"@type\":\"WebSite\",\"@id\":\"https:\\\/\\\/www.bmut.de\\\/#website\",\"url\":\"https:\\\/\\\/www.bmut.de\\\/\",\"name\":\"BMUT\u00ae\",\"description\":\"\",\"potentialAction\":[{\"@type\":\"SearchAction\",\"target\":{\"@type\":\"EntryPoint\",\"urlTemplate\":\"https:\\\/\\\/www.bmut.de\\\/?s={search_term_string}\"},\"query-input\":{\"@type\":\"PropertyValueSpecification\",\"valueRequired\":true,\"valueName\":\"search_term_string\"}}],\"inLanguage\":\"fr-FR\"}]}<\/script>\n<!-- \/ Yoast SEO plugin. -->","yoast_head_json":{"title":"3in1 Bodentester, Boden-Feuchtigkeitsmessger\u00e4t, pH-Wert, Licht, ERD-Feuchtigkeitsmesser, Bodenmessger\u00e4t f\u00fcr Garten Zimmerpflanzen und Landwirtschaft - BMUT\u00ae","robots":{"index":"index","follow":"follow","max-snippet":"max-snippet:-1","max-image-preview":"max-image-preview:large","max-video-preview":"max-video-preview:-1"},"canonical":"https:\/\/www.bmut.de\/fr\/product\/3in1-bodentester-boden-feuchtigkeitsmessgeraet-ph-wert-licht-erd-feuchtigkeitsmesser-bodenmessgeraet-fuer-garten-zimmerpflanzen-und-landwirtschaft\/","og_locale":"fr_FR","og_type":"article","og_title":"3in1 Bodentester, Boden-Feuchtigkeitsmessger\u00e4t, pH-Wert, Licht, ERD-Feuchtigkeitsmesser, Bodenmessger\u00e4t f\u00fcr Garten Zimmerpflanzen und Landwirtschaft - BMUT\u00ae","og_description":"3in1 Bodentester\/Bodenmessger\u00e4t    Sie k\u00f6nnen Bodenfeuchte, pH-Wert und Sonnenlichtintensit\u00e4t messen (kein Kunstlicht)    Optimieren Sie Ihre Pflanzen    Keine Batterien f\u00fcr den Betrieb erforderlich    Versand innerhalb 24h &amp; in Deutschland kostenloser Versand","og_url":"https:\/\/www.bmut.de\/fr\/product\/3in1-bodentester-boden-feuchtigkeitsmessgeraet-ph-wert-licht-erd-feuchtigkeitsmesser-bodenmessgeraet-fuer-garten-zimmerpflanzen-und-landwirtschaft\/","og_site_name":"BMUT\u00ae","article_modified_time":"2024-10-26T02:23:55+00:00","og_image":[{"width":800,"height":800,"url":"https:\/\/www.bmut.de\/wp-content\/uploads\/2022\/10\/soil_mitverpackung.jpg","type":"image\/jpeg"}],"twitter_card":"summary_large_image","twitter_misc":{"Dur\u00e9e de lecture estim\u00e9e":"1 minute"},"schema":{"@context":"https:\/\/schema.org","@graph":[{"@type":"WebPage","@id":"https:\/\/www.bmut.de\/product\/3in1-bodentester-boden-feuchtigkeitsmessgeraet-ph-wert-licht-erd-feuchtigkeitsmesser-bodenmessgeraet-fuer-garten-zimmerpflanzen-und-landwirtschaft\/","url":"https:\/\/www.bmut.de\/product\/3in1-bodentester-boden-feuchtigkeitsmessgeraet-ph-wert-licht-erd-feuchtigkeitsmesser-bodenmessgeraet-fuer-garten-zimmerpflanzen-und-landwirtschaft\/","name":"3in1 Bodentester, Boden-Feuchtigkeitsmessger\u00e4t, pH-Wert, Licht, ERD-Feuchtigkeitsmesser, Bodenmessger\u00e4t f\u00fcr Garten Zimmerpflanzen und Landwirtschaft - BMUT\u00ae","isPartOf":{"@id":"https:\/\/www.bmut.de\/#website"},"primaryImageOfPage":{"@id":"https:\/\/www.bmut.de\/product\/3in1-bodentester-boden-feuchtigkeitsmessgeraet-ph-wert-licht-erd-feuchtigkeitsmesser-bodenmessgeraet-fuer-garten-zimmerpflanzen-und-landwirtschaft\/#primaryimage"},"image":{"@id":"https:\/\/www.bmut.de\/product\/3in1-bodentester-boden-feuchtigkeitsmessgeraet-ph-wert-licht-erd-feuchtigkeitsmesser-bodenmessgeraet-fuer-garten-zimmerpflanzen-und-landwirtschaft\/#primaryimage"},"thumbnailUrl":"https:\/\/www.bmut.de\/wp-content\/uploads\/2022\/10\/soil_mitverpackung.jpg","datePublished":"2022-10-30T12:25:17+00:00","dateModified":"2024-10-26T02:23:55+00:00","breadcrumb":{"@id":"https:\/\/www.bmut.de\/product\/3in1-bodentester-boden-feuchtigkeitsmessgeraet-ph-wert-licht-erd-feuchtigkeitsmesser-bodenmessgeraet-fuer-garten-zimmerpflanzen-und-landwirtschaft\/#breadcrumb"},"inLanguage":"fr-FR","potentialAction":[{"@type":"ReadAction","target":["https:\/\/www.bmut.de\/product\/3in1-bodentester-boden-feuchtigkeitsmessgeraet-ph-wert-licht-erd-feuchtigkeitsmesser-bodenmessgeraet-fuer-garten-zimmerpflanzen-und-landwirtschaft\/"]}]},{"@type":"ImageObject","inLanguage":"fr-FR","@id":"https:\/\/www.bmut.de\/product\/3in1-bodentester-boden-feuchtigkeitsmessgeraet-ph-wert-licht-erd-feuchtigkeitsmesser-bodenmessgeraet-fuer-garten-zimmerpflanzen-und-landwirtschaft\/#primaryimage","url":"https:\/\/www.bmut.de\/wp-content\/uploads\/2022\/10\/soil_mitverpackung.jpg","contentUrl":"https:\/\/www.bmut.de\/wp-content\/uploads\/2022\/10\/soil_mitverpackung.jpg","width":800,"height":800},{"@type":"BreadcrumbList","@id":"https:\/\/www.bmut.de\/product\/3in1-bodentester-boden-feuchtigkeitsmessgeraet-ph-wert-licht-erd-feuchtigkeitsmesser-bodenmessgeraet-fuer-garten-zimmerpflanzen-und-landwirtschaft\/#breadcrumb","itemListElement":[{"@type":"ListItem","position":1,"name":"Startseite","item":"https:\/\/www.bmut.de\/"},{"@type":"ListItem","position":2,"name":"Shop","item":"https:\/\/www.bmut.de\/shop\/"},{"@type":"ListItem","position":3,"name":"3in1 Bodentester, Boden-Feuchtigkeitsmessger\u00e4t, pH-Wert, Licht, ERD-Feuchtigkeitsmesser, Bodenmessger\u00e4t f\u00fcr Garten Zimmerpflanzen und Landwirtschaft"}]},{"@type":"WebSite","@id":"https:\/\/www.bmut.de\/#website","url":"https:\/\/www.bmut.de\/","name":"BMUT\u00ae","description":"","potentialAction":[{"@type":"SearchAction","target":{"@type":"EntryPoint","urlTemplate":"https:\/\/www.bmut.de\/?s={search_term_string}"},"query-input":{"@type":"PropertyValueSpecification","valueRequired":true,"valueName":"search_term_string"}}],"inLanguage":"fr-FR"}]}},"jetpack_sharing_enabled":true,"_links":{"self":[{"href":"https:\/\/www.bmut.de\/fr\/wp-json\/wp\/v2\/product\/4676","targetHints":{"allow":["GET"]}}],"collection":[{"href":"https:\/\/www.bmut.de\/fr\/wp-json\/wp\/v2\/product"}],"about":[{"href":"https:\/\/www.bmut.de\/fr\/wp-json\/wp\/v2\/types\/product"}],"replies":[{"embeddable":true,"href":"https:\/\/www.bmut.de\/fr\/wp-json\/wp\/v2\/comments?post=4676"}],"wp:featuredmedia":[{"embeddable":true,"href":"https:\/\/www.bmut.de\/fr\/wp-json\/wp\/v2\/media\/4677"}],"wp:attachment":[{"href":"https:\/\/www.bmut.de\/fr\/wp-json\/wp\/v2\/media?parent=4676"}],"wp:term":[{"taxonomy":"product_brand","embeddable":true,"href":"https:\/\/www.bmut.de\/fr\/wp-json\/wp\/v2\/product_brand?post=4676"},{"taxonomy":"product_cat","embeddable":true,"href":"https:\/\/www.bmut.de\/fr\/wp-json\/wp\/v2\/product_cat?post=4676"},{"taxonomy":"product_tag","embeddable":true,"href":"https:\/\/www.bmut.de\/fr\/wp-json\/wp\/v2\/product_tag?post=4676"}],"curies":[{"name":"wp","href":"https:\/\/api.w.org\/{rel}","templated":true}]}}