{"id":4698,"date":"2022-10-30T14:01:23","date_gmt":"2022-10-30T13:01:23","guid":{"rendered":"https:\/\/www.bmut.de\/?post_type=product&#038;p=4698"},"modified":"2022-11-16T18:53:12","modified_gmt":"2022-11-16T17:53:12","slug":"50x-ovulationstest-lh-test-25miu-ml-optimale-grenze-sensitivitaet-ovulationsteststreifen-teststreifen-fuer-urin","status":"publish","type":"product","link":"https:\/\/www.bmut.de\/fr\/product\/50x-ovulationstest-lh-test-25miu-ml-optimale-grenze-sensitivitaet-ovulationsteststreifen-teststreifen-fuer-urin\/","title":{"rendered":"Test d'ovulation LH Test 25miu\/ml - Limite optimale\/sensibilit\u00e9 - Bandelettes de test d'ovulation - Bandelettes de test d'urine"},"content":{"rendered":"<div id=\"twister_feature_div\" class=\"celwidget\" data-feature-name=\"twister\" data-csa-c-type=\"widget\" data-csa-c-content-id=\"twister\" data-csa-c-slot-id=\"twister_feature_div\" data-csa-c-asin=\"B0BJBHT7CV\" data-csa-c-is-in-initial-active-row=\"false\" data-csa-c-id=\"njqxur-ae9c5l-qi2phl-5rwq86\" data-cel-widget=\"twister_feature_div\">\n<div id=\"twisterContainer\" class=\"addTwisterMargin\">\n<div class=\"a-section\">\n<form id=\"twister\" class=\"a-spacing-small\" action=\"\/gp\/product\" method=\"get\">\n<div id=\"variation_item_package_quantity\" class=\"a-section a-spacing-small\">\n<h4><span style=\"font-family: -apple-system, BlinkMacSystemFont, 'Segoe UI', Roboto, Oxygen-Sans, Ubuntu, Cantarell, 'Helvetica Neue', sans-serif;\">\u2714 [ZUVERL\u00c4SSIGE ERGEBNISSE] &#8211; Die Ovulationsteststreifen (LH-Tests) von BMUT liefern ein zuverl\u00e4ssiges Testergebnis mit einer Genauigkeit von \u00fcber 99 %.<\/span><\/h4>\n<\/div>\n<\/form>\n<\/div>\n<\/div>\n<\/div>\n<div id=\"featurebullets_feature_div\" class=\"celwidget\" data-feature-name=\"featurebullets\" data-csa-c-type=\"widget\" data-csa-c-content-id=\"featurebullets\" data-csa-c-slot-id=\"featurebullets_feature_div\" data-csa-c-asin=\"B0BJBHT7CV\" data-csa-c-is-in-initial-active-row=\"false\" data-csa-c-id=\"mqr2jl-g7lg49-iq0owo-57fn7t\" data-cel-widget=\"featurebullets_feature_div\">\n<div id=\"feature-bullets\" class=\"a-section a-spacing-medium a-spacing-top-small\">\n<h4><span class=\"a-list-item\"> \u2714 [HOHE EMPFINDLICHKEIT] &#8211; Die LH-Tests mit einer Sensitivit\u00e4t von 25 miu\/ml stellen die perfekte Grenze zur Bestimmung der Ovulation dar. <\/span><\/h4>\n<h4><span class=\"a-list-item\"> \u2714 [SCHNELL &amp; EINFACH ZU VERWENDEN] &#8211; Mit den BMUT Ovulationsteststreifen f\u00fcr Zuhause k\u00f6nnen Sie die Ovulation alleine und ohne einen Spezialisten in Eigenanwendung durchf\u00fchren. <\/span><\/h4>\n<h4><span class=\"a-list-item\"> \u2714 [CE &amp; T\u00dcV ZERTIFIZIERT] &#8211; Sie erhalten zuverl\u00e4ssige &amp; ultrahochsensible Teststreifen zur Eigenanwendung von Zuhause. Jeder Ovulationsteststreifen ist einzeln sowie sicher verpackt und auf Hygiene und Sicherheit gepr\u00fcft. <\/span><\/h4>\n<h4><span class=\"a-list-item\"> \u2714 [PREMIUM-QUALIT\u00c4T] &#8211; Bei BMUT stehen Zuverl\u00e4ssigkeit und Benutzerfreundlichkeit an erster Stelle. Das Testergebnis mit einer Genauigkeit von \u00fcber 99 % gibt Ihnen ein sicheres Vertrauen. <\/span><\/h4>\n<\/div>\n<\/div>\n","protected":false},"excerpt":{"rendered":"<ul>\n<li>Fiabilit\u00e9 et qualit\u00e9 de la marque<\/li>\n<li>Certifi\u00e9 CE de la plus haute qualit\u00e9 pour une utilisation personnelle<\/li>\n<li>Longue durabilit\u00e9<\/li>\n<li>Exp\u00e9dition sous 24h<\/li>\n<li>Emballage discret et scell\u00e9 individuellement<\/li>\n<\/ul>","protected":false},"featured_media":4706,"comment_status":"open","ping_status":"closed","template":"","meta":[],"product_brand":[],"product_cat":[33,35,18],"product_tag":[114,111,112,113,54,115],"class_list":{"0":"post-4698","1":"product","2":"type-product","3":"status-publish","4":"has-post-thumbnail","6":"product_cat-tests-durine","7":"product_cat-urine-tests","8":"product_cat-urintests","9":"product_tag-25miu-ml","10":"product_tag-lh-test","11":"product_tag-ovulationstest","12":"product_tag-ovulationsteststreifen","13":"product_tag-teststreifen","14":"product_tag-teststreifen-fuer-urin","15":"product_shipping_class-brief-letter","17":"first","18":"instock","19":"taxable","20":"shipping-taxable","21":"purchasable","22":"product-type-variable","23":"has-default-attributes","24":"czr-hentry"},"yoast_head":"<!-- This site is optimized with the Yoast SEO plugin v27.3 - https:\/\/yoast.com\/product\/yoast-seo-wordpress\/ -->\n<title>Ovulationstest LH-Test 25miu\/ml - optimale Grenze\/Sensitivit\u00e4t - Ovulationsteststreifen - Teststreifen f\u00fcr Urin - BMUT\u00ae<\/title>\n<meta name=\"robots\" content=\"index, follow, max-snippet:-1, max-image-preview:large, max-video-preview:-1\" \/>\n<link rel=\"canonical\" href=\"https:\/\/www.bmut.de\/fr\/product\/50x-ovulationstest-lh-test-25miu-ml-optimale-grenze-sensitivitaet-ovulationsteststreifen-teststreifen-fuer-urin\/\" \/>\n<meta property=\"og:locale\" content=\"fr_FR\" \/>\n<meta property=\"og:type\" content=\"article\" \/>\n<meta property=\"og:title\" content=\"Ovulationstest LH-Test 25miu\/ml - optimale Grenze\/Sensitivit\u00e4t - Ovulationsteststreifen - Teststreifen f\u00fcr Urin - BMUT\u00ae\" \/>\n<meta property=\"og:description\" content=\"Zuverl\u00e4ssig &amp; Markenqualit\u00e4t  H\u00f6chste Qualit\u00e4t CE Zertifiziert zur Eigenanwendung  Lange Haltbarkeit  Versand innerhalb 24h  Diskrete Verpackung &amp; einzeln versiegelt\" \/>\n<meta property=\"og:url\" content=\"https:\/\/www.bmut.de\/fr\/product\/50x-ovulationstest-lh-test-25miu-ml-optimale-grenze-sensitivitaet-ovulationsteststreifen-teststreifen-fuer-urin\/\" \/>\n<meta property=\"og:site_name\" content=\"BMUT\u00ae\" \/>\n<meta property=\"article:modified_time\" content=\"2022-11-16T17:53:12+00:00\" \/>\n<meta property=\"og:image\" content=\"https:\/\/www.bmut.de\/wp-content\/uploads\/2022\/10\/pouch_alle_neu_LH.jpg\" \/>\n\t<meta property=\"og:image:width\" content=\"1200\" \/>\n\t<meta property=\"og:image:height\" content=\"1200\" \/>\n\t<meta property=\"og:image:type\" content=\"image\/jpeg\" \/>\n<meta name=\"twitter:card\" content=\"summary_large_image\" \/>\n<meta name=\"twitter:label1\" content=\"Dur\u00e9e de lecture estim\u00e9e\" \/>\n\t<meta name=\"twitter:data1\" content=\"1 minute\" \/>\n<script type=\"application\/ld+json\" class=\"yoast-schema-graph\">{\"@context\":\"https:\\\/\\\/schema.org\",\"@graph\":[{\"@type\":\"WebPage\",\"@id\":\"https:\\\/\\\/www.bmut.de\\\/product\\\/50x-ovulationstest-lh-test-25miu-ml-optimale-grenze-sensitivitaet-ovulationsteststreifen-teststreifen-fuer-urin\\\/\",\"url\":\"https:\\\/\\\/www.bmut.de\\\/product\\\/50x-ovulationstest-lh-test-25miu-ml-optimale-grenze-sensitivitaet-ovulationsteststreifen-teststreifen-fuer-urin\\\/\",\"name\":\"Ovulationstest LH-Test 25miu\\\/ml - optimale Grenze\\\/Sensitivit\u00e4t - Ovulationsteststreifen - Teststreifen f\u00fcr Urin - BMUT\u00ae\",\"isPartOf\":{\"@id\":\"https:\\\/\\\/www.bmut.de\\\/#website\"},\"primaryImageOfPage\":{\"@id\":\"https:\\\/\\\/www.bmut.de\\\/product\\\/50x-ovulationstest-lh-test-25miu-ml-optimale-grenze-sensitivitaet-ovulationsteststreifen-teststreifen-fuer-urin\\\/#primaryimage\"},\"image\":{\"@id\":\"https:\\\/\\\/www.bmut.de\\\/product\\\/50x-ovulationstest-lh-test-25miu-ml-optimale-grenze-sensitivitaet-ovulationsteststreifen-teststreifen-fuer-urin\\\/#primaryimage\"},\"thumbnailUrl\":\"https:\\\/\\\/www.bmut.de\\\/wp-content\\\/uploads\\\/2022\\\/10\\\/pouch_alle_neu_LH.jpg\",\"datePublished\":\"2022-10-30T13:01:23+00:00\",\"dateModified\":\"2022-11-16T17:53:12+00:00\",\"breadcrumb\":{\"@id\":\"https:\\\/\\\/www.bmut.de\\\/product\\\/50x-ovulationstest-lh-test-25miu-ml-optimale-grenze-sensitivitaet-ovulationsteststreifen-teststreifen-fuer-urin\\\/#breadcrumb\"},\"inLanguage\":\"fr-FR\",\"potentialAction\":[{\"@type\":\"ReadAction\",\"target\":[\"https:\\\/\\\/www.bmut.de\\\/product\\\/50x-ovulationstest-lh-test-25miu-ml-optimale-grenze-sensitivitaet-ovulationsteststreifen-teststreifen-fuer-urin\\\/\"]}]},{\"@type\":\"ImageObject\",\"inLanguage\":\"fr-FR\",\"@id\":\"https:\\\/\\\/www.bmut.de\\\/product\\\/50x-ovulationstest-lh-test-25miu-ml-optimale-grenze-sensitivitaet-ovulationsteststreifen-teststreifen-fuer-urin\\\/#primaryimage\",\"url\":\"https:\\\/\\\/www.bmut.de\\\/wp-content\\\/uploads\\\/2022\\\/10\\\/pouch_alle_neu_LH.jpg\",\"contentUrl\":\"https:\\\/\\\/www.bmut.de\\\/wp-content\\\/uploads\\\/2022\\\/10\\\/pouch_alle_neu_LH.jpg\",\"width\":1200,\"height\":1200},{\"@type\":\"BreadcrumbList\",\"@id\":\"https:\\\/\\\/www.bmut.de\\\/product\\\/50x-ovulationstest-lh-test-25miu-ml-optimale-grenze-sensitivitaet-ovulationsteststreifen-teststreifen-fuer-urin\\\/#breadcrumb\",\"itemListElement\":[{\"@type\":\"ListItem\",\"position\":1,\"name\":\"Startseite\",\"item\":\"https:\\\/\\\/www.bmut.de\\\/\"},{\"@type\":\"ListItem\",\"position\":2,\"name\":\"Shop\",\"item\":\"https:\\\/\\\/www.bmut.de\\\/shop\\\/\"},{\"@type\":\"ListItem\",\"position\":3,\"name\":\"Ovulationstest LH-Test 25miu\\\/ml &#8211; optimale Grenze\\\/Sensitivit\u00e4t &#8211; Ovulationsteststreifen &#8211; Teststreifen f\u00fcr Urin\"}]},{\"@type\":\"WebSite\",\"@id\":\"https:\\\/\\\/www.bmut.de\\\/#website\",\"url\":\"https:\\\/\\\/www.bmut.de\\\/\",\"name\":\"BMUT\u00ae\",\"description\":\"\",\"potentialAction\":[{\"@type\":\"SearchAction\",\"target\":{\"@type\":\"EntryPoint\",\"urlTemplate\":\"https:\\\/\\\/www.bmut.de\\\/?s={search_term_string}\"},\"query-input\":{\"@type\":\"PropertyValueSpecification\",\"valueRequired\":true,\"valueName\":\"search_term_string\"}}],\"inLanguage\":\"fr-FR\"}]}<\/script>\n<!-- \/ Yoast SEO plugin. -->","yoast_head_json":{"title":"Ovulationstest LH-Test 25miu\/ml - optimale Grenze\/Sensitivit\u00e4t - Ovulationsteststreifen - Teststreifen f\u00fcr Urin - BMUT\u00ae","robots":{"index":"index","follow":"follow","max-snippet":"max-snippet:-1","max-image-preview":"max-image-preview:large","max-video-preview":"max-video-preview:-1"},"canonical":"https:\/\/www.bmut.de\/fr\/product\/50x-ovulationstest-lh-test-25miu-ml-optimale-grenze-sensitivitaet-ovulationsteststreifen-teststreifen-fuer-urin\/","og_locale":"fr_FR","og_type":"article","og_title":"Ovulationstest LH-Test 25miu\/ml - optimale Grenze\/Sensitivit\u00e4t - Ovulationsteststreifen - Teststreifen f\u00fcr Urin - BMUT\u00ae","og_description":"Zuverl\u00e4ssig &amp; Markenqualit\u00e4t  H\u00f6chste Qualit\u00e4t CE Zertifiziert zur Eigenanwendung  Lange Haltbarkeit  Versand innerhalb 24h  Diskrete Verpackung &amp; einzeln versiegelt","og_url":"https:\/\/www.bmut.de\/fr\/product\/50x-ovulationstest-lh-test-25miu-ml-optimale-grenze-sensitivitaet-ovulationsteststreifen-teststreifen-fuer-urin\/","og_site_name":"BMUT\u00ae","article_modified_time":"2022-11-16T17:53:12+00:00","og_image":[{"width":1200,"height":1200,"url":"https:\/\/www.bmut.de\/wp-content\/uploads\/2022\/10\/pouch_alle_neu_LH.jpg","type":"image\/jpeg"}],"twitter_card":"summary_large_image","twitter_misc":{"Dur\u00e9e de lecture estim\u00e9e":"1 minute"},"schema":{"@context":"https:\/\/schema.org","@graph":[{"@type":"WebPage","@id":"https:\/\/www.bmut.de\/product\/50x-ovulationstest-lh-test-25miu-ml-optimale-grenze-sensitivitaet-ovulationsteststreifen-teststreifen-fuer-urin\/","url":"https:\/\/www.bmut.de\/product\/50x-ovulationstest-lh-test-25miu-ml-optimale-grenze-sensitivitaet-ovulationsteststreifen-teststreifen-fuer-urin\/","name":"Ovulationstest LH-Test 25miu\/ml - optimale Grenze\/Sensitivit\u00e4t - Ovulationsteststreifen - Teststreifen f\u00fcr Urin - BMUT\u00ae","isPartOf":{"@id":"https:\/\/www.bmut.de\/#website"},"primaryImageOfPage":{"@id":"https:\/\/www.bmut.de\/product\/50x-ovulationstest-lh-test-25miu-ml-optimale-grenze-sensitivitaet-ovulationsteststreifen-teststreifen-fuer-urin\/#primaryimage"},"image":{"@id":"https:\/\/www.bmut.de\/product\/50x-ovulationstest-lh-test-25miu-ml-optimale-grenze-sensitivitaet-ovulationsteststreifen-teststreifen-fuer-urin\/#primaryimage"},"thumbnailUrl":"https:\/\/www.bmut.de\/wp-content\/uploads\/2022\/10\/pouch_alle_neu_LH.jpg","datePublished":"2022-10-30T13:01:23+00:00","dateModified":"2022-11-16T17:53:12+00:00","breadcrumb":{"@id":"https:\/\/www.bmut.de\/product\/50x-ovulationstest-lh-test-25miu-ml-optimale-grenze-sensitivitaet-ovulationsteststreifen-teststreifen-fuer-urin\/#breadcrumb"},"inLanguage":"fr-FR","potentialAction":[{"@type":"ReadAction","target":["https:\/\/www.bmut.de\/product\/50x-ovulationstest-lh-test-25miu-ml-optimale-grenze-sensitivitaet-ovulationsteststreifen-teststreifen-fuer-urin\/"]}]},{"@type":"ImageObject","inLanguage":"fr-FR","@id":"https:\/\/www.bmut.de\/product\/50x-ovulationstest-lh-test-25miu-ml-optimale-grenze-sensitivitaet-ovulationsteststreifen-teststreifen-fuer-urin\/#primaryimage","url":"https:\/\/www.bmut.de\/wp-content\/uploads\/2022\/10\/pouch_alle_neu_LH.jpg","contentUrl":"https:\/\/www.bmut.de\/wp-content\/uploads\/2022\/10\/pouch_alle_neu_LH.jpg","width":1200,"height":1200},{"@type":"BreadcrumbList","@id":"https:\/\/www.bmut.de\/product\/50x-ovulationstest-lh-test-25miu-ml-optimale-grenze-sensitivitaet-ovulationsteststreifen-teststreifen-fuer-urin\/#breadcrumb","itemListElement":[{"@type":"ListItem","position":1,"name":"Startseite","item":"https:\/\/www.bmut.de\/"},{"@type":"ListItem","position":2,"name":"Shop","item":"https:\/\/www.bmut.de\/shop\/"},{"@type":"ListItem","position":3,"name":"Ovulationstest LH-Test 25miu\/ml &#8211; optimale Grenze\/Sensitivit\u00e4t &#8211; Ovulationsteststreifen &#8211; Teststreifen f\u00fcr Urin"}]},{"@type":"WebSite","@id":"https:\/\/www.bmut.de\/#website","url":"https:\/\/www.bmut.de\/","name":"BMUT\u00ae","description":"","potentialAction":[{"@type":"SearchAction","target":{"@type":"EntryPoint","urlTemplate":"https:\/\/www.bmut.de\/?s={search_term_string}"},"query-input":{"@type":"PropertyValueSpecification","valueRequired":true,"valueName":"search_term_string"}}],"inLanguage":"fr-FR"}]}},"jetpack_sharing_enabled":true,"_links":{"self":[{"href":"https:\/\/www.bmut.de\/fr\/wp-json\/wp\/v2\/product\/4698","targetHints":{"allow":["GET"]}}],"collection":[{"href":"https:\/\/www.bmut.de\/fr\/wp-json\/wp\/v2\/product"}],"about":[{"href":"https:\/\/www.bmut.de\/fr\/wp-json\/wp\/v2\/types\/product"}],"replies":[{"embeddable":true,"href":"https:\/\/www.bmut.de\/fr\/wp-json\/wp\/v2\/comments?post=4698"}],"wp:featuredmedia":[{"embeddable":true,"href":"https:\/\/www.bmut.de\/fr\/wp-json\/wp\/v2\/media\/4706"}],"wp:attachment":[{"href":"https:\/\/www.bmut.de\/fr\/wp-json\/wp\/v2\/media?parent=4698"}],"wp:term":[{"taxonomy":"product_brand","embeddable":true,"href":"https:\/\/www.bmut.de\/fr\/wp-json\/wp\/v2\/product_brand?post=4698"},{"taxonomy":"product_cat","embeddable":true,"href":"https:\/\/www.bmut.de\/fr\/wp-json\/wp\/v2\/product_cat?post=4698"},{"taxonomy":"product_tag","embeddable":true,"href":"https:\/\/www.bmut.de\/fr\/wp-json\/wp\/v2\/product_tag?post=4698"}],"curies":[{"name":"wp","href":"https:\/\/api.w.org\/{rel}","templated":true}]}}