{"id":5170,"date":"2022-12-03T09:21:51","date_gmt":"2022-12-03T08:21:51","guid":{"rendered":"https:\/\/www.bmut.de\/?post_type=product&#038;p=5170"},"modified":"2026-02-19T19:45:37","modified_gmt":"2026-02-19T18:45:37","slug":"1x-500ml-kolloidales-silber-40-ppm-in-braunglasflasche-mit-30ml-spray-spruehflasche-silberwasser-reinstwasser-100-kolloidal","status":"publish","type":"product","link":"https:\/\/www.bmut.de\/fr\/product\/1x-500ml-kolloidales-silber-40-ppm-in-braunglasflasche-mit-30ml-spray-spruehflasche-silberwasser-reinstwasser-100-kolloidal\/","title":{"rendered":"1x 500ml Kolloidales Silber (40 ppm) in Braunglasflasche mit 30ml Spray- Spr\u00fchflasche | Silberwasser | Reinstwasser | 100% Kolloidal"},"content":{"rendered":"<p class=\"p1\"><span class=\"s1\">\u2714<\/span><span class=\"s2\"> [100% KOLLOIDALES SILBER MIT 40 PPM] Diese 40 ppm Silber-L\u00f6sung ist zu 100 % kolloidal. Damit erhalten Sie die h\u00f6chste Qualit\u00e4t mit Silberkolloiden. Dies in einer Glasflasche.<\/span><\/p>\n<p class=\"p1\"><span class=\"s1\">\u2714<\/span><span class=\"s2\"> [SILBER-KOLLOIDE] Die Farbgebung (blau) ist kolloid-gr\u00f6\u00dfenbedingt und ein optisches Merkmal der Dispersion und der damit verbunden Qualit\u00e4t. Der Herstellprozess ist auf eine stabile kolloidale Struktur ausgelegt.<\/span><\/p>\n<p class=\"p1\"><span class=\"s1\">\u2714<\/span><span class=\"s2\"> [STABILE QUALIT\u00c4T] Das kolloidale Silber von BMUT wird mit einem innovativen Herstellverfahren produziert. Dieses erm\u00f6glicht h\u00f6chste Qualit\u00e4t bei einer Haltbarkeit von mindestens 1 Jahr. <\/span><\/p>\n<p class=\"p1\"><span class=\"s1\">\u2714<\/span><span class=\"s2\"> [REINSTWASSER &amp; ZUBEH\u00d6R] Die Silber-Dispersion basiert auf Reinstwasser. Geliefert wird in Glasflaschen zur materialneutralen Lagerung. Im Lieferumfang enthalten: 500 ml Hauptflasche (40 ppm), 30 ml Spr\u00fchflasche und ein Messbecher.<\/span><\/p>\n<p class=\"p1\"><span class=\"s1\">\u2714<\/span><span class=\"s2\"> [EFFEKTIV &amp; IN OPTIMALER KONZENTRATION] Laufende Qualit\u00e4tskontrollen best\u00e4tigen den stabilen Silbergehalt von 40 ppm. F\u00fcr Anwendungsf\u00e4lle ist eine Konzentration ab 10 ppm bereits ausreichend. Daher kann die L\u00f6sung um Faktor 4 verd\u00fcnnt werden (1:4) \u2013 ausschlie\u00dflich mit destilliertem Wasser oder Reinstwasser.<\/span><\/p>\n<p>Au\u00dferhalb der Reichweite von Kindern aufbewahren. Bitte beachten Sie, dass dieses Produkt aus rechtlichen Gr\u00fcnden nur f\u00fcr technische Zwecke angeboten wird. Bei anderweitiger Verwendung wird keine Verantwortung \u00fcbernommen.<\/p>\n","protected":false},"excerpt":{"rendered":"<ul>\n<li>\n<h5>1\u00d7 500 ml Kolloidales Silber (100% Kolloidal) mit 30 ml Sprayflasche<\/h5>\n<\/li>\n<li>\n<h5>Innovatives Herstellungsverfahren<\/h5>\n<\/li>\n<li>\n<h5>Das Produkt beinhaltet 40 ppm \u2013 im Labor best\u00e4tigt.<\/h5>\n<\/li>\n<li>\n<h5>L\u00e4nger Haltbar durch Stabilisierung der Kolloide<\/h5>\n<\/li>\n<li>\n<h5>Abgef\u00fcllt in Braunglasflasche<\/h5>\n<\/li>\n<li>\n<h5>Versand innerhalb 24h &amp; in Deutschland kostenloser Versand<\/h5>\n<\/li>\n<\/ul>","protected":false},"featured_media":15404,"comment_status":"open","ping_status":"closed","template":"","meta":[],"product_brand":[],"product_cat":[92],"product_tag":[120,117,128,116,118],"class_list":{"0":"post-5170","1":"product","2":"type-product","3":"status-publish","4":"has-post-thumbnail","6":"product_cat-reinigung","7":"product_tag-100-kolloidal","8":"product_tag-40-ppm","9":"product_tag-innovatives-herstellungsverfahren","10":"product_tag-kolloidales-silber","11":"product_tag-silberwasser","12":"product_shipping_class-dhl-paket","14":"first","15":"instock","16":"taxable","17":"shipping-taxable","18":"purchasable","19":"product-type-simple","20":"czr-hentry"},"yoast_head":"<!-- This site is optimized with the Yoast SEO plugin v27.3 - https:\/\/yoast.com\/product\/yoast-seo-wordpress\/ -->\n<title>1x 500ml Kolloidales Silber (40 ppm) in Braunglasflasche mit 30ml Spray- Spr\u00fchflasche | Silberwasser | Reinstwasser | 100% Kolloidal - BMUT\u00ae<\/title>\n<meta name=\"robots\" content=\"index, follow, max-snippet:-1, max-image-preview:large, max-video-preview:-1\" \/>\n<link rel=\"canonical\" href=\"https:\/\/www.bmut.de\/fr\/product\/1x-500ml-kolloidales-silber-40-ppm-in-braunglasflasche-mit-30ml-spray-spruehflasche-silberwasser-reinstwasser-100-kolloidal\/\" \/>\n<meta property=\"og:locale\" content=\"fr_FR\" \/>\n<meta property=\"og:type\" content=\"article\" \/>\n<meta property=\"og:title\" content=\"1x 500ml Kolloidales Silber (40 ppm) in Braunglasflasche mit 30ml Spray- Spr\u00fchflasche | Silberwasser | Reinstwasser | 100% Kolloidal - BMUT\u00ae\" \/>\n<meta property=\"og:description\" content=\"1\u00d7 500 ml Kolloidales Silber (100% Kolloidal) mit 30 ml Sprayflasche    Innovatives Herstellungsverfahren    Das Produkt beinhaltet 40 ppm \u2013 im Labor best\u00e4tigt.    L\u00e4nger Haltbar durch Stabilisierung der Kolloide    Abgef\u00fcllt in Braunglasflasche    Versand innerhalb 24h &amp; in Deutschland kostenloser Versand\" \/>\n<meta property=\"og:url\" content=\"https:\/\/www.bmut.de\/fr\/product\/1x-500ml-kolloidales-silber-40-ppm-in-braunglasflasche-mit-30ml-spray-spruehflasche-silberwasser-reinstwasser-100-kolloidal\/\" \/>\n<meta property=\"og:site_name\" content=\"BMUT\u00ae\" \/>\n<meta property=\"article:modified_time\" content=\"2026-02-19T18:45:37+00:00\" \/>\n<meta property=\"og:image\" content=\"https:\/\/www.bmut.de\/wp-content\/uploads\/2022\/12\/B0BLHT51GC.MAIN-MacBook-Pro-14.jpg\" \/>\n\t<meta property=\"og:image:width\" content=\"1400\" \/>\n\t<meta property=\"og:image:height\" content=\"1400\" \/>\n\t<meta property=\"og:image:type\" content=\"image\/jpeg\" \/>\n<meta name=\"twitter:card\" content=\"summary_large_image\" \/>\n<meta name=\"twitter:label1\" content=\"Dur\u00e9e de lecture estim\u00e9e\" \/>\n\t<meta name=\"twitter:data1\" content=\"1 minute\" \/>\n<script type=\"application\/ld+json\" class=\"yoast-schema-graph\">{\"@context\":\"https:\\\/\\\/schema.org\",\"@graph\":[{\"@type\":\"WebPage\",\"@id\":\"https:\\\/\\\/www.bmut.de\\\/product\\\/1x-500ml-kolloidales-silber-40-ppm-in-braunglasflasche-mit-30ml-spray-spruehflasche-silberwasser-reinstwasser-100-kolloidal\\\/\",\"url\":\"https:\\\/\\\/www.bmut.de\\\/product\\\/1x-500ml-kolloidales-silber-40-ppm-in-braunglasflasche-mit-30ml-spray-spruehflasche-silberwasser-reinstwasser-100-kolloidal\\\/\",\"name\":\"1x 500ml Kolloidales Silber (40 ppm) in Braunglasflasche mit 30ml Spray- Spr\u00fchflasche | Silberwasser | Reinstwasser | 100% Kolloidal - BMUT\u00ae\",\"isPartOf\":{\"@id\":\"https:\\\/\\\/www.bmut.de\\\/#website\"},\"primaryImageOfPage\":{\"@id\":\"https:\\\/\\\/www.bmut.de\\\/product\\\/1x-500ml-kolloidales-silber-40-ppm-in-braunglasflasche-mit-30ml-spray-spruehflasche-silberwasser-reinstwasser-100-kolloidal\\\/#primaryimage\"},\"image\":{\"@id\":\"https:\\\/\\\/www.bmut.de\\\/product\\\/1x-500ml-kolloidales-silber-40-ppm-in-braunglasflasche-mit-30ml-spray-spruehflasche-silberwasser-reinstwasser-100-kolloidal\\\/#primaryimage\"},\"thumbnailUrl\":\"https:\\\/\\\/www.bmut.de\\\/wp-content\\\/uploads\\\/2022\\\/12\\\/B0BLHT51GC.MAIN-MacBook-Pro-14.jpg\",\"datePublished\":\"2022-12-03T08:21:51+00:00\",\"dateModified\":\"2026-02-19T18:45:37+00:00\",\"breadcrumb\":{\"@id\":\"https:\\\/\\\/www.bmut.de\\\/product\\\/1x-500ml-kolloidales-silber-40-ppm-in-braunglasflasche-mit-30ml-spray-spruehflasche-silberwasser-reinstwasser-100-kolloidal\\\/#breadcrumb\"},\"inLanguage\":\"fr-FR\",\"potentialAction\":[{\"@type\":\"ReadAction\",\"target\":[\"https:\\\/\\\/www.bmut.de\\\/product\\\/1x-500ml-kolloidales-silber-40-ppm-in-braunglasflasche-mit-30ml-spray-spruehflasche-silberwasser-reinstwasser-100-kolloidal\\\/\"]}]},{\"@type\":\"ImageObject\",\"inLanguage\":\"fr-FR\",\"@id\":\"https:\\\/\\\/www.bmut.de\\\/product\\\/1x-500ml-kolloidales-silber-40-ppm-in-braunglasflasche-mit-30ml-spray-spruehflasche-silberwasser-reinstwasser-100-kolloidal\\\/#primaryimage\",\"url\":\"https:\\\/\\\/www.bmut.de\\\/wp-content\\\/uploads\\\/2022\\\/12\\\/B0BLHT51GC.MAIN-MacBook-Pro-14.jpg\",\"contentUrl\":\"https:\\\/\\\/www.bmut.de\\\/wp-content\\\/uploads\\\/2022\\\/12\\\/B0BLHT51GC.MAIN-MacBook-Pro-14.jpg\",\"width\":1400,\"height\":1400},{\"@type\":\"BreadcrumbList\",\"@id\":\"https:\\\/\\\/www.bmut.de\\\/product\\\/1x-500ml-kolloidales-silber-40-ppm-in-braunglasflasche-mit-30ml-spray-spruehflasche-silberwasser-reinstwasser-100-kolloidal\\\/#breadcrumb\",\"itemListElement\":[{\"@type\":\"ListItem\",\"position\":1,\"name\":\"Startseite\",\"item\":\"https:\\\/\\\/www.bmut.de\\\/\"},{\"@type\":\"ListItem\",\"position\":2,\"name\":\"Shop\",\"item\":\"https:\\\/\\\/www.bmut.de\\\/shop\\\/\"},{\"@type\":\"ListItem\",\"position\":3,\"name\":\"1x 500ml Kolloidales Silber (40 ppm) in Braunglasflasche mit 30ml Spray- Spr\u00fchflasche | Silberwasser | Reinstwasser | 100% Kolloidal\"}]},{\"@type\":\"WebSite\",\"@id\":\"https:\\\/\\\/www.bmut.de\\\/#website\",\"url\":\"https:\\\/\\\/www.bmut.de\\\/\",\"name\":\"BMUT\u00ae\",\"description\":\"\",\"potentialAction\":[{\"@type\":\"SearchAction\",\"target\":{\"@type\":\"EntryPoint\",\"urlTemplate\":\"https:\\\/\\\/www.bmut.de\\\/?s={search_term_string}\"},\"query-input\":{\"@type\":\"PropertyValueSpecification\",\"valueRequired\":true,\"valueName\":\"search_term_string\"}}],\"inLanguage\":\"fr-FR\"}]}<\/script>\n<!-- \/ Yoast SEO plugin. -->","yoast_head_json":{"title":"1x 500ml Kolloidales Silber (40 ppm) in Braunglasflasche mit 30ml Spray- Spr\u00fchflasche | Silberwasser | Reinstwasser | 100% Kolloidal - BMUT\u00ae","robots":{"index":"index","follow":"follow","max-snippet":"max-snippet:-1","max-image-preview":"max-image-preview:large","max-video-preview":"max-video-preview:-1"},"canonical":"https:\/\/www.bmut.de\/fr\/product\/1x-500ml-kolloidales-silber-40-ppm-in-braunglasflasche-mit-30ml-spray-spruehflasche-silberwasser-reinstwasser-100-kolloidal\/","og_locale":"fr_FR","og_type":"article","og_title":"1x 500ml Kolloidales Silber (40 ppm) in Braunglasflasche mit 30ml Spray- Spr\u00fchflasche | Silberwasser | Reinstwasser | 100% Kolloidal - BMUT\u00ae","og_description":"1\u00d7 500 ml Kolloidales Silber (100% Kolloidal) mit 30 ml Sprayflasche    Innovatives Herstellungsverfahren    Das Produkt beinhaltet 40 ppm \u2013 im Labor best\u00e4tigt.    L\u00e4nger Haltbar durch Stabilisierung der Kolloide    Abgef\u00fcllt in Braunglasflasche    Versand innerhalb 24h &amp; in Deutschland kostenloser Versand","og_url":"https:\/\/www.bmut.de\/fr\/product\/1x-500ml-kolloidales-silber-40-ppm-in-braunglasflasche-mit-30ml-spray-spruehflasche-silberwasser-reinstwasser-100-kolloidal\/","og_site_name":"BMUT\u00ae","article_modified_time":"2026-02-19T18:45:37+00:00","og_image":[{"width":1400,"height":1400,"url":"https:\/\/www.bmut.de\/wp-content\/uploads\/2022\/12\/B0BLHT51GC.MAIN-MacBook-Pro-14.jpg","type":"image\/jpeg"}],"twitter_card":"summary_large_image","twitter_misc":{"Dur\u00e9e de lecture estim\u00e9e":"1 minute"},"schema":{"@context":"https:\/\/schema.org","@graph":[{"@type":"WebPage","@id":"https:\/\/www.bmut.de\/product\/1x-500ml-kolloidales-silber-40-ppm-in-braunglasflasche-mit-30ml-spray-spruehflasche-silberwasser-reinstwasser-100-kolloidal\/","url":"https:\/\/www.bmut.de\/product\/1x-500ml-kolloidales-silber-40-ppm-in-braunglasflasche-mit-30ml-spray-spruehflasche-silberwasser-reinstwasser-100-kolloidal\/","name":"1x 500ml Kolloidales Silber (40 ppm) in Braunglasflasche mit 30ml Spray- Spr\u00fchflasche | Silberwasser | Reinstwasser | 100% Kolloidal - BMUT\u00ae","isPartOf":{"@id":"https:\/\/www.bmut.de\/#website"},"primaryImageOfPage":{"@id":"https:\/\/www.bmut.de\/product\/1x-500ml-kolloidales-silber-40-ppm-in-braunglasflasche-mit-30ml-spray-spruehflasche-silberwasser-reinstwasser-100-kolloidal\/#primaryimage"},"image":{"@id":"https:\/\/www.bmut.de\/product\/1x-500ml-kolloidales-silber-40-ppm-in-braunglasflasche-mit-30ml-spray-spruehflasche-silberwasser-reinstwasser-100-kolloidal\/#primaryimage"},"thumbnailUrl":"https:\/\/www.bmut.de\/wp-content\/uploads\/2022\/12\/B0BLHT51GC.MAIN-MacBook-Pro-14.jpg","datePublished":"2022-12-03T08:21:51+00:00","dateModified":"2026-02-19T18:45:37+00:00","breadcrumb":{"@id":"https:\/\/www.bmut.de\/product\/1x-500ml-kolloidales-silber-40-ppm-in-braunglasflasche-mit-30ml-spray-spruehflasche-silberwasser-reinstwasser-100-kolloidal\/#breadcrumb"},"inLanguage":"fr-FR","potentialAction":[{"@type":"ReadAction","target":["https:\/\/www.bmut.de\/product\/1x-500ml-kolloidales-silber-40-ppm-in-braunglasflasche-mit-30ml-spray-spruehflasche-silberwasser-reinstwasser-100-kolloidal\/"]}]},{"@type":"ImageObject","inLanguage":"fr-FR","@id":"https:\/\/www.bmut.de\/product\/1x-500ml-kolloidales-silber-40-ppm-in-braunglasflasche-mit-30ml-spray-spruehflasche-silberwasser-reinstwasser-100-kolloidal\/#primaryimage","url":"https:\/\/www.bmut.de\/wp-content\/uploads\/2022\/12\/B0BLHT51GC.MAIN-MacBook-Pro-14.jpg","contentUrl":"https:\/\/www.bmut.de\/wp-content\/uploads\/2022\/12\/B0BLHT51GC.MAIN-MacBook-Pro-14.jpg","width":1400,"height":1400},{"@type":"BreadcrumbList","@id":"https:\/\/www.bmut.de\/product\/1x-500ml-kolloidales-silber-40-ppm-in-braunglasflasche-mit-30ml-spray-spruehflasche-silberwasser-reinstwasser-100-kolloidal\/#breadcrumb","itemListElement":[{"@type":"ListItem","position":1,"name":"Startseite","item":"https:\/\/www.bmut.de\/"},{"@type":"ListItem","position":2,"name":"Shop","item":"https:\/\/www.bmut.de\/shop\/"},{"@type":"ListItem","position":3,"name":"1x 500ml Kolloidales Silber (40 ppm) in Braunglasflasche mit 30ml Spray- Spr\u00fchflasche | Silberwasser | Reinstwasser | 100% Kolloidal"}]},{"@type":"WebSite","@id":"https:\/\/www.bmut.de\/#website","url":"https:\/\/www.bmut.de\/","name":"BMUT\u00ae","description":"","potentialAction":[{"@type":"SearchAction","target":{"@type":"EntryPoint","urlTemplate":"https:\/\/www.bmut.de\/?s={search_term_string}"},"query-input":{"@type":"PropertyValueSpecification","valueRequired":true,"valueName":"search_term_string"}}],"inLanguage":"fr-FR"}]}},"jetpack_sharing_enabled":true,"_links":{"self":[{"href":"https:\/\/www.bmut.de\/fr\/wp-json\/wp\/v2\/product\/5170","targetHints":{"allow":["GET"]}}],"collection":[{"href":"https:\/\/www.bmut.de\/fr\/wp-json\/wp\/v2\/product"}],"about":[{"href":"https:\/\/www.bmut.de\/fr\/wp-json\/wp\/v2\/types\/product"}],"replies":[{"embeddable":true,"href":"https:\/\/www.bmut.de\/fr\/wp-json\/wp\/v2\/comments?post=5170"}],"wp:featuredmedia":[{"embeddable":true,"href":"https:\/\/www.bmut.de\/fr\/wp-json\/wp\/v2\/media\/15404"}],"wp:attachment":[{"href":"https:\/\/www.bmut.de\/fr\/wp-json\/wp\/v2\/media?parent=5170"}],"wp:term":[{"taxonomy":"product_brand","embeddable":true,"href":"https:\/\/www.bmut.de\/fr\/wp-json\/wp\/v2\/product_brand?post=5170"},{"taxonomy":"product_cat","embeddable":true,"href":"https:\/\/www.bmut.de\/fr\/wp-json\/wp\/v2\/product_cat?post=5170"},{"taxonomy":"product_tag","embeddable":true,"href":"https:\/\/www.bmut.de\/fr\/wp-json\/wp\/v2\/product_tag?post=5170"}],"curies":[{"name":"wp","href":"https:\/\/api.w.org\/{rel}","templated":true}]}}