{"id":5355,"date":"2022-12-23T17:12:43","date_gmt":"2022-12-23T16:12:43","guid":{"rendered":"https:\/\/www.bmut.de\/?post_type=product&#038;p=5355"},"modified":"2025-08-21T21:52:55","modified_gmt":"2025-08-21T19:52:55","slug":"10x-thc-drogentest-mit-50-ng-ml-cannabis-marijuana-haschisch-thc-urintest-teststreifen-hohe-sensitivitaet-drogenschnelltest-apothekenqualitaet","status":"publish","type":"product","link":"https:\/\/www.bmut.de\/fr\/product\/10x-thc-drug-test-with-50-ng-ml-cannabis-marijuana-haschish-thc-urine-test-bandelettes-test-haute-sensibilite-rapide-drug-test-pharmacy-quality\/","title":{"rendered":"10x THC test de d\u00e9pistage de drogue avec 50 ng\/mL - cannabis - marijuana - haschisch, test d'urine THC, bandelettes de test, haute sensibilit\u00e9, test de d\u00e9pistage rapide (qualit\u00e9 pharmacie)"},"content":{"rendered":"<h4><span class=\"a-list-item\"> \u2714 [SENSIBEL &amp; ZUVERL\u00c4SSIG] THC-Test mit 50ng\/mL: F\u00fcr den Eigengebrauch und den professionellen Gebrauch zugelassen. \u00dcber 99 % Genauigkeit beim Nachweis von THC mit Cut-Off 50ng\/mL. Dieser Test ist CE-Zertifiziert und vom T\u00dcV Rheinland genehmigt. Der Cut-Off-Wert entspricht der allgemeinen Empfehlung. <\/span><\/h4>\n<h4><span class=\"a-list-item\"> \u2714 [SCHNELL &amp; EINFACH] Tauchen Sie den Test 15 Sekunden lang in Urin ein und lesen Sie das Ergebnis nach 5 Minuten ab. Bei 2 Linien ist der Test negativ. Bei einer Linie ist der Test positiv. <\/span><\/h4>\n<h4><span class=\"a-list-item\"> \u2714 [VIELE ANWENDUNGSF\u00c4LLE] Der THC-Drogentest (Cannabis) ist ideal zur Anwendung im Bereich Arbeitsplatz, MPU, Jugendamt, Arbeitsmedizin, F\u00fchrerschein und allgemeiner Verkehrskontrolle. Man kann den THC-Test im Bereich Verkehrskontrolle, Zuhause, MPU oder dem Arbeitsplatz einsetzen. <\/span><\/h4>\n<h4><span class=\"a-list-item\"> \u2714 [SICHERHEIT \u00dcBER KONSUM BEKOMMEN] Sie k\u00f6nnen sich selbst, Ihre Mitarbeiter, Ihre Familienmitglieder oder Dritte testen, um den Konsum von Marihuana\/Cannabis zu kontrollieren. <\/span><\/h4>\n<h4><span class=\"a-list-item\"> \u2714 [NEUTRALER &amp; BLICKDICHTER VERSAND] Die Versandverpackung ist neutral und blickdicht. Dadurch erhalten Sie die Tests ohne Kenntnisnahme Dritter. <\/span><\/h4>\n","protected":false},"excerpt":{"rendered":"<ul>\n<li>Test THC \u2013 Test en pharmacie<\/li>\n<li>r\u00e9sultat correct<\/li>\n<li>Fiable et pr\u00e9cis<\/li>\n<li>Valeur limite optimale<\/li>\n<li>Longue durabilit\u00e9<\/li>\n<li>Exp\u00e9dition sous 24h<\/li>\n<li>Emballage discret - opaque<\/li>\n<\/ul>","protected":false},"featured_media":5356,"comment_status":"open","ping_status":"closed","template":"","meta":[],"product_brand":[],"product_cat":[37,33,35,18],"product_tag":[122,124,121,123],"class_list":{"0":"post-5355","1":"product","2":"type-product","3":"status-publish","4":"has-post-thumbnail","6":"product_cat-tests-deau","7":"product_cat-tests-durine","8":"product_cat-urine-tests","9":"product_cat-urintests","10":"product_tag-50ng","11":"product_tag-selbsttest-thc","12":"product_tag-thc-test","13":"product_tag-zuverlaessiger-drogentest","14":"product_shipping_class-brief-letter","16":"first","17":"instock","18":"taxable","19":"shipping-taxable","20":"purchasable","21":"product-type-simple","22":"czr-hentry"},"yoast_head":"<!-- This site is optimized with the Yoast SEO plugin v27.3 - https:\/\/yoast.com\/product\/yoast-seo-wordpress\/ -->\n<title>10x THC Drogentest mit 50 ng\/mL \u2013 Cannabis - Marijuana - Haschisch, THC Urintest, Teststreifen, hohe Sensitivit\u00e4t, Drogenschnelltest (Apothekenqualit\u00e4t) - BMUT\u00ae<\/title>\n<meta name=\"robots\" content=\"index, follow, max-snippet:-1, max-image-preview:large, max-video-preview:-1\" \/>\n<link rel=\"canonical\" href=\"https:\/\/www.bmut.de\/fr\/product\/10x-thc-drogentest-mit-50-ng-ml-cannabis-marijuana-haschisch-thc-urintest-teststreifen-hohe-sensitivitaet-drogenschnelltest-apothekenqualitaet\/\" \/>\n<meta property=\"og:locale\" content=\"fr_FR\" \/>\n<meta property=\"og:type\" content=\"article\" \/>\n<meta property=\"og:title\" content=\"10x THC Drogentest mit 50 ng\/mL \u2013 Cannabis - Marijuana - Haschisch, THC Urintest, Teststreifen, hohe Sensitivit\u00e4t, Drogenschnelltest (Apothekenqualit\u00e4t) - BMUT\u00ae\" \/>\n<meta property=\"og:description\" content=\"THC Test \u2013 Apotheken Test  Richtiges Ergebnis  Zuverl\u00e4ssig &amp; genau  Optimaler Cut-Off Wert  Lange Haltbarkeit  Versand innerhalb 24h  Diskrete Verpackung \u2013 Blickdicht\" \/>\n<meta property=\"og:url\" content=\"https:\/\/www.bmut.de\/fr\/product\/10x-thc-drogentest-mit-50-ng-ml-cannabis-marijuana-haschisch-thc-urintest-teststreifen-hohe-sensitivitaet-drogenschnelltest-apothekenqualitaet\/\" \/>\n<meta property=\"og:site_name\" content=\"BMUT\u00ae\" \/>\n<meta property=\"article:modified_time\" content=\"2025-08-21T19:52:55+00:00\" \/>\n<meta property=\"og:image\" content=\"https:\/\/www.bmut.de\/wp-content\/uploads\/2022\/12\/THC_50ng.jpg\" \/>\n\t<meta property=\"og:image:width\" content=\"1200\" \/>\n\t<meta property=\"og:image:height\" content=\"1200\" \/>\n\t<meta property=\"og:image:type\" content=\"image\/jpeg\" \/>\n<meta name=\"twitter:card\" content=\"summary_large_image\" \/>\n<meta name=\"twitter:label1\" content=\"Dur\u00e9e de lecture estim\u00e9e\" \/>\n\t<meta name=\"twitter:data1\" content=\"1 minute\" \/>\n<script type=\"application\/ld+json\" class=\"yoast-schema-graph\">{\"@context\":\"https:\\\/\\\/schema.org\",\"@graph\":[{\"@type\":\"WebPage\",\"@id\":\"https:\\\/\\\/www.bmut.de\\\/product\\\/10x-thc-drogentest-mit-50-ng-ml-cannabis-marijuana-haschisch-thc-urintest-teststreifen-hohe-sensitivitaet-drogenschnelltest-apothekenqualitaet\\\/\",\"url\":\"https:\\\/\\\/www.bmut.de\\\/product\\\/10x-thc-drogentest-mit-50-ng-ml-cannabis-marijuana-haschisch-thc-urintest-teststreifen-hohe-sensitivitaet-drogenschnelltest-apothekenqualitaet\\\/\",\"name\":\"10x THC Drogentest mit 50 ng\\\/mL \u2013 Cannabis - Marijuana - Haschisch, THC Urintest, Teststreifen, hohe Sensitivit\u00e4t, Drogenschnelltest (Apothekenqualit\u00e4t) - BMUT\u00ae\",\"isPartOf\":{\"@id\":\"https:\\\/\\\/www.bmut.de\\\/#website\"},\"primaryImageOfPage\":{\"@id\":\"https:\\\/\\\/www.bmut.de\\\/product\\\/10x-thc-drogentest-mit-50-ng-ml-cannabis-marijuana-haschisch-thc-urintest-teststreifen-hohe-sensitivitaet-drogenschnelltest-apothekenqualitaet\\\/#primaryimage\"},\"image\":{\"@id\":\"https:\\\/\\\/www.bmut.de\\\/product\\\/10x-thc-drogentest-mit-50-ng-ml-cannabis-marijuana-haschisch-thc-urintest-teststreifen-hohe-sensitivitaet-drogenschnelltest-apothekenqualitaet\\\/#primaryimage\"},\"thumbnailUrl\":\"https:\\\/\\\/www.bmut.de\\\/wp-content\\\/uploads\\\/2022\\\/12\\\/THC_50ng.jpg\",\"datePublished\":\"2022-12-23T16:12:43+00:00\",\"dateModified\":\"2025-08-21T19:52:55+00:00\",\"breadcrumb\":{\"@id\":\"https:\\\/\\\/www.bmut.de\\\/product\\\/10x-thc-drogentest-mit-50-ng-ml-cannabis-marijuana-haschisch-thc-urintest-teststreifen-hohe-sensitivitaet-drogenschnelltest-apothekenqualitaet\\\/#breadcrumb\"},\"inLanguage\":\"fr-FR\",\"potentialAction\":[{\"@type\":\"ReadAction\",\"target\":[\"https:\\\/\\\/www.bmut.de\\\/product\\\/10x-thc-drogentest-mit-50-ng-ml-cannabis-marijuana-haschisch-thc-urintest-teststreifen-hohe-sensitivitaet-drogenschnelltest-apothekenqualitaet\\\/\"]}]},{\"@type\":\"ImageObject\",\"inLanguage\":\"fr-FR\",\"@id\":\"https:\\\/\\\/www.bmut.de\\\/product\\\/10x-thc-drogentest-mit-50-ng-ml-cannabis-marijuana-haschisch-thc-urintest-teststreifen-hohe-sensitivitaet-drogenschnelltest-apothekenqualitaet\\\/#primaryimage\",\"url\":\"https:\\\/\\\/www.bmut.de\\\/wp-content\\\/uploads\\\/2022\\\/12\\\/THC_50ng.jpg\",\"contentUrl\":\"https:\\\/\\\/www.bmut.de\\\/wp-content\\\/uploads\\\/2022\\\/12\\\/THC_50ng.jpg\",\"width\":1200,\"height\":1200},{\"@type\":\"BreadcrumbList\",\"@id\":\"https:\\\/\\\/www.bmut.de\\\/product\\\/10x-thc-drogentest-mit-50-ng-ml-cannabis-marijuana-haschisch-thc-urintest-teststreifen-hohe-sensitivitaet-drogenschnelltest-apothekenqualitaet\\\/#breadcrumb\",\"itemListElement\":[{\"@type\":\"ListItem\",\"position\":1,\"name\":\"Startseite\",\"item\":\"https:\\\/\\\/www.bmut.de\\\/\"},{\"@type\":\"ListItem\",\"position\":2,\"name\":\"Shop\",\"item\":\"https:\\\/\\\/www.bmut.de\\\/shop\\\/\"},{\"@type\":\"ListItem\",\"position\":3,\"name\":\"10x THC Drogentest mit 50 ng\\\/mL \u2013 Cannabis &#8211; Marijuana &#8211; Haschisch, THC Urintest, Teststreifen, hohe Sensitivit\u00e4t, Drogenschnelltest (Apothekenqualit\u00e4t)\"}]},{\"@type\":\"WebSite\",\"@id\":\"https:\\\/\\\/www.bmut.de\\\/#website\",\"url\":\"https:\\\/\\\/www.bmut.de\\\/\",\"name\":\"BMUT\u00ae\",\"description\":\"\",\"potentialAction\":[{\"@type\":\"SearchAction\",\"target\":{\"@type\":\"EntryPoint\",\"urlTemplate\":\"https:\\\/\\\/www.bmut.de\\\/?s={search_term_string}\"},\"query-input\":{\"@type\":\"PropertyValueSpecification\",\"valueRequired\":true,\"valueName\":\"search_term_string\"}}],\"inLanguage\":\"fr-FR\"}]}<\/script>\n<!-- \/ Yoast SEO plugin. -->","yoast_head_json":{"title":"10x THC test de d\u00e9pistage de drogue avec 50 ng\/mL - cannabis - marijuana - haschisch, test d'urine THC, bandelettes de test, haute sensibilit\u00e9, test de d\u00e9pistage rapide (qualit\u00e9 pharmacie)","robots":{"index":"index","follow":"follow","max-snippet":"max-snippet:-1","max-image-preview":"max-image-preview:large","max-video-preview":"max-video-preview:-1"},"canonical":"https:\/\/www.bmut.de\/fr\/product\/10x-thc-drogentest-mit-50-ng-ml-cannabis-marijuana-haschisch-thc-urintest-teststreifen-hohe-sensitivitaet-drogenschnelltest-apothekenqualitaet\/","og_locale":"fr_FR","og_type":"article","og_title":"10x THC Drogentest mit 50 ng\/mL \u2013 Cannabis - Marijuana - Haschisch, THC Urintest, Teststreifen, hohe Sensitivit\u00e4t, Drogenschnelltest (Apothekenqualit\u00e4t) - BMUT\u00ae","og_description":"THC Test \u2013 Apotheken Test  Richtiges Ergebnis  Zuverl\u00e4ssig &amp; genau  Optimaler Cut-Off Wert  Lange Haltbarkeit  Versand innerhalb 24h  Diskrete Verpackung \u2013 Blickdicht","og_url":"https:\/\/www.bmut.de\/fr\/product\/10x-thc-drogentest-mit-50-ng-ml-cannabis-marijuana-haschisch-thc-urintest-teststreifen-hohe-sensitivitaet-drogenschnelltest-apothekenqualitaet\/","og_site_name":"BMUT\u00ae","article_modified_time":"2025-08-21T19:52:55+00:00","og_image":[{"width":1200,"height":1200,"url":"https:\/\/www.bmut.de\/wp-content\/uploads\/2022\/12\/THC_50ng.jpg","type":"image\/jpeg"}],"twitter_card":"summary_large_image","twitter_misc":{"Dur\u00e9e de lecture estim\u00e9e":"1 minute"},"schema":{"@context":"https:\/\/schema.org","@graph":[{"@type":"WebPage","@id":"https:\/\/www.bmut.de\/product\/10x-thc-drogentest-mit-50-ng-ml-cannabis-marijuana-haschisch-thc-urintest-teststreifen-hohe-sensitivitaet-drogenschnelltest-apothekenqualitaet\/","url":"https:\/\/www.bmut.de\/product\/10x-thc-drogentest-mit-50-ng-ml-cannabis-marijuana-haschisch-thc-urintest-teststreifen-hohe-sensitivitaet-drogenschnelltest-apothekenqualitaet\/","name":"10x THC test de d\u00e9pistage de drogue avec 50 ng\/mL - cannabis - marijuana - haschisch, test d'urine THC, bandelettes de test, haute sensibilit\u00e9, test de d\u00e9pistage rapide (qualit\u00e9 pharmacie)","isPartOf":{"@id":"https:\/\/www.bmut.de\/#website"},"primaryImageOfPage":{"@id":"https:\/\/www.bmut.de\/product\/10x-thc-drogentest-mit-50-ng-ml-cannabis-marijuana-haschisch-thc-urintest-teststreifen-hohe-sensitivitaet-drogenschnelltest-apothekenqualitaet\/#primaryimage"},"image":{"@id":"https:\/\/www.bmut.de\/product\/10x-thc-drogentest-mit-50-ng-ml-cannabis-marijuana-haschisch-thc-urintest-teststreifen-hohe-sensitivitaet-drogenschnelltest-apothekenqualitaet\/#primaryimage"},"thumbnailUrl":"https:\/\/www.bmut.de\/wp-content\/uploads\/2022\/12\/THC_50ng.jpg","datePublished":"2022-12-23T16:12:43+00:00","dateModified":"2025-08-21T19:52:55+00:00","breadcrumb":{"@id":"https:\/\/www.bmut.de\/product\/10x-thc-drogentest-mit-50-ng-ml-cannabis-marijuana-haschisch-thc-urintest-teststreifen-hohe-sensitivitaet-drogenschnelltest-apothekenqualitaet\/#breadcrumb"},"inLanguage":"fr-FR","potentialAction":[{"@type":"ReadAction","target":["https:\/\/www.bmut.de\/product\/10x-thc-drogentest-mit-50-ng-ml-cannabis-marijuana-haschisch-thc-urintest-teststreifen-hohe-sensitivitaet-drogenschnelltest-apothekenqualitaet\/"]}]},{"@type":"ImageObject","inLanguage":"fr-FR","@id":"https:\/\/www.bmut.de\/product\/10x-thc-drogentest-mit-50-ng-ml-cannabis-marijuana-haschisch-thc-urintest-teststreifen-hohe-sensitivitaet-drogenschnelltest-apothekenqualitaet\/#primaryimage","url":"https:\/\/www.bmut.de\/wp-content\/uploads\/2022\/12\/THC_50ng.jpg","contentUrl":"https:\/\/www.bmut.de\/wp-content\/uploads\/2022\/12\/THC_50ng.jpg","width":1200,"height":1200},{"@type":"BreadcrumbList","@id":"https:\/\/www.bmut.de\/product\/10x-thc-drogentest-mit-50-ng-ml-cannabis-marijuana-haschisch-thc-urintest-teststreifen-hohe-sensitivitaet-drogenschnelltest-apothekenqualitaet\/#breadcrumb","itemListElement":[{"@type":"ListItem","position":1,"name":"Startseite","item":"https:\/\/www.bmut.de\/"},{"@type":"ListItem","position":2,"name":"Shop","item":"https:\/\/www.bmut.de\/shop\/"},{"@type":"ListItem","position":3,"name":"10x THC Drogentest mit 50 ng\/mL \u2013 Cannabis &#8211; Marijuana &#8211; Haschisch, THC Urintest, Teststreifen, hohe Sensitivit\u00e4t, Drogenschnelltest (Apothekenqualit\u00e4t)"}]},{"@type":"WebSite","@id":"https:\/\/www.bmut.de\/#website","url":"https:\/\/www.bmut.de\/","name":"BMUT\u00ae","description":"","potentialAction":[{"@type":"SearchAction","target":{"@type":"EntryPoint","urlTemplate":"https:\/\/www.bmut.de\/?s={search_term_string}"},"query-input":{"@type":"PropertyValueSpecification","valueRequired":true,"valueName":"search_term_string"}}],"inLanguage":"fr-FR"}]}},"jetpack_sharing_enabled":true,"_links":{"self":[{"href":"https:\/\/www.bmut.de\/fr\/wp-json\/wp\/v2\/product\/5355","targetHints":{"allow":["GET"]}}],"collection":[{"href":"https:\/\/www.bmut.de\/fr\/wp-json\/wp\/v2\/product"}],"about":[{"href":"https:\/\/www.bmut.de\/fr\/wp-json\/wp\/v2\/types\/product"}],"replies":[{"embeddable":true,"href":"https:\/\/www.bmut.de\/fr\/wp-json\/wp\/v2\/comments?post=5355"}],"wp:featuredmedia":[{"embeddable":true,"href":"https:\/\/www.bmut.de\/fr\/wp-json\/wp\/v2\/media\/5356"}],"wp:attachment":[{"href":"https:\/\/www.bmut.de\/fr\/wp-json\/wp\/v2\/media?parent=5355"}],"wp:term":[{"taxonomy":"product_brand","embeddable":true,"href":"https:\/\/www.bmut.de\/fr\/wp-json\/wp\/v2\/product_brand?post=5355"},{"taxonomy":"product_cat","embeddable":true,"href":"https:\/\/www.bmut.de\/fr\/wp-json\/wp\/v2\/product_cat?post=5355"},{"taxonomy":"product_tag","embeddable":true,"href":"https:\/\/www.bmut.de\/fr\/wp-json\/wp\/v2\/product_tag?post=5355"}],"curies":[{"name":"wp","href":"https:\/\/api.w.org\/{rel}","templated":true}]}}