{"id":10097,"date":"2024-02-25T13:33:12","date_gmt":"2024-02-25T12:33:12","guid":{"rendered":"https:\/\/www.bmut.de\/?post_type=product&#038;p=10097"},"modified":"2024-11-05T06:55:42","modified_gmt":"2024-11-05T05:55:42","slug":"bmut-1x-1000ml-wischroboter-reinigungsmittel-konzentrat-mit-frische-duft-dosierbecher-streifenfrei-schaumarm-saugwischer-bodenreiniger","status":"publish","type":"product","link":"https:\/\/www.bmut.de\/it\/product\/bmut-1x-1000ml-wischroboter-reinigungsmittel-konzentrat-mit-frische-duft-dosierbecher-streifenfrei-schaumarm-saugwischer-bodenreiniger\/","title":{"rendered":"BMUT 1x 1000ml Wischroboter Reinigungsmittel Konzentrat mit Frische-Duft &#038; Dosierbecher | Streifenfrei &#038; schaumarm | Saugwischer | Bodenreiniger"},"content":{"rendered":"<p><span class=\"a-list-item\"> \u2714 [REINIGT &amp; PFLEGT B\u00d6DEN \u2013 F\u00dcR ALLE ROBOTER MARKEN] Das Reinigungsmittel f\u00fcr Wischroboter ist ideal zur gr\u00fcndlichen und streifenfreien Reinigung aller wasserbest\u00e4ndigen B\u00f6den, wie f\u00fcr Fliesen, Laminat, Steinb\u00f6den, Parkett, Vinyl oder PVC geeignet. <\/span><\/p>\n<p><span class=\"a-list-item\"> \u2714 [INTELLIGENTE FORMEL &amp; MIT DOSIERBECHER] Damit Schlieren und Schmierfilme vermieden werden, ist es wichtig, auf das richtige Mischverh\u00e4ltnis zu achten. 5ml Reiniger kommen auf 100 ml Wasser. Zum Abmessen ist ein Messbecher inkludiert. Den Tank des Ger\u00e4tes 1x w\u00f6chentlich mit klarem Wasser sp\u00fclen, um eine Verstopfung zu vermeiden. <\/span><\/p>\n<p><span class=\"a-list-item\"> \u2714 [SCHAUMARM &amp; SCHLIERENFREI] Dank seiner milden Formel wird nicht nur eine effektive Reinigung gew\u00e4hrleistet, sondern auch eine schonende Pflege des Bodens, wodurch eine Wiederverschmutzung reduziert wird. Dabei wird schaumarm und schlierenfrei gearbeitet. <\/span><\/p>\n<p><span class=\"a-list-item\"> \u2714 [KONZENTRAT MIT FRISCHEM DUFT] Mit 1 Liter Wisch Roboterreiniger lassen sich 21 Liter Reinigungsl\u00f6sung herstellen. Damit ist der Reiniger sehr wirtschaftlich &amp; effektiv. Die milde Duftnote, die von Experten entwickelt wurde, hinterl\u00e4sst einen sehr frischen Geruch. <\/span><\/p>\n<p><span class=\"a-list-item\"> \u2714 [BMUT-QUALIT\u00c4T \u2013 MADE IN GERMANY] Die hohe Qualit\u00e4t unserer Produkte wird durch fortlaufende Qualit\u00e4tsuntersuchungen und Laborkontrollen gew\u00e4hrleistet. Dabei wird gro\u00dfen Wert darauf gelegt, dass diese Ma\u00dfnahmen regelm\u00e4\u00dfig durchgef\u00fchrt werden. Dar\u00fcber hinaus erfolgt die Herstellung der Produkte in Deutschland. <\/span><\/p>\n","protected":false},"excerpt":{"rendered":"<ul>\n<li><span class=\"a-list-item\">REINIGT &amp; PFLEGT B\u00d6DEN \u2013 F\u00dcR ALLE ROBOTER MARKEN<\/span><\/li>\n<li><span class=\"a-list-item\">INTELLIGENTE FORMEL &amp; MIT DOSIERBECHER<\/span><\/li>\n<li><span class=\"a-list-item\">SCHAUMARM &amp; SCHLIERENFREI<\/span><\/li>\n<li><span class=\"a-list-item\">KONZENTRAT MIT FRISCHEM DUFT<\/span><\/li>\n<li><span class=\"a-list-item\">BMUT-QUALIT\u00c4T \u2013 MADE IN GERMANY<\/span><\/li>\n<li>SCHNELLER VERSAND<\/li>\n<\/ul>","protected":false},"featured_media":10098,"comment_status":"open","ping_status":"closed","template":"","meta":[],"product_brand":[],"product_cat":[92],"product_tag":[],"class_list":{"0":"post-10097","1":"product","2":"type-product","3":"status-publish","4":"has-post-thumbnail","6":"product_cat-reinigung","7":"product_shipping_class-dhl-paket","9":"first","10":"instock","11":"sale","12":"taxable","13":"shipping-taxable","14":"purchasable","15":"product-type-simple","16":"czr-hentry"},"yoast_head":"<!-- This site is optimized with the Yoast SEO plugin v27.4 - https:\/\/yoast.com\/product\/yoast-seo-wordpress\/ -->\n<title>BMUT 1x 1000ml Wischroboter Reinigungsmittel Konzentrat mit Frische-Duft &amp; Dosierbecher | Streifenfrei &amp; schaumarm | Saugwischer | Bodenreiniger - BMUT\u00ae<\/title>\n<meta name=\"robots\" content=\"index, follow, max-snippet:-1, max-image-preview:large, max-video-preview:-1\" \/>\n<link rel=\"canonical\" href=\"https:\/\/www.bmut.de\/it\/product\/bmut-1x-1000ml-wischroboter-reinigungsmittel-konzentrat-mit-frische-duft-dosierbecher-streifenfrei-schaumarm-saugwischer-bodenreiniger\/\" \/>\n<meta property=\"og:locale\" content=\"it_IT\" \/>\n<meta property=\"og:type\" content=\"article\" \/>\n<meta property=\"og:title\" content=\"BMUT 1x 1000ml Wischroboter Reinigungsmittel Konzentrat mit Frische-Duft &amp; Dosierbecher | Streifenfrei &amp; schaumarm | Saugwischer | Bodenreiniger - BMUT\u00ae\" \/>\n<meta property=\"og:description\" content=\"REINIGT &amp; PFLEGT B\u00d6DEN \u2013 F\u00dcR ALLE ROBOTER MARKEN  INTELLIGENTE FORMEL &amp; MIT DOSIERBECHER  SCHAUMARM &amp; SCHLIERENFREI  KONZENTRAT MIT FRISCHEM DUFT  BMUT-QUALIT\u00c4T \u2013 MADE IN GERMANY  SCHNELLER VERSAND\" \/>\n<meta property=\"og:url\" content=\"https:\/\/www.bmut.de\/it\/product\/bmut-1x-1000ml-wischroboter-reinigungsmittel-konzentrat-mit-frische-duft-dosierbecher-streifenfrei-schaumarm-saugwischer-bodenreiniger\/\" \/>\n<meta property=\"og:site_name\" content=\"BMUT\u00ae\" \/>\n<meta property=\"article:modified_time\" content=\"2024-11-05T05:55:42+00:00\" \/>\n<meta property=\"og:image\" content=\"https:\/\/www.bmut.de\/wp-content\/uploads\/2024\/02\/wischroboter_reinigungsmittel_1.jpg\" \/>\n\t<meta property=\"og:image:width\" content=\"1200\" \/>\n\t<meta property=\"og:image:height\" content=\"1178\" \/>\n\t<meta property=\"og:image:type\" content=\"image\/jpeg\" \/>\n<meta name=\"twitter:card\" content=\"summary_large_image\" \/>\n<meta name=\"twitter:label1\" content=\"Tempo di lettura stimato\" \/>\n\t<meta name=\"twitter:data1\" content=\"2 minuti\" \/>\n<script type=\"application\/ld+json\" class=\"yoast-schema-graph\">{\"@context\":\"https:\\\/\\\/schema.org\",\"@graph\":[{\"@type\":\"WebPage\",\"@id\":\"https:\\\/\\\/www.bmut.de\\\/product\\\/bmut-1x-1000ml-wischroboter-reinigungsmittel-konzentrat-mit-frische-duft-dosierbecher-streifenfrei-schaumarm-saugwischer-bodenreiniger\\\/\",\"url\":\"https:\\\/\\\/www.bmut.de\\\/product\\\/bmut-1x-1000ml-wischroboter-reinigungsmittel-konzentrat-mit-frische-duft-dosierbecher-streifenfrei-schaumarm-saugwischer-bodenreiniger\\\/\",\"name\":\"BMUT 1x 1000ml Wischroboter Reinigungsmittel Konzentrat mit Frische-Duft & Dosierbecher | Streifenfrei & schaumarm | Saugwischer | Bodenreiniger - BMUT\u00ae\",\"isPartOf\":{\"@id\":\"https:\\\/\\\/www.bmut.de\\\/#website\"},\"primaryImageOfPage\":{\"@id\":\"https:\\\/\\\/www.bmut.de\\\/product\\\/bmut-1x-1000ml-wischroboter-reinigungsmittel-konzentrat-mit-frische-duft-dosierbecher-streifenfrei-schaumarm-saugwischer-bodenreiniger\\\/#primaryimage\"},\"image\":{\"@id\":\"https:\\\/\\\/www.bmut.de\\\/product\\\/bmut-1x-1000ml-wischroboter-reinigungsmittel-konzentrat-mit-frische-duft-dosierbecher-streifenfrei-schaumarm-saugwischer-bodenreiniger\\\/#primaryimage\"},\"thumbnailUrl\":\"https:\\\/\\\/www.bmut.de\\\/wp-content\\\/uploads\\\/2024\\\/02\\\/wischroboter_reinigungsmittel_1.jpg\",\"datePublished\":\"2024-02-25T12:33:12+00:00\",\"dateModified\":\"2024-11-05T05:55:42+00:00\",\"breadcrumb\":{\"@id\":\"https:\\\/\\\/www.bmut.de\\\/product\\\/bmut-1x-1000ml-wischroboter-reinigungsmittel-konzentrat-mit-frische-duft-dosierbecher-streifenfrei-schaumarm-saugwischer-bodenreiniger\\\/#breadcrumb\"},\"inLanguage\":\"it-IT\",\"potentialAction\":[{\"@type\":\"ReadAction\",\"target\":[\"https:\\\/\\\/www.bmut.de\\\/product\\\/bmut-1x-1000ml-wischroboter-reinigungsmittel-konzentrat-mit-frische-duft-dosierbecher-streifenfrei-schaumarm-saugwischer-bodenreiniger\\\/\"]}]},{\"@type\":\"ImageObject\",\"inLanguage\":\"it-IT\",\"@id\":\"https:\\\/\\\/www.bmut.de\\\/product\\\/bmut-1x-1000ml-wischroboter-reinigungsmittel-konzentrat-mit-frische-duft-dosierbecher-streifenfrei-schaumarm-saugwischer-bodenreiniger\\\/#primaryimage\",\"url\":\"https:\\\/\\\/www.bmut.de\\\/wp-content\\\/uploads\\\/2024\\\/02\\\/wischroboter_reinigungsmittel_1.jpg\",\"contentUrl\":\"https:\\\/\\\/www.bmut.de\\\/wp-content\\\/uploads\\\/2024\\\/02\\\/wischroboter_reinigungsmittel_1.jpg\",\"width\":1200,\"height\":1178},{\"@type\":\"BreadcrumbList\",\"@id\":\"https:\\\/\\\/www.bmut.de\\\/product\\\/bmut-1x-1000ml-wischroboter-reinigungsmittel-konzentrat-mit-frische-duft-dosierbecher-streifenfrei-schaumarm-saugwischer-bodenreiniger\\\/#breadcrumb\",\"itemListElement\":[{\"@type\":\"ListItem\",\"position\":1,\"name\":\"Startseite\",\"item\":\"https:\\\/\\\/www.bmut.de\\\/\"},{\"@type\":\"ListItem\",\"position\":2,\"name\":\"Shop\",\"item\":\"https:\\\/\\\/www.bmut.de\\\/shop\\\/\"},{\"@type\":\"ListItem\",\"position\":3,\"name\":\"BMUT 1x 1000ml Wischroboter Reinigungsmittel Konzentrat mit Frische-Duft &#038; Dosierbecher | Streifenfrei &#038; schaumarm | Saugwischer | Bodenreiniger\"}]},{\"@type\":\"WebSite\",\"@id\":\"https:\\\/\\\/www.bmut.de\\\/#website\",\"url\":\"https:\\\/\\\/www.bmut.de\\\/\",\"name\":\"BMUT\u00ae\",\"description\":\"\",\"potentialAction\":[{\"@type\":\"SearchAction\",\"target\":{\"@type\":\"EntryPoint\",\"urlTemplate\":\"https:\\\/\\\/www.bmut.de\\\/?s={search_term_string}\"},\"query-input\":{\"@type\":\"PropertyValueSpecification\",\"valueRequired\":true,\"valueName\":\"search_term_string\"}}],\"inLanguage\":\"it-IT\"}]}<\/script>\n<!-- \/ Yoast SEO plugin. -->","yoast_head_json":{"title":"BMUT 1x 1000ml Wischroboter Reinigungsmittel Konzentrat mit Frische-Duft & Dosierbecher | Streifenfrei & schaumarm | Saugwischer | Bodenreiniger - BMUT\u00ae","robots":{"index":"index","follow":"follow","max-snippet":"max-snippet:-1","max-image-preview":"max-image-preview:large","max-video-preview":"max-video-preview:-1"},"canonical":"https:\/\/www.bmut.de\/it\/product\/bmut-1x-1000ml-wischroboter-reinigungsmittel-konzentrat-mit-frische-duft-dosierbecher-streifenfrei-schaumarm-saugwischer-bodenreiniger\/","og_locale":"it_IT","og_type":"article","og_title":"BMUT 1x 1000ml Wischroboter Reinigungsmittel Konzentrat mit Frische-Duft & Dosierbecher | Streifenfrei & schaumarm | Saugwischer | Bodenreiniger - BMUT\u00ae","og_description":"REINIGT &amp; PFLEGT B\u00d6DEN \u2013 F\u00dcR ALLE ROBOTER MARKEN  INTELLIGENTE FORMEL &amp; MIT DOSIERBECHER  SCHAUMARM &amp; SCHLIERENFREI  KONZENTRAT MIT FRISCHEM DUFT  BMUT-QUALIT\u00c4T \u2013 MADE IN GERMANY  SCHNELLER VERSAND","og_url":"https:\/\/www.bmut.de\/it\/product\/bmut-1x-1000ml-wischroboter-reinigungsmittel-konzentrat-mit-frische-duft-dosierbecher-streifenfrei-schaumarm-saugwischer-bodenreiniger\/","og_site_name":"BMUT\u00ae","article_modified_time":"2024-11-05T05:55:42+00:00","og_image":[{"width":1200,"height":1178,"url":"https:\/\/www.bmut.de\/wp-content\/uploads\/2024\/02\/wischroboter_reinigungsmittel_1.jpg","type":"image\/jpeg"}],"twitter_card":"summary_large_image","twitter_misc":{"Tempo di lettura stimato":"2 minuti"},"schema":{"@context":"https:\/\/schema.org","@graph":[{"@type":"WebPage","@id":"https:\/\/www.bmut.de\/product\/bmut-1x-1000ml-wischroboter-reinigungsmittel-konzentrat-mit-frische-duft-dosierbecher-streifenfrei-schaumarm-saugwischer-bodenreiniger\/","url":"https:\/\/www.bmut.de\/product\/bmut-1x-1000ml-wischroboter-reinigungsmittel-konzentrat-mit-frische-duft-dosierbecher-streifenfrei-schaumarm-saugwischer-bodenreiniger\/","name":"BMUT 1x 1000ml Wischroboter Reinigungsmittel Konzentrat mit Frische-Duft & Dosierbecher | Streifenfrei & schaumarm | Saugwischer | Bodenreiniger - BMUT\u00ae","isPartOf":{"@id":"https:\/\/www.bmut.de\/#website"},"primaryImageOfPage":{"@id":"https:\/\/www.bmut.de\/product\/bmut-1x-1000ml-wischroboter-reinigungsmittel-konzentrat-mit-frische-duft-dosierbecher-streifenfrei-schaumarm-saugwischer-bodenreiniger\/#primaryimage"},"image":{"@id":"https:\/\/www.bmut.de\/product\/bmut-1x-1000ml-wischroboter-reinigungsmittel-konzentrat-mit-frische-duft-dosierbecher-streifenfrei-schaumarm-saugwischer-bodenreiniger\/#primaryimage"},"thumbnailUrl":"https:\/\/www.bmut.de\/wp-content\/uploads\/2024\/02\/wischroboter_reinigungsmittel_1.jpg","datePublished":"2024-02-25T12:33:12+00:00","dateModified":"2024-11-05T05:55:42+00:00","breadcrumb":{"@id":"https:\/\/www.bmut.de\/product\/bmut-1x-1000ml-wischroboter-reinigungsmittel-konzentrat-mit-frische-duft-dosierbecher-streifenfrei-schaumarm-saugwischer-bodenreiniger\/#breadcrumb"},"inLanguage":"it-IT","potentialAction":[{"@type":"ReadAction","target":["https:\/\/www.bmut.de\/product\/bmut-1x-1000ml-wischroboter-reinigungsmittel-konzentrat-mit-frische-duft-dosierbecher-streifenfrei-schaumarm-saugwischer-bodenreiniger\/"]}]},{"@type":"ImageObject","inLanguage":"it-IT","@id":"https:\/\/www.bmut.de\/product\/bmut-1x-1000ml-wischroboter-reinigungsmittel-konzentrat-mit-frische-duft-dosierbecher-streifenfrei-schaumarm-saugwischer-bodenreiniger\/#primaryimage","url":"https:\/\/www.bmut.de\/wp-content\/uploads\/2024\/02\/wischroboter_reinigungsmittel_1.jpg","contentUrl":"https:\/\/www.bmut.de\/wp-content\/uploads\/2024\/02\/wischroboter_reinigungsmittel_1.jpg","width":1200,"height":1178},{"@type":"BreadcrumbList","@id":"https:\/\/www.bmut.de\/product\/bmut-1x-1000ml-wischroboter-reinigungsmittel-konzentrat-mit-frische-duft-dosierbecher-streifenfrei-schaumarm-saugwischer-bodenreiniger\/#breadcrumb","itemListElement":[{"@type":"ListItem","position":1,"name":"Startseite","item":"https:\/\/www.bmut.de\/"},{"@type":"ListItem","position":2,"name":"Shop","item":"https:\/\/www.bmut.de\/shop\/"},{"@type":"ListItem","position":3,"name":"BMUT 1x 1000ml Wischroboter Reinigungsmittel Konzentrat mit Frische-Duft &#038; Dosierbecher | Streifenfrei &#038; schaumarm | Saugwischer | Bodenreiniger"}]},{"@type":"WebSite","@id":"https:\/\/www.bmut.de\/#website","url":"https:\/\/www.bmut.de\/","name":"BMUT\u00ae","description":"","potentialAction":[{"@type":"SearchAction","target":{"@type":"EntryPoint","urlTemplate":"https:\/\/www.bmut.de\/?s={search_term_string}"},"query-input":{"@type":"PropertyValueSpecification","valueRequired":true,"valueName":"search_term_string"}}],"inLanguage":"it-IT"}]}},"jetpack_sharing_enabled":true,"_links":{"self":[{"href":"https:\/\/www.bmut.de\/it\/wp-json\/wp\/v2\/product\/10097","targetHints":{"allow":["GET"]}}],"collection":[{"href":"https:\/\/www.bmut.de\/it\/wp-json\/wp\/v2\/product"}],"about":[{"href":"https:\/\/www.bmut.de\/it\/wp-json\/wp\/v2\/types\/product"}],"replies":[{"embeddable":true,"href":"https:\/\/www.bmut.de\/it\/wp-json\/wp\/v2\/comments?post=10097"}],"wp:featuredmedia":[{"embeddable":true,"href":"https:\/\/www.bmut.de\/it\/wp-json\/wp\/v2\/media\/10098"}],"wp:attachment":[{"href":"https:\/\/www.bmut.de\/it\/wp-json\/wp\/v2\/media?parent=10097"}],"wp:term":[{"taxonomy":"product_brand","embeddable":true,"href":"https:\/\/www.bmut.de\/it\/wp-json\/wp\/v2\/product_brand?post=10097"},{"taxonomy":"product_cat","embeddable":true,"href":"https:\/\/www.bmut.de\/it\/wp-json\/wp\/v2\/product_cat?post=10097"},{"taxonomy":"product_tag","embeddable":true,"href":"https:\/\/www.bmut.de\/it\/wp-json\/wp\/v2\/product_tag?post=10097"}],"curies":[{"name":"wp","href":"https:\/\/api.w.org\/{rel}","templated":true}]}}