{"id":12829,"date":"2024-11-14T18:19:54","date_gmt":"2024-11-14T17:19:54","guid":{"rendered":"https:\/\/www.bmut.de\/?post_type=product&#038;p=12829"},"modified":"2024-11-14T18:19:54","modified_gmt":"2024-11-14T17:19:54","slug":"wasserhaerte-messen-test-set-deutscher-haertebereich-titrierloesung-weich-mittel-hart-titration-messbereich-0-30-dh-kalk-pruefen-1x15ml","status":"publish","type":"product","link":"https:\/\/www.bmut.de\/it\/product\/wasserhaerte-messen-test-set-deutscher-haertebereich-titrierloesung-weich-mittel-hart-titration-messbereich-0-30-dh-kalk-pruefen-1x15ml\/","title":{"rendered":"Wasserh\u00e4rte messen | Test Set Deutscher H\u00e4rtebereich | Titrierl\u00f6sung | weich, mittel, hart | Titration | Messbereich 0-30 \u00b0dH \u2013 Kalk pr\u00fcfen (1x15ml)"},"content":{"rendered":"<ul class=\"a-unordered-list a-vertical a-spacing-mini\">\n<li class=\"a-spacing-mini\"><span class=\"a-list-item\"> [WASSERH\u00c4RTE BESTIMMEN] Bestimmen Sie mit diesem Produkt einfach &amp; zuverl\u00e4ssig die Wasserh\u00e4rte. Viel Kalk? Interpretieren Sie das Wasser einfach nach deutschen H\u00e4rtegrad oder ppm. Damit k\u00f6nnen Sie einfach bestimmen, ob Sie weiches, mittleres oder hartes Wasser haben. Alternativ testen Sie die Leistungsf\u00e4higkeit Ihres Filters. Mit diesem Test k\u00f6nnen Sie eine Wasserh\u00e4rte zwischen 0-550ppm bestimmen. <\/span><\/li>\n<li class=\"a-spacing-mini\"><span class=\"a-list-item\"> [VIELE ANWENDUNGSBEREICHE] Pr\u00fcfen Sie das Wasser f\u00fcr Ihre Ger\u00e4te, wie Osmoseanlage, Enth\u00e4rtungsanlage, Aktivkohlefilter, Espressomaschine, Waschmaschine, Sp\u00fclmaschine und viele mehr. Dar\u00fcber hinaus k\u00f6nnen Sie die Wasserh\u00e4rte, wie von Aquarien, Teich oder Pool pr\u00fcfen. <\/span><\/li>\n<li class=\"a-spacing-mini\"><span class=\"a-list-item\"> [EINFACHE ANWENDUNG] Dem Prober\u00f6hrchen 5 ml Testfl\u00fcssigkeit hinzugeben. Tropfen hinzugeben bis Farbumschlag rot auf blau. 1 Tropfen entspricht 1 deutschen H\u00e4rte. 1 deutsche H\u00e4rte entspricht wiederum 17,8 ppm Wasserh\u00e4rte. Wenn die Fl\u00fcssigkeit sofort blau umschl\u00e4gt, betr\u00e4gt die Wasserh\u00e4rte circa 0 dH. <\/span><\/li>\n<li class=\"a-spacing-mini\"><span class=\"a-list-item\"> [IM SET ENTHALTEN] 1x Titrationsl\u00f6sung mit 15ml, 1x Probenr\u00f6hrchen, 1x Bedienungsanleitung, 1x Pipette. Mit dem Set erhalten Sie alles was Sie zur einfachen und genauen Bestimmung der Wasserh\u00e4rte ben\u00f6tigen. Die Pipette erleichtert Ihnen das Abmessen von 5ml der zu testenden Fl\u00fcssigkeit. <\/span><\/li>\n<li class=\"a-spacing-mini\"><span class=\"a-list-item\"> [BMUT QUALIT\u00c4T] Das Produkt wurde in Deutschland hergestellt und wird laufend auf Genauigkeit sowie Qualit\u00e4t gepr\u00fcft. Falls Sie Fragen zum Produkt haben, steht Ihnen der Kundenservice stets zur Verf\u00fcgung. <\/span><\/li>\n<\/ul>\n","protected":false},"excerpt":{"rendered":"<ul>\n<li>Affidabile<\/li>\n<li>Deutsche Wasserh\u00e4rte (Kalk) in einer Minute bestimmen<\/li>\n<li>Lunga Durata<\/li>\n<li>Spedizione entro 24 ore<\/li>\n<\/ul>","protected":false},"featured_media":12830,"comment_status":"open","ping_status":"closed","template":"","meta":[],"product_brand":[],"product_cat":[17,39],"product_tag":[],"class_list":{"0":"post-12829","1":"product","2":"type-product","3":"status-publish","4":"has-post-thumbnail","6":"product_cat-wassertests","7":"product_cat-water-tests","8":"product_shipping_class-kostenlos","10":"first","11":"instock","12":"taxable","13":"shipping-taxable","14":"purchasable","15":"product-type-simple","16":"czr-hentry"},"yoast_head":"<!-- This site is optimized with the Yoast SEO plugin v27.4 - https:\/\/yoast.com\/product\/yoast-seo-wordpress\/ -->\n<title>Wasserh\u00e4rte messen | Test Set Deutscher H\u00e4rtebereich | Titrierl\u00f6sung | weich, mittel, hart | Titration | Messbereich 0-30 \u00b0dH \u2013 Kalk pr\u00fcfen (1x15ml) - BMUT\u00ae<\/title>\n<meta name=\"robots\" content=\"index, follow, max-snippet:-1, max-image-preview:large, max-video-preview:-1\" \/>\n<link rel=\"canonical\" href=\"https:\/\/www.bmut.de\/it\/product\/wasserhaerte-messen-test-set-deutscher-haertebereich-titrierloesung-weich-mittel-hart-titration-messbereich-0-30-dh-kalk-pruefen-1x15ml\/\" \/>\n<meta property=\"og:locale\" content=\"it_IT\" \/>\n<meta property=\"og:type\" content=\"article\" \/>\n<meta property=\"og:title\" content=\"Wasserh\u00e4rte messen | Test Set Deutscher H\u00e4rtebereich | Titrierl\u00f6sung | weich, mittel, hart | Titration | Messbereich 0-30 \u00b0dH \u2013 Kalk pr\u00fcfen (1x15ml) - BMUT\u00ae\" \/>\n<meta property=\"og:description\" content=\"Zuverl\u00e4ssig  Deutsche Wasserh\u00e4rte (Kalk) in einer Minute bestimmen  Lange Haltbarkeit  Versand innerhalb 24h\" \/>\n<meta property=\"og:url\" content=\"https:\/\/www.bmut.de\/it\/product\/wasserhaerte-messen-test-set-deutscher-haertebereich-titrierloesung-weich-mittel-hart-titration-messbereich-0-30-dh-kalk-pruefen-1x15ml\/\" \/>\n<meta property=\"og:site_name\" content=\"BMUT\u00ae\" \/>\n<meta property=\"og:image\" content=\"https:\/\/www.bmut.de\/wp-content\/uploads\/2024\/11\/Titration_Neu_2024_1er-e1731604779414.png\" \/>\n\t<meta property=\"og:image:width\" content=\"800\" \/>\n\t<meta property=\"og:image:height\" content=\"800\" \/>\n\t<meta property=\"og:image:type\" content=\"image\/png\" \/>\n<meta name=\"twitter:card\" content=\"summary_large_image\" \/>\n<meta name=\"twitter:label1\" content=\"Tempo di lettura stimato\" \/>\n\t<meta name=\"twitter:data1\" content=\"2 minuti\" \/>\n<script type=\"application\/ld+json\" class=\"yoast-schema-graph\">{\"@context\":\"https:\\\/\\\/schema.org\",\"@graph\":[{\"@type\":\"WebPage\",\"@id\":\"https:\\\/\\\/www.bmut.de\\\/product\\\/wasserhaerte-messen-test-set-deutscher-haertebereich-titrierloesung-weich-mittel-hart-titration-messbereich-0-30-dh-kalk-pruefen-1x15ml\\\/\",\"url\":\"https:\\\/\\\/www.bmut.de\\\/product\\\/wasserhaerte-messen-test-set-deutscher-haertebereich-titrierloesung-weich-mittel-hart-titration-messbereich-0-30-dh-kalk-pruefen-1x15ml\\\/\",\"name\":\"Wasserh\u00e4rte messen | Test Set Deutscher H\u00e4rtebereich | Titrierl\u00f6sung | weich, mittel, hart | Titration | Messbereich 0-30 \u00b0dH \u2013 Kalk pr\u00fcfen (1x15ml) - BMUT\u00ae\",\"isPartOf\":{\"@id\":\"https:\\\/\\\/www.bmut.de\\\/#website\"},\"primaryImageOfPage\":{\"@id\":\"https:\\\/\\\/www.bmut.de\\\/product\\\/wasserhaerte-messen-test-set-deutscher-haertebereich-titrierloesung-weich-mittel-hart-titration-messbereich-0-30-dh-kalk-pruefen-1x15ml\\\/#primaryimage\"},\"image\":{\"@id\":\"https:\\\/\\\/www.bmut.de\\\/product\\\/wasserhaerte-messen-test-set-deutscher-haertebereich-titrierloesung-weich-mittel-hart-titration-messbereich-0-30-dh-kalk-pruefen-1x15ml\\\/#primaryimage\"},\"thumbnailUrl\":\"https:\\\/\\\/www.bmut.de\\\/wp-content\\\/uploads\\\/2024\\\/11\\\/Titration_Neu_2024_1er-e1731604779414.png\",\"datePublished\":\"2024-11-14T17:19:54+00:00\",\"breadcrumb\":{\"@id\":\"https:\\\/\\\/www.bmut.de\\\/product\\\/wasserhaerte-messen-test-set-deutscher-haertebereich-titrierloesung-weich-mittel-hart-titration-messbereich-0-30-dh-kalk-pruefen-1x15ml\\\/#breadcrumb\"},\"inLanguage\":\"it-IT\",\"potentialAction\":[{\"@type\":\"ReadAction\",\"target\":[\"https:\\\/\\\/www.bmut.de\\\/product\\\/wasserhaerte-messen-test-set-deutscher-haertebereich-titrierloesung-weich-mittel-hart-titration-messbereich-0-30-dh-kalk-pruefen-1x15ml\\\/\"]}]},{\"@type\":\"ImageObject\",\"inLanguage\":\"it-IT\",\"@id\":\"https:\\\/\\\/www.bmut.de\\\/product\\\/wasserhaerte-messen-test-set-deutscher-haertebereich-titrierloesung-weich-mittel-hart-titration-messbereich-0-30-dh-kalk-pruefen-1x15ml\\\/#primaryimage\",\"url\":\"https:\\\/\\\/www.bmut.de\\\/wp-content\\\/uploads\\\/2024\\\/11\\\/Titration_Neu_2024_1er-e1731604779414.png\",\"contentUrl\":\"https:\\\/\\\/www.bmut.de\\\/wp-content\\\/uploads\\\/2024\\\/11\\\/Titration_Neu_2024_1er-e1731604779414.png\",\"width\":800,\"height\":800},{\"@type\":\"BreadcrumbList\",\"@id\":\"https:\\\/\\\/www.bmut.de\\\/product\\\/wasserhaerte-messen-test-set-deutscher-haertebereich-titrierloesung-weich-mittel-hart-titration-messbereich-0-30-dh-kalk-pruefen-1x15ml\\\/#breadcrumb\",\"itemListElement\":[{\"@type\":\"ListItem\",\"position\":1,\"name\":\"Startseite\",\"item\":\"https:\\\/\\\/www.bmut.de\\\/\"},{\"@type\":\"ListItem\",\"position\":2,\"name\":\"Shop\",\"item\":\"https:\\\/\\\/www.bmut.de\\\/shop\\\/\"},{\"@type\":\"ListItem\",\"position\":3,\"name\":\"Wasserh\u00e4rte messen | Test Set Deutscher H\u00e4rtebereich | Titrierl\u00f6sung | weich, mittel, hart | Titration | Messbereich 0-30 \u00b0dH \u2013 Kalk pr\u00fcfen (1x15ml)\"}]},{\"@type\":\"WebSite\",\"@id\":\"https:\\\/\\\/www.bmut.de\\\/#website\",\"url\":\"https:\\\/\\\/www.bmut.de\\\/\",\"name\":\"BMUT\u00ae\",\"description\":\"\",\"potentialAction\":[{\"@type\":\"SearchAction\",\"target\":{\"@type\":\"EntryPoint\",\"urlTemplate\":\"https:\\\/\\\/www.bmut.de\\\/?s={search_term_string}\"},\"query-input\":{\"@type\":\"PropertyValueSpecification\",\"valueRequired\":true,\"valueName\":\"search_term_string\"}}],\"inLanguage\":\"it-IT\"}]}<\/script>\n<!-- \/ Yoast SEO plugin. -->","yoast_head_json":{"title":"Wasserh\u00e4rte messen | Test Set Deutscher H\u00e4rtebereich | Titrierl\u00f6sung | weich, mittel, hart | Titration | Messbereich 0-30 \u00b0dH \u2013 Kalk pr\u00fcfen (1x15ml) - BMUT\u00ae","robots":{"index":"index","follow":"follow","max-snippet":"max-snippet:-1","max-image-preview":"max-image-preview:large","max-video-preview":"max-video-preview:-1"},"canonical":"https:\/\/www.bmut.de\/it\/product\/wasserhaerte-messen-test-set-deutscher-haertebereich-titrierloesung-weich-mittel-hart-titration-messbereich-0-30-dh-kalk-pruefen-1x15ml\/","og_locale":"it_IT","og_type":"article","og_title":"Wasserh\u00e4rte messen | Test Set Deutscher H\u00e4rtebereich | Titrierl\u00f6sung | weich, mittel, hart | Titration | Messbereich 0-30 \u00b0dH \u2013 Kalk pr\u00fcfen (1x15ml) - BMUT\u00ae","og_description":"Zuverl\u00e4ssig  Deutsche Wasserh\u00e4rte (Kalk) in einer Minute bestimmen  Lange Haltbarkeit  Versand innerhalb 24h","og_url":"https:\/\/www.bmut.de\/it\/product\/wasserhaerte-messen-test-set-deutscher-haertebereich-titrierloesung-weich-mittel-hart-titration-messbereich-0-30-dh-kalk-pruefen-1x15ml\/","og_site_name":"BMUT\u00ae","og_image":[{"width":800,"height":800,"url":"https:\/\/www.bmut.de\/wp-content\/uploads\/2024\/11\/Titration_Neu_2024_1er-e1731604779414.png","type":"image\/png"}],"twitter_card":"summary_large_image","twitter_misc":{"Tempo di lettura stimato":"2 minuti"},"schema":{"@context":"https:\/\/schema.org","@graph":[{"@type":"WebPage","@id":"https:\/\/www.bmut.de\/product\/wasserhaerte-messen-test-set-deutscher-haertebereich-titrierloesung-weich-mittel-hart-titration-messbereich-0-30-dh-kalk-pruefen-1x15ml\/","url":"https:\/\/www.bmut.de\/product\/wasserhaerte-messen-test-set-deutscher-haertebereich-titrierloesung-weich-mittel-hart-titration-messbereich-0-30-dh-kalk-pruefen-1x15ml\/","name":"Wasserh\u00e4rte messen | Test Set Deutscher H\u00e4rtebereich | Titrierl\u00f6sung | weich, mittel, hart | Titration | Messbereich 0-30 \u00b0dH \u2013 Kalk pr\u00fcfen (1x15ml) - BMUT\u00ae","isPartOf":{"@id":"https:\/\/www.bmut.de\/#website"},"primaryImageOfPage":{"@id":"https:\/\/www.bmut.de\/product\/wasserhaerte-messen-test-set-deutscher-haertebereich-titrierloesung-weich-mittel-hart-titration-messbereich-0-30-dh-kalk-pruefen-1x15ml\/#primaryimage"},"image":{"@id":"https:\/\/www.bmut.de\/product\/wasserhaerte-messen-test-set-deutscher-haertebereich-titrierloesung-weich-mittel-hart-titration-messbereich-0-30-dh-kalk-pruefen-1x15ml\/#primaryimage"},"thumbnailUrl":"https:\/\/www.bmut.de\/wp-content\/uploads\/2024\/11\/Titration_Neu_2024_1er-e1731604779414.png","datePublished":"2024-11-14T17:19:54+00:00","breadcrumb":{"@id":"https:\/\/www.bmut.de\/product\/wasserhaerte-messen-test-set-deutscher-haertebereich-titrierloesung-weich-mittel-hart-titration-messbereich-0-30-dh-kalk-pruefen-1x15ml\/#breadcrumb"},"inLanguage":"it-IT","potentialAction":[{"@type":"ReadAction","target":["https:\/\/www.bmut.de\/product\/wasserhaerte-messen-test-set-deutscher-haertebereich-titrierloesung-weich-mittel-hart-titration-messbereich-0-30-dh-kalk-pruefen-1x15ml\/"]}]},{"@type":"ImageObject","inLanguage":"it-IT","@id":"https:\/\/www.bmut.de\/product\/wasserhaerte-messen-test-set-deutscher-haertebereich-titrierloesung-weich-mittel-hart-titration-messbereich-0-30-dh-kalk-pruefen-1x15ml\/#primaryimage","url":"https:\/\/www.bmut.de\/wp-content\/uploads\/2024\/11\/Titration_Neu_2024_1er-e1731604779414.png","contentUrl":"https:\/\/www.bmut.de\/wp-content\/uploads\/2024\/11\/Titration_Neu_2024_1er-e1731604779414.png","width":800,"height":800},{"@type":"BreadcrumbList","@id":"https:\/\/www.bmut.de\/product\/wasserhaerte-messen-test-set-deutscher-haertebereich-titrierloesung-weich-mittel-hart-titration-messbereich-0-30-dh-kalk-pruefen-1x15ml\/#breadcrumb","itemListElement":[{"@type":"ListItem","position":1,"name":"Startseite","item":"https:\/\/www.bmut.de\/"},{"@type":"ListItem","position":2,"name":"Shop","item":"https:\/\/www.bmut.de\/shop\/"},{"@type":"ListItem","position":3,"name":"Wasserh\u00e4rte messen | Test Set Deutscher H\u00e4rtebereich | Titrierl\u00f6sung | weich, mittel, hart | Titration | Messbereich 0-30 \u00b0dH \u2013 Kalk pr\u00fcfen (1x15ml)"}]},{"@type":"WebSite","@id":"https:\/\/www.bmut.de\/#website","url":"https:\/\/www.bmut.de\/","name":"BMUT\u00ae","description":"","potentialAction":[{"@type":"SearchAction","target":{"@type":"EntryPoint","urlTemplate":"https:\/\/www.bmut.de\/?s={search_term_string}"},"query-input":{"@type":"PropertyValueSpecification","valueRequired":true,"valueName":"search_term_string"}}],"inLanguage":"it-IT"}]}},"jetpack_sharing_enabled":true,"_links":{"self":[{"href":"https:\/\/www.bmut.de\/it\/wp-json\/wp\/v2\/product\/12829","targetHints":{"allow":["GET"]}}],"collection":[{"href":"https:\/\/www.bmut.de\/it\/wp-json\/wp\/v2\/product"}],"about":[{"href":"https:\/\/www.bmut.de\/it\/wp-json\/wp\/v2\/types\/product"}],"replies":[{"embeddable":true,"href":"https:\/\/www.bmut.de\/it\/wp-json\/wp\/v2\/comments?post=12829"}],"wp:featuredmedia":[{"embeddable":true,"href":"https:\/\/www.bmut.de\/it\/wp-json\/wp\/v2\/media\/12830"}],"wp:attachment":[{"href":"https:\/\/www.bmut.de\/it\/wp-json\/wp\/v2\/media?parent=12829"}],"wp:term":[{"taxonomy":"product_brand","embeddable":true,"href":"https:\/\/www.bmut.de\/it\/wp-json\/wp\/v2\/product_brand?post=12829"},{"taxonomy":"product_cat","embeddable":true,"href":"https:\/\/www.bmut.de\/it\/wp-json\/wp\/v2\/product_cat?post=12829"},{"taxonomy":"product_tag","embeddable":true,"href":"https:\/\/www.bmut.de\/it\/wp-json\/wp\/v2\/product_tag?post=12829"}],"curies":[{"name":"wp","href":"https:\/\/api.w.org\/{rel}","templated":true}]}}