{"id":15295,"date":"2026-01-23T18:12:04","date_gmt":"2026-01-23T17:12:04","guid":{"rendered":"https:\/\/www.bmut.de\/?post_type=product&#038;p=15295"},"modified":"2026-01-23T18:14:51","modified_gmt":"2026-01-23T17:14:51","slug":"osmoseanlage-wartung-entkalkung","status":"publish","type":"product","link":"https:\/\/www.bmut.de\/it\/product\/osmoseanlage-wartung-entkalkung\/","title":{"rendered":"Osmoseanlage Wartung &#8211; Entkalkung"},"content":{"rendered":"<p>Vor der Einsendung: Entfernen Sie die Maschine vom Strom. Stellen Sie bitte anschlie\u00dfen die Maschine kopf\u00fcber in ein Waschbecken damit das Wasser aus dem innenliegenden Tank auslaufen kann. Dies dauert wenige Minuten. Abschlie\u00dfend bitte in einem sicheren Karton verpacken und mittels zur Verf\u00fcgung gestellten Label versenden.<\/p>\n<p>Beachten Sie, dass dieses Angebot nur f\u00fcr Deutschland gilt. F\u00fcr EU Ausland fallen h\u00f6here Versandkosten an.<\/p>","protected":false},"excerpt":{"rendered":"<p>Die Entkalkung und Wartung k\u00f6nnen Sie mittels Anleitung selbstst\u00e4ndig durchf\u00fchren. Falls Sie dies nicht selbst durchf\u00fchren m\u00f6gen, kann dies f\u00fcr Sie erledigt werden.<\/p>\n<p>In diesem Angebot wird die Entkalkung und Wartung f\u00fcr Sie \u00fcbernommen<\/p>\n<ul>\n<li>Entkalkung Motor<\/li>\n<li>Entkalkung Ventile Wassereinlass und Wasserauslass<\/li>\n<li>Entkalkung der Schl\u00e4uche<\/li>\n<li>Austausch R\u00fcckschlagventil<\/li>\n<\/ul>\n<p>Sie erhalten ebenfalls das Label zum Einsenden gestellt.<\/p>\n<p>Bitte beachten Sie die Hinweise zur Einsendung \u2013 siehe unten.<\/p>\n<p>&#8211;<\/p>\n<p>&nbsp;<\/p>","protected":false},"featured_media":15296,"comment_status":"open","ping_status":"closed","template":"","meta":[],"product_brand":[],"product_cat":[93],"product_tag":[],"class_list":{"0":"post-15295","1":"product","2":"type-product","3":"status-publish","4":"has-post-thumbnail","6":"product_cat-elektronik","7":"product_shipping_class-dhl-paket","9":"first","10":"instock","11":"taxable","12":"shipping-taxable","13":"purchasable","14":"product-type-simple","15":"czr-hentry"},"yoast_head":"<!-- This site is optimized with the Yoast SEO plugin v27.5 - https:\/\/yoast.com\/product\/yoast-seo-wordpress\/ -->\n<title>Osmoseanlage Wartung - Entkalkung - BMUT\u00ae<\/title>\n<meta name=\"robots\" content=\"index, follow, max-snippet:-1, max-image-preview:large, max-video-preview:-1\" \/>\n<link rel=\"canonical\" href=\"https:\/\/www.bmut.de\/it\/product\/osmoseanlage-wartung-entkalkung\/\" \/>\n<meta property=\"og:locale\" content=\"it_IT\" \/>\n<meta property=\"og:type\" content=\"article\" \/>\n<meta property=\"og:title\" content=\"Osmoseanlage Wartung - Entkalkung - BMUT\u00ae\" \/>\n<meta property=\"og:description\" content=\"Die Entkalkung und Wartung k\u00f6nnen Sie mittels Anleitung selbstst\u00e4ndig durchf\u00fchren. Falls Sie dies nicht selbst durchf\u00fchren m\u00f6gen, kann dies f\u00fcr Sie erledigt werden.  In diesem Angebot wird die Entkalkung und Wartung f\u00fcr Sie \u00fcbernommen   Entkalkung Motor  Entkalkung Ventile Wassereinlass und Wasserauslass  Entkalkung der Schl\u00e4uche  Austausch R\u00fcckschlagventil  Sie erhalten ebenfalls das Label zum Einsenden gestellt.  Bitte beachten Sie die Hinweise zur Einsendung \u2013 siehe unten.  -  &nbsp;\" \/>\n<meta property=\"og:url\" content=\"https:\/\/www.bmut.de\/it\/product\/osmoseanlage-wartung-entkalkung\/\" \/>\n<meta property=\"og:site_name\" content=\"BMUT\u00ae\" \/>\n<meta property=\"article:modified_time\" content=\"2026-01-23T17:14:51+00:00\" \/>\n<meta property=\"og:image\" content=\"https:\/\/www.bmut.de\/wp-content\/uploads\/2026\/01\/car_17561110.png\" \/>\n\t<meta property=\"og:image:width\" content=\"512\" \/>\n\t<meta property=\"og:image:height\" content=\"512\" \/>\n\t<meta property=\"og:image:type\" content=\"image\/png\" \/>\n<meta name=\"twitter:card\" content=\"summary_large_image\" \/>\n<meta name=\"twitter:label1\" content=\"Tempo di lettura stimato\" \/>\n\t<meta name=\"twitter:data1\" content=\"1 minuto\" \/>\n<script type=\"application\/ld+json\" class=\"yoast-schema-graph\">{\"@context\":\"https:\\\/\\\/schema.org\",\"@graph\":[{\"@type\":\"WebPage\",\"@id\":\"https:\\\/\\\/www.bmut.de\\\/product\\\/osmoseanlage-wartung-entkalkung\\\/\",\"url\":\"https:\\\/\\\/www.bmut.de\\\/product\\\/osmoseanlage-wartung-entkalkung\\\/\",\"name\":\"Osmoseanlage Wartung - Entkalkung - BMUT\u00ae\",\"isPartOf\":{\"@id\":\"https:\\\/\\\/www.bmut.de\\\/#website\"},\"primaryImageOfPage\":{\"@id\":\"https:\\\/\\\/www.bmut.de\\\/product\\\/osmoseanlage-wartung-entkalkung\\\/#primaryimage\"},\"image\":{\"@id\":\"https:\\\/\\\/www.bmut.de\\\/product\\\/osmoseanlage-wartung-entkalkung\\\/#primaryimage\"},\"thumbnailUrl\":\"https:\\\/\\\/www.bmut.de\\\/wp-content\\\/uploads\\\/2026\\\/01\\\/car_17561110.png\",\"datePublished\":\"2026-01-23T17:12:04+00:00\",\"dateModified\":\"2026-01-23T17:14:51+00:00\",\"breadcrumb\":{\"@id\":\"https:\\\/\\\/www.bmut.de\\\/product\\\/osmoseanlage-wartung-entkalkung\\\/#breadcrumb\"},\"inLanguage\":\"it-IT\",\"potentialAction\":[{\"@type\":\"ReadAction\",\"target\":[\"https:\\\/\\\/www.bmut.de\\\/product\\\/osmoseanlage-wartung-entkalkung\\\/\"]}]},{\"@type\":\"ImageObject\",\"inLanguage\":\"it-IT\",\"@id\":\"https:\\\/\\\/www.bmut.de\\\/product\\\/osmoseanlage-wartung-entkalkung\\\/#primaryimage\",\"url\":\"https:\\\/\\\/www.bmut.de\\\/wp-content\\\/uploads\\\/2026\\\/01\\\/car_17561110.png\",\"contentUrl\":\"https:\\\/\\\/www.bmut.de\\\/wp-content\\\/uploads\\\/2026\\\/01\\\/car_17561110.png\",\"width\":512,\"height\":512},{\"@type\":\"BreadcrumbList\",\"@id\":\"https:\\\/\\\/www.bmut.de\\\/product\\\/osmoseanlage-wartung-entkalkung\\\/#breadcrumb\",\"itemListElement\":[{\"@type\":\"ListItem\",\"position\":1,\"name\":\"Startseite\",\"item\":\"https:\\\/\\\/www.bmut.de\\\/\"},{\"@type\":\"ListItem\",\"position\":2,\"name\":\"Shop\",\"item\":\"https:\\\/\\\/www.bmut.de\\\/shop\\\/\"},{\"@type\":\"ListItem\",\"position\":3,\"name\":\"Osmoseanlage Wartung &#8211; Entkalkung\"}]},{\"@type\":\"WebSite\",\"@id\":\"https:\\\/\\\/www.bmut.de\\\/#website\",\"url\":\"https:\\\/\\\/www.bmut.de\\\/\",\"name\":\"BMUT\u00ae\",\"description\":\"\",\"potentialAction\":[{\"@type\":\"SearchAction\",\"target\":{\"@type\":\"EntryPoint\",\"urlTemplate\":\"https:\\\/\\\/www.bmut.de\\\/?s={search_term_string}\"},\"query-input\":{\"@type\":\"PropertyValueSpecification\",\"valueRequired\":true,\"valueName\":\"search_term_string\"}}],\"inLanguage\":\"it-IT\"}]}<\/script>\n<!-- \/ Yoast SEO plugin. -->","yoast_head_json":{"title":"Osmoseanlage Wartung - Entkalkung - BMUT\u00ae","robots":{"index":"index","follow":"follow","max-snippet":"max-snippet:-1","max-image-preview":"max-image-preview:large","max-video-preview":"max-video-preview:-1"},"canonical":"https:\/\/www.bmut.de\/it\/product\/osmoseanlage-wartung-entkalkung\/","og_locale":"it_IT","og_type":"article","og_title":"Osmoseanlage Wartung - Entkalkung - BMUT\u00ae","og_description":"Die Entkalkung und Wartung k\u00f6nnen Sie mittels Anleitung selbstst\u00e4ndig durchf\u00fchren. Falls Sie dies nicht selbst durchf\u00fchren m\u00f6gen, kann dies f\u00fcr Sie erledigt werden.  In diesem Angebot wird die Entkalkung und Wartung f\u00fcr Sie \u00fcbernommen   Entkalkung Motor  Entkalkung Ventile Wassereinlass und Wasserauslass  Entkalkung der Schl\u00e4uche  Austausch R\u00fcckschlagventil  Sie erhalten ebenfalls das Label zum Einsenden gestellt.  Bitte beachten Sie die Hinweise zur Einsendung \u2013 siehe unten.  -  &nbsp;","og_url":"https:\/\/www.bmut.de\/it\/product\/osmoseanlage-wartung-entkalkung\/","og_site_name":"BMUT\u00ae","article_modified_time":"2026-01-23T17:14:51+00:00","og_image":[{"width":512,"height":512,"url":"https:\/\/www.bmut.de\/wp-content\/uploads\/2026\/01\/car_17561110.png","type":"image\/png"}],"twitter_card":"summary_large_image","twitter_misc":{"Tempo di lettura stimato":"1 minuto"},"schema":{"@context":"https:\/\/schema.org","@graph":[{"@type":"WebPage","@id":"https:\/\/www.bmut.de\/product\/osmoseanlage-wartung-entkalkung\/","url":"https:\/\/www.bmut.de\/product\/osmoseanlage-wartung-entkalkung\/","name":"Osmoseanlage Wartung - Entkalkung - BMUT\u00ae","isPartOf":{"@id":"https:\/\/www.bmut.de\/#website"},"primaryImageOfPage":{"@id":"https:\/\/www.bmut.de\/product\/osmoseanlage-wartung-entkalkung\/#primaryimage"},"image":{"@id":"https:\/\/www.bmut.de\/product\/osmoseanlage-wartung-entkalkung\/#primaryimage"},"thumbnailUrl":"https:\/\/www.bmut.de\/wp-content\/uploads\/2026\/01\/car_17561110.png","datePublished":"2026-01-23T17:12:04+00:00","dateModified":"2026-01-23T17:14:51+00:00","breadcrumb":{"@id":"https:\/\/www.bmut.de\/product\/osmoseanlage-wartung-entkalkung\/#breadcrumb"},"inLanguage":"it-IT","potentialAction":[{"@type":"ReadAction","target":["https:\/\/www.bmut.de\/product\/osmoseanlage-wartung-entkalkung\/"]}]},{"@type":"ImageObject","inLanguage":"it-IT","@id":"https:\/\/www.bmut.de\/product\/osmoseanlage-wartung-entkalkung\/#primaryimage","url":"https:\/\/www.bmut.de\/wp-content\/uploads\/2026\/01\/car_17561110.png","contentUrl":"https:\/\/www.bmut.de\/wp-content\/uploads\/2026\/01\/car_17561110.png","width":512,"height":512},{"@type":"BreadcrumbList","@id":"https:\/\/www.bmut.de\/product\/osmoseanlage-wartung-entkalkung\/#breadcrumb","itemListElement":[{"@type":"ListItem","position":1,"name":"Startseite","item":"https:\/\/www.bmut.de\/"},{"@type":"ListItem","position":2,"name":"Shop","item":"https:\/\/www.bmut.de\/shop\/"},{"@type":"ListItem","position":3,"name":"Osmoseanlage Wartung &#8211; Entkalkung"}]},{"@type":"WebSite","@id":"https:\/\/www.bmut.de\/#website","url":"https:\/\/www.bmut.de\/","name":"BMUT\u00ae","description":"","potentialAction":[{"@type":"SearchAction","target":{"@type":"EntryPoint","urlTemplate":"https:\/\/www.bmut.de\/?s={search_term_string}"},"query-input":{"@type":"PropertyValueSpecification","valueRequired":true,"valueName":"search_term_string"}}],"inLanguage":"it-IT"}]}},"jetpack_sharing_enabled":true,"_links":{"self":[{"href":"https:\/\/www.bmut.de\/it\/wp-json\/wp\/v2\/product\/15295","targetHints":{"allow":["GET"]}}],"collection":[{"href":"https:\/\/www.bmut.de\/it\/wp-json\/wp\/v2\/product"}],"about":[{"href":"https:\/\/www.bmut.de\/it\/wp-json\/wp\/v2\/types\/product"}],"replies":[{"embeddable":true,"href":"https:\/\/www.bmut.de\/it\/wp-json\/wp\/v2\/comments?post=15295"}],"wp:featuredmedia":[{"embeddable":true,"href":"https:\/\/www.bmut.de\/it\/wp-json\/wp\/v2\/media\/15296"}],"wp:attachment":[{"href":"https:\/\/www.bmut.de\/it\/wp-json\/wp\/v2\/media?parent=15295"}],"wp:term":[{"taxonomy":"product_brand","embeddable":true,"href":"https:\/\/www.bmut.de\/it\/wp-json\/wp\/v2\/product_brand?post=15295"},{"taxonomy":"product_cat","embeddable":true,"href":"https:\/\/www.bmut.de\/it\/wp-json\/wp\/v2\/product_cat?post=15295"},{"taxonomy":"product_tag","embeddable":true,"href":"https:\/\/www.bmut.de\/it\/wp-json\/wp\/v2\/product_tag?post=15295"}],"curies":[{"name":"wp","href":"https:\/\/api.w.org\/{rel}","templated":true}]}}