{"id":208,"date":"2021-09-08T09:04:04","date_gmt":"2021-09-08T07:04:04","guid":{"rendered":"https:\/\/www.bmut.de\/?post_type=product&#038;p=208"},"modified":"2024-03-23T15:45:48","modified_gmt":"2024-03-23T14:45:48","slug":"chlordioxid-test","status":"publish","type":"product","link":"https:\/\/www.bmut.de\/it\/product\/chlordioxid-test\/","title":{"rendered":"100x strisce per test di biossido di cloro e di soluzione di Prova (CDL\/CD) per verificare rapidamente l&#039;acqua 0-500 ppm"},"content":{"rendered":"<p><strong>Perch\u00e9 \u00e8 il prodotto di utile?<br \/>\n<\/strong>Si misura la concentrazione di biossido di cloro in soluzione acquosa. Come risultato, l&#039;acqua potabile, per esempio, per controllare. Questo vi dar\u00e0 la sicurezza.<\/p>\n<p><strong>Descrizione del prodotto:<\/strong><strong><br \/>\n<\/strong>Il prodotto \u00e8 costituito da una scatola di plastica con 100 strisce reattive per Determinare il biossido di cloro contenuto nell&#039;acqua. Sull&#039;etichetta della confezione del prodotto, le istruzioni per la procedura \u00e8 stampato in lingua tedesca. Il risultato pu\u00f2 essere anche direttamente dall&#039;etichetta leggere. Il prodotto deve essere utilizzato solo per l&#039;orientamento utilizzato<\/p>\n<p><strong>Campo di misura 0 \u2013 500 ppm\u00a0<\/strong><\/p>\n<p>Il campo di misura \u00e8 0-500 ppm. 500 ppm o 0.05% di biossido di cloro. La striscia di test \u00e8 di colore marrone\/nero colore se il valore misurato \u00e8 superiore a 500 ppm.<\/p>\n<p><strong>Campo di misura superiore a 500 ppm\u00a0<\/strong><\/p>\n<p>Se si vuole testare un 0.3% soluzione, quindi, la seguente procedura, che \u00e8 caratterizzata da Sottili, si raccomanda di:<\/p>\n<p>(La proposta \u00e8 in conformit\u00e0 con la scala di colori sulla confezione del test)<\/p>\n<p>99 ml di acqua di rubinetto con 1 ml (circa 20 gocce) di biossido di cloro (0.3%) in un contenitore separato mix. Si tratta di un 100 ml di soluzione. Le strisce reattive utilizzare, come nelle istruzioni. Se si misura un valore di circa 25-30 ppm (colore verde chiaro), quindi l&#039;originale soluzione di test \u00e8 un biossido di cloro contenuto di circa lo 0,3%.<\/p>\n<p>Il tampone \u00e8 giallo, quindi il valore al di sotto di esso \u00e8. Il tampone deve essere pi\u00f9 di un verde scuro o anche di colore bluastro, quindi il valore al di sopra di questo.<\/p>","protected":false},"excerpt":{"rendered":"<ul>\n<li>Affidabile<\/li>\n<li>Lunga Durata<\/li>\n<li>Spedizione entro 24 ore<\/li>\n<li>Confezione Discreta<\/li>\n<\/ul>","protected":false},"featured_media":194,"comment_status":"open","ping_status":"closed","template":"","meta":[],"product_brand":[],"product_cat":[17],"product_tag":[51,50],"class_list":{"0":"post-208","1":"product","2":"type-product","3":"status-publish","4":"has-post-thumbnail","6":"product_cat-wassertests","7":"product_tag-0-500-ppm","8":"product_tag-chlordioxid-teststreifen","9":"product_shipping_class-kostenlos","11":"first","12":"instock","13":"taxable","14":"shipping-taxable","15":"purchasable","16":"product-type-simple","17":"czr-hentry"},"yoast_head":"<!-- This site is optimized with the Yoast SEO plugin v27.4 - https:\/\/yoast.com\/product\/yoast-seo-wordpress\/ -->\n<title>100x Teststreifen Chlordioxid Test L\u00f6sung (CDL\/CDS) Schnelltest Wasser 0-500 ppm - BMUT\u00ae<\/title>\n<meta name=\"description\" content=\"Testen Sie die Qualit\u00e4t Ihrer Chlordioxid-L\u00f6sung 0-500 ppm. Das CDL\/CDS mit diesen Teststreifen zuverl\u00e4ssig auf 0,3% 3000 ppm testen.\" \/>\n<meta name=\"robots\" content=\"index, follow, max-snippet:-1, max-image-preview:large, max-video-preview:-1\" \/>\n<link rel=\"canonical\" href=\"https:\/\/www.bmut.de\/it\/product\/chlordioxid-test\/\" \/>\n<meta property=\"og:locale\" content=\"it_IT\" \/>\n<meta property=\"og:type\" content=\"article\" \/>\n<meta property=\"og:title\" content=\"100x Teststreifen Chlordioxid Test L\u00f6sung (CDL\/CDS) Schnelltest Wasser 0-500 ppm - BMUT\u00ae\" \/>\n<meta property=\"og:description\" content=\"Testen Sie die Qualit\u00e4t Ihrer Chlordioxid-L\u00f6sung 0-500 ppm. Das CDL\/CDS mit diesen Teststreifen zuverl\u00e4ssig auf 0,3% 3000 ppm testen.\" \/>\n<meta property=\"og:url\" content=\"https:\/\/www.bmut.de\/it\/product\/chlordioxid-test\/\" \/>\n<meta property=\"og:site_name\" content=\"BMUT\u00ae\" \/>\n<meta property=\"article:modified_time\" content=\"2024-03-23T14:45:48+00:00\" \/>\n<meta property=\"og:image\" content=\"https:\/\/www.bmut.de\/wp-content\/uploads\/2021\/09\/Chlordioxid_Teststreifen_ppm.jpg\" \/>\n\t<meta property=\"og:image:width\" content=\"1340\" \/>\n\t<meta property=\"og:image:height\" content=\"1340\" \/>\n\t<meta property=\"og:image:type\" content=\"image\/jpeg\" \/>\n<meta name=\"twitter:card\" content=\"summary_large_image\" \/>\n<meta name=\"twitter:label1\" content=\"Tempo di lettura stimato\" \/>\n\t<meta name=\"twitter:data1\" content=\"1 minuto\" \/>\n<script type=\"application\/ld+json\" class=\"yoast-schema-graph\">{\"@context\":\"https:\\\/\\\/schema.org\",\"@graph\":[{\"@type\":\"WebPage\",\"@id\":\"https:\\\/\\\/www.bmut.de\\\/product\\\/chlordioxid-test\\\/\",\"url\":\"https:\\\/\\\/www.bmut.de\\\/product\\\/chlordioxid-test\\\/\",\"name\":\"100x Teststreifen Chlordioxid Test L\u00f6sung (CDL\\\/CDS) Schnelltest Wasser 0-500 ppm - BMUT\u00ae\",\"isPartOf\":{\"@id\":\"https:\\\/\\\/www.bmut.de\\\/#website\"},\"primaryImageOfPage\":{\"@id\":\"https:\\\/\\\/www.bmut.de\\\/product\\\/chlordioxid-test\\\/#primaryimage\"},\"image\":{\"@id\":\"https:\\\/\\\/www.bmut.de\\\/product\\\/chlordioxid-test\\\/#primaryimage\"},\"thumbnailUrl\":\"https:\\\/\\\/www.bmut.de\\\/wp-content\\\/uploads\\\/2021\\\/09\\\/Chlordioxid_Teststreifen_ppm.jpg\",\"datePublished\":\"2021-09-08T07:04:04+00:00\",\"dateModified\":\"2024-03-23T14:45:48+00:00\",\"description\":\"Testen Sie die Qualit\u00e4t Ihrer Chlordioxid-L\u00f6sung 0-500 ppm. Das CDL\\\/CDS mit diesen Teststreifen zuverl\u00e4ssig auf 0,3% 3000 ppm testen.\",\"breadcrumb\":{\"@id\":\"https:\\\/\\\/www.bmut.de\\\/product\\\/chlordioxid-test\\\/#breadcrumb\"},\"inLanguage\":\"it-IT\",\"potentialAction\":[{\"@type\":\"ReadAction\",\"target\":[\"https:\\\/\\\/www.bmut.de\\\/product\\\/chlordioxid-test\\\/\"]}]},{\"@type\":\"ImageObject\",\"inLanguage\":\"it-IT\",\"@id\":\"https:\\\/\\\/www.bmut.de\\\/product\\\/chlordioxid-test\\\/#primaryimage\",\"url\":\"https:\\\/\\\/www.bmut.de\\\/wp-content\\\/uploads\\\/2021\\\/09\\\/Chlordioxid_Teststreifen_ppm.jpg\",\"contentUrl\":\"https:\\\/\\\/www.bmut.de\\\/wp-content\\\/uploads\\\/2021\\\/09\\\/Chlordioxid_Teststreifen_ppm.jpg\",\"width\":1340,\"height\":1340},{\"@type\":\"BreadcrumbList\",\"@id\":\"https:\\\/\\\/www.bmut.de\\\/product\\\/chlordioxid-test\\\/#breadcrumb\",\"itemListElement\":[{\"@type\":\"ListItem\",\"position\":1,\"name\":\"Startseite\",\"item\":\"https:\\\/\\\/www.bmut.de\\\/\"},{\"@type\":\"ListItem\",\"position\":2,\"name\":\"Shop\",\"item\":\"https:\\\/\\\/www.bmut.de\\\/shop\\\/\"},{\"@type\":\"ListItem\",\"position\":3,\"name\":\"100x Teststreifen Chlordioxid Test L\u00f6sung (CDL\\\/CDS) Schnelltest Wasser 0-500 ppm\"}]},{\"@type\":\"WebSite\",\"@id\":\"https:\\\/\\\/www.bmut.de\\\/#website\",\"url\":\"https:\\\/\\\/www.bmut.de\\\/\",\"name\":\"BMUT\u00ae\",\"description\":\"\",\"potentialAction\":[{\"@type\":\"SearchAction\",\"target\":{\"@type\":\"EntryPoint\",\"urlTemplate\":\"https:\\\/\\\/www.bmut.de\\\/?s={search_term_string}\"},\"query-input\":{\"@type\":\"PropertyValueSpecification\",\"valueRequired\":true,\"valueName\":\"search_term_string\"}}],\"inLanguage\":\"it-IT\"}]}<\/script>\n<!-- \/ Yoast SEO plugin. -->","yoast_head_json":{"title":"100x Teststreifen Chlordioxid Test L\u00f6sung (CDL\/CDS) Schnelltest Wasser 0-500 ppm - BMUT\u00ae","description":"Testen Sie die Qualit\u00e4t Ihrer Chlordioxid-L\u00f6sung 0-500 ppm. Das CDL\/CDS mit diesen Teststreifen zuverl\u00e4ssig auf 0,3% 3000 ppm testen.","robots":{"index":"index","follow":"follow","max-snippet":"max-snippet:-1","max-image-preview":"max-image-preview:large","max-video-preview":"max-video-preview:-1"},"canonical":"https:\/\/www.bmut.de\/it\/product\/chlordioxid-test\/","og_locale":"it_IT","og_type":"article","og_title":"100x Teststreifen Chlordioxid Test L\u00f6sung (CDL\/CDS) Schnelltest Wasser 0-500 ppm - BMUT\u00ae","og_description":"Testen Sie die Qualit\u00e4t Ihrer Chlordioxid-L\u00f6sung 0-500 ppm. Das CDL\/CDS mit diesen Teststreifen zuverl\u00e4ssig auf 0,3% 3000 ppm testen.","og_url":"https:\/\/www.bmut.de\/it\/product\/chlordioxid-test\/","og_site_name":"BMUT\u00ae","article_modified_time":"2024-03-23T14:45:48+00:00","og_image":[{"width":1340,"height":1340,"url":"https:\/\/www.bmut.de\/wp-content\/uploads\/2021\/09\/Chlordioxid_Teststreifen_ppm.jpg","type":"image\/jpeg"}],"twitter_card":"summary_large_image","twitter_misc":{"Tempo di lettura stimato":"1 minuto"},"schema":{"@context":"https:\/\/schema.org","@graph":[{"@type":"WebPage","@id":"https:\/\/www.bmut.de\/product\/chlordioxid-test\/","url":"https:\/\/www.bmut.de\/product\/chlordioxid-test\/","name":"100x Teststreifen Chlordioxid Test L\u00f6sung (CDL\/CDS) Schnelltest Wasser 0-500 ppm - BMUT\u00ae","isPartOf":{"@id":"https:\/\/www.bmut.de\/#website"},"primaryImageOfPage":{"@id":"https:\/\/www.bmut.de\/product\/chlordioxid-test\/#primaryimage"},"image":{"@id":"https:\/\/www.bmut.de\/product\/chlordioxid-test\/#primaryimage"},"thumbnailUrl":"https:\/\/www.bmut.de\/wp-content\/uploads\/2021\/09\/Chlordioxid_Teststreifen_ppm.jpg","datePublished":"2021-09-08T07:04:04+00:00","dateModified":"2024-03-23T14:45:48+00:00","description":"Testen Sie die Qualit\u00e4t Ihrer Chlordioxid-L\u00f6sung 0-500 ppm. Das CDL\/CDS mit diesen Teststreifen zuverl\u00e4ssig auf 0,3% 3000 ppm testen.","breadcrumb":{"@id":"https:\/\/www.bmut.de\/product\/chlordioxid-test\/#breadcrumb"},"inLanguage":"it-IT","potentialAction":[{"@type":"ReadAction","target":["https:\/\/www.bmut.de\/product\/chlordioxid-test\/"]}]},{"@type":"ImageObject","inLanguage":"it-IT","@id":"https:\/\/www.bmut.de\/product\/chlordioxid-test\/#primaryimage","url":"https:\/\/www.bmut.de\/wp-content\/uploads\/2021\/09\/Chlordioxid_Teststreifen_ppm.jpg","contentUrl":"https:\/\/www.bmut.de\/wp-content\/uploads\/2021\/09\/Chlordioxid_Teststreifen_ppm.jpg","width":1340,"height":1340},{"@type":"BreadcrumbList","@id":"https:\/\/www.bmut.de\/product\/chlordioxid-test\/#breadcrumb","itemListElement":[{"@type":"ListItem","position":1,"name":"Startseite","item":"https:\/\/www.bmut.de\/"},{"@type":"ListItem","position":2,"name":"Shop","item":"https:\/\/www.bmut.de\/shop\/"},{"@type":"ListItem","position":3,"name":"100x Teststreifen Chlordioxid Test L\u00f6sung (CDL\/CDS) Schnelltest Wasser 0-500 ppm"}]},{"@type":"WebSite","@id":"https:\/\/www.bmut.de\/#website","url":"https:\/\/www.bmut.de\/","name":"BMUT\u00ae","description":"","potentialAction":[{"@type":"SearchAction","target":{"@type":"EntryPoint","urlTemplate":"https:\/\/www.bmut.de\/?s={search_term_string}"},"query-input":{"@type":"PropertyValueSpecification","valueRequired":true,"valueName":"search_term_string"}}],"inLanguage":"it-IT"}]}},"jetpack_sharing_enabled":true,"_links":{"self":[{"href":"https:\/\/www.bmut.de\/it\/wp-json\/wp\/v2\/product\/208","targetHints":{"allow":["GET"]}}],"collection":[{"href":"https:\/\/www.bmut.de\/it\/wp-json\/wp\/v2\/product"}],"about":[{"href":"https:\/\/www.bmut.de\/it\/wp-json\/wp\/v2\/types\/product"}],"replies":[{"embeddable":true,"href":"https:\/\/www.bmut.de\/it\/wp-json\/wp\/v2\/comments?post=208"}],"wp:featuredmedia":[{"embeddable":true,"href":"https:\/\/www.bmut.de\/it\/wp-json\/wp\/v2\/media\/194"}],"wp:attachment":[{"href":"https:\/\/www.bmut.de\/it\/wp-json\/wp\/v2\/media?parent=208"}],"wp:term":[{"taxonomy":"product_brand","embeddable":true,"href":"https:\/\/www.bmut.de\/it\/wp-json\/wp\/v2\/product_brand?post=208"},{"taxonomy":"product_cat","embeddable":true,"href":"https:\/\/www.bmut.de\/it\/wp-json\/wp\/v2\/product_cat?post=208"},{"taxonomy":"product_tag","embeddable":true,"href":"https:\/\/www.bmut.de\/it\/wp-json\/wp\/v2\/product_tag?post=208"}],"curies":[{"name":"wp","href":"https:\/\/api.w.org\/{rel}","templated":true}]}}