{"id":217,"date":"2021-09-12T11:42:06","date_gmt":"2021-09-12T09:42:06","guid":{"rendered":"https:\/\/www.bmut.de\/?post_type=product&#038;p=217"},"modified":"2024-12-04T09:39:19","modified_gmt":"2024-12-04T08:39:19","slug":"10x-drogenschnelltest-drogentest-fuer-marihuana-cannabis-thc-urintest","status":"publish","type":"product","link":"https:\/\/www.bmut.de\/it\/product\/10x-drogenschnelltest-drogentest-fuer-marihuana-cannabis-thc-urintest\/","title":{"rendered":"10x test di droga \u2013 test di droga, marijuana, Cannabis, il THC"},"content":{"rendered":"<p><strong>1 x 10 THC Test di qualit\u00e0 per la scienza forense\/ricerca\u00a0<\/strong><\/p>\n<ul>\n<li>Droga test per la rilevazione della Cannabis (THC).<\/li>\n<li>Il drug test a strisce sono caratterizzati da alta qualit\u00e0 nitro-membrana di cellulosa con ottima permeabilit\u00e0 e la larghezza.<\/li>\n<li>Affidabile, veloce e preciso, con Quasi il 100% di accordo con il metodo di riferimento del laboratorio (GC\/MS). Questo prodotto non \u00e8 adatto solo per la scienza forense e di ricerca, per scopi diagnostici. Non \u00c8 Un Prodotto Medicale.<\/li>\n<li>Elevati standard di qualit\u00e0 per i diversi campioni. Ottima sensibilit\u00e0 e specificit\u00e0: Controllare le soluzioni di THC, come impurit\u00e0 nel CBD.<\/li>\n<li>Discrezione: La spedizione avviene in opaco confezione per proteggere la vostra privacy.<\/li>\n<li>Durata Minima: Aprile 2024<\/li>\n<\/ul>\n<p>&nbsp;<\/p>\n<p><strong>Descrizione del prodotto:<\/strong><\/p>\n<p>Droga test per la rilevazione della Cannabis (THC)<\/p>\n<p>Il drug test per la Cannabis (THC) prova da una striscia di test con quasi il 100% di Conformit\u00e0 con il metodo di riferimento del laboratorio (GC\/MS). Sulla confezione del prodotto dettagliata descrizione si trova.<\/p>\n<p>Sostanze pu\u00f2 essere rilevata con un test di droga:<\/p>\n<p>THC \u2013 cannabinoidi (50 ng\/ml)<\/p>\n<p>&nbsp;<\/p>\n<div class=\"col col-md-12 order-1\">\n<div class=\"content__description mb0\">\n<p><strong>Attuazione:<\/strong><\/p>\n<p>1. La striscia di test e il campione\/liquido dovrebbe essere presa prima di utilizzare a temperatura ambiente<\/p>\n<p>2. Rimuovere la striscia di test dalla confezione<\/p>\n<p>3. Immergere la striscia di test con la freccia in gi\u00f9 nel campione<\/p>\n<p>4. Rimuovere la striscia di test dopo 10 secondi e posare la striscia piatta su una superficie pulita, asciutta, superfici non assorbenti<\/p>\n<p>5. Leggere il risultato tra i 3 e i 5 minuti<\/p>\n<p>&nbsp;<\/p>\n<p><strong>Il risultato della prova di lettura:<\/strong><\/p>\n<p>Nell&#039;area di controllo, tre risultati sono riportati:<\/p>\n<p>1. Negativo: la linea nella zona di controllo (C) e (T)<\/p>\n<p>2. Effetto positivo: la linea nella zona di controllo (T)<\/p>\n<p>3. Non valido: Nessuna linea dell&#039;area di controllo<\/p>\n<p>&nbsp;<\/p>\n<p><strong>Contenuto:<\/strong><\/p>\n<\/div>\n<\/div>\n<div class=\"col col-md-12 order-2\">\n<div class=\"content__bulletpoints\">\n<p><i class=\"fa fa-check\" aria-hidden=\"true\"><\/i>\u00a010 x strisce per test<\/p>\n<p><i class=\"fa fa-check\" aria-hidden=\"true\"><\/i>\u00a01 x descrizione del prodotto<\/p>\n<\/div>\n<\/div>","protected":false},"excerpt":{"rendered":"<ul>\n<li>Affidabile<\/li>\n<li>Lunga Durata<\/li>\n<li>Spedizione entro 24 ore<\/li>\n<li>Confezione Discreta<\/li>\n<\/ul>","protected":false},"featured_media":2910,"comment_status":"open","ping_status":"closed","template":"","meta":[],"product_brand":[],"product_cat":[18],"product_tag":[],"class_list":{"0":"post-217","1":"product","2":"type-product","3":"status-publish","4":"has-post-thumbnail","6":"product_cat-urintests","7":"product_shipping_class-brief-letter","9":"first","10":"instock","11":"taxable","12":"shipping-taxable","13":"purchasable","14":"product-type-simple","15":"czr-hentry"},"yoast_head":"<!-- This site is optimized with the Yoast SEO plugin v27.4 - https:\/\/yoast.com\/product\/yoast-seo-wordpress\/ -->\n<title>10x Drogenschnelltest - Drogentest f\u00fcr Marihuana Cannabis THC - BMUT\u00ae<\/title>\n<meta name=\"description\" content=\"Bester Drogentest THC f\u00fcr Urinanalyse mit 50 ng\/ml in Apothekenqualit\u00e4t. Weisen Sie zuverl\u00e4ssig nach, ob Cannabis\/Marijuana konsumiert wurde.\" \/>\n<meta name=\"robots\" content=\"index, follow, max-snippet:-1, max-image-preview:large, max-video-preview:-1\" \/>\n<link rel=\"canonical\" href=\"https:\/\/www.bmut.de\/it\/product\/10x-drogenschnelltest-drogentest-fuer-marihuana-cannabis-thc-urintest\/\" \/>\n<meta property=\"og:locale\" content=\"it_IT\" \/>\n<meta property=\"og:type\" content=\"article\" \/>\n<meta property=\"og:title\" content=\"10x Drogenschnelltest - Drogentest f\u00fcr Marihuana Cannabis THC - BMUT\u00ae\" \/>\n<meta property=\"og:description\" content=\"Bester Drogentest THC f\u00fcr Urinanalyse mit 50 ng\/ml in Apothekenqualit\u00e4t. Weisen Sie zuverl\u00e4ssig nach, ob Cannabis\/Marijuana konsumiert wurde.\" \/>\n<meta property=\"og:url\" content=\"https:\/\/www.bmut.de\/it\/product\/10x-drogenschnelltest-drogentest-fuer-marihuana-cannabis-thc-urintest\/\" \/>\n<meta property=\"og:site_name\" content=\"BMUT\u00ae\" \/>\n<meta property=\"article:modified_time\" content=\"2024-12-04T08:39:19+00:00\" \/>\n<meta property=\"og:image\" content=\"https:\/\/www.bmut.de\/wp-content\/uploads\/2021\/09\/THC_testjpg.jpg\" \/>\n\t<meta property=\"og:image:width\" content=\"1200\" \/>\n\t<meta property=\"og:image:height\" content=\"1200\" \/>\n\t<meta property=\"og:image:type\" content=\"image\/jpeg\" \/>\n<meta name=\"twitter:card\" content=\"summary_large_image\" \/>\n<meta name=\"twitter:label1\" content=\"Tempo di lettura stimato\" \/>\n\t<meta name=\"twitter:data1\" content=\"2 minuti\" \/>\n<script type=\"application\/ld+json\" class=\"yoast-schema-graph\">{\"@context\":\"https:\\\/\\\/schema.org\",\"@graph\":[{\"@type\":\"WebPage\",\"@id\":\"https:\\\/\\\/www.bmut.de\\\/product\\\/10x-drogenschnelltest-drogentest-fuer-marihuana-cannabis-thc-urintest\\\/\",\"url\":\"https:\\\/\\\/www.bmut.de\\\/product\\\/10x-drogenschnelltest-drogentest-fuer-marihuana-cannabis-thc-urintest\\\/\",\"name\":\"10x Drogenschnelltest - Drogentest f\u00fcr Marihuana Cannabis THC - BMUT\u00ae\",\"isPartOf\":{\"@id\":\"https:\\\/\\\/www.bmut.de\\\/#website\"},\"primaryImageOfPage\":{\"@id\":\"https:\\\/\\\/www.bmut.de\\\/product\\\/10x-drogenschnelltest-drogentest-fuer-marihuana-cannabis-thc-urintest\\\/#primaryimage\"},\"image\":{\"@id\":\"https:\\\/\\\/www.bmut.de\\\/product\\\/10x-drogenschnelltest-drogentest-fuer-marihuana-cannabis-thc-urintest\\\/#primaryimage\"},\"thumbnailUrl\":\"https:\\\/\\\/www.bmut.de\\\/wp-content\\\/uploads\\\/2021\\\/09\\\/THC_testjpg.jpg\",\"datePublished\":\"2021-09-12T09:42:06+00:00\",\"dateModified\":\"2024-12-04T08:39:19+00:00\",\"description\":\"Bester Drogentest THC f\u00fcr Urinanalyse mit 50 ng\\\/ml in Apothekenqualit\u00e4t. Weisen Sie zuverl\u00e4ssig nach, ob Cannabis\\\/Marijuana konsumiert wurde.\",\"breadcrumb\":{\"@id\":\"https:\\\/\\\/www.bmut.de\\\/product\\\/10x-drogenschnelltest-drogentest-fuer-marihuana-cannabis-thc-urintest\\\/#breadcrumb\"},\"inLanguage\":\"it-IT\",\"potentialAction\":[{\"@type\":\"ReadAction\",\"target\":[\"https:\\\/\\\/www.bmut.de\\\/product\\\/10x-drogenschnelltest-drogentest-fuer-marihuana-cannabis-thc-urintest\\\/\"]}]},{\"@type\":\"ImageObject\",\"inLanguage\":\"it-IT\",\"@id\":\"https:\\\/\\\/www.bmut.de\\\/product\\\/10x-drogenschnelltest-drogentest-fuer-marihuana-cannabis-thc-urintest\\\/#primaryimage\",\"url\":\"https:\\\/\\\/www.bmut.de\\\/wp-content\\\/uploads\\\/2021\\\/09\\\/THC_testjpg.jpg\",\"contentUrl\":\"https:\\\/\\\/www.bmut.de\\\/wp-content\\\/uploads\\\/2021\\\/09\\\/THC_testjpg.jpg\",\"width\":1200,\"height\":1200},{\"@type\":\"BreadcrumbList\",\"@id\":\"https:\\\/\\\/www.bmut.de\\\/product\\\/10x-drogenschnelltest-drogentest-fuer-marihuana-cannabis-thc-urintest\\\/#breadcrumb\",\"itemListElement\":[{\"@type\":\"ListItem\",\"position\":1,\"name\":\"Startseite\",\"item\":\"https:\\\/\\\/www.bmut.de\\\/\"},{\"@type\":\"ListItem\",\"position\":2,\"name\":\"Shop\",\"item\":\"https:\\\/\\\/www.bmut.de\\\/shop\\\/\"},{\"@type\":\"ListItem\",\"position\":3,\"name\":\"10x Drogenschnelltest &#8211; Drogentest f\u00fcr Marihuana Cannabis THC\"}]},{\"@type\":\"WebSite\",\"@id\":\"https:\\\/\\\/www.bmut.de\\\/#website\",\"url\":\"https:\\\/\\\/www.bmut.de\\\/\",\"name\":\"BMUT\u00ae\",\"description\":\"\",\"potentialAction\":[{\"@type\":\"SearchAction\",\"target\":{\"@type\":\"EntryPoint\",\"urlTemplate\":\"https:\\\/\\\/www.bmut.de\\\/?s={search_term_string}\"},\"query-input\":{\"@type\":\"PropertyValueSpecification\",\"valueRequired\":true,\"valueName\":\"search_term_string\"}}],\"inLanguage\":\"it-IT\"}]}<\/script>\n<!-- \/ Yoast SEO plugin. -->","yoast_head_json":{"title":"10x Drogenschnelltest - Drogentest f\u00fcr Marihuana Cannabis THC - BMUT\u00ae","description":"Bester Drogentest THC f\u00fcr Urinanalyse mit 50 ng\/ml in Apothekenqualit\u00e4t. Weisen Sie zuverl\u00e4ssig nach, ob Cannabis\/Marijuana konsumiert wurde.","robots":{"index":"index","follow":"follow","max-snippet":"max-snippet:-1","max-image-preview":"max-image-preview:large","max-video-preview":"max-video-preview:-1"},"canonical":"https:\/\/www.bmut.de\/it\/product\/10x-drogenschnelltest-drogentest-fuer-marihuana-cannabis-thc-urintest\/","og_locale":"it_IT","og_type":"article","og_title":"10x Drogenschnelltest - Drogentest f\u00fcr Marihuana Cannabis THC - BMUT\u00ae","og_description":"Bester Drogentest THC f\u00fcr Urinanalyse mit 50 ng\/ml in Apothekenqualit\u00e4t. Weisen Sie zuverl\u00e4ssig nach, ob Cannabis\/Marijuana konsumiert wurde.","og_url":"https:\/\/www.bmut.de\/it\/product\/10x-drogenschnelltest-drogentest-fuer-marihuana-cannabis-thc-urintest\/","og_site_name":"BMUT\u00ae","article_modified_time":"2024-12-04T08:39:19+00:00","og_image":[{"width":1200,"height":1200,"url":"https:\/\/www.bmut.de\/wp-content\/uploads\/2021\/09\/THC_testjpg.jpg","type":"image\/jpeg"}],"twitter_card":"summary_large_image","twitter_misc":{"Tempo di lettura stimato":"2 minuti"},"schema":{"@context":"https:\/\/schema.org","@graph":[{"@type":"WebPage","@id":"https:\/\/www.bmut.de\/product\/10x-drogenschnelltest-drogentest-fuer-marihuana-cannabis-thc-urintest\/","url":"https:\/\/www.bmut.de\/product\/10x-drogenschnelltest-drogentest-fuer-marihuana-cannabis-thc-urintest\/","name":"10x Drogenschnelltest - Drogentest f\u00fcr Marihuana Cannabis THC - BMUT\u00ae","isPartOf":{"@id":"https:\/\/www.bmut.de\/#website"},"primaryImageOfPage":{"@id":"https:\/\/www.bmut.de\/product\/10x-drogenschnelltest-drogentest-fuer-marihuana-cannabis-thc-urintest\/#primaryimage"},"image":{"@id":"https:\/\/www.bmut.de\/product\/10x-drogenschnelltest-drogentest-fuer-marihuana-cannabis-thc-urintest\/#primaryimage"},"thumbnailUrl":"https:\/\/www.bmut.de\/wp-content\/uploads\/2021\/09\/THC_testjpg.jpg","datePublished":"2021-09-12T09:42:06+00:00","dateModified":"2024-12-04T08:39:19+00:00","description":"Bester Drogentest THC f\u00fcr Urinanalyse mit 50 ng\/ml in Apothekenqualit\u00e4t. Weisen Sie zuverl\u00e4ssig nach, ob Cannabis\/Marijuana konsumiert wurde.","breadcrumb":{"@id":"https:\/\/www.bmut.de\/product\/10x-drogenschnelltest-drogentest-fuer-marihuana-cannabis-thc-urintest\/#breadcrumb"},"inLanguage":"it-IT","potentialAction":[{"@type":"ReadAction","target":["https:\/\/www.bmut.de\/product\/10x-drogenschnelltest-drogentest-fuer-marihuana-cannabis-thc-urintest\/"]}]},{"@type":"ImageObject","inLanguage":"it-IT","@id":"https:\/\/www.bmut.de\/product\/10x-drogenschnelltest-drogentest-fuer-marihuana-cannabis-thc-urintest\/#primaryimage","url":"https:\/\/www.bmut.de\/wp-content\/uploads\/2021\/09\/THC_testjpg.jpg","contentUrl":"https:\/\/www.bmut.de\/wp-content\/uploads\/2021\/09\/THC_testjpg.jpg","width":1200,"height":1200},{"@type":"BreadcrumbList","@id":"https:\/\/www.bmut.de\/product\/10x-drogenschnelltest-drogentest-fuer-marihuana-cannabis-thc-urintest\/#breadcrumb","itemListElement":[{"@type":"ListItem","position":1,"name":"Startseite","item":"https:\/\/www.bmut.de\/"},{"@type":"ListItem","position":2,"name":"Shop","item":"https:\/\/www.bmut.de\/shop\/"},{"@type":"ListItem","position":3,"name":"10x Drogenschnelltest &#8211; Drogentest f\u00fcr Marihuana Cannabis THC"}]},{"@type":"WebSite","@id":"https:\/\/www.bmut.de\/#website","url":"https:\/\/www.bmut.de\/","name":"BMUT\u00ae","description":"","potentialAction":[{"@type":"SearchAction","target":{"@type":"EntryPoint","urlTemplate":"https:\/\/www.bmut.de\/?s={search_term_string}"},"query-input":{"@type":"PropertyValueSpecification","valueRequired":true,"valueName":"search_term_string"}}],"inLanguage":"it-IT"}]}},"jetpack_sharing_enabled":true,"_links":{"self":[{"href":"https:\/\/www.bmut.de\/it\/wp-json\/wp\/v2\/product\/217","targetHints":{"allow":["GET"]}}],"collection":[{"href":"https:\/\/www.bmut.de\/it\/wp-json\/wp\/v2\/product"}],"about":[{"href":"https:\/\/www.bmut.de\/it\/wp-json\/wp\/v2\/types\/product"}],"replies":[{"embeddable":true,"href":"https:\/\/www.bmut.de\/it\/wp-json\/wp\/v2\/comments?post=217"}],"wp:featuredmedia":[{"embeddable":true,"href":"https:\/\/www.bmut.de\/it\/wp-json\/wp\/v2\/media\/2910"}],"wp:attachment":[{"href":"https:\/\/www.bmut.de\/it\/wp-json\/wp\/v2\/media?parent=217"}],"wp:term":[{"taxonomy":"product_brand","embeddable":true,"href":"https:\/\/www.bmut.de\/it\/wp-json\/wp\/v2\/product_brand?post=217"},{"taxonomy":"product_cat","embeddable":true,"href":"https:\/\/www.bmut.de\/it\/wp-json\/wp\/v2\/product_cat?post=217"},{"taxonomy":"product_tag","embeddable":true,"href":"https:\/\/www.bmut.de\/it\/wp-json\/wp\/v2\/product_tag?post=217"}],"curies":[{"name":"wp","href":"https:\/\/api.w.org\/{rel}","templated":true}]}}