{"id":224,"date":"2021-09-12T12:06:52","date_gmt":"2021-09-12T10:06:52","guid":{"rendered":"https:\/\/www.bmut.de\/?post_type=product&#038;p=224"},"modified":"2024-02-25T12:37:46","modified_gmt":"2024-02-25T11:37:46","slug":"100-teststreifen-diabetes-ketose-urintest-fuer-harnzucker-glukose-erkennung-ph","status":"publish","type":"product","link":"https:\/\/www.bmut.de\/it\/product\/100-teststreifen-diabetes-ketose-urintest-fuer-harnzucker-glukose-erkennung-ph\/","title":{"rendered":"100 Urinanalyseteststreifen 10in1 Indikatoren Teststreifen in Ern\u00e4hrungsfragen \u2013 Ketose Urintest Glukose Erkennung pH &#8222;Gesundheitstest&#8220;"},"content":{"rendered":"<p><strong>Zweck:<\/strong><\/p>\n<p>Urinanalyseteststreifen zum Testen von Urin in Ern\u00e4hrungsfragen. Exzellente Qualit\u00e4t &#8211; hohe Sensitivit\u00e4t &#8211; hohe Genauigkeit &#8211; f\u00fcr komplexe Analysen geeignet.<\/p>\n<p><strong>Anleitung:<\/strong><\/p>\n<p>1. Tauchen Sei den Streifen\u00a02 Sekunden lang in Urin und nehmen Sie diesen sofort heraus.<\/p>\n<p>2. Entfernen Sie \u00fcbersch\u00fcssigen Urin am Rand des Streifens und halten Sie diesen 30 Sekunden lang horizontal.<\/p>\n<p>3. Vergleichen Sie die Streifenfarbe mit der Farbkarte auf dem Flaschenetikett. Achten Sie darauf den richtigen Parameter zur richtigen Zeit zu lesen.<\/p>\n<p>&nbsp;<\/p>\n<p><strong>Misure:<\/strong><\/p>\n<ol>\n<li>Leukozyten<\/li>\n<li>Nitriti<\/li>\n<li>Urobilinogen<\/li>\n<li>Protein<\/li>\n<li>pH<\/li>\n<li>Blut<\/li>\n<li>Spezifisches Gewicht<\/li>\n<li>Ketone<\/li>\n<li>Bilirubin<\/li>\n<li>Glucose<\/li>\n<\/ol>\n<p>100x Gesundheitstest 10in1 Urin Teststreifen f\u00fcr 10 Indikatoren. Urinanalyseteststreifen zum Testen von Urin in Ern\u00e4hrungsfragen. Exzellente Qualit\u00e4t &#8211; hohe Sensitivit\u00e4t &#8211; hohe Genauigkeit &#8211; f\u00fcr komplexe Analysen geeignet.Dieser Test ist kein Ersatz f\u00fcr einen Arztbesuch. Dieses Produkt eignet sich nicht zur Diagnose von Krankheiten, inbegriffen der Bestimmung des Gesundheitszustandes, der Linderung, Heilung, Behandlung oder Vorbeugung von Krankheiten oder den daraus resultierenden Zust\u00e4nden. Nur zur Anwendung in Ern\u00e4hrungsfragen.<\/p>\n<p>&nbsp;<\/p>","protected":false},"excerpt":{"rendered":"<ul>\n<li>Affidabile<\/li>\n<li>Lunga Durata<\/li>\n<li>Spedizione entro 24 ore<\/li>\n<li>Confezione Discreta<\/li>\n<\/ul>","protected":false},"featured_media":10079,"comment_status":"open","ping_status":"closed","template":"","meta":[],"product_brand":[],"product_cat":[18],"product_tag":[133,132,134],"class_list":{"0":"post-224","1":"product","2":"type-product","3":"status-publish","4":"has-post-thumbnail","6":"product_cat-urintests","7":"product_tag-10in1","8":"product_tag-gesundheitstest","9":"product_tag-ketone-teststreifen","10":"product_shipping_class-kostenlos","12":"first","13":"instock","14":"taxable","15":"shipping-taxable","16":"purchasable","17":"product-type-simple","18":"czr-hentry"},"yoast_head":"<!-- This site is optimized with the Yoast SEO plugin v27.5 - https:\/\/yoast.com\/product\/yoast-seo-wordpress\/ -->\n<title>100 Urinanalyseteststreifen 10in1 Indikatoren Teststreifen in Ern\u00e4hrungsfragen \u2013 Ketose Urintest Glukose Erkennung pH &quot;Gesundheitstest&quot; - BMUT\u00ae<\/title>\n<meta name=\"description\" content=\"Urinteststreifen &amp; Urinanalyse mit 10 Indikatoren, wie spezifisches Gewicht im Urin, Bilirubin, Keton, Protein, Urobilinogen, Nitrit, Leukoz.\" \/>\n<meta name=\"robots\" content=\"index, follow, max-snippet:-1, max-image-preview:large, max-video-preview:-1\" \/>\n<link rel=\"canonical\" href=\"https:\/\/www.bmut.de\/it\/product\/100-teststreifen-diabetes-ketose-urintest-fuer-harnzucker-glukose-erkennung-ph\/\" \/>\n<meta property=\"og:locale\" content=\"it_IT\" \/>\n<meta property=\"og:type\" content=\"article\" \/>\n<meta property=\"og:title\" content=\"100 Urinanalyseteststreifen 10in1 Indikatoren Teststreifen in Ern\u00e4hrungsfragen \u2013 Ketose Urintest Glukose Erkennung pH &quot;Gesundheitstest&quot; - BMUT\u00ae\" \/>\n<meta property=\"og:description\" content=\"Urinteststreifen &amp; Urinanalyse mit 10 Indikatoren, wie spezifisches Gewicht im Urin, Bilirubin, Keton, Protein, Urobilinogen, Nitrit, Leukoz.\" \/>\n<meta property=\"og:url\" content=\"https:\/\/www.bmut.de\/it\/product\/100-teststreifen-diabetes-ketose-urintest-fuer-harnzucker-glukose-erkennung-ph\/\" \/>\n<meta property=\"og:site_name\" content=\"BMUT\u00ae\" \/>\n<meta property=\"article:modified_time\" content=\"2024-02-25T11:37:46+00:00\" \/>\n<meta property=\"og:image\" content=\"https:\/\/www.bmut.de\/wp-content\/uploads\/2021\/09\/10in1_alle3_Gesundheitstest_klein.jpg\" \/>\n\t<meta property=\"og:image:width\" content=\"800\" \/>\n\t<meta property=\"og:image:height\" content=\"800\" \/>\n\t<meta property=\"og:image:type\" content=\"image\/jpeg\" \/>\n<meta name=\"twitter:card\" content=\"summary_large_image\" \/>\n<meta name=\"twitter:label1\" content=\"Tempo di lettura stimato\" \/>\n\t<meta name=\"twitter:data1\" content=\"1 minuto\" \/>\n<script type=\"application\/ld+json\" class=\"yoast-schema-graph\">{\"@context\":\"https:\\\/\\\/schema.org\",\"@graph\":[{\"@type\":\"WebPage\",\"@id\":\"https:\\\/\\\/www.bmut.de\\\/product\\\/100-teststreifen-diabetes-ketose-urintest-fuer-harnzucker-glukose-erkennung-ph\\\/\",\"url\":\"https:\\\/\\\/www.bmut.de\\\/product\\\/100-teststreifen-diabetes-ketose-urintest-fuer-harnzucker-glukose-erkennung-ph\\\/\",\"name\":\"100 Urinanalyseteststreifen 10in1 Indikatoren Teststreifen in Ern\u00e4hrungsfragen \u2013 Ketose Urintest Glukose Erkennung pH \\\"Gesundheitstest\\\" - BMUT\u00ae\",\"isPartOf\":{\"@id\":\"https:\\\/\\\/www.bmut.de\\\/#website\"},\"primaryImageOfPage\":{\"@id\":\"https:\\\/\\\/www.bmut.de\\\/product\\\/100-teststreifen-diabetes-ketose-urintest-fuer-harnzucker-glukose-erkennung-ph\\\/#primaryimage\"},\"image\":{\"@id\":\"https:\\\/\\\/www.bmut.de\\\/product\\\/100-teststreifen-diabetes-ketose-urintest-fuer-harnzucker-glukose-erkennung-ph\\\/#primaryimage\"},\"thumbnailUrl\":\"https:\\\/\\\/www.bmut.de\\\/wp-content\\\/uploads\\\/2021\\\/09\\\/10in1_alle3_Gesundheitstest_klein.jpg\",\"datePublished\":\"2021-09-12T10:06:52+00:00\",\"dateModified\":\"2024-02-25T11:37:46+00:00\",\"description\":\"Urinteststreifen & Urinanalyse mit 10 Indikatoren, wie spezifisches Gewicht im Urin, Bilirubin, Keton, Protein, Urobilinogen, Nitrit, Leukoz.\",\"breadcrumb\":{\"@id\":\"https:\\\/\\\/www.bmut.de\\\/product\\\/100-teststreifen-diabetes-ketose-urintest-fuer-harnzucker-glukose-erkennung-ph\\\/#breadcrumb\"},\"inLanguage\":\"it-IT\",\"potentialAction\":[{\"@type\":\"ReadAction\",\"target\":[\"https:\\\/\\\/www.bmut.de\\\/product\\\/100-teststreifen-diabetes-ketose-urintest-fuer-harnzucker-glukose-erkennung-ph\\\/\"]}]},{\"@type\":\"ImageObject\",\"inLanguage\":\"it-IT\",\"@id\":\"https:\\\/\\\/www.bmut.de\\\/product\\\/100-teststreifen-diabetes-ketose-urintest-fuer-harnzucker-glukose-erkennung-ph\\\/#primaryimage\",\"url\":\"https:\\\/\\\/www.bmut.de\\\/wp-content\\\/uploads\\\/2021\\\/09\\\/10in1_alle3_Gesundheitstest_klein.jpg\",\"contentUrl\":\"https:\\\/\\\/www.bmut.de\\\/wp-content\\\/uploads\\\/2021\\\/09\\\/10in1_alle3_Gesundheitstest_klein.jpg\",\"width\":800,\"height\":800},{\"@type\":\"BreadcrumbList\",\"@id\":\"https:\\\/\\\/www.bmut.de\\\/product\\\/100-teststreifen-diabetes-ketose-urintest-fuer-harnzucker-glukose-erkennung-ph\\\/#breadcrumb\",\"itemListElement\":[{\"@type\":\"ListItem\",\"position\":1,\"name\":\"Startseite\",\"item\":\"https:\\\/\\\/www.bmut.de\\\/\"},{\"@type\":\"ListItem\",\"position\":2,\"name\":\"Shop\",\"item\":\"https:\\\/\\\/www.bmut.de\\\/shop\\\/\"},{\"@type\":\"ListItem\",\"position\":3,\"name\":\"100 Urinanalyseteststreifen 10in1 Indikatoren Teststreifen in Ern\u00e4hrungsfragen \u2013 Ketose Urintest Glukose Erkennung pH &#8222;Gesundheitstest&#8220;\"}]},{\"@type\":\"WebSite\",\"@id\":\"https:\\\/\\\/www.bmut.de\\\/#website\",\"url\":\"https:\\\/\\\/www.bmut.de\\\/\",\"name\":\"BMUT\u00ae\",\"description\":\"\",\"potentialAction\":[{\"@type\":\"SearchAction\",\"target\":{\"@type\":\"EntryPoint\",\"urlTemplate\":\"https:\\\/\\\/www.bmut.de\\\/?s={search_term_string}\"},\"query-input\":{\"@type\":\"PropertyValueSpecification\",\"valueRequired\":true,\"valueName\":\"search_term_string\"}}],\"inLanguage\":\"it-IT\"}]}<\/script>\n<!-- \/ Yoast SEO plugin. -->","yoast_head_json":{"title":"100 Urinanalyseteststreifen 10in1 Indikatoren Teststreifen in Ern\u00e4hrungsfragen \u2013 Ketose Urintest Glukose Erkennung pH \"Gesundheitstest\" - BMUT\u00ae","description":"Urinteststreifen & Urinanalyse mit 10 Indikatoren, wie spezifisches Gewicht im Urin, Bilirubin, Keton, Protein, Urobilinogen, Nitrit, Leukoz.","robots":{"index":"index","follow":"follow","max-snippet":"max-snippet:-1","max-image-preview":"max-image-preview:large","max-video-preview":"max-video-preview:-1"},"canonical":"https:\/\/www.bmut.de\/it\/product\/100-teststreifen-diabetes-ketose-urintest-fuer-harnzucker-glukose-erkennung-ph\/","og_locale":"it_IT","og_type":"article","og_title":"100 Urinanalyseteststreifen 10in1 Indikatoren Teststreifen in Ern\u00e4hrungsfragen \u2013 Ketose Urintest Glukose Erkennung pH \"Gesundheitstest\" - BMUT\u00ae","og_description":"Urinteststreifen & Urinanalyse mit 10 Indikatoren, wie spezifisches Gewicht im Urin, Bilirubin, Keton, Protein, Urobilinogen, Nitrit, Leukoz.","og_url":"https:\/\/www.bmut.de\/it\/product\/100-teststreifen-diabetes-ketose-urintest-fuer-harnzucker-glukose-erkennung-ph\/","og_site_name":"BMUT\u00ae","article_modified_time":"2024-02-25T11:37:46+00:00","og_image":[{"width":800,"height":800,"url":"https:\/\/www.bmut.de\/wp-content\/uploads\/2021\/09\/10in1_alle3_Gesundheitstest_klein.jpg","type":"image\/jpeg"}],"twitter_card":"summary_large_image","twitter_misc":{"Tempo di lettura stimato":"1 minuto"},"schema":{"@context":"https:\/\/schema.org","@graph":[{"@type":"WebPage","@id":"https:\/\/www.bmut.de\/product\/100-teststreifen-diabetes-ketose-urintest-fuer-harnzucker-glukose-erkennung-ph\/","url":"https:\/\/www.bmut.de\/product\/100-teststreifen-diabetes-ketose-urintest-fuer-harnzucker-glukose-erkennung-ph\/","name":"100 Urinanalyseteststreifen 10in1 Indikatoren Teststreifen in Ern\u00e4hrungsfragen \u2013 Ketose Urintest Glukose Erkennung pH \"Gesundheitstest\" - BMUT\u00ae","isPartOf":{"@id":"https:\/\/www.bmut.de\/#website"},"primaryImageOfPage":{"@id":"https:\/\/www.bmut.de\/product\/100-teststreifen-diabetes-ketose-urintest-fuer-harnzucker-glukose-erkennung-ph\/#primaryimage"},"image":{"@id":"https:\/\/www.bmut.de\/product\/100-teststreifen-diabetes-ketose-urintest-fuer-harnzucker-glukose-erkennung-ph\/#primaryimage"},"thumbnailUrl":"https:\/\/www.bmut.de\/wp-content\/uploads\/2021\/09\/10in1_alle3_Gesundheitstest_klein.jpg","datePublished":"2021-09-12T10:06:52+00:00","dateModified":"2024-02-25T11:37:46+00:00","description":"Urinteststreifen & Urinanalyse mit 10 Indikatoren, wie spezifisches Gewicht im Urin, Bilirubin, Keton, Protein, Urobilinogen, Nitrit, Leukoz.","breadcrumb":{"@id":"https:\/\/www.bmut.de\/product\/100-teststreifen-diabetes-ketose-urintest-fuer-harnzucker-glukose-erkennung-ph\/#breadcrumb"},"inLanguage":"it-IT","potentialAction":[{"@type":"ReadAction","target":["https:\/\/www.bmut.de\/product\/100-teststreifen-diabetes-ketose-urintest-fuer-harnzucker-glukose-erkennung-ph\/"]}]},{"@type":"ImageObject","inLanguage":"it-IT","@id":"https:\/\/www.bmut.de\/product\/100-teststreifen-diabetes-ketose-urintest-fuer-harnzucker-glukose-erkennung-ph\/#primaryimage","url":"https:\/\/www.bmut.de\/wp-content\/uploads\/2021\/09\/10in1_alle3_Gesundheitstest_klein.jpg","contentUrl":"https:\/\/www.bmut.de\/wp-content\/uploads\/2021\/09\/10in1_alle3_Gesundheitstest_klein.jpg","width":800,"height":800},{"@type":"BreadcrumbList","@id":"https:\/\/www.bmut.de\/product\/100-teststreifen-diabetes-ketose-urintest-fuer-harnzucker-glukose-erkennung-ph\/#breadcrumb","itemListElement":[{"@type":"ListItem","position":1,"name":"Startseite","item":"https:\/\/www.bmut.de\/"},{"@type":"ListItem","position":2,"name":"Shop","item":"https:\/\/www.bmut.de\/shop\/"},{"@type":"ListItem","position":3,"name":"100 Urinanalyseteststreifen 10in1 Indikatoren Teststreifen in Ern\u00e4hrungsfragen \u2013 Ketose Urintest Glukose Erkennung pH &#8222;Gesundheitstest&#8220;"}]},{"@type":"WebSite","@id":"https:\/\/www.bmut.de\/#website","url":"https:\/\/www.bmut.de\/","name":"BMUT\u00ae","description":"","potentialAction":[{"@type":"SearchAction","target":{"@type":"EntryPoint","urlTemplate":"https:\/\/www.bmut.de\/?s={search_term_string}"},"query-input":{"@type":"PropertyValueSpecification","valueRequired":true,"valueName":"search_term_string"}}],"inLanguage":"it-IT"}]}},"jetpack_sharing_enabled":true,"_links":{"self":[{"href":"https:\/\/www.bmut.de\/it\/wp-json\/wp\/v2\/product\/224","targetHints":{"allow":["GET"]}}],"collection":[{"href":"https:\/\/www.bmut.de\/it\/wp-json\/wp\/v2\/product"}],"about":[{"href":"https:\/\/www.bmut.de\/it\/wp-json\/wp\/v2\/types\/product"}],"replies":[{"embeddable":true,"href":"https:\/\/www.bmut.de\/it\/wp-json\/wp\/v2\/comments?post=224"}],"wp:featuredmedia":[{"embeddable":true,"href":"https:\/\/www.bmut.de\/it\/wp-json\/wp\/v2\/media\/10079"}],"wp:attachment":[{"href":"https:\/\/www.bmut.de\/it\/wp-json\/wp\/v2\/media?parent=224"}],"wp:term":[{"taxonomy":"product_brand","embeddable":true,"href":"https:\/\/www.bmut.de\/it\/wp-json\/wp\/v2\/product_brand?post=224"},{"taxonomy":"product_cat","embeddable":true,"href":"https:\/\/www.bmut.de\/it\/wp-json\/wp\/v2\/product_cat?post=224"},{"taxonomy":"product_tag","embeddable":true,"href":"https:\/\/www.bmut.de\/it\/wp-json\/wp\/v2\/product_tag?post=224"}],"curies":[{"name":"wp","href":"https:\/\/api.w.org\/{rel}","templated":true}]}}