{"id":2493,"date":"2022-03-15T18:04:28","date_gmt":"2022-03-15T17:04:28","guid":{"rendered":"https:\/\/www.bmut.de\/?post_type=product&#038;p=2493"},"modified":"2024-03-23T23:59:16","modified_gmt":"2024-03-23T22:59:16","slug":"100x-16in1-trinkwasser-teststreifen-fuer-leitungswasser-wasserqualitaet-analyse-gesamthaerte-eisen-blei-kupfer-nitrat-etc","status":"publish","type":"product","link":"https:\/\/www.bmut.de\/it\/product\/100x-16in1-trinkwasser-teststreifen-fuer-leitungswasser-wasserqualitaet-analyse-gesamthaerte-eisen-blei-kupfer-nitrat-etc\/","title":{"rendered":"100x 16in1 acqua potabile strisce reattive per l&#039;acqua, la qualit\u00e0 dell&#039;acqua di analisi, durezza totale, ferro, piombo, rame, nitrato, etc."},"content":{"rendered":"<ul class=\"a-unordered-list a-vertical a-spacing-mini\">\n<li><span class=\"a-list-item\"> Chiara: In tedesco e In inglese<\/span><\/li>\n<li><span class=\"a-list-item\"> 16 parametri con una striscia di test \u2013 16in1 <\/span><\/li>\n<li><span class=\"a-list-item\"> Controllare La Vostra Acqua Potabile. Direttamente dal rubinetto o un Filtro <\/span><\/li>\n<li><span class=\"a-list-item\"> Uso alternativo per la Piscina\/piscina <\/span><\/li>\n<li><span class=\"a-list-item\"> I seguenti parametri possono essere testati: <\/span><\/li>\n<\/ul>\n<ol>\n<li><span class=\"a-list-item\">La Durezza Totale<\/span><\/li>\n<li><span class=\"a-list-item\">Cloro Libero<\/span><\/li>\n<li><span class=\"a-list-item\">Ferro da stiro<\/span><\/li>\n<li><span class=\"a-list-item\">Rame<\/span><\/li>\n<li><span class=\"a-list-item\">Piombo<\/span><\/li>\n<li><span class=\"a-list-item\">Nitrati<\/span><\/li>\n<li><span class=\"a-list-item\">Nitriti<\/span><\/li>\n<li><span class=\"a-list-item\">Monopersolfato di potassio<\/span><\/li>\n<li><span class=\"a-list-item\">Cloro totale<\/span><\/li>\n<li><span class=\"a-list-item\">Fluoruro, <\/span><\/li>\n<li><span class=\"a-list-item\">Acido cianurico<\/span><\/li>\n<li><span class=\"a-list-item\">Cloruro di ammonio<\/span><\/li>\n<li><span class=\"a-list-item\">Bromo<\/span><\/li>\n<li><span class=\"a-list-item\">L&#039;Alcalinit\u00e0 Totale<\/span><\/li>\n<li><span class=\"a-list-item\">Carbonati<\/span><\/li>\n<li><span class=\"a-list-item\">pH <\/span><\/li>\n<\/ol>\n<ul class=\"a-unordered-list a-vertical a-spacing-mini\">\n<li><span class=\"a-list-item\"> CE-Certificato<\/span><\/li>\n<li><span class=\"a-list-item\"> BMUT qualit\u00e0 <\/span><\/li>\n<li><span class=\"a-list-item\"> Istruzioni destra sull&#039;etichetta nella loro lingua <\/span><\/li>\n<\/ul>","protected":false},"excerpt":{"rendered":"<ul>\n<li>16 parametri con una striscia di test<\/li>\n<li>Contenuti per Tubo: 100 strisce reattive, ermeticamente sigillato<\/li>\n<li>Affidabile<\/li>\n<li>Lunga Durata<\/li>\n<li>Spedizione entro 24 ore<\/li>\n<li>CE-Certificato<\/li>\n<li>Confezione Discreta<\/li>\n<\/ul>","protected":false},"featured_media":2494,"comment_status":"open","ping_status":"closed","template":"","meta":[],"product_brand":[],"product_cat":[17],"product_tag":[83,85,86,84],"class_list":{"0":"post-2493","1":"product","2":"type-product","3":"status-publish","4":"has-post-thumbnail","6":"product_cat-wassertests","7":"product_tag-16in1-trinkwassertest","8":"product_tag-blei-testen-trinkwasser","9":"product_tag-kupfer-im-leitungswasser","10":"product_tag-leitungswasser-testen","11":"product_shipping_class-kostenlos","13":"first","14":"instock","15":"taxable","16":"shipping-taxable","17":"purchasable","18":"product-type-simple","19":"czr-hentry"},"yoast_head":"<!-- This site is optimized with the Yoast SEO plugin v27.4 - https:\/\/yoast.com\/product\/yoast-seo-wordpress\/ -->\n<title>100x 16in1 Trinkwasser Teststreifen f\u00fcr Leitungswasser Wasserqualit\u00e4t Analyse Gesamth\u00e4rte Eisen, Blei Kupfer Nitrat etc. - BMUT\u00ae<\/title>\n<meta name=\"robots\" content=\"index, follow, max-snippet:-1, max-image-preview:large, max-video-preview:-1\" \/>\n<link rel=\"canonical\" href=\"https:\/\/www.bmut.de\/it\/product\/100x-16in1-trinkwasser-teststreifen-fuer-leitungswasser-wasserqualitaet-analyse-gesamthaerte-eisen-blei-kupfer-nitrat-etc\/\" \/>\n<meta property=\"og:locale\" content=\"it_IT\" \/>\n<meta property=\"og:type\" content=\"article\" \/>\n<meta property=\"og:title\" content=\"100x 16in1 Trinkwasser Teststreifen f\u00fcr Leitungswasser Wasserqualit\u00e4t Analyse Gesamth\u00e4rte Eisen, Blei Kupfer Nitrat etc. - BMUT\u00ae\" \/>\n<meta property=\"og:description\" content=\"16 Parameter mit einem Teststreifen  Inhalt pro Tube: 100 Teststreifen, luftdicht versiegelt  Zuverl\u00e4ssig  Lange Haltbarkeit  Versand innerhalb 24h  CE-Zertifiziert  Diskrete Verpackung\" \/>\n<meta property=\"og:url\" content=\"https:\/\/www.bmut.de\/it\/product\/100x-16in1-trinkwasser-teststreifen-fuer-leitungswasser-wasserqualitaet-analyse-gesamthaerte-eisen-blei-kupfer-nitrat-etc\/\" \/>\n<meta property=\"og:site_name\" content=\"BMUT\u00ae\" \/>\n<meta property=\"article:modified_time\" content=\"2024-03-23T22:59:16+00:00\" \/>\n<meta property=\"og:image\" content=\"https:\/\/www.bmut.de\/wp-content\/uploads\/2022\/03\/Trinkwasser_Teststreifen.jpg\" \/>\n\t<meta property=\"og:image:width\" content=\"1080\" \/>\n\t<meta property=\"og:image:height\" content=\"1080\" \/>\n\t<meta property=\"og:image:type\" content=\"image\/jpeg\" \/>\n<meta name=\"twitter:card\" content=\"summary_large_image\" \/>\n<meta name=\"twitter:label1\" content=\"Tempo di lettura stimato\" \/>\n\t<meta name=\"twitter:data1\" content=\"1 minuto\" \/>\n<script type=\"application\/ld+json\" class=\"yoast-schema-graph\">{\"@context\":\"https:\\\/\\\/schema.org\",\"@graph\":[{\"@type\":\"WebPage\",\"@id\":\"https:\\\/\\\/www.bmut.de\\\/product\\\/100x-16in1-trinkwasser-teststreifen-fuer-leitungswasser-wasserqualitaet-analyse-gesamthaerte-eisen-blei-kupfer-nitrat-etc\\\/\",\"url\":\"https:\\\/\\\/www.bmut.de\\\/product\\\/100x-16in1-trinkwasser-teststreifen-fuer-leitungswasser-wasserqualitaet-analyse-gesamthaerte-eisen-blei-kupfer-nitrat-etc\\\/\",\"name\":\"100x 16in1 Trinkwasser Teststreifen f\u00fcr Leitungswasser Wasserqualit\u00e4t Analyse Gesamth\u00e4rte Eisen, Blei Kupfer Nitrat etc. - BMUT\u00ae\",\"isPartOf\":{\"@id\":\"https:\\\/\\\/www.bmut.de\\\/#website\"},\"primaryImageOfPage\":{\"@id\":\"https:\\\/\\\/www.bmut.de\\\/product\\\/100x-16in1-trinkwasser-teststreifen-fuer-leitungswasser-wasserqualitaet-analyse-gesamthaerte-eisen-blei-kupfer-nitrat-etc\\\/#primaryimage\"},\"image\":{\"@id\":\"https:\\\/\\\/www.bmut.de\\\/product\\\/100x-16in1-trinkwasser-teststreifen-fuer-leitungswasser-wasserqualitaet-analyse-gesamthaerte-eisen-blei-kupfer-nitrat-etc\\\/#primaryimage\"},\"thumbnailUrl\":\"https:\\\/\\\/www.bmut.de\\\/wp-content\\\/uploads\\\/2022\\\/03\\\/Trinkwasser_Teststreifen.jpg\",\"datePublished\":\"2022-03-15T17:04:28+00:00\",\"dateModified\":\"2024-03-23T22:59:16+00:00\",\"breadcrumb\":{\"@id\":\"https:\\\/\\\/www.bmut.de\\\/product\\\/100x-16in1-trinkwasser-teststreifen-fuer-leitungswasser-wasserqualitaet-analyse-gesamthaerte-eisen-blei-kupfer-nitrat-etc\\\/#breadcrumb\"},\"inLanguage\":\"it-IT\",\"potentialAction\":[{\"@type\":\"ReadAction\",\"target\":[\"https:\\\/\\\/www.bmut.de\\\/product\\\/100x-16in1-trinkwasser-teststreifen-fuer-leitungswasser-wasserqualitaet-analyse-gesamthaerte-eisen-blei-kupfer-nitrat-etc\\\/\"]}]},{\"@type\":\"ImageObject\",\"inLanguage\":\"it-IT\",\"@id\":\"https:\\\/\\\/www.bmut.de\\\/product\\\/100x-16in1-trinkwasser-teststreifen-fuer-leitungswasser-wasserqualitaet-analyse-gesamthaerte-eisen-blei-kupfer-nitrat-etc\\\/#primaryimage\",\"url\":\"https:\\\/\\\/www.bmut.de\\\/wp-content\\\/uploads\\\/2022\\\/03\\\/Trinkwasser_Teststreifen.jpg\",\"contentUrl\":\"https:\\\/\\\/www.bmut.de\\\/wp-content\\\/uploads\\\/2022\\\/03\\\/Trinkwasser_Teststreifen.jpg\",\"width\":1080,\"height\":1080},{\"@type\":\"BreadcrumbList\",\"@id\":\"https:\\\/\\\/www.bmut.de\\\/product\\\/100x-16in1-trinkwasser-teststreifen-fuer-leitungswasser-wasserqualitaet-analyse-gesamthaerte-eisen-blei-kupfer-nitrat-etc\\\/#breadcrumb\",\"itemListElement\":[{\"@type\":\"ListItem\",\"position\":1,\"name\":\"Startseite\",\"item\":\"https:\\\/\\\/www.bmut.de\\\/\"},{\"@type\":\"ListItem\",\"position\":2,\"name\":\"Shop\",\"item\":\"https:\\\/\\\/www.bmut.de\\\/shop\\\/\"},{\"@type\":\"ListItem\",\"position\":3,\"name\":\"100x 16in1 Trinkwasser Teststreifen f\u00fcr Leitungswasser Wasserqualit\u00e4t Analyse Gesamth\u00e4rte Eisen, Blei Kupfer Nitrat etc.\"}]},{\"@type\":\"WebSite\",\"@id\":\"https:\\\/\\\/www.bmut.de\\\/#website\",\"url\":\"https:\\\/\\\/www.bmut.de\\\/\",\"name\":\"BMUT\u00ae\",\"description\":\"\",\"potentialAction\":[{\"@type\":\"SearchAction\",\"target\":{\"@type\":\"EntryPoint\",\"urlTemplate\":\"https:\\\/\\\/www.bmut.de\\\/?s={search_term_string}\"},\"query-input\":{\"@type\":\"PropertyValueSpecification\",\"valueRequired\":true,\"valueName\":\"search_term_string\"}}],\"inLanguage\":\"it-IT\"}]}<\/script>\n<!-- \/ Yoast SEO plugin. -->","yoast_head_json":{"title":"100x 16in1 Trinkwasser Teststreifen f\u00fcr Leitungswasser Wasserqualit\u00e4t Analyse Gesamth\u00e4rte Eisen, Blei Kupfer Nitrat etc. - BMUT\u00ae","robots":{"index":"index","follow":"follow","max-snippet":"max-snippet:-1","max-image-preview":"max-image-preview:large","max-video-preview":"max-video-preview:-1"},"canonical":"https:\/\/www.bmut.de\/it\/product\/100x-16in1-trinkwasser-teststreifen-fuer-leitungswasser-wasserqualitaet-analyse-gesamthaerte-eisen-blei-kupfer-nitrat-etc\/","og_locale":"it_IT","og_type":"article","og_title":"100x 16in1 Trinkwasser Teststreifen f\u00fcr Leitungswasser Wasserqualit\u00e4t Analyse Gesamth\u00e4rte Eisen, Blei Kupfer Nitrat etc. - BMUT\u00ae","og_description":"16 Parameter mit einem Teststreifen  Inhalt pro Tube: 100 Teststreifen, luftdicht versiegelt  Zuverl\u00e4ssig  Lange Haltbarkeit  Versand innerhalb 24h  CE-Zertifiziert  Diskrete Verpackung","og_url":"https:\/\/www.bmut.de\/it\/product\/100x-16in1-trinkwasser-teststreifen-fuer-leitungswasser-wasserqualitaet-analyse-gesamthaerte-eisen-blei-kupfer-nitrat-etc\/","og_site_name":"BMUT\u00ae","article_modified_time":"2024-03-23T22:59:16+00:00","og_image":[{"width":1080,"height":1080,"url":"https:\/\/www.bmut.de\/wp-content\/uploads\/2022\/03\/Trinkwasser_Teststreifen.jpg","type":"image\/jpeg"}],"twitter_card":"summary_large_image","twitter_misc":{"Tempo di lettura stimato":"1 minuto"},"schema":{"@context":"https:\/\/schema.org","@graph":[{"@type":"WebPage","@id":"https:\/\/www.bmut.de\/product\/100x-16in1-trinkwasser-teststreifen-fuer-leitungswasser-wasserqualitaet-analyse-gesamthaerte-eisen-blei-kupfer-nitrat-etc\/","url":"https:\/\/www.bmut.de\/product\/100x-16in1-trinkwasser-teststreifen-fuer-leitungswasser-wasserqualitaet-analyse-gesamthaerte-eisen-blei-kupfer-nitrat-etc\/","name":"100x 16in1 Trinkwasser Teststreifen f\u00fcr Leitungswasser Wasserqualit\u00e4t Analyse Gesamth\u00e4rte Eisen, Blei Kupfer Nitrat etc. - BMUT\u00ae","isPartOf":{"@id":"https:\/\/www.bmut.de\/#website"},"primaryImageOfPage":{"@id":"https:\/\/www.bmut.de\/product\/100x-16in1-trinkwasser-teststreifen-fuer-leitungswasser-wasserqualitaet-analyse-gesamthaerte-eisen-blei-kupfer-nitrat-etc\/#primaryimage"},"image":{"@id":"https:\/\/www.bmut.de\/product\/100x-16in1-trinkwasser-teststreifen-fuer-leitungswasser-wasserqualitaet-analyse-gesamthaerte-eisen-blei-kupfer-nitrat-etc\/#primaryimage"},"thumbnailUrl":"https:\/\/www.bmut.de\/wp-content\/uploads\/2022\/03\/Trinkwasser_Teststreifen.jpg","datePublished":"2022-03-15T17:04:28+00:00","dateModified":"2024-03-23T22:59:16+00:00","breadcrumb":{"@id":"https:\/\/www.bmut.de\/product\/100x-16in1-trinkwasser-teststreifen-fuer-leitungswasser-wasserqualitaet-analyse-gesamthaerte-eisen-blei-kupfer-nitrat-etc\/#breadcrumb"},"inLanguage":"it-IT","potentialAction":[{"@type":"ReadAction","target":["https:\/\/www.bmut.de\/product\/100x-16in1-trinkwasser-teststreifen-fuer-leitungswasser-wasserqualitaet-analyse-gesamthaerte-eisen-blei-kupfer-nitrat-etc\/"]}]},{"@type":"ImageObject","inLanguage":"it-IT","@id":"https:\/\/www.bmut.de\/product\/100x-16in1-trinkwasser-teststreifen-fuer-leitungswasser-wasserqualitaet-analyse-gesamthaerte-eisen-blei-kupfer-nitrat-etc\/#primaryimage","url":"https:\/\/www.bmut.de\/wp-content\/uploads\/2022\/03\/Trinkwasser_Teststreifen.jpg","contentUrl":"https:\/\/www.bmut.de\/wp-content\/uploads\/2022\/03\/Trinkwasser_Teststreifen.jpg","width":1080,"height":1080},{"@type":"BreadcrumbList","@id":"https:\/\/www.bmut.de\/product\/100x-16in1-trinkwasser-teststreifen-fuer-leitungswasser-wasserqualitaet-analyse-gesamthaerte-eisen-blei-kupfer-nitrat-etc\/#breadcrumb","itemListElement":[{"@type":"ListItem","position":1,"name":"Startseite","item":"https:\/\/www.bmut.de\/"},{"@type":"ListItem","position":2,"name":"Shop","item":"https:\/\/www.bmut.de\/shop\/"},{"@type":"ListItem","position":3,"name":"100x 16in1 Trinkwasser Teststreifen f\u00fcr Leitungswasser Wasserqualit\u00e4t Analyse Gesamth\u00e4rte Eisen, Blei Kupfer Nitrat etc."}]},{"@type":"WebSite","@id":"https:\/\/www.bmut.de\/#website","url":"https:\/\/www.bmut.de\/","name":"BMUT\u00ae","description":"","potentialAction":[{"@type":"SearchAction","target":{"@type":"EntryPoint","urlTemplate":"https:\/\/www.bmut.de\/?s={search_term_string}"},"query-input":{"@type":"PropertyValueSpecification","valueRequired":true,"valueName":"search_term_string"}}],"inLanguage":"it-IT"}]}},"jetpack_sharing_enabled":true,"_links":{"self":[{"href":"https:\/\/www.bmut.de\/it\/wp-json\/wp\/v2\/product\/2493","targetHints":{"allow":["GET"]}}],"collection":[{"href":"https:\/\/www.bmut.de\/it\/wp-json\/wp\/v2\/product"}],"about":[{"href":"https:\/\/www.bmut.de\/it\/wp-json\/wp\/v2\/types\/product"}],"replies":[{"embeddable":true,"href":"https:\/\/www.bmut.de\/it\/wp-json\/wp\/v2\/comments?post=2493"}],"wp:featuredmedia":[{"embeddable":true,"href":"https:\/\/www.bmut.de\/it\/wp-json\/wp\/v2\/media\/2494"}],"wp:attachment":[{"href":"https:\/\/www.bmut.de\/it\/wp-json\/wp\/v2\/media?parent=2493"}],"wp:term":[{"taxonomy":"product_brand","embeddable":true,"href":"https:\/\/www.bmut.de\/it\/wp-json\/wp\/v2\/product_brand?post=2493"},{"taxonomy":"product_cat","embeddable":true,"href":"https:\/\/www.bmut.de\/it\/wp-json\/wp\/v2\/product_cat?post=2493"},{"taxonomy":"product_tag","embeddable":true,"href":"https:\/\/www.bmut.de\/it\/wp-json\/wp\/v2\/product_tag?post=2493"}],"curies":[{"name":"wp","href":"https:\/\/api.w.org\/{rel}","templated":true}]}}