{"id":316,"date":"2021-09-13T17:13:42","date_gmt":"2021-09-13T15:13:42","guid":{"rendered":"https:\/\/www.bmut.de\/?post_type=product&#038;p=316"},"modified":"2024-10-09T16:19:37","modified_gmt":"2024-10-09T14:19:37","slug":"5x-drogenschnelltest-drogentest-urin-7-multi-kokain-thc-amphetamine-u-v-m","status":"publish","type":"product","link":"https:\/\/www.bmut.de\/it\/product\/5x-drogenschnelltest-drogentest-urin-7-multi-kokain-thc-amphetamine-u-v-m\/","title":{"rendered":"5x test di droga, droga test 7 Multi (cocaina, THC, anfetamine, ecc.)"},"content":{"rendered":"<p style=\"font-weight: 400;\"><b><strong>Descrizione del prodotto:<\/strong><\/b><\/p>\n<p style=\"font-weight: 400;\"><b><strong>Droga test Multi per 7 tipi di Droghe in qualit\u00e0 di legale di scienza\/ricerca<\/strong><\/b><\/p>\n<p style=\"font-weight: 400;\">Il drug-test Multi per 7 tipi di prova della Droga di 7 diversi farmaci da pi\u00f9 di una striscia di prova in un test della cartuccia. Questo \u00e8 con il 100% di Conformit\u00e0 con il metodo di riferimento del laboratorio (GC\/MS). Questo prodotto non \u00e8 adatto solo per la scienza forense e di ricerca, per scopi diagnostici. Non \u00c8 Un Prodotto Medicale.<\/p>\n<p style=\"font-weight: 400;\"><b><strong>Sostanze che possono essere rilevati con la droga-test:<\/strong><\/b><\/p>\n<ul style=\"font-weight: 400;\">\n<li>La cocaina (300 ng\/ml)<\/li>\n<li>Oppiacei (2000 ng\/ml)<\/li>\n<li>MDMA (Ecstasy) (500 ng\/ml)<\/li>\n<li>Le anfetamine (1000 ng\/ml)<\/li>\n<li>La metanfetamina\/Cristallo (1000 ng\/ml)<\/li>\n<li>THC \u2013 cannabinoidi (50 ng\/ml)<\/li>\n<li>Metadone (300 ng\/ml)<\/li>\n<\/ul>\n<p style=\"font-weight: 400;\"><b><strong>Attuazione:<\/strong><\/b><\/p>\n<ol>\n<li style=\"font-weight: 400;\">La cassetta di test, nonch\u00e9 campione\/liquido deve essere portato davanti a un impiego a temperatura ambiente.<\/li>\n<li style=\"font-weight: 400;\">Rimuovere la cassetta test dalla confezione e rimuovere il cassetto parte inferiore del test.<\/li>\n<li style=\"font-weight: 400;\">Non immergere la striscia di test con la freccia in gi\u00f9 nel campione. Estrarre la striscia di test dopo 10 secondi e laici la prova tv su un panno pulito, asciutto, superfici non assorbenti, leggendo tra i 3 e i 5 minuti\n<p style=\"font-weight: 400;\"><b><strong>Il risultato della prova di lettura:<\/strong><\/b><\/p>\n<p style=\"font-weight: 400;\">Nell&#039;area di controllo di prova, cassette, tre risultati sono riportati:<\/p>\n<ol>\n<li style=\"font-weight: 400;\">Negativo:la linea nella zona di controllo (C) e (T)<\/li>\n<li style=\"font-weight: 400;\">Effetto positivo:la linea nella zona di controllo (T)<\/li>\n<li style=\"font-weight: 400;\">Non valido: Nessuna linea dell&#039;area di controllo<\/li>\n<\/ol>\n<p style=\"font-weight: 400;\"><b><strong>Volume di consegna:<\/strong><\/b><\/p>\n<p style=\"font-weight: 400;\">5 x test di cassetta<\/p>\n<p style=\"font-weight: 400;\">5 x descrizione del prodotto<\/p>\n<p style=\"font-weight: 400;\"><b><strong>Discrezione: La spedizione avviene in opaco confezione per proteggere la vostra privacy.<\/strong><\/b><\/p>\n<\/li>\n<\/ol>","protected":false},"excerpt":{"rendered":"<ul>\n<li>Affidabile<\/li>\n<li>Lunga Durata<\/li>\n<li>Spedizione entro 24 ore<\/li>\n<li>Confezione Discreta<\/li>\n<\/ul>","protected":false},"featured_media":2908,"comment_status":"open","ping_status":"closed","template":"","meta":[],"product_brand":[],"product_cat":[35,18],"product_tag":[],"class_list":{"0":"post-316","1":"product","2":"type-product","3":"status-publish","4":"has-post-thumbnail","6":"product_cat-urine-tests","7":"product_cat-urintests","8":"product_shipping_class-brief-letter","10":"first","11":"instock","12":"taxable","13":"shipping-taxable","14":"purchasable","15":"product-type-simple","16":"czr-hentry"},"yoast_head":"<!-- This site is optimized with the Yoast SEO plugin v27.4 - https:\/\/yoast.com\/product\/yoast-seo-wordpress\/ -->\n<title>5x Drogenschnelltest Drogentest 7 Multi (Kokain, THC, Amphetamine u.v.m) - BMUT\u00ae<\/title>\n<meta name=\"description\" content=\"Urin Multi Drogentest Schnelltest f\u00fcr Kokain, THC, Opiate, Ketamin, Amphetamine, Methamphetamine\/Crystal, Methadon. Teststreifen f\u00fcr Zuhause.\" \/>\n<meta name=\"robots\" content=\"index, follow, max-snippet:-1, max-image-preview:large, max-video-preview:-1\" \/>\n<link rel=\"canonical\" href=\"https:\/\/www.bmut.de\/it\/product\/5x-drogenschnelltest-drogentest-urin-7-multi-kokain-thc-amphetamine-u-v-m\/\" \/>\n<meta property=\"og:locale\" content=\"it_IT\" \/>\n<meta property=\"og:type\" content=\"article\" \/>\n<meta property=\"og:title\" content=\"5x Drogenschnelltest Drogentest 7 Multi (Kokain, THC, Amphetamine u.v.m) - BMUT\u00ae\" \/>\n<meta property=\"og:description\" content=\"Urin Multi Drogentest Schnelltest f\u00fcr Kokain, THC, Opiate, Ketamin, Amphetamine, Methamphetamine\/Crystal, Methadon. Teststreifen f\u00fcr Zuhause.\" \/>\n<meta property=\"og:url\" content=\"https:\/\/www.bmut.de\/it\/product\/5x-drogenschnelltest-drogentest-urin-7-multi-kokain-thc-amphetamine-u-v-m\/\" \/>\n<meta property=\"og:site_name\" content=\"BMUT\u00ae\" \/>\n<meta property=\"article:modified_time\" content=\"2024-10-09T14:19:37+00:00\" \/>\n<meta property=\"og:image\" content=\"https:\/\/www.bmut.de\/wp-content\/uploads\/2022\/04\/vorne_multi_.jpg\" \/>\n\t<meta property=\"og:image:width\" content=\"1400\" \/>\n\t<meta property=\"og:image:height\" content=\"1400\" \/>\n\t<meta property=\"og:image:type\" content=\"image\/jpeg\" \/>\n<meta name=\"twitter:card\" content=\"summary_large_image\" \/>\n<meta name=\"twitter:label1\" content=\"Tempo di lettura stimato\" \/>\n\t<meta name=\"twitter:data1\" content=\"2 minuti\" \/>\n<script type=\"application\/ld+json\" class=\"yoast-schema-graph\">{\"@context\":\"https:\\\/\\\/schema.org\",\"@graph\":[{\"@type\":\"WebPage\",\"@id\":\"https:\\\/\\\/www.bmut.de\\\/product\\\/5x-drogenschnelltest-drogentest-urin-7-multi-kokain-thc-amphetamine-u-v-m\\\/\",\"url\":\"https:\\\/\\\/www.bmut.de\\\/product\\\/5x-drogenschnelltest-drogentest-urin-7-multi-kokain-thc-amphetamine-u-v-m\\\/\",\"name\":\"5x Drogenschnelltest Drogentest 7 Multi (Kokain, THC, Amphetamine u.v.m) - BMUT\u00ae\",\"isPartOf\":{\"@id\":\"https:\\\/\\\/www.bmut.de\\\/#website\"},\"primaryImageOfPage\":{\"@id\":\"https:\\\/\\\/www.bmut.de\\\/product\\\/5x-drogenschnelltest-drogentest-urin-7-multi-kokain-thc-amphetamine-u-v-m\\\/#primaryimage\"},\"image\":{\"@id\":\"https:\\\/\\\/www.bmut.de\\\/product\\\/5x-drogenschnelltest-drogentest-urin-7-multi-kokain-thc-amphetamine-u-v-m\\\/#primaryimage\"},\"thumbnailUrl\":\"https:\\\/\\\/www.bmut.de\\\/wp-content\\\/uploads\\\/2022\\\/04\\\/vorne_multi_.jpg\",\"datePublished\":\"2021-09-13T15:13:42+00:00\",\"dateModified\":\"2024-10-09T14:19:37+00:00\",\"description\":\"Urin Multi Drogentest Schnelltest f\u00fcr Kokain, THC, Opiate, Ketamin, Amphetamine, Methamphetamine\\\/Crystal, Methadon. Teststreifen f\u00fcr Zuhause.\",\"breadcrumb\":{\"@id\":\"https:\\\/\\\/www.bmut.de\\\/product\\\/5x-drogenschnelltest-drogentest-urin-7-multi-kokain-thc-amphetamine-u-v-m\\\/#breadcrumb\"},\"inLanguage\":\"it-IT\",\"potentialAction\":[{\"@type\":\"ReadAction\",\"target\":[\"https:\\\/\\\/www.bmut.de\\\/product\\\/5x-drogenschnelltest-drogentest-urin-7-multi-kokain-thc-amphetamine-u-v-m\\\/\"]}]},{\"@type\":\"ImageObject\",\"inLanguage\":\"it-IT\",\"@id\":\"https:\\\/\\\/www.bmut.de\\\/product\\\/5x-drogenschnelltest-drogentest-urin-7-multi-kokain-thc-amphetamine-u-v-m\\\/#primaryimage\",\"url\":\"https:\\\/\\\/www.bmut.de\\\/wp-content\\\/uploads\\\/2022\\\/04\\\/vorne_multi_.jpg\",\"contentUrl\":\"https:\\\/\\\/www.bmut.de\\\/wp-content\\\/uploads\\\/2022\\\/04\\\/vorne_multi_.jpg\",\"width\":1400,\"height\":1400},{\"@type\":\"BreadcrumbList\",\"@id\":\"https:\\\/\\\/www.bmut.de\\\/product\\\/5x-drogenschnelltest-drogentest-urin-7-multi-kokain-thc-amphetamine-u-v-m\\\/#breadcrumb\",\"itemListElement\":[{\"@type\":\"ListItem\",\"position\":1,\"name\":\"Startseite\",\"item\":\"https:\\\/\\\/www.bmut.de\\\/\"},{\"@type\":\"ListItem\",\"position\":2,\"name\":\"Shop\",\"item\":\"https:\\\/\\\/www.bmut.de\\\/shop\\\/\"},{\"@type\":\"ListItem\",\"position\":3,\"name\":\"5x Drogenschnelltest Drogentest 7 Multi (Kokain, THC, Amphetamine u.v.m)\"}]},{\"@type\":\"WebSite\",\"@id\":\"https:\\\/\\\/www.bmut.de\\\/#website\",\"url\":\"https:\\\/\\\/www.bmut.de\\\/\",\"name\":\"BMUT\u00ae\",\"description\":\"\",\"potentialAction\":[{\"@type\":\"SearchAction\",\"target\":{\"@type\":\"EntryPoint\",\"urlTemplate\":\"https:\\\/\\\/www.bmut.de\\\/?s={search_term_string}\"},\"query-input\":{\"@type\":\"PropertyValueSpecification\",\"valueRequired\":true,\"valueName\":\"search_term_string\"}}],\"inLanguage\":\"it-IT\"}]}<\/script>\n<!-- \/ Yoast SEO plugin. -->","yoast_head_json":{"title":"5x Drogenschnelltest Drogentest 7 Multi (Kokain, THC, Amphetamine u.v.m) - BMUT\u00ae","description":"Urin Multi Drogentest Schnelltest f\u00fcr Kokain, THC, Opiate, Ketamin, Amphetamine, Methamphetamine\/Crystal, Methadon. Teststreifen f\u00fcr Zuhause.","robots":{"index":"index","follow":"follow","max-snippet":"max-snippet:-1","max-image-preview":"max-image-preview:large","max-video-preview":"max-video-preview:-1"},"canonical":"https:\/\/www.bmut.de\/it\/product\/5x-drogenschnelltest-drogentest-urin-7-multi-kokain-thc-amphetamine-u-v-m\/","og_locale":"it_IT","og_type":"article","og_title":"5x Drogenschnelltest Drogentest 7 Multi (Kokain, THC, Amphetamine u.v.m) - BMUT\u00ae","og_description":"Urin Multi Drogentest Schnelltest f\u00fcr Kokain, THC, Opiate, Ketamin, Amphetamine, Methamphetamine\/Crystal, Methadon. Teststreifen f\u00fcr Zuhause.","og_url":"https:\/\/www.bmut.de\/it\/product\/5x-drogenschnelltest-drogentest-urin-7-multi-kokain-thc-amphetamine-u-v-m\/","og_site_name":"BMUT\u00ae","article_modified_time":"2024-10-09T14:19:37+00:00","og_image":[{"width":1400,"height":1400,"url":"https:\/\/www.bmut.de\/wp-content\/uploads\/2022\/04\/vorne_multi_.jpg","type":"image\/jpeg"}],"twitter_card":"summary_large_image","twitter_misc":{"Tempo di lettura stimato":"2 minuti"},"schema":{"@context":"https:\/\/schema.org","@graph":[{"@type":"WebPage","@id":"https:\/\/www.bmut.de\/product\/5x-drogenschnelltest-drogentest-urin-7-multi-kokain-thc-amphetamine-u-v-m\/","url":"https:\/\/www.bmut.de\/product\/5x-drogenschnelltest-drogentest-urin-7-multi-kokain-thc-amphetamine-u-v-m\/","name":"5x Drogenschnelltest Drogentest 7 Multi (Kokain, THC, Amphetamine u.v.m) - BMUT\u00ae","isPartOf":{"@id":"https:\/\/www.bmut.de\/#website"},"primaryImageOfPage":{"@id":"https:\/\/www.bmut.de\/product\/5x-drogenschnelltest-drogentest-urin-7-multi-kokain-thc-amphetamine-u-v-m\/#primaryimage"},"image":{"@id":"https:\/\/www.bmut.de\/product\/5x-drogenschnelltest-drogentest-urin-7-multi-kokain-thc-amphetamine-u-v-m\/#primaryimage"},"thumbnailUrl":"https:\/\/www.bmut.de\/wp-content\/uploads\/2022\/04\/vorne_multi_.jpg","datePublished":"2021-09-13T15:13:42+00:00","dateModified":"2024-10-09T14:19:37+00:00","description":"Urin Multi Drogentest Schnelltest f\u00fcr Kokain, THC, Opiate, Ketamin, Amphetamine, Methamphetamine\/Crystal, Methadon. Teststreifen f\u00fcr Zuhause.","breadcrumb":{"@id":"https:\/\/www.bmut.de\/product\/5x-drogenschnelltest-drogentest-urin-7-multi-kokain-thc-amphetamine-u-v-m\/#breadcrumb"},"inLanguage":"it-IT","potentialAction":[{"@type":"ReadAction","target":["https:\/\/www.bmut.de\/product\/5x-drogenschnelltest-drogentest-urin-7-multi-kokain-thc-amphetamine-u-v-m\/"]}]},{"@type":"ImageObject","inLanguage":"it-IT","@id":"https:\/\/www.bmut.de\/product\/5x-drogenschnelltest-drogentest-urin-7-multi-kokain-thc-amphetamine-u-v-m\/#primaryimage","url":"https:\/\/www.bmut.de\/wp-content\/uploads\/2022\/04\/vorne_multi_.jpg","contentUrl":"https:\/\/www.bmut.de\/wp-content\/uploads\/2022\/04\/vorne_multi_.jpg","width":1400,"height":1400},{"@type":"BreadcrumbList","@id":"https:\/\/www.bmut.de\/product\/5x-drogenschnelltest-drogentest-urin-7-multi-kokain-thc-amphetamine-u-v-m\/#breadcrumb","itemListElement":[{"@type":"ListItem","position":1,"name":"Startseite","item":"https:\/\/www.bmut.de\/"},{"@type":"ListItem","position":2,"name":"Shop","item":"https:\/\/www.bmut.de\/shop\/"},{"@type":"ListItem","position":3,"name":"5x Drogenschnelltest Drogentest 7 Multi (Kokain, THC, Amphetamine u.v.m)"}]},{"@type":"WebSite","@id":"https:\/\/www.bmut.de\/#website","url":"https:\/\/www.bmut.de\/","name":"BMUT\u00ae","description":"","potentialAction":[{"@type":"SearchAction","target":{"@type":"EntryPoint","urlTemplate":"https:\/\/www.bmut.de\/?s={search_term_string}"},"query-input":{"@type":"PropertyValueSpecification","valueRequired":true,"valueName":"search_term_string"}}],"inLanguage":"it-IT"}]}},"jetpack_sharing_enabled":true,"_links":{"self":[{"href":"https:\/\/www.bmut.de\/it\/wp-json\/wp\/v2\/product\/316","targetHints":{"allow":["GET"]}}],"collection":[{"href":"https:\/\/www.bmut.de\/it\/wp-json\/wp\/v2\/product"}],"about":[{"href":"https:\/\/www.bmut.de\/it\/wp-json\/wp\/v2\/types\/product"}],"replies":[{"embeddable":true,"href":"https:\/\/www.bmut.de\/it\/wp-json\/wp\/v2\/comments?post=316"}],"wp:featuredmedia":[{"embeddable":true,"href":"https:\/\/www.bmut.de\/it\/wp-json\/wp\/v2\/media\/2908"}],"wp:attachment":[{"href":"https:\/\/www.bmut.de\/it\/wp-json\/wp\/v2\/media?parent=316"}],"wp:term":[{"taxonomy":"product_brand","embeddable":true,"href":"https:\/\/www.bmut.de\/it\/wp-json\/wp\/v2\/product_brand?post=316"},{"taxonomy":"product_cat","embeddable":true,"href":"https:\/\/www.bmut.de\/it\/wp-json\/wp\/v2\/product_cat?post=316"},{"taxonomy":"product_tag","embeddable":true,"href":"https:\/\/www.bmut.de\/it\/wp-json\/wp\/v2\/product_tag?post=316"}],"curies":[{"name":"wp","href":"https:\/\/api.w.org\/{rel}","templated":true}]}}