{"id":337,"date":"2021-09-14T05:17:38","date_gmt":"2021-09-14T03:17:38","guid":{"rendered":"https:\/\/www.bmut.de\/?post_type=product&#038;p=337"},"modified":"2022-12-13T18:12:44","modified_gmt":"2022-12-13T17:12:44","slug":"1x-bmut-pro-aquarium-7in1-teststreifen-50x-schnelltest-wassertest-teich-fische","status":"publish","type":"product","link":"https:\/\/www.bmut.de\/it\/product\/1x-bmut-pro-aquarium-7in1-teststreifen-50x-schnelltest-wassertest-teich-fische\/","title":{"rendered":"1x BMUT PER Acquario 7in1 strisce reattive 50pcs testare rapidamente il test dell&#039;acqua di stagno di pesce"},"content":{"rendered":"<p>&nbsp;<\/p>\n<div class=\"container\">\n<div>\n<div id=\"layout__layout-4\">\n<div class=\"row\">\n<div class=\"col col-md-6\">\n<div id=\"layout__content\">\n<div class=\"row flex direction-column\">\n<div class=\"col col-md-12 order-1\">\n<div class=\"content__description mb0\">\n<ul>\n<li>Il Test indica che quando un cambio d&#039;acqua \u00e8 raccomandato.<\/li>\n<li>Con questo semplice Test, non un complesso di istruzioni \u00e8 necessario. Si pu\u00f2 leggere sulla base dell&#039;etichetta con un colpo d&#039;occhio, tutto comprensibile.<\/li>\n<li>Originale in tedesco<\/li>\n<\/ul>\n<p><strong>Il seguente \u00e8 testato con 7in1:<\/strong><\/p>\n<ul>\n<li>I nitrati (NO3)<\/li>\n<li>I nitriti (NO2)<\/li>\n<li>Il cloro (CL2)<\/li>\n<li>Totale GH)durezza (<\/li>\n<li>L&#039;alcalinit\u00e0 totale (TA)<\/li>\n<li>Durezza carbonatica (KH)<\/li>\n<li>valore del pH<\/li>\n<\/ul>\n<p><strong>Applicazione:<\/strong><strong><br \/>\n<\/strong>1. Immergere la striscia per 2 secondi in acqua.<br \/>\n2. NON agitare l&#039;acqua in eccesso e confrontarla con la tabella di colore.<br \/>\n3. Devi aspettare per CL2, GH, TA, KH, pH 15 secondi, i risultati mostrati per NO2 e NO3, attendere 60 secondi per leggere il risultato della misurazione.<\/p>\n<p><strong>Volume di consegna:<br \/>\n<\/strong>1x Tubo con 50 strisce reattive<\/p>\n<\/div>\n<\/div>\n<\/div>\n<\/div>\n<\/div>\n<\/div>\n<\/div>\n<\/div>\n<\/div>\n<p>&nbsp;<\/p>","protected":false},"excerpt":{"rendered":"<p>&nbsp; Der Test zeigt an, wann ein Wasserwechsel empfohlen wird. Mit diesem einfachen Test wird keine komplexe Anleitung mehr erforderlich. Es kann anhand des Labels mit einem Blick alles verst\u00e4ndlich abgelesen werden. Original auf Deutsch Folgendes wird mit 7in1 getestet: Nitrate (NO3) Nitrite (NO2) Chlor (CL2) Gesamth\u00e4rte (GH) Gesamtalkalit\u00e4t (GA) Karbonath\u00e4rte (KH) pH-Wert Anwendung: 1. [&hellip;]<\/p>\n","protected":false},"featured_media":5289,"comment_status":"open","ping_status":"closed","template":"","meta":[],"product_brand":[],"product_cat":[17,39],"product_tag":[],"class_list":{"0":"post-337","1":"product","2":"type-product","3":"status-publish","4":"has-post-thumbnail","6":"product_cat-wassertests","7":"product_cat-water-tests","8":"product_shipping_class-kostenlos","10":"first","11":"instock","12":"taxable","13":"shipping-taxable","14":"purchasable","15":"product-type-simple","16":"czr-hentry"},"yoast_head":"<!-- This site is optimized with the Yoast SEO plugin v27.4 - https:\/\/yoast.com\/product\/yoast-seo-wordpress\/ -->\n<title>1x BMUT PRO \u2013 Aquarium 7in1 Teststreifen 50x Schnelltest Wassertest Teich Fische - BMUT\u00ae<\/title>\n<meta name=\"robots\" content=\"index, follow, max-snippet:-1, max-image-preview:large, max-video-preview:-1\" \/>\n<link rel=\"canonical\" href=\"https:\/\/www.bmut.de\/it\/product\/1x-bmut-pro-aquarium-7in1-test-strips-50x-quick-test-water-test-pond-fish\/\" \/>\n<meta property=\"og:locale\" content=\"it_IT\" \/>\n<meta property=\"og:type\" content=\"article\" \/>\n<meta property=\"og:title\" content=\"1x BMUT PRO \u2013 Aquarium 7in1 Teststreifen 50x Schnelltest Wassertest Teich Fische - BMUT\u00ae\" \/>\n<meta property=\"og:description\" content=\"&nbsp; Der Test zeigt an, wann ein Wasserwechsel empfohlen wird. Mit diesem einfachen Test wird keine komplexe Anleitung mehr erforderlich. Es kann anhand des Labels mit einem Blick alles verst\u00e4ndlich abgelesen werden. Original auf Deutsch Folgendes wird mit 7in1 getestet: Nitrate (NO3) Nitrite (NO2) Chlor (CL2) Gesamth\u00e4rte (GH) Gesamtalkalit\u00e4t (GA) Karbonath\u00e4rte (KH) pH-Wert Anwendung: 1. [&hellip;]\" \/>\n<meta property=\"og:url\" content=\"https:\/\/www.bmut.de\/it\/product\/1x-bmut-pro-aquarium-7in1-test-strips-50x-quick-test-water-test-pond-fish\/\" \/>\n<meta property=\"og:site_name\" content=\"BMUT\u00ae\" \/>\n<meta property=\"article:modified_time\" content=\"2022-12-13T17:12:44+00:00\" \/>\n<meta property=\"og:image\" content=\"https:\/\/www.bmut.de\/wp-content\/uploads\/2021\/09\/aquarium_Tube_BMUT.jpg\" \/>\n\t<meta property=\"og:image:width\" content=\"1000\" \/>\n\t<meta property=\"og:image:height\" content=\"1000\" \/>\n\t<meta property=\"og:image:type\" content=\"image\/jpeg\" \/>\n<meta name=\"twitter:card\" content=\"summary_large_image\" \/>\n<meta name=\"twitter:label1\" content=\"Tempo di lettura stimato\" \/>\n\t<meta name=\"twitter:data1\" content=\"1 minuto\" \/>\n<script type=\"application\/ld+json\" class=\"yoast-schema-graph\">{\"@context\":\"https:\\\/\\\/schema.org\",\"@graph\":[{\"@type\":\"WebPage\",\"@id\":\"https:\\\/\\\/www.bmut.de\\\/en\\\/product\\\/1x-bmut-pro-aquarium-7in1-test-strips-50x-quick-test-water-test-pond-fish\\\/\",\"url\":\"https:\\\/\\\/www.bmut.de\\\/en\\\/product\\\/1x-bmut-pro-aquarium-7in1-test-strips-50x-quick-test-water-test-pond-fish\\\/\",\"name\":\"1x BMUT PRO \u2013 Aquarium 7in1 Teststreifen 50x Schnelltest Wassertest Teich Fische - BMUT\u00ae\",\"isPartOf\":{\"@id\":\"https:\\\/\\\/www.bmut.de\\\/#website\"},\"primaryImageOfPage\":{\"@id\":\"https:\\\/\\\/www.bmut.de\\\/en\\\/product\\\/1x-bmut-pro-aquarium-7in1-test-strips-50x-quick-test-water-test-pond-fish\\\/#primaryimage\"},\"image\":{\"@id\":\"https:\\\/\\\/www.bmut.de\\\/en\\\/product\\\/1x-bmut-pro-aquarium-7in1-test-strips-50x-quick-test-water-test-pond-fish\\\/#primaryimage\"},\"thumbnailUrl\":\"https:\\\/\\\/www.bmut.de\\\/wp-content\\\/uploads\\\/2021\\\/09\\\/aquarium_Tube_BMUT.jpg\",\"datePublished\":\"2021-09-14T03:17:38+00:00\",\"dateModified\":\"2022-12-13T17:12:44+00:00\",\"breadcrumb\":{\"@id\":\"https:\\\/\\\/www.bmut.de\\\/en\\\/product\\\/1x-bmut-pro-aquarium-7in1-test-strips-50x-quick-test-water-test-pond-fish\\\/#breadcrumb\"},\"inLanguage\":\"it-IT\",\"potentialAction\":[{\"@type\":\"ReadAction\",\"target\":[\"https:\\\/\\\/www.bmut.de\\\/en\\\/product\\\/1x-bmut-pro-aquarium-7in1-test-strips-50x-quick-test-water-test-pond-fish\\\/\"]}]},{\"@type\":\"ImageObject\",\"inLanguage\":\"it-IT\",\"@id\":\"https:\\\/\\\/www.bmut.de\\\/en\\\/product\\\/1x-bmut-pro-aquarium-7in1-test-strips-50x-quick-test-water-test-pond-fish\\\/#primaryimage\",\"url\":\"https:\\\/\\\/www.bmut.de\\\/wp-content\\\/uploads\\\/2021\\\/09\\\/aquarium_Tube_BMUT.jpg\",\"contentUrl\":\"https:\\\/\\\/www.bmut.de\\\/wp-content\\\/uploads\\\/2021\\\/09\\\/aquarium_Tube_BMUT.jpg\",\"width\":1000,\"height\":1000},{\"@type\":\"BreadcrumbList\",\"@id\":\"https:\\\/\\\/www.bmut.de\\\/en\\\/product\\\/1x-bmut-pro-aquarium-7in1-test-strips-50x-quick-test-water-test-pond-fish\\\/#breadcrumb\",\"itemListElement\":[{\"@type\":\"ListItem\",\"position\":1,\"name\":\"Startseite\",\"item\":\"https:\\\/\\\/www.bmut.de\\\/\"},{\"@type\":\"ListItem\",\"position\":2,\"name\":\"Shop\",\"item\":\"https:\\\/\\\/www.bmut.de\\\/shop\\\/\"},{\"@type\":\"ListItem\",\"position\":3,\"name\":\"1x BMUT PRO \u2013 Aquarium 7in1 Teststreifen 50x Schnelltest Wassertest Teich Fische\"}]},{\"@type\":\"WebSite\",\"@id\":\"https:\\\/\\\/www.bmut.de\\\/#website\",\"url\":\"https:\\\/\\\/www.bmut.de\\\/\",\"name\":\"BMUT\u00ae\",\"description\":\"\",\"potentialAction\":[{\"@type\":\"SearchAction\",\"target\":{\"@type\":\"EntryPoint\",\"urlTemplate\":\"https:\\\/\\\/www.bmut.de\\\/?s={search_term_string}\"},\"query-input\":{\"@type\":\"PropertyValueSpecification\",\"valueRequired\":true,\"valueName\":\"search_term_string\"}}],\"inLanguage\":\"it-IT\"}]}<\/script>\n<!-- \/ Yoast SEO plugin. -->","yoast_head_json":{"title":"1x BMUT PRO \u2013 Aquarium 7in1 Teststreifen 50x Schnelltest Wassertest Teich Fische - BMUT\u00ae","robots":{"index":"index","follow":"follow","max-snippet":"max-snippet:-1","max-image-preview":"max-image-preview:large","max-video-preview":"max-video-preview:-1"},"canonical":"https:\/\/www.bmut.de\/it\/product\/1x-bmut-pro-aquarium-7in1-test-strips-50x-quick-test-water-test-pond-fish\/","og_locale":"it_IT","og_type":"article","og_title":"1x BMUT PRO \u2013 Aquarium 7in1 Teststreifen 50x Schnelltest Wassertest Teich Fische - BMUT\u00ae","og_description":"&nbsp; Der Test zeigt an, wann ein Wasserwechsel empfohlen wird. Mit diesem einfachen Test wird keine komplexe Anleitung mehr erforderlich. Es kann anhand des Labels mit einem Blick alles verst\u00e4ndlich abgelesen werden. Original auf Deutsch Folgendes wird mit 7in1 getestet: Nitrate (NO3) Nitrite (NO2) Chlor (CL2) Gesamth\u00e4rte (GH) Gesamtalkalit\u00e4t (GA) Karbonath\u00e4rte (KH) pH-Wert Anwendung: 1. [&hellip;]","og_url":"https:\/\/www.bmut.de\/it\/product\/1x-bmut-pro-aquarium-7in1-test-strips-50x-quick-test-water-test-pond-fish\/","og_site_name":"BMUT\u00ae","article_modified_time":"2022-12-13T17:12:44+00:00","og_image":[{"width":1000,"height":1000,"url":"https:\/\/www.bmut.de\/wp-content\/uploads\/2021\/09\/aquarium_Tube_BMUT.jpg","type":"image\/jpeg"}],"twitter_card":"summary_large_image","twitter_misc":{"Tempo di lettura stimato":"1 minuto"},"schema":{"@context":"https:\/\/schema.org","@graph":[{"@type":"WebPage","@id":"https:\/\/www.bmut.de\/en\/product\/1x-bmut-pro-aquarium-7in1-test-strips-50x-quick-test-water-test-pond-fish\/","url":"https:\/\/www.bmut.de\/en\/product\/1x-bmut-pro-aquarium-7in1-test-strips-50x-quick-test-water-test-pond-fish\/","name":"1x BMUT PRO \u2013 Aquarium 7in1 Teststreifen 50x Schnelltest Wassertest Teich Fische - BMUT\u00ae","isPartOf":{"@id":"https:\/\/www.bmut.de\/#website"},"primaryImageOfPage":{"@id":"https:\/\/www.bmut.de\/en\/product\/1x-bmut-pro-aquarium-7in1-test-strips-50x-quick-test-water-test-pond-fish\/#primaryimage"},"image":{"@id":"https:\/\/www.bmut.de\/en\/product\/1x-bmut-pro-aquarium-7in1-test-strips-50x-quick-test-water-test-pond-fish\/#primaryimage"},"thumbnailUrl":"https:\/\/www.bmut.de\/wp-content\/uploads\/2021\/09\/aquarium_Tube_BMUT.jpg","datePublished":"2021-09-14T03:17:38+00:00","dateModified":"2022-12-13T17:12:44+00:00","breadcrumb":{"@id":"https:\/\/www.bmut.de\/en\/product\/1x-bmut-pro-aquarium-7in1-test-strips-50x-quick-test-water-test-pond-fish\/#breadcrumb"},"inLanguage":"it-IT","potentialAction":[{"@type":"ReadAction","target":["https:\/\/www.bmut.de\/en\/product\/1x-bmut-pro-aquarium-7in1-test-strips-50x-quick-test-water-test-pond-fish\/"]}]},{"@type":"ImageObject","inLanguage":"it-IT","@id":"https:\/\/www.bmut.de\/en\/product\/1x-bmut-pro-aquarium-7in1-test-strips-50x-quick-test-water-test-pond-fish\/#primaryimage","url":"https:\/\/www.bmut.de\/wp-content\/uploads\/2021\/09\/aquarium_Tube_BMUT.jpg","contentUrl":"https:\/\/www.bmut.de\/wp-content\/uploads\/2021\/09\/aquarium_Tube_BMUT.jpg","width":1000,"height":1000},{"@type":"BreadcrumbList","@id":"https:\/\/www.bmut.de\/en\/product\/1x-bmut-pro-aquarium-7in1-test-strips-50x-quick-test-water-test-pond-fish\/#breadcrumb","itemListElement":[{"@type":"ListItem","position":1,"name":"Startseite","item":"https:\/\/www.bmut.de\/"},{"@type":"ListItem","position":2,"name":"Shop","item":"https:\/\/www.bmut.de\/shop\/"},{"@type":"ListItem","position":3,"name":"1x BMUT PRO \u2013 Aquarium 7in1 Teststreifen 50x Schnelltest Wassertest Teich Fische"}]},{"@type":"WebSite","@id":"https:\/\/www.bmut.de\/#website","url":"https:\/\/www.bmut.de\/","name":"BMUT\u00ae","description":"","potentialAction":[{"@type":"SearchAction","target":{"@type":"EntryPoint","urlTemplate":"https:\/\/www.bmut.de\/?s={search_term_string}"},"query-input":{"@type":"PropertyValueSpecification","valueRequired":true,"valueName":"search_term_string"}}],"inLanguage":"it-IT"}]}},"jetpack_sharing_enabled":true,"_links":{"self":[{"href":"https:\/\/www.bmut.de\/it\/wp-json\/wp\/v2\/product\/337","targetHints":{"allow":["GET"]}}],"collection":[{"href":"https:\/\/www.bmut.de\/it\/wp-json\/wp\/v2\/product"}],"about":[{"href":"https:\/\/www.bmut.de\/it\/wp-json\/wp\/v2\/types\/product"}],"replies":[{"embeddable":true,"href":"https:\/\/www.bmut.de\/it\/wp-json\/wp\/v2\/comments?post=337"}],"wp:featuredmedia":[{"embeddable":true,"href":"https:\/\/www.bmut.de\/it\/wp-json\/wp\/v2\/media\/5289"}],"wp:attachment":[{"href":"https:\/\/www.bmut.de\/it\/wp-json\/wp\/v2\/media?parent=337"}],"wp:term":[{"taxonomy":"product_brand","embeddable":true,"href":"https:\/\/www.bmut.de\/it\/wp-json\/wp\/v2\/product_brand?post=337"},{"taxonomy":"product_cat","embeddable":true,"href":"https:\/\/www.bmut.de\/it\/wp-json\/wp\/v2\/product_cat?post=337"},{"taxonomy":"product_tag","embeddable":true,"href":"https:\/\/www.bmut.de\/it\/wp-json\/wp\/v2\/product_tag?post=337"}],"curies":[{"name":"wp","href":"https:\/\/api.w.org\/{rel}","templated":true}]}}