{"id":3872,"date":"2022-08-03T15:40:00","date_gmt":"2022-08-03T13:40:00","guid":{"rendered":"https:\/\/www.bmut.de\/?post_type=product&#038;p=3872"},"modified":"2022-11-12T17:23:44","modified_gmt":"2022-11-12T16:23:44","slug":"1x-ph-messgeraet-fuer-wasser-aquarium-teich-pool-digital-0-00-14-00-ph-meter-messer-mit-buffer-kalibrierung","status":"publish","type":"product","link":"https:\/\/www.bmut.de\/it\/product\/1x-ph-messgeraet-fuer-wasser-aquarium-teich-pool-digital-0-00-14-00-ph-meter-messer-mit-buffer-kalibrierung\/","title":{"rendered":"1x pH Messger\u00e4t f\u00fcr Wasser, Aquarium, Teich, Pool, Digital, 0.00-14.00 pH-Meter Messer mit Buffer\/Kalibrierung"},"content":{"rendered":"<p><strong>[Schnell &amp; genau]<\/strong><\/p>\n<ul>\n<li>Stellen Sie mit der pr\u00e4zisen pH-Genauigkeit (0,01) des Testers sicher, dass Ihr Pool, der allgemeine pH-Wert oder sogar Ihr Trinkwasser ein perfektes pH-Gleichgewicht hat und sicher verwendet werden kann.<\/li>\n<\/ul>\n<p><span class=\"a-list-item\"><strong>[Bereits kalibriert]<\/strong> <\/span><\/p>\n<ul>\n<li><span class=\"a-list-item\">Das pH-Messger\u00e4t wird bereits ab Werk bereits kalibriert.\u00a0<\/span><\/li>\n<\/ul>\n<p><strong>[Einfacher Gebrauch]<\/strong><\/p>\n<ul>\n<li>Das pH-Messger\u00e4t im Taschenformat ist das ideale Testkit f\u00fcr den Heim- und Laborgebrauch. Ideal zum Testen von Wasser, Pools, Aquarien und viele mehr.<\/li>\n<\/ul>\n<p><span class=\"a-list-item\"><strong>[Komplettes Zubeh\u00f6r]<\/strong> <\/span><\/p>\n<ul>\n<li><span class=\"a-list-item\">Mit 1x PH-Messger\u00e4t, 1x Bedienungsanleitung, 2x 1,5-V-LR44-Knopfzellen (eingebaut), 3x PH-Pufferpulver<\/span><\/li>\n<\/ul>\n","protected":false},"excerpt":{"rendered":"<ul>\n<li>1x pH Messger\u00e4t mit hoher Aufl\u00f6sung<\/li>\n<li>Misst den pH-Wert in Ihrer L\u00f6sung<\/li>\n<li>Affidabile<\/li>\n<li>Batterie incluse<\/li>\n<li>Spedizione entro 24 ore<\/li>\n<li>CE-Certificato<\/li>\n<li>Il tedesco e il manuale utente in inglese<\/li>\n<\/ul>","protected":false},"featured_media":3874,"comment_status":"open","ping_status":"closed","template":"","meta":[],"product_brand":[],"product_cat":[93,17],"product_tag":[91,90],"class_list":{"0":"post-3872","1":"product","2":"type-product","3":"status-publish","4":"has-post-thumbnail","6":"product_cat-elektronik","7":"product_cat-wassertests","8":"product_tag-ph-messer","9":"product_tag-ph-messgeraet-digital","10":"product_shipping_class-kostenlos","12":"first","13":"instock","14":"taxable","15":"shipping-taxable","16":"purchasable","17":"product-type-simple","18":"czr-hentry"},"yoast_head":"<!-- This site is optimized with the Yoast SEO plugin v27.4 - https:\/\/yoast.com\/product\/yoast-seo-wordpress\/ -->\n<title>1x pH Messger\u00e4t f\u00fcr Wasser, Aquarium, Teich, Pool, Digital, 0.00-14.00 pH-Meter Messer mit Buffer\/Kalibrierung - BMUT\u00ae<\/title>\n<meta name=\"robots\" content=\"index, follow, max-snippet:-1, max-image-preview:large, max-video-preview:-1\" \/>\n<link rel=\"canonical\" href=\"https:\/\/www.bmut.de\/it\/product\/1x-ph-messgeraet-fuer-wasser-aquarium-teich-pool-digital-0-00-14-00-ph-meter-messer-mit-buffer-kalibrierung\/\" \/>\n<meta property=\"og:locale\" content=\"it_IT\" \/>\n<meta property=\"og:type\" content=\"article\" \/>\n<meta property=\"og:title\" content=\"1x pH Messger\u00e4t f\u00fcr Wasser, Aquarium, Teich, Pool, Digital, 0.00-14.00 pH-Meter Messer mit Buffer\/Kalibrierung - BMUT\u00ae\" \/>\n<meta property=\"og:description\" content=\"1x pH Messger\u00e4t mit hoher Aufl\u00f6sung  Misst den pH-Wert in Ihrer L\u00f6sung  Zuverl\u00e4ssig  Batterien enthalten  Versand innerhalb 24h  CE-Zertifiziert  Deutsche und Englische Anleitung\" \/>\n<meta property=\"og:url\" content=\"https:\/\/www.bmut.de\/it\/product\/1x-ph-messgeraet-fuer-wasser-aquarium-teich-pool-digital-0-00-14-00-ph-meter-messer-mit-buffer-kalibrierung\/\" \/>\n<meta property=\"og:site_name\" content=\"BMUT\u00ae\" \/>\n<meta property=\"article:modified_time\" content=\"2022-11-12T16:23:44+00:00\" \/>\n<meta property=\"og:image\" content=\"https:\/\/www.bmut.de\/wp-content\/uploads\/2022\/08\/pH-Main.jpg\" \/>\n\t<meta property=\"og:image:width\" content=\"1011\" \/>\n\t<meta property=\"og:image:height\" content=\"1011\" \/>\n\t<meta property=\"og:image:type\" content=\"image\/jpeg\" \/>\n<meta name=\"twitter:card\" content=\"summary_large_image\" \/>\n<meta name=\"twitter:label1\" content=\"Tempo di lettura stimato\" \/>\n\t<meta name=\"twitter:data1\" content=\"1 minuto\" \/>\n<script type=\"application\/ld+json\" class=\"yoast-schema-graph\">{\"@context\":\"https:\\\/\\\/schema.org\",\"@graph\":[{\"@type\":\"WebPage\",\"@id\":\"https:\\\/\\\/www.bmut.de\\\/product\\\/1x-ph-messgeraet-fuer-wasser-aquarium-teich-pool-digital-0-00-14-00-ph-meter-messer-mit-buffer-kalibrierung\\\/\",\"url\":\"https:\\\/\\\/www.bmut.de\\\/product\\\/1x-ph-messgeraet-fuer-wasser-aquarium-teich-pool-digital-0-00-14-00-ph-meter-messer-mit-buffer-kalibrierung\\\/\",\"name\":\"1x pH Messger\u00e4t f\u00fcr Wasser, Aquarium, Teich, Pool, Digital, 0.00-14.00 pH-Meter Messer mit Buffer\\\/Kalibrierung - BMUT\u00ae\",\"isPartOf\":{\"@id\":\"https:\\\/\\\/www.bmut.de\\\/#website\"},\"primaryImageOfPage\":{\"@id\":\"https:\\\/\\\/www.bmut.de\\\/product\\\/1x-ph-messgeraet-fuer-wasser-aquarium-teich-pool-digital-0-00-14-00-ph-meter-messer-mit-buffer-kalibrierung\\\/#primaryimage\"},\"image\":{\"@id\":\"https:\\\/\\\/www.bmut.de\\\/product\\\/1x-ph-messgeraet-fuer-wasser-aquarium-teich-pool-digital-0-00-14-00-ph-meter-messer-mit-buffer-kalibrierung\\\/#primaryimage\"},\"thumbnailUrl\":\"https:\\\/\\\/www.bmut.de\\\/wp-content\\\/uploads\\\/2022\\\/08\\\/pH-Main.jpg\",\"datePublished\":\"2022-08-03T13:40:00+00:00\",\"dateModified\":\"2022-11-12T16:23:44+00:00\",\"breadcrumb\":{\"@id\":\"https:\\\/\\\/www.bmut.de\\\/product\\\/1x-ph-messgeraet-fuer-wasser-aquarium-teich-pool-digital-0-00-14-00-ph-meter-messer-mit-buffer-kalibrierung\\\/#breadcrumb\"},\"inLanguage\":\"it-IT\",\"potentialAction\":[{\"@type\":\"ReadAction\",\"target\":[\"https:\\\/\\\/www.bmut.de\\\/product\\\/1x-ph-messgeraet-fuer-wasser-aquarium-teich-pool-digital-0-00-14-00-ph-meter-messer-mit-buffer-kalibrierung\\\/\"]}]},{\"@type\":\"ImageObject\",\"inLanguage\":\"it-IT\",\"@id\":\"https:\\\/\\\/www.bmut.de\\\/product\\\/1x-ph-messgeraet-fuer-wasser-aquarium-teich-pool-digital-0-00-14-00-ph-meter-messer-mit-buffer-kalibrierung\\\/#primaryimage\",\"url\":\"https:\\\/\\\/www.bmut.de\\\/wp-content\\\/uploads\\\/2022\\\/08\\\/pH-Main.jpg\",\"contentUrl\":\"https:\\\/\\\/www.bmut.de\\\/wp-content\\\/uploads\\\/2022\\\/08\\\/pH-Main.jpg\",\"width\":1011,\"height\":1011},{\"@type\":\"BreadcrumbList\",\"@id\":\"https:\\\/\\\/www.bmut.de\\\/product\\\/1x-ph-messgeraet-fuer-wasser-aquarium-teich-pool-digital-0-00-14-00-ph-meter-messer-mit-buffer-kalibrierung\\\/#breadcrumb\",\"itemListElement\":[{\"@type\":\"ListItem\",\"position\":1,\"name\":\"Startseite\",\"item\":\"https:\\\/\\\/www.bmut.de\\\/\"},{\"@type\":\"ListItem\",\"position\":2,\"name\":\"Shop\",\"item\":\"https:\\\/\\\/www.bmut.de\\\/shop\\\/\"},{\"@type\":\"ListItem\",\"position\":3,\"name\":\"1x pH Messger\u00e4t f\u00fcr Wasser, Aquarium, Teich, Pool, Digital, 0.00-14.00 pH-Meter Messer mit Buffer\\\/Kalibrierung\"}]},{\"@type\":\"WebSite\",\"@id\":\"https:\\\/\\\/www.bmut.de\\\/#website\",\"url\":\"https:\\\/\\\/www.bmut.de\\\/\",\"name\":\"BMUT\u00ae\",\"description\":\"\",\"potentialAction\":[{\"@type\":\"SearchAction\",\"target\":{\"@type\":\"EntryPoint\",\"urlTemplate\":\"https:\\\/\\\/www.bmut.de\\\/?s={search_term_string}\"},\"query-input\":{\"@type\":\"PropertyValueSpecification\",\"valueRequired\":true,\"valueName\":\"search_term_string\"}}],\"inLanguage\":\"it-IT\"}]}<\/script>\n<!-- \/ Yoast SEO plugin. -->","yoast_head_json":{"title":"1x pH Messger\u00e4t f\u00fcr Wasser, Aquarium, Teich, Pool, Digital, 0.00-14.00 pH-Meter Messer mit Buffer\/Kalibrierung - BMUT\u00ae","robots":{"index":"index","follow":"follow","max-snippet":"max-snippet:-1","max-image-preview":"max-image-preview:large","max-video-preview":"max-video-preview:-1"},"canonical":"https:\/\/www.bmut.de\/it\/product\/1x-ph-messgeraet-fuer-wasser-aquarium-teich-pool-digital-0-00-14-00-ph-meter-messer-mit-buffer-kalibrierung\/","og_locale":"it_IT","og_type":"article","og_title":"1x pH Messger\u00e4t f\u00fcr Wasser, Aquarium, Teich, Pool, Digital, 0.00-14.00 pH-Meter Messer mit Buffer\/Kalibrierung - BMUT\u00ae","og_description":"1x pH Messger\u00e4t mit hoher Aufl\u00f6sung  Misst den pH-Wert in Ihrer L\u00f6sung  Zuverl\u00e4ssig  Batterien enthalten  Versand innerhalb 24h  CE-Zertifiziert  Deutsche und Englische Anleitung","og_url":"https:\/\/www.bmut.de\/it\/product\/1x-ph-messgeraet-fuer-wasser-aquarium-teich-pool-digital-0-00-14-00-ph-meter-messer-mit-buffer-kalibrierung\/","og_site_name":"BMUT\u00ae","article_modified_time":"2022-11-12T16:23:44+00:00","og_image":[{"width":1011,"height":1011,"url":"https:\/\/www.bmut.de\/wp-content\/uploads\/2022\/08\/pH-Main.jpg","type":"image\/jpeg"}],"twitter_card":"summary_large_image","twitter_misc":{"Tempo di lettura stimato":"1 minuto"},"schema":{"@context":"https:\/\/schema.org","@graph":[{"@type":"WebPage","@id":"https:\/\/www.bmut.de\/product\/1x-ph-messgeraet-fuer-wasser-aquarium-teich-pool-digital-0-00-14-00-ph-meter-messer-mit-buffer-kalibrierung\/","url":"https:\/\/www.bmut.de\/product\/1x-ph-messgeraet-fuer-wasser-aquarium-teich-pool-digital-0-00-14-00-ph-meter-messer-mit-buffer-kalibrierung\/","name":"1x pH Messger\u00e4t f\u00fcr Wasser, Aquarium, Teich, Pool, Digital, 0.00-14.00 pH-Meter Messer mit Buffer\/Kalibrierung - BMUT\u00ae","isPartOf":{"@id":"https:\/\/www.bmut.de\/#website"},"primaryImageOfPage":{"@id":"https:\/\/www.bmut.de\/product\/1x-ph-messgeraet-fuer-wasser-aquarium-teich-pool-digital-0-00-14-00-ph-meter-messer-mit-buffer-kalibrierung\/#primaryimage"},"image":{"@id":"https:\/\/www.bmut.de\/product\/1x-ph-messgeraet-fuer-wasser-aquarium-teich-pool-digital-0-00-14-00-ph-meter-messer-mit-buffer-kalibrierung\/#primaryimage"},"thumbnailUrl":"https:\/\/www.bmut.de\/wp-content\/uploads\/2022\/08\/pH-Main.jpg","datePublished":"2022-08-03T13:40:00+00:00","dateModified":"2022-11-12T16:23:44+00:00","breadcrumb":{"@id":"https:\/\/www.bmut.de\/product\/1x-ph-messgeraet-fuer-wasser-aquarium-teich-pool-digital-0-00-14-00-ph-meter-messer-mit-buffer-kalibrierung\/#breadcrumb"},"inLanguage":"it-IT","potentialAction":[{"@type":"ReadAction","target":["https:\/\/www.bmut.de\/product\/1x-ph-messgeraet-fuer-wasser-aquarium-teich-pool-digital-0-00-14-00-ph-meter-messer-mit-buffer-kalibrierung\/"]}]},{"@type":"ImageObject","inLanguage":"it-IT","@id":"https:\/\/www.bmut.de\/product\/1x-ph-messgeraet-fuer-wasser-aquarium-teich-pool-digital-0-00-14-00-ph-meter-messer-mit-buffer-kalibrierung\/#primaryimage","url":"https:\/\/www.bmut.de\/wp-content\/uploads\/2022\/08\/pH-Main.jpg","contentUrl":"https:\/\/www.bmut.de\/wp-content\/uploads\/2022\/08\/pH-Main.jpg","width":1011,"height":1011},{"@type":"BreadcrumbList","@id":"https:\/\/www.bmut.de\/product\/1x-ph-messgeraet-fuer-wasser-aquarium-teich-pool-digital-0-00-14-00-ph-meter-messer-mit-buffer-kalibrierung\/#breadcrumb","itemListElement":[{"@type":"ListItem","position":1,"name":"Startseite","item":"https:\/\/www.bmut.de\/"},{"@type":"ListItem","position":2,"name":"Shop","item":"https:\/\/www.bmut.de\/shop\/"},{"@type":"ListItem","position":3,"name":"1x pH Messger\u00e4t f\u00fcr Wasser, Aquarium, Teich, Pool, Digital, 0.00-14.00 pH-Meter Messer mit Buffer\/Kalibrierung"}]},{"@type":"WebSite","@id":"https:\/\/www.bmut.de\/#website","url":"https:\/\/www.bmut.de\/","name":"BMUT\u00ae","description":"","potentialAction":[{"@type":"SearchAction","target":{"@type":"EntryPoint","urlTemplate":"https:\/\/www.bmut.de\/?s={search_term_string}"},"query-input":{"@type":"PropertyValueSpecification","valueRequired":true,"valueName":"search_term_string"}}],"inLanguage":"it-IT"}]}},"jetpack_sharing_enabled":true,"_links":{"self":[{"href":"https:\/\/www.bmut.de\/it\/wp-json\/wp\/v2\/product\/3872","targetHints":{"allow":["GET"]}}],"collection":[{"href":"https:\/\/www.bmut.de\/it\/wp-json\/wp\/v2\/product"}],"about":[{"href":"https:\/\/www.bmut.de\/it\/wp-json\/wp\/v2\/types\/product"}],"replies":[{"embeddable":true,"href":"https:\/\/www.bmut.de\/it\/wp-json\/wp\/v2\/comments?post=3872"}],"wp:featuredmedia":[{"embeddable":true,"href":"https:\/\/www.bmut.de\/it\/wp-json\/wp\/v2\/media\/3874"}],"wp:attachment":[{"href":"https:\/\/www.bmut.de\/it\/wp-json\/wp\/v2\/media?parent=3872"}],"wp:term":[{"taxonomy":"product_brand","embeddable":true,"href":"https:\/\/www.bmut.de\/it\/wp-json\/wp\/v2\/product_brand?post=3872"},{"taxonomy":"product_cat","embeddable":true,"href":"https:\/\/www.bmut.de\/it\/wp-json\/wp\/v2\/product_cat?post=3872"},{"taxonomy":"product_tag","embeddable":true,"href":"https:\/\/www.bmut.de\/it\/wp-json\/wp\/v2\/product_tag?post=3872"}],"curies":[{"name":"wp","href":"https:\/\/api.w.org\/{rel}","templated":true}]}}