{"id":8217,"date":"2023-08-30T09:16:59","date_gmt":"2023-08-30T07:16:59","guid":{"rendered":"https:\/\/www.bmut.de\/?post_type=product&#038;p=8217"},"modified":"2024-11-06T01:16:25","modified_gmt":"2024-11-06T00:16:25","slug":"750ml-entkalker-universalentkalker-konzentra-fuer-kaffeevollautomat-wasserkocher-etc-fuer-6-entkalkungen-anwendungen-je-125ml","status":"publish","type":"product","link":"https:\/\/www.bmut.de\/it\/product\/750ml-entkalker-universalentkalker-konzentra-fuer-kaffeevollautomat-wasserkocher-etc-fuer-6-entkalkungen-anwendungen-je-125ml\/","title":{"rendered":"750ml Entkalker Universalentkalker Konzentra f\u00fcr Kaffeevollautomat, Wasserkocher etc. \u2013 f\u00fcr 6 Entkalkungen\/Anwendungen je 125ml"},"content":{"rendered":"<p><span class=\"a-list-item\">\u2714 <\/span> [MAXIMALE ENTKALKUNGSPOWER DANK AMIDOSULFONS\u00c4URE] Entdecken Sie jetzt einen Entkalker der Extraklasse, der mit Amidosulfons\u00e4ure eine unschlagbare Entkalkungswirkung erzielt. Dieses Hochleistungsprodukt bietet Ihnen ein unschlagbares Preis-Leistungs-Verh\u00e4ltnis. Die Entkalkung erfolgt nicht nur \u00e4u\u00dferst effizient und wirkungsvoll, sondern auch schonend f\u00fcr Ihre kostbaren Maschinen. Zudem ist der Entkalker sicher f\u00fcr Sie und die Umwelt und stellt die optimale Funktionalit\u00e4t Ihrer Ger\u00e4te wieder her. Im Vergleich zu herk\u00f6mmlichen Entkalkern wie Zitronens\u00e4ure \u00fcbertrifft er deren Wirksamkeit um ein Vielfaches.<\/p>\n<p><span class=\"a-list-item\">\u2714 <\/span>\u00a0[KRAFTVOLLES KONZENTRAT \u2013 750 ML] Die Anwendung ist denkbar einfach: Mischen Sie 125 ml des Entkalkers mit 500 ml Wasser. Mit der gro\u00dfz\u00fcgigen 750 ml Flasche k\u00f6nnen Sie insgesamt 3750 ml hochwirksame Entkalker-L\u00f6sung herstellen. Das bedeutet erstklassige Qualit\u00e4t zum besonders attraktiven Preis.<\/p>\n<p><span class=\"a-list-item\">\u2714 <\/span>\u00a0[UNIVERSELL EINSETZBAR] Dieser Entkalker ist die ideale L\u00f6sung f\u00fcr die Entkalkung von Kaffeevollautomaten und Siebtr\u00e4germaschinen verschiedenster Marken, darunter Siemens, Nespresso, Delonghi, Miele, Melitta, Braun, Cuisinart, Tassimo, Krups, Saeco und viele mehr! Er eignet sich gleicherma\u00dfen f\u00fcr automatische und manuelle Maschinen, Pad- oder Kapselmaschinen, Filtermaschinen, gewerbliche Ger\u00e4te, Cappuccino-Maschinen, Wasserkocher, B\u00fcgeleisen und elektrische Wasserkocher.<\/p>\n<p><span class=\"a-list-item\">\u2714 <\/span>\u00a0[GENUSSVOLLER GESCHMACK &amp; LANGE LEBENSDAUER] Erleben Sie einen unvergleichlich besseren Geschmack und sch\u00fctzen Sie gleichzeitig Ihre wertvollen Ger\u00e4te. Durch die regelm\u00e4\u00dfige Anwendung dieses Kaffee-Entkalkers werden hartn\u00e4ckige Kalkablagerungen von Mineralsalzen aus hartem Wasser entfernt und die Entstehung von Korrosion verhindert. Das Ergebnis: eine deutlich verl\u00e4ngerte Lebensdauer Ihrer Maschinen und ein geschmackliches Upgrade f\u00fcr Ihren Kaffee.<\/p>\n<p><span class=\"a-list-item\">\u2714 <\/span>\u00a0[GERUCHSNEUTRAL &amp; UMWELTFREUNDLICH] Unser Produkt hinterl\u00e4sst keinerlei unangenehme Ger\u00fcche oder Geschmacksr\u00fcckst\u00e4nde und ist zudem umweltschonend abbaubar.<\/p>\n<p><span class=\"a-list-item\">\u2714 <\/span>\u00a0[DEUTSCHE SPITZENQUALIT\u00c4T] Dieser Entkalker wird mit h\u00f6chster Pr\u00e4zision in Deutschland hergestellt und erf\u00fcllt die strengsten Qualit\u00e4tsstandards. Vertrauen Sie auf ein Produkt, das h\u00f6chsten Anspr\u00fcchen gerecht wird.<\/p>\n","protected":false},"excerpt":{"rendered":"<ul>\n<li>\n<h5>750 ml Entkalker mit Farbindikator. Mit einer Flasche 750ml entstehen 3750ml Entkalker-L\u00f6sung<\/h5>\n<\/li>\n<li>\n<h5>Vielfach effizienter als Zitronens\u00e4ure<\/h5>\n<\/li>\n<li>\n<h5>Top bewertetes Produkt in Europa<\/h5>\n<\/li>\n<li>\n<h5>Nachhaltig &amp; abbaubar<\/h5>\n<\/li>\n<li>\n<h5><strong>Geeignet f\u00fcr:<\/strong>\u00a0Siemens, Miele, Nespresso, Delonghi, Braun, Cuisinart, Tassimo, Krups, Saeco und viele mehr!<\/h5>\n<\/li>\n<li>\n<h5>Spedizione entro 24 ore<\/h5>\n<\/li>\n<\/ul>","protected":false},"featured_media":8225,"comment_status":"open","ping_status":"closed","template":"","meta":[],"product_brand":[],"product_cat":[92],"product_tag":[130,129,131],"class_list":{"0":"post-8217","1":"product","2":"type-product","3":"status-publish","4":"has-post-thumbnail","6":"product_cat-reinigung","7":"product_tag-entkalker","8":"product_tag-kaffeevollautomat","9":"product_tag-universal","10":"product_shipping_class-brief-letter","12":"first","13":"instock","14":"sale","15":"taxable","16":"shipping-taxable","17":"purchasable","18":"product-type-simple","19":"czr-hentry"},"yoast_head":"<!-- This site is optimized with the Yoast SEO plugin v27.4 - https:\/\/yoast.com\/product\/yoast-seo-wordpress\/ -->\n<title>750ml Entkalker Universalentkalker Konzentra f\u00fcr Kaffeevollautomat, Wasserkocher etc. \u2013 f\u00fcr 6 Entkalkungen\/Anwendungen je 125ml - BMUT\u00ae<\/title>\n<meta name=\"robots\" content=\"index, follow, max-snippet:-1, max-image-preview:large, max-video-preview:-1\" \/>\n<link rel=\"canonical\" href=\"https:\/\/www.bmut.de\/it\/product\/750ml-entkalker-universalentkalker-konzentra-fuer-kaffeevollautomat-wasserkocher-etc-fuer-6-entkalkungen-anwendungen-je-125ml\/\" \/>\n<meta property=\"og:locale\" content=\"it_IT\" \/>\n<meta property=\"og:type\" content=\"article\" \/>\n<meta property=\"og:title\" content=\"750ml Entkalker Universalentkalker Konzentra f\u00fcr Kaffeevollautomat, Wasserkocher etc. \u2013 f\u00fcr 6 Entkalkungen\/Anwendungen je 125ml - BMUT\u00ae\" \/>\n<meta property=\"og:description\" content=\"750 ml Entkalker mit Farbindikator. Mit einer Flasche 750ml entstehen 3750ml Entkalker-L\u00f6sung    Vielfach effizienter als Zitronens\u00e4ure    Top bewertetes Produkt in Europa    Nachhaltig &amp; abbaubar    Geeignet f\u00fcr:\u00a0Siemens, Miele, Nespresso, Delonghi, Braun, Cuisinart, Tassimo, Krups, Saeco und viele mehr!    Versand innerhalb 24h\" \/>\n<meta property=\"og:url\" content=\"https:\/\/www.bmut.de\/it\/product\/750ml-entkalker-universalentkalker-konzentra-fuer-kaffeevollautomat-wasserkocher-etc-fuer-6-entkalkungen-anwendungen-je-125ml\/\" \/>\n<meta property=\"og:site_name\" content=\"BMUT\u00ae\" \/>\n<meta property=\"article:modified_time\" content=\"2024-11-06T00:16:25+00:00\" \/>\n<meta property=\"og:image\" content=\"https:\/\/www.bmut.de\/wp-content\/uploads\/2023\/08\/750ml_briefflasche_vorne.jpg\" \/>\n\t<meta property=\"og:image:width\" content=\"1000\" \/>\n\t<meta property=\"og:image:height\" content=\"1000\" \/>\n\t<meta property=\"og:image:type\" content=\"image\/jpeg\" \/>\n<meta name=\"twitter:card\" content=\"summary_large_image\" \/>\n<meta name=\"twitter:label1\" content=\"Tempo di lettura stimato\" \/>\n\t<meta name=\"twitter:data1\" content=\"2 minuti\" \/>\n<script type=\"application\/ld+json\" class=\"yoast-schema-graph\">{\"@context\":\"https:\\\/\\\/schema.org\",\"@graph\":[{\"@type\":\"WebPage\",\"@id\":\"https:\\\/\\\/www.bmut.de\\\/product\\\/750ml-entkalker-universalentkalker-konzentra-fuer-kaffeevollautomat-wasserkocher-etc-fuer-6-entkalkungen-anwendungen-je-125ml\\\/\",\"url\":\"https:\\\/\\\/www.bmut.de\\\/product\\\/750ml-entkalker-universalentkalker-konzentra-fuer-kaffeevollautomat-wasserkocher-etc-fuer-6-entkalkungen-anwendungen-je-125ml\\\/\",\"name\":\"750ml Entkalker Universalentkalker Konzentra f\u00fcr Kaffeevollautomat, Wasserkocher etc. \u2013 f\u00fcr 6 Entkalkungen\\\/Anwendungen je 125ml - BMUT\u00ae\",\"isPartOf\":{\"@id\":\"https:\\\/\\\/www.bmut.de\\\/#website\"},\"primaryImageOfPage\":{\"@id\":\"https:\\\/\\\/www.bmut.de\\\/product\\\/750ml-entkalker-universalentkalker-konzentra-fuer-kaffeevollautomat-wasserkocher-etc-fuer-6-entkalkungen-anwendungen-je-125ml\\\/#primaryimage\"},\"image\":{\"@id\":\"https:\\\/\\\/www.bmut.de\\\/product\\\/750ml-entkalker-universalentkalker-konzentra-fuer-kaffeevollautomat-wasserkocher-etc-fuer-6-entkalkungen-anwendungen-je-125ml\\\/#primaryimage\"},\"thumbnailUrl\":\"https:\\\/\\\/www.bmut.de\\\/wp-content\\\/uploads\\\/2023\\\/08\\\/750ml_briefflasche_vorne.jpg\",\"datePublished\":\"2023-08-30T07:16:59+00:00\",\"dateModified\":\"2024-11-06T00:16:25+00:00\",\"breadcrumb\":{\"@id\":\"https:\\\/\\\/www.bmut.de\\\/product\\\/750ml-entkalker-universalentkalker-konzentra-fuer-kaffeevollautomat-wasserkocher-etc-fuer-6-entkalkungen-anwendungen-je-125ml\\\/#breadcrumb\"},\"inLanguage\":\"it-IT\",\"potentialAction\":[{\"@type\":\"ReadAction\",\"target\":[\"https:\\\/\\\/www.bmut.de\\\/product\\\/750ml-entkalker-universalentkalker-konzentra-fuer-kaffeevollautomat-wasserkocher-etc-fuer-6-entkalkungen-anwendungen-je-125ml\\\/\"]}]},{\"@type\":\"ImageObject\",\"inLanguage\":\"it-IT\",\"@id\":\"https:\\\/\\\/www.bmut.de\\\/product\\\/750ml-entkalker-universalentkalker-konzentra-fuer-kaffeevollautomat-wasserkocher-etc-fuer-6-entkalkungen-anwendungen-je-125ml\\\/#primaryimage\",\"url\":\"https:\\\/\\\/www.bmut.de\\\/wp-content\\\/uploads\\\/2023\\\/08\\\/750ml_briefflasche_vorne.jpg\",\"contentUrl\":\"https:\\\/\\\/www.bmut.de\\\/wp-content\\\/uploads\\\/2023\\\/08\\\/750ml_briefflasche_vorne.jpg\",\"width\":1000,\"height\":1000},{\"@type\":\"BreadcrumbList\",\"@id\":\"https:\\\/\\\/www.bmut.de\\\/product\\\/750ml-entkalker-universalentkalker-konzentra-fuer-kaffeevollautomat-wasserkocher-etc-fuer-6-entkalkungen-anwendungen-je-125ml\\\/#breadcrumb\",\"itemListElement\":[{\"@type\":\"ListItem\",\"position\":1,\"name\":\"Startseite\",\"item\":\"https:\\\/\\\/www.bmut.de\\\/\"},{\"@type\":\"ListItem\",\"position\":2,\"name\":\"Shop\",\"item\":\"https:\\\/\\\/www.bmut.de\\\/shop\\\/\"},{\"@type\":\"ListItem\",\"position\":3,\"name\":\"750ml Entkalker Universalentkalker Konzentra f\u00fcr Kaffeevollautomat, Wasserkocher etc. \u2013 f\u00fcr 6 Entkalkungen\\\/Anwendungen je 125ml\"}]},{\"@type\":\"WebSite\",\"@id\":\"https:\\\/\\\/www.bmut.de\\\/#website\",\"url\":\"https:\\\/\\\/www.bmut.de\\\/\",\"name\":\"BMUT\u00ae\",\"description\":\"\",\"potentialAction\":[{\"@type\":\"SearchAction\",\"target\":{\"@type\":\"EntryPoint\",\"urlTemplate\":\"https:\\\/\\\/www.bmut.de\\\/?s={search_term_string}\"},\"query-input\":{\"@type\":\"PropertyValueSpecification\",\"valueRequired\":true,\"valueName\":\"search_term_string\"}}],\"inLanguage\":\"it-IT\"}]}<\/script>\n<!-- \/ Yoast SEO plugin. -->","yoast_head_json":{"title":"750ml Entkalker Universalentkalker Konzentra f\u00fcr Kaffeevollautomat, Wasserkocher etc. \u2013 f\u00fcr 6 Entkalkungen\/Anwendungen je 125ml - BMUT\u00ae","robots":{"index":"index","follow":"follow","max-snippet":"max-snippet:-1","max-image-preview":"max-image-preview:large","max-video-preview":"max-video-preview:-1"},"canonical":"https:\/\/www.bmut.de\/it\/product\/750ml-entkalker-universalentkalker-konzentra-fuer-kaffeevollautomat-wasserkocher-etc-fuer-6-entkalkungen-anwendungen-je-125ml\/","og_locale":"it_IT","og_type":"article","og_title":"750ml Entkalker Universalentkalker Konzentra f\u00fcr Kaffeevollautomat, Wasserkocher etc. \u2013 f\u00fcr 6 Entkalkungen\/Anwendungen je 125ml - BMUT\u00ae","og_description":"750 ml Entkalker mit Farbindikator. Mit einer Flasche 750ml entstehen 3750ml Entkalker-L\u00f6sung    Vielfach effizienter als Zitronens\u00e4ure    Top bewertetes Produkt in Europa    Nachhaltig &amp; abbaubar    Geeignet f\u00fcr:\u00a0Siemens, Miele, Nespresso, Delonghi, Braun, Cuisinart, Tassimo, Krups, Saeco und viele mehr!    Versand innerhalb 24h","og_url":"https:\/\/www.bmut.de\/it\/product\/750ml-entkalker-universalentkalker-konzentra-fuer-kaffeevollautomat-wasserkocher-etc-fuer-6-entkalkungen-anwendungen-je-125ml\/","og_site_name":"BMUT\u00ae","article_modified_time":"2024-11-06T00:16:25+00:00","og_image":[{"width":1000,"height":1000,"url":"https:\/\/www.bmut.de\/wp-content\/uploads\/2023\/08\/750ml_briefflasche_vorne.jpg","type":"image\/jpeg"}],"twitter_card":"summary_large_image","twitter_misc":{"Tempo di lettura stimato":"2 minuti"},"schema":{"@context":"https:\/\/schema.org","@graph":[{"@type":"WebPage","@id":"https:\/\/www.bmut.de\/product\/750ml-entkalker-universalentkalker-konzentra-fuer-kaffeevollautomat-wasserkocher-etc-fuer-6-entkalkungen-anwendungen-je-125ml\/","url":"https:\/\/www.bmut.de\/product\/750ml-entkalker-universalentkalker-konzentra-fuer-kaffeevollautomat-wasserkocher-etc-fuer-6-entkalkungen-anwendungen-je-125ml\/","name":"750ml Entkalker Universalentkalker Konzentra f\u00fcr Kaffeevollautomat, Wasserkocher etc. \u2013 f\u00fcr 6 Entkalkungen\/Anwendungen je 125ml - BMUT\u00ae","isPartOf":{"@id":"https:\/\/www.bmut.de\/#website"},"primaryImageOfPage":{"@id":"https:\/\/www.bmut.de\/product\/750ml-entkalker-universalentkalker-konzentra-fuer-kaffeevollautomat-wasserkocher-etc-fuer-6-entkalkungen-anwendungen-je-125ml\/#primaryimage"},"image":{"@id":"https:\/\/www.bmut.de\/product\/750ml-entkalker-universalentkalker-konzentra-fuer-kaffeevollautomat-wasserkocher-etc-fuer-6-entkalkungen-anwendungen-je-125ml\/#primaryimage"},"thumbnailUrl":"https:\/\/www.bmut.de\/wp-content\/uploads\/2023\/08\/750ml_briefflasche_vorne.jpg","datePublished":"2023-08-30T07:16:59+00:00","dateModified":"2024-11-06T00:16:25+00:00","breadcrumb":{"@id":"https:\/\/www.bmut.de\/product\/750ml-entkalker-universalentkalker-konzentra-fuer-kaffeevollautomat-wasserkocher-etc-fuer-6-entkalkungen-anwendungen-je-125ml\/#breadcrumb"},"inLanguage":"it-IT","potentialAction":[{"@type":"ReadAction","target":["https:\/\/www.bmut.de\/product\/750ml-entkalker-universalentkalker-konzentra-fuer-kaffeevollautomat-wasserkocher-etc-fuer-6-entkalkungen-anwendungen-je-125ml\/"]}]},{"@type":"ImageObject","inLanguage":"it-IT","@id":"https:\/\/www.bmut.de\/product\/750ml-entkalker-universalentkalker-konzentra-fuer-kaffeevollautomat-wasserkocher-etc-fuer-6-entkalkungen-anwendungen-je-125ml\/#primaryimage","url":"https:\/\/www.bmut.de\/wp-content\/uploads\/2023\/08\/750ml_briefflasche_vorne.jpg","contentUrl":"https:\/\/www.bmut.de\/wp-content\/uploads\/2023\/08\/750ml_briefflasche_vorne.jpg","width":1000,"height":1000},{"@type":"BreadcrumbList","@id":"https:\/\/www.bmut.de\/product\/750ml-entkalker-universalentkalker-konzentra-fuer-kaffeevollautomat-wasserkocher-etc-fuer-6-entkalkungen-anwendungen-je-125ml\/#breadcrumb","itemListElement":[{"@type":"ListItem","position":1,"name":"Startseite","item":"https:\/\/www.bmut.de\/"},{"@type":"ListItem","position":2,"name":"Shop","item":"https:\/\/www.bmut.de\/shop\/"},{"@type":"ListItem","position":3,"name":"750ml Entkalker Universalentkalker Konzentra f\u00fcr Kaffeevollautomat, Wasserkocher etc. \u2013 f\u00fcr 6 Entkalkungen\/Anwendungen je 125ml"}]},{"@type":"WebSite","@id":"https:\/\/www.bmut.de\/#website","url":"https:\/\/www.bmut.de\/","name":"BMUT\u00ae","description":"","potentialAction":[{"@type":"SearchAction","target":{"@type":"EntryPoint","urlTemplate":"https:\/\/www.bmut.de\/?s={search_term_string}"},"query-input":{"@type":"PropertyValueSpecification","valueRequired":true,"valueName":"search_term_string"}}],"inLanguage":"it-IT"}]}},"jetpack_sharing_enabled":true,"_links":{"self":[{"href":"https:\/\/www.bmut.de\/it\/wp-json\/wp\/v2\/product\/8217","targetHints":{"allow":["GET"]}}],"collection":[{"href":"https:\/\/www.bmut.de\/it\/wp-json\/wp\/v2\/product"}],"about":[{"href":"https:\/\/www.bmut.de\/it\/wp-json\/wp\/v2\/types\/product"}],"replies":[{"embeddable":true,"href":"https:\/\/www.bmut.de\/it\/wp-json\/wp\/v2\/comments?post=8217"}],"wp:featuredmedia":[{"embeddable":true,"href":"https:\/\/www.bmut.de\/it\/wp-json\/wp\/v2\/media\/8225"}],"wp:attachment":[{"href":"https:\/\/www.bmut.de\/it\/wp-json\/wp\/v2\/media?parent=8217"}],"wp:term":[{"taxonomy":"product_brand","embeddable":true,"href":"https:\/\/www.bmut.de\/it\/wp-json\/wp\/v2\/product_brand?post=8217"},{"taxonomy":"product_cat","embeddable":true,"href":"https:\/\/www.bmut.de\/it\/wp-json\/wp\/v2\/product_cat?post=8217"},{"taxonomy":"product_tag","embeddable":true,"href":"https:\/\/www.bmut.de\/it\/wp-json\/wp\/v2\/product_tag?post=8217"}],"curies":[{"name":"wp","href":"https:\/\/api.w.org\/{rel}","templated":true}]}}